{"id":12503,"date":"2026-05-09T11:52:48","date_gmt":"2026-05-09T08:52:48","guid":{"rendered":"https:\/\/www.kichakatours.com\/?page_id=12503"},"modified":"2026-05-09T11:52:56","modified_gmt":"2026-05-09T08:52:56","slug":"sheldrick-wildlife-trust-elefantenwaisenhaus","status":"publish","type":"page","link":"https:\/\/www.kichakatours.com\/de\/sheldrick-wildlife-trust-elephant-orphanage\/","title":{"rendered":"Sheldrick Wildlife Trust Elefantenwaisenhaus"},"content":{"rendered":"<p>Der Sheldrick Wildlife Trust (SWT) ist nicht nur eine weitere Sehensw\u00fcrdigkeit in Nairobi \u2013 er ist eine der erfolgreichsten Naturschutzgeschichten Kenias und ein Besuch sollte auf jeder Nairobi-Reiseroute Priorit\u00e4t haben.<\/p>\n\n\n\n<p>SWT befindet sich im Nairobi-Nationalpark in der N\u00e4he des Mbagathi-Tors (KWS Workshop Gate) entlang der Magadi Road und ist ein weltbekanntes Schutzgebiet, das verwaiste Elefanten und Nash\u00f6rner rettet, rehabilitiert und in die Wildnis zur\u00fcckbringt. In einer Zeit, in der Afrikas Wildtiere starkem Druck durch Lebensraumverlust und Wilderei ausgesetzt sind, bietet der Trust Besuchern eine seltene, greifbare M\u00f6glichkeit, sinnvolle Naturschutzbem\u00fchungen direkt zu unterst\u00fctzen und gleichzeitig deren Auswirkungen hautnah zu erleben.<\/p>\n\n\n\n<p>Die Stiftung, die zum Gedenken an den legend\u00e4ren Natursch\u00fctzer David Sheldrick gegr\u00fcndet wurde, war Pionier bei der Rettung und Rehabilitation von Elefanten, deren Methoden heute in ganz Afrika angewendet werden. Dies ist keine Theorie \u2013 es ist ein lebendiges, funktionierendes Modell des Naturschutzes, das Sie w\u00e4hrend der ber\u00fchmten t\u00e4glichen \u00f6ffentlichen Besichtigungsstunde in Aktion erleben k\u00f6nnen. Eine Stunde lang erhalten Besucher jeden Tag einen intimen Einblick in die Arbeit der Stiftung: die F\u00fctterung, Pflege und Sozialisierung, die diesen Tieren eine echte zweite Chance auf ein Leben in der Wildnis erm\u00f6glichen.<\/p>\n\n\n\n<p>Im Mittelpunkt von SWT steht die Nairobi Nursery, wo die kleinsten und verletzlichsten Elefanten rund um die Uhr betreut werden:<\/p>\n\n\n\n<p>\u2022 Sie werden alle paar Stunden mit einer speziell formulierten Milch gef\u00fcttert, die auf ihre empfindlichen Ern\u00e4hrungsbed\u00fcrfnisse abgestimmt ist.<br \/>\u2022 Sie werden von engagierten menschlichen Betreuern aufgezogen, die als Ersatzeltern fungieren und den traumatisierten Waisenkindern die emotionale Sicherheit und soziale Anleitung geben, die sie dringend ben\u00f6tigen.<br \/>\u2022 Sie werden \u00fcber einen Zeitraum sanft auf die Wiedereingliederung in gesch\u00fctzte Wildnisgebiete wie den Tsavo-Nationalpark vorbereitet.<\/p>\n\n\n\n<p>Diese jungen Elefanten beim Spielen, im Schlamm W\u00e4lzen und mit ihren Tierpflegern interagieren zu sehen, ist sowohl tief bewegend als auch augen\u00f6ffnend. Jedes Kalb hat eine Geschichte von Verlust und Rettung, und wenn man diese Erz\u00e4hlungen h\u00f6rt, wird Naturschutz von einem abstrakten Konzept pers\u00f6nlich und real. Genau deshalb hinterl\u00e4sst ein Besuch bei SWT einen so bleibenden Eindruck \u2013 und warum er so \u00fcberzeugend die Bedeutung des Schutzes von Wildtieren unterstreicht.<\/p>\n\n\n\n<p>Praktische Gr\u00fcnde machen einen Besuch ebenso reizvoll. Die Lage der G\u00e4rtnerei ist \u00e4u\u00dferst g\u00fcnstig:<br \/>\u2022 Etwa 30\u201345 Autominuten vom Central Business District (CBD) in Nairobi entfernt.<br \/>\u2022 Nur 10\u201315 Minuten von beliebten Attraktionen in Karen entfernt, wie dem Giraffenzentrum und dem Karen Blixen Museum.<\/p>\n\n\n\n<p>Das macht SWT zu einer einfachen und logischen Erg\u00e4nzung Ihrer Nairobi-Pl\u00e4ne, insbesondere wenn Sie einen Tag mit mehreren ikonischen Erlebnissen verbinden m\u00f6chten.<\/p>\n\n\n\n<p>Die Besuchszeiten der Trust sind streng strukturiert, um die Routine der Elefanten zu sch\u00fctzen und gleichzeitig ein bereicherndes Besuchererlebnis zu bieten:<br \/>\u2022 \u00d6ffentliche Besichtigung findet t\u00e4glich von 11:00 bis 12:00 Uhr statt, au\u00dfer am 25. Dezember, da ist sie geschlossen.<br \/>\u2022 Sie sollten planen, zwischen 10:30 und 10:45 Uhr einzutreffen; nach Beginn der Sitzung werden Nachz\u00fcgler nicht zugelassen und die Stunde wird nicht verl\u00e4ngert.<\/p>\n\n\n\n<p>Innerhalb dieser einen Stunde sehen Sie genau, warum SWT so bedeutsam ist: Elefanten werden Flaschen gef\u00fcttert, Jungtiere planschen fr\u00f6hlich in Schlammb\u00e4dern, und Pfleger erz\u00e4hlen aus erster Hand von Rettung, Genesung und Freilassung. Der straffe Zeitplan ist keine Einschr\u00e4nkung; er ist eine Garantie daf\u00fcr, dass das Wohlergehen der Elefanten an erster Stelle steht \u2013 was wiederum bedeutet, dass Ihr Besuch verantwortungsvollen, ethischen Tierwelttourismus unterst\u00fctzt.<\/p>\n\n\n\n<h2 class=\"wp-block-heading\">Eintritt Spenden <\/h2>\n\n\n\n<p>\u2022 Ausl\u00e4ndische Besucher (ab 12 Jahren): mindestens 20 US-Dollar pro Person, zahlbar in bar bei der Ankunft.<br \/>\u2022 Kenianische Einwohner (ab 12 Jahren): KSh 2.000 mit Wohnsitznachweis.<br \/>\u2022 Ausl\u00e4ndische Kinder unter 12 Jahren: US$5.<br \/>\u2022 Kenianische Kinder mit Wohnsitz: KSh 500 mit Wohnsitznachweis.<\/p>\n\n\n\n<p>Dies ist eine ungew\u00f6hnlich transparente Art, Ihr Reisegeld auszugeben: Sie wissen genau, dass Ihr Beitrag die lebensrettenden Operationen der Aufzuchtstation aufrechterh\u00e4lt. Es ist keine zus\u00e4tzliche \u201cTouristenabgabe\u201d; es ist eine Beteiligung am Naturschutz.<\/p>\n\n\n\n<p>Es ist wichtig zu beachten, dass die Spende an SWT nur den Kindergarten abdeckt. Der Zugang zum Kindergarten \u00fcber das Mbagathi-Tor erfordert separate Eintrittsgeb\u00fchren f\u00fcr den Nairobi Nationalpark, die an Kenya Wildlife Service zu zahlen sind:<\/p>\n\n\n\n<p>F\u00fcr kenianische Staatsb\u00fcrger \/ Einwohner Ostafrikas:<br \/>\u2022 Erwachsene: 1.000 KSh<br \/>\u2022 Kinder (3\u201318 Jahre): 500 KSh<\/p>\n\n\n\n<p>F\u00fcr internationale Besucher (Nicht-Residenten):<br \/>\u2022 Erwachsene: US$80<br \/>\u2022 Kinder\/Sch\u00fcler: US$40<\/p>\n\n\n\n<p>Da Sie bereits f\u00fcr den Eintritt in den Park bezahlt haben, ist es sinnvoll, Ihren Besuch zu einem vollst\u00e4ndigen Wildtiererlebnis zu machen, indem Sie eine Pirschfahrt hinzuf\u00fcgen <a href=\"https:\/\/www.kichakatours.com\/destination\/ol-pejeta-conservancy\/\" target=\"_blank\" rel=\"noopener\" title=\"\">Nairobi-Nationalpark<\/a>. Dies ist einer der au\u00dfergew\u00f6hnlichsten Parks der Welt, der an eine Stadt grenzt und in dem man Nash\u00f6rner, L\u00f6wen, Giraffen, Zebras, B\u00fcffel, Leoparden und mehr sehen kann \u2013 was Nairobi seinen Titel als \u201cWelthauptstadt der Tierwelt\u201d eingebracht hat. Die Kombination des SWT mit einer Pirschfahrt verwandelt einen einzigen Ausflug in ein eindrucksvolles, ganzt\u00e4giges Eintauchen in die kenianische Tierwelt und den Naturschutz.<\/p>\n\n\n\n<p>Kurz gesagt, ein Besuch des Sheldrick Wildlife Trust ist eine der \u00fcberzeugendsten M\u00f6glichkeiten, Ihre Zeit in Nairobi sinnvoll zu gestalten. Sie besichtigen nicht nur Sehensw\u00fcrdigkeiten; Sie unterst\u00fctzen direkt eine bew\u00e4hrte, weltweit f\u00fchrende Naturschutzinitiative, lernen die Realit\u00e4ten des Tierschutzes kennen und erleben, wie einzelne Tiere eine echte Chance erhalten, in die Wildnis zur\u00fcckzukehren. F\u00fcr jeden, dem die Natur am Herzen liegt \u2013 oder der einfach ein wirklich unvergessliches Erlebnis haben m\u00f6chte \u2013, ist das SWT-Elefantenwaisenhaus ein Muss. <a href=\"https:\/\/www.kichakatours.com\/sheldrick-wildlife-trust-a-guide-to-nairobis-famous-elephant-orphanage\/\" target=\"_blank\" rel=\"noopener\" title=\"\">Mehr lesen<\/a><\/p>\n\n\n\n<p><\/p>","protected":false},"excerpt":{"rendered":"<p>The Sheldrick Wildlife Trust (SWT) is not just another attraction in Nairobi\u2014it is one of Kenya\u2019s most powerful conservation success stories, and visiting it should be a priority on any Nairobi itinerary. Located inside Nairobi National Park near Mbagathi Gate<\/p>\n<div class=\"padding-top text-center\"><a href=\"https:\/\/www.kichakatours.com\/de\/sheldrick-wildlife-trust-elephant-orphanage\/\" class=\"atbtn atbtn--medium atbtn--rounded atbtn--transparent\">Mehr lesen<i class=\"atbtn__icon atbtn__icon--right fa fa-long-arrow-right\"><\/i><\/a><\/div>","protected":false},"author":3,"featured_media":12504,"parent":0,"menu_order":0,"comment_status":"closed","ping_status":"closed","template":"","meta":{"om_disable_all_campaigns":false,"_monsterinsights_skip_tracking":false,"_monsterinsights_sitenote_active":false,"_monsterinsights_sitenote_note":"","_monsterinsights_sitenote_category":0,"_uf_show_specific_survey":0,"_uf_disable_surveys":false,"footnotes":""},"class_list":["post-12503","page","type-page","status-publish","has-post-thumbnail","hentry"],"aioseo_notices":[],"aioseo_head":"\n\t\t<!-- All in One SEO Pro 4.9.6.2 - aioseo.com -->\n\t<meta name=\"description\" content=\"Make your Nairobi visit meaningful by exploring Sheldrick Wildlife Trust\u2019s elephant orphanage. Support conservation and witness heartwarming rescue stories.\" \/>\n\t<meta name=\"robots\" content=\"max-image-preview:large\" \/>\n\t<meta name=\"msvalidate.01\" content=\"9F9C035D44B58EC24714371E3FB5B040\" \/>\n\t<meta name=\"yandex-verification\" content=\"b945a4b884f39739\" \/>\n\t<link rel=\"canonical\" href=\"https:\/\/www.kichakatours.com\/de\/sheldrick-wildlife-trust-elephant-orphanage\/\" \/>\n\t<meta name=\"generator\" content=\"All in One SEO Pro (AIOSEO) 4.9.6.2\" \/>\n\t\t<meta property=\"og:locale\" content=\"de_DE\" \/>\n\t\t<meta property=\"og:site_name\" content=\"Kichaka Tours and Travel | East Africa private safaris, tailor made Tours\" \/>\n\t\t<meta property=\"og:type\" content=\"article\" \/>\n\t\t<meta property=\"og:title\" content=\"Sheldrick Wildlife Trust Elephant orphanage\" \/>\n\t\t<meta property=\"og:description\" content=\"Make your Nairobi visit meaningful by exploring Sheldrick Wildlife Trust\u2019s elephant orphanage. Support conservation and witness heartwarming rescue stories.\" \/>\n\t\t<meta property=\"og:url\" content=\"https:\/\/www.kichakatours.com\/de\/sheldrick-wildlife-trust-elephant-orphanage\/\" \/>\n\t\t<meta property=\"og:image\" content=\"https:\/\/www.kichakatours.com\/wp-content\/uploads\/2025\/04\/KichakaTours.jpg\" \/>\n\t\t<meta property=\"og:image:secure_url\" content=\"https:\/\/www.kichakatours.com\/wp-content\/uploads\/2025\/04\/KichakaTours.jpg\" \/>\n\t\t<meta property=\"og:image:width\" content=\"1200\" \/>\n\t\t<meta property=\"og:image:height\" content=\"531\" \/>\n\t\t<meta property=\"article:published_time\" content=\"2026-05-09T08:52:48+00:00\" \/>\n\t\t<meta property=\"article:modified_time\" content=\"2026-05-09T08:52:56+00:00\" \/>\n\t\t<meta property=\"article:publisher\" content=\"https:\/\/web.facebook.com\/toursafariskenya\/?_rdc=1&amp;_rdr#\" \/>\n\t\t<meta property=\"article:author\" content=\"https:\/\/www.facebook.com\/toursafariskenya\/\" \/>\n\t\t<meta name=\"twitter:card\" content=\"summary_large_image\" \/>\n\t\t<meta name=\"twitter:site\" content=\"@KichakaTours\" \/>\n\t\t<meta name=\"twitter:title\" content=\"Sheldrick Wildlife Trust Elephant orphanage\" \/>\n\t\t<meta name=\"twitter:description\" content=\"Make your Nairobi visit meaningful by exploring Sheldrick Wildlife Trust\u2019s elephant orphanage. Support conservation and witness heartwarming rescue stories.\" \/>\n\t\t<meta name=\"twitter:creator\" content=\"@KichakaTours\" \/>\n\t\t<meta name=\"twitter:image\" content=\"https:\/\/www.kichakatours.com\/wp-content\/uploads\/2025\/04\/KichakaTours.jpg\" \/>\n\t\t<script type=\"application\/ld+json\" class=\"aioseo-schema\">\n\t\t\t{\"@context\":\"https:\\\/\\\/schema.org\",\"@graph\":[{\"@type\":\"BreadcrumbList\",\"@id\":\"https:\\\/\\\/www.kichakatours.com\\\/de\\\/sheldrick-wildlife-trust-elephant-orphanage\\\/#breadcrumblist\",\"itemListElement\":[{\"@type\":\"ListItem\",\"@id\":\"https:\\\/\\\/www.kichakatours.com\\\/de#listItem\",\"position\":1,\"name\":\"Home\",\"item\":\"https:\\\/\\\/www.kichakatours.com\\\/de\",\"nextItem\":{\"@type\":\"ListItem\",\"@id\":\"https:\\\/\\\/www.kichakatours.com\\\/de\\\/sheldrick-wildlife-trust-elephant-orphanage\\\/#listItem\",\"name\":\"Sheldrick Wildlife Trust Elephant orphanage\"}},{\"@type\":\"ListItem\",\"@id\":\"https:\\\/\\\/www.kichakatours.com\\\/de\\\/sheldrick-wildlife-trust-elephant-orphanage\\\/#listItem\",\"position\":2,\"name\":\"Sheldrick Wildlife Trust Elephant orphanage\",\"previousItem\":{\"@type\":\"ListItem\",\"@id\":\"https:\\\/\\\/www.kichakatours.com\\\/de#listItem\",\"name\":\"Home\"}}]},{\"@type\":\"Organization\",\"@id\":\"https:\\\/\\\/www.kichakatours.com\\\/de\\\/#organization\",\"name\":\"Kichaka Tours and Travel\",\"description\":\"East Africa private safaris, tailor made Tours\",\"url\":\"https:\\\/\\\/www.kichakatours.com\\\/de\\\/\",\"email\":\"info@kichakatours.com\",\"telephone\":\"+254791800525\",\"foundingDate\":\"2016-04-01\",\"numberOfEmployees\":{\"@type\":\"QuantitativeValue\",\"minValue\":0,\"maxValue\":7},\"logo\":{\"@type\":\"ImageObject\",\"url\":\"https:\\\/\\\/www.kichakatours.com\\\/wp-content\\\/uploads\\\/2025\\\/01\\\/Logo.jpg-8-2.jpg\",\"@id\":\"https:\\\/\\\/www.kichakatours.com\\\/de\\\/sheldrick-wildlife-trust-elephant-orphanage\\\/#organizationLogo\",\"width\":131,\"height\":109,\"caption\":\"A stylized logo featuring two green leaves within a black oval outline.\"},\"image\":{\"@id\":\"https:\\\/\\\/www.kichakatours.com\\\/de\\\/sheldrick-wildlife-trust-elephant-orphanage\\\/#organizationLogo\"},\"sameAs\":[\"https:\\\/\\\/web.facebook.com\\\/toursafariskenya\\\/?_rdc=1&_rdr#\",\"https:\\\/\\\/x.com\\\/KichakaTours\",\"https:\\\/\\\/www.instagram.com\\\/KichakaTours\",\"https:\\\/\\\/www.linkedin.com\\\/in\\\/kichaka-tours-and-travel\\\/\"],\"address\":{\"@id\":\"https:\\\/\\\/www.kichakatours.com\\\/de\\\/#postaladdress\",\"@type\":\"PostalAddress\",\"streetAddress\":\"54936,\",\"postalCode\":\"00200\",\"addressLocality\":\"Nairobi\",\"addressRegion\":\"Kenya\",\"addressCountry\":\"KE\"}},{\"@type\":\"WebPage\",\"@id\":\"https:\\\/\\\/www.kichakatours.com\\\/de\\\/sheldrick-wildlife-trust-elephant-orphanage\\\/#webpage\",\"url\":\"https:\\\/\\\/www.kichakatours.com\\\/de\\\/sheldrick-wildlife-trust-elephant-orphanage\\\/\",\"name\":\"Sheldrick Wildlife Trust Elephant orphanage\",\"description\":\"Make your Nairobi visit meaningful by exploring Sheldrick Wildlife Trust\\u2019s elephant orphanage. Support conservation and witness heartwarming rescue stories.\",\"inLanguage\":\"de-DE\",\"isPartOf\":{\"@id\":\"https:\\\/\\\/www.kichakatours.com\\\/de\\\/#website\"},\"breadcrumb\":{\"@id\":\"https:\\\/\\\/www.kichakatours.com\\\/de\\\/sheldrick-wildlife-trust-elephant-orphanage\\\/#breadcrumblist\"},\"image\":{\"@type\":\"ImageObject\",\"url\":\"https:\\\/\\\/www.kichakatours.com\\\/wp-content\\\/uploads\\\/2026\\\/05\\\/elephant-orphanage.jpg\",\"@id\":\"https:\\\/\\\/www.kichakatours.com\\\/de\\\/sheldrick-wildlife-trust-elephant-orphanage\\\/#mainImage\",\"width\":1920,\"height\":1080},\"primaryImageOfPage\":{\"@id\":\"https:\\\/\\\/www.kichakatours.com\\\/de\\\/sheldrick-wildlife-trust-elephant-orphanage\\\/#mainImage\"},\"datePublished\":\"2026-05-09T11:52:48+03:00\",\"dateModified\":\"2026-05-09T11:52:56+03:00\"},{\"@type\":\"WebSite\",\"@id\":\"https:\\\/\\\/www.kichakatours.com\\\/de\\\/#website\",\"url\":\"https:\\\/\\\/www.kichakatours.com\\\/de\\\/\",\"name\":\"Kichaka Tours and Travel\",\"description\":\"East Africa private safaris, tailor made Tours\",\"inLanguage\":\"de-DE\",\"publisher\":{\"@id\":\"https:\\\/\\\/www.kichakatours.com\\\/de\\\/#organization\"}}]}\n\t\t<\/script>\n\t\t<!-- All in One SEO Pro -->\r\n\t\t<title>Sheldrick Wildlife Trust Elephant orphanage<\/title>\n\n","aioseo_head_json":{"title":"Sheldrick Wildlife Trust Elefantenwaisenhaus","description":"Machen Sie Ihren Nairobi-Besuch bedeutsam, indem Sie das Elefantenwaisenhaus des Sheldrick Wildlife Trust besuchen. Unterst\u00fctzen Sie den Naturschutz und erleben Sie herzerw\u00e4rmende Rettungsgeschichten.","canonical_url":"https:\/\/www.kichakatours.com\/de\/sheldrick-wildlife-trust-elephant-orphanage\/","robots":"max-image-preview:large","keywords":"","webmasterTools":{"msvalidate.01":"9F9C035D44B58EC24714371E3FB5B040","yandex-verification":"b945a4b884f39739","miscellaneous":""},"schema":{"@context":"https:\/\/schema.org","@graph":[{"@type":"BreadcrumbList","@id":"https:\/\/www.kichakatours.com\/de\/sheldrick-wildlife-trust-elephant-orphanage\/#breadcrumblist","itemListElement":[{"@type":"ListItem","@id":"https:\/\/www.kichakatours.com\/de#listItem","position":1,"name":"Home","item":"https:\/\/www.kichakatours.com\/de","nextItem":{"@type":"ListItem","@id":"https:\/\/www.kichakatours.com\/de\/sheldrick-wildlife-trust-elephant-orphanage\/#listItem","name":"Sheldrick Wildlife Trust Elephant orphanage"}},{"@type":"ListItem","@id":"https:\/\/www.kichakatours.com\/de\/sheldrick-wildlife-trust-elephant-orphanage\/#listItem","position":2,"name":"Sheldrick Wildlife Trust Elephant orphanage","previousItem":{"@type":"ListItem","@id":"https:\/\/www.kichakatours.com\/de#listItem","name":"Home"}}]},{"@type":"Organization","@id":"https:\/\/www.kichakatours.com\/de\/#organization","name":"Kichaka Tours and Travel","description":"East Africa private safaris, tailor made Tours","url":"https:\/\/www.kichakatours.com\/de\/","email":"info@kichakatours.com","telephone":"+254791800525","foundingDate":"2016-04-01","numberOfEmployees":{"@type":"QuantitativeValue","minValue":0,"maxValue":7},"logo":{"@type":"ImageObject","url":"https:\/\/www.kichakatours.com\/wp-content\/uploads\/2025\/01\/Logo.jpg-8-2.jpg","@id":"https:\/\/www.kichakatours.com\/de\/sheldrick-wildlife-trust-elephant-orphanage\/#organizationLogo","width":131,"height":109,"caption":"A stylized logo featuring two green leaves within a black oval outline."},"image":{"@id":"https:\/\/www.kichakatours.com\/de\/sheldrick-wildlife-trust-elephant-orphanage\/#organizationLogo"},"sameAs":["https:\/\/web.facebook.com\/toursafariskenya\/?_rdc=1&_rdr#","https:\/\/x.com\/KichakaTours","https:\/\/www.instagram.com\/KichakaTours","https:\/\/www.linkedin.com\/in\/kichaka-tours-and-travel\/"],"address":{"@id":"https:\/\/www.kichakatours.com\/de\/#postaladdress","@type":"PostalAddress","streetAddress":"54936,","postalCode":"00200","addressLocality":"Nairobi","addressRegion":"Kenya","addressCountry":"KE"}},{"@type":"WebPage","@id":"https:\/\/www.kichakatours.com\/de\/sheldrick-wildlife-trust-elephant-orphanage\/#webpage","url":"https:\/\/www.kichakatours.com\/de\/sheldrick-wildlife-trust-elephant-orphanage\/","name":"Sheldrick Wildlife Trust Elephant orphanage","description":"Make your Nairobi visit meaningful by exploring Sheldrick Wildlife Trust\u2019s elephant orphanage. Support conservation and witness heartwarming rescue stories.","inLanguage":"de-DE","isPartOf":{"@id":"https:\/\/www.kichakatours.com\/de\/#website"},"breadcrumb":{"@id":"https:\/\/www.kichakatours.com\/de\/sheldrick-wildlife-trust-elephant-orphanage\/#breadcrumblist"},"image":{"@type":"ImageObject","url":"https:\/\/www.kichakatours.com\/wp-content\/uploads\/2026\/05\/elephant-orphanage.jpg","@id":"https:\/\/www.kichakatours.com\/de\/sheldrick-wildlife-trust-elephant-orphanage\/#mainImage","width":1920,"height":1080},"primaryImageOfPage":{"@id":"https:\/\/www.kichakatours.com\/de\/sheldrick-wildlife-trust-elephant-orphanage\/#mainImage"},"datePublished":"2026-05-09T11:52:48+03:00","dateModified":"2026-05-09T11:52:56+03:00"},{"@type":"WebSite","@id":"https:\/\/www.kichakatours.com\/de\/#website","url":"https:\/\/www.kichakatours.com\/de\/","name":"Kichaka Tours and Travel","description":"East Africa private safaris, tailor made Tours","inLanguage":"de-DE","publisher":{"@id":"https:\/\/www.kichakatours.com\/de\/#organization"}}]},"og:locale":"de_DE","og:site_name":"Kichaka Tours and Travel | East Africa private safaris, tailor made Tours","og:type":"article","og:title":"Sheldrick Wildlife Trust Elephant orphanage","og:description":"Make your Nairobi visit meaningful by exploring Sheldrick Wildlife Trust\u2019s elephant orphanage. Support conservation and witness heartwarming rescue stories.","og:url":"https:\/\/www.kichakatours.com\/de\/sheldrick-wildlife-trust-elephant-orphanage\/","og:image":"https:\/\/www.kichakatours.com\/wp-content\/uploads\/2025\/04\/KichakaTours.jpg","og:image:secure_url":"https:\/\/www.kichakatours.com\/wp-content\/uploads\/2025\/04\/KichakaTours.jpg","og:image:width":1200,"og:image:height":531,"article:published_time":"2026-05-09T08:52:48+00:00","article:modified_time":"2026-05-09T08:52:56+00:00","article:publisher":"https:\/\/web.facebook.com\/toursafariskenya\/?_rdc=1&_rdr#","article:author":"https:\/\/www.facebook.com\/toursafariskenya\/","twitter:card":"summary_large_image","twitter:site":"@KichakaTours","twitter:title":"Sheldrick Wildlife Trust Elephant orphanage","twitter:description":"Make your Nairobi visit meaningful by exploring Sheldrick Wildlife Trust\u2019s elephant orphanage. Support conservation and witness heartwarming rescue stories.","twitter:creator":"@KichakaTours","twitter:image":"https:\/\/www.kichakatours.com\/wp-content\/uploads\/2025\/04\/KichakaTours.jpg"},"aioseo_meta_data":{"post_id":"12503","title":"#post_title","description":"Machen Sie Ihren Nairobi-Besuch bedeutsam, indem Sie das Elefantenwaisenhaus des Sheldrick Wildlife Trust besuchen. Unterst\u00fctzen Sie den Naturschutz und erleben Sie herzerw\u00e4rmende Rettungsgeschichten.","keywords":null,"keyphrases":{"focus":{"keyphrase":"Elephant","score":80,"analysis":{"keyphraseInTitle":{"score":9,"maxScore":9,"error":0},"keyphraseInDescription":{"score":9,"maxScore":9,"error":0},"keyphraseLength":{"score":9,"maxScore":9,"error":0,"length":1},"keyphraseInURL":{"score":5,"maxScore":5,"error":0},"keyphraseInIntroduction":{"score":3,"maxScore":9,"error":1},"keyphraseInSubHeadings":{"score":3,"maxScore":9,"error":1},"keyphraseInImageAlt":[],"keywordDensity":{"type":"best","score":9,"maxScore":9,"error":0}}},"additional":[]},"primary_term":null,"canonical_url":null,"og_title":null,"og_description":null,"og_object_type":"default","og_image_type":"default","og_image_url":null,"og_image_width":null,"og_image_height":null,"og_image_custom_url":null,"og_image_custom_fields":null,"og_video":"","og_custom_url":null,"og_article_section":null,"og_article_tags":null,"twitter_use_og":false,"twitter_card":"default","twitter_image_type":"default","twitter_image_url":null,"twitter_image_custom_url":null,"twitter_image_custom_fields":null,"twitter_title":null,"twitter_description":null,"schema":{"blockGraphs":[],"customGraphs":[],"default":{"data":{"Article":[],"Course":[],"Dataset":[],"FAQPage":[],"Movie":[],"Person":[],"Product":[],"ProductReview":[],"Car":[],"Recipe":[],"Service":[],"SoftwareApplication":[],"WebPage":[]},"graphName":"WebPage","isEnabled":true},"graphs":[]},"schema_type":"default","schema_type_options":null,"pillar_content":false,"robots_default":true,"robots_noindex":false,"robots_noarchive":false,"robots_nosnippet":false,"robots_nofollow":false,"robots_noimageindex":false,"robots_noodp":false,"robots_notranslate":false,"robots_max_snippet":"-1","robots_max_videopreview":"-1","robots_max_imagepreview":"large","priority":null,"frequency":"default","local_seo":null,"seo_analyzer_scan_date":"2026-05-09 09:56:57","breadcrumb_settings":null,"limit_modified_date":false,"reviewed_by":"0","open_ai":null,"ai":{"faqs":[],"keyPoints":[],"schemas":[],"titles":[],"descriptions":["Discover Kenya\u2019s inspiring conservation success at Sheldrick Wildlife Trust in Nairobi. Support rescue efforts and witness elephants\u2019 remarkable journey to the wild.","Visit Sheldrick Wildlife Trust in Nairobi for an up-close look at elephant rescue and rehabilitation. A must-see for wildlife lovers and eco-conscious travelers.","Experience the emotional connection of wildlife conservation at Sheldrick Trust in Nairobi. See orphaned elephants thriving and learn about vital protection efforts.","Make your Nairobi visit meaningful by exploring Sheldrick Wildlife Trust\u2019s elephant orphanage. Support conservation and witness heartwarming rescue stories.","Join a unique conservation experience at Sheldrick Wildlife Trust in Nairobi\u2014help endangered elephants while learning how they are saved and released into the wild."],"socialPosts":{"email":[],"linkedin":[],"twitter":[],"facebook":[],"instagram":[]}},"created":"2026-05-09 08:22:17","updated":"2026-05-09 09:56:58"},"aioseo_breadcrumb":"<div class=\"aioseo-breadcrumbs\"><span class=\"aioseo-breadcrumb\">\n\t<a href=\"https:\/\/www.kichakatours.com\/de\" title=\"Home\">Home<\/a>\n<\/span><span class=\"aioseo-breadcrumb-separator\">|<\/span><span class=\"aioseo-breadcrumb\">\n\tSheldrick Wildlife Trust Elephant orphanage\n<\/span><\/div>","aioseo_breadcrumb_json":[{"label":"Home","link":"https:\/\/www.kichakatours.com\/de"},{"label":"Sheldrick Wildlife Trust Elephant orphanage","link":"https:\/\/www.kichakatours.com\/de\/sheldrick-wildlife-trust-elephant-orphanage\/"}],"_links":{"self":[{"href":"https:\/\/www.kichakatours.com\/de\/wp-json\/wp\/v2\/pages\/12503","targetHints":{"allow":["GET"]}}],"collection":[{"href":"https:\/\/www.kichakatours.com\/de\/wp-json\/wp\/v2\/pages"}],"about":[{"href":"https:\/\/www.kichakatours.com\/de\/wp-json\/wp\/v2\/types\/page"}],"author":[{"embeddable":true,"href":"https:\/\/www.kichakatours.com\/de\/wp-json\/wp\/v2\/users\/3"}],"replies":[{"embeddable":true,"href":"https:\/\/www.kichakatours.com\/de\/wp-json\/wp\/v2\/comments?post=12503"}],"version-history":[{"count":1,"href":"https:\/\/www.kichakatours.com\/de\/wp-json\/wp\/v2\/pages\/12503\/revisions"}],"predecessor-version":[{"id":12505,"href":"https:\/\/www.kichakatours.com\/de\/wp-json\/wp\/v2\/pages\/12503\/revisions\/12505"}],"wp:featuredmedia":[{"embeddable":true,"href":"https:\/\/www.kichakatours.com\/de\/wp-json\/wp\/v2\/media\/12504"}],"wp:attachment":[{"href":"https:\/\/www.kichakatours.com\/de\/wp-json\/wp\/v2\/media?parent=12503"}],"curies":[{"name":"wp","href":"https:\/\/api.w.org\/{rel}","templated":true}]}}