{"id":12509,"date":"2026-05-09T14:09:19","date_gmt":"2026-05-09T11:09:19","guid":{"rendered":"https:\/\/www.kichakatours.com\/?page_id=12509"},"modified":"2026-05-09T14:09:32","modified_gmt":"2026-05-09T11:09:32","slug":"giraffencenter","status":"publish","type":"page","link":"https:\/\/www.kichakatours.com\/de\/giraffe-centre\/","title":{"rendered":"Giraffenzentrum"},"content":{"rendered":"<p>Das Giraffencenter ist eine der beliebtesten Wildtierattraktionen Nairobis und ein Muss f\u00fcr Reisende, die eine intime und verantwortungsvolle Begegnung mit den ikonischen Giraffen Kenias suchen. Das Centre liegt im gr\u00fcnen, ruhigen Vorort Lang'ata, nur eine kurze Fahrt vom gesch\u00e4ftigen Stadtzentrum Nairobis entfernt, und bietet eine ruhige Flucht aus dem st\u00e4dtischen Leben, w\u00e4hrend es dennoch gut erreichbar ist. Hier wird den Besuchern die seltene und unvergessliche Gelegenheit geboten, die gef\u00e4hrdeten Rothschild-Giraffen auf Augenh\u00f6he zu f\u00fcttern und mit ihnen zu interagieren, wodurch eine einzigartige Verbindung zu diesen sanften Riesen entsteht, die wenigen Orten auf der Welt geboten wird.<\/p>\n\n\n\n<p>Das Giraffe Centre wurde 1979 vom African Fund for Endangered Wildlife (AFEW) gegr\u00fcndet, als Reaktion auf den alarmierenden R\u00fcckgang der Rothschild-Giraffenpopulation in freier Wildbahn. Damals gab es nur noch wenige Exemplare dieser Giraffen, haupts\u00e4chlich in isolierten Gebieten in Kenia und Uganda. Das Zentrum begann zun\u00e4chst als Zucht- und Schutzprojekt, das darauf abzielte, ihre Zahl zu erh\u00f6hen und sie in Schutzgebiete wieder einzuf\u00fchren. Im Laufe der Jahre hat es sich zu einer f\u00fchrenden Institution f\u00fcr den Schutz von Giraffen, Umweltbildung und Sensibilisierung f\u00fcr Wildtiere in Kenia entwickelt. Heute spielt es weiterhin eine entscheidende Rolle beim Schutz der Art, bei der Durchf\u00fchrung von Bildungsarbeit und bei der F\u00f6rderung einer tieferen Wertsch\u00e4tzung des nat\u00fcrlichen Erbes Kenias sowohl bei lokalen als auch bei internationalen Besuchern.<\/p>\n\n\n\n<h2 class=\"wp-block-heading\">Ein einzigartiges Naturerlebnis<\/h2>\n\n\n\n<p>Das Highlight eines jeden Besuchs im Giraffenzentrum ist der Gang auf die erh\u00f6hte Holzf\u00fctterungsplattform, wo die Besucher den hoch aufragenden Giraffen fast auf Augenh\u00f6he begegnen, w\u00e4hrend diese anmutig ihre langen H\u00e4lse nach speziell bereitgestellten Futterpellets ausstrecken. Diese enge Interaktion bietet eine seltene Perspektive auf die Gr\u00f6\u00dfe, das Verhalten und die sanfte Art der Tiere. Geschulte Mitarbeiter stehen bereit, um den G\u00e4sten zu zeigen, wie sie die Giraffen sicher und respektvoll f\u00fcttern k\u00f6nnen, und teilen gleichzeitig interessante Fakten \u00fcber ihre Ern\u00e4hrung, ihre soziale Struktur und ihren Schutzstatus. Das Erlebnis ist sowohl aufregend als auch lehrreich und somit ideal f\u00fcr Familien, Paare, Schulklassen, Fotografen und Tierliebhaber, die lernen und sich gleichzeitig am\u00fcsieren m\u00f6chten.<\/p>\n\n\n\n<p>Zus\u00e4tzlich zum F\u00fcttern der Giraffen k\u00f6nnen Besucher noch weiteren Aktivit\u00e4ten nachgehen, darunter:<\/p>\n\n\n\n<p>\u2022 Giraffenschutz und das breitere Tiererbe Kenias durch informative Ausstellungen und Lehrmaterialien kennenlernen.<br \/>\u2022 Teilnahme an gef\u00fchrten Vortr\u00e4gen und Pr\u00e4sentationen von sachkundigen P\u00e4dagogen, die die Geschichte des Zentrums, laufende Naturschutzbem\u00fchungen und die Herausforderungen f\u00fcr Wildtiere im heutigen Kenia erl\u00e4utern.<br \/>\u2022 Erkundung des Naturlehrpfads, der sich durch ein St\u00fcck einheimischen Wald schl\u00e4ngelt und einen friedlichen Spaziergang sowie die M\u00f6glichkeit bietet, die nat\u00fcrliche Umgebung von Nairobi abseits der Gro\u00dfstadthektik zu erleben.<br \/>\u2022 Beobachtung einer Vielzahl von Vogelarten sowie von Warzenschweinen und kleinen Antilopen wie Dikdiks, die sich h\u00e4ufig auf dem Gel\u00e4nde und im umliegenden Wald aufhalten.<br \/>\u2022 Den Souvenirladen besuchen, wo ethisch einwandfreie Handwerkskunst und Souvenirs erh\u00e4ltlich sind, und im Caf\u00e9 entspannen, das Erfrischungen und leichte Mahlzeiten in einem malerischen Ambiente bietet.<\/p>\n\n\n\n<p>Eines der meistdiskutierten Erlebnisse des Zentrums ist die ber\u00fchmte \u201cGiraffenkuss\u201d-Fotogelegenheit, bei der wagemutige Besucher ein Futterpellet zwischen den Lippen halten und zulassen, dass eine Giraffe es sanft mit ihrer langen, greiff\u00e4higen Zunge zur\u00fcckholt. Obwohl diese Aktivit\u00e4t v\u00f6llig optional ist, ist sie f\u00fcr viele G\u00e4ste zu einem besonderen Moment geworden und f\u00fchrt zu unvergesslichen Fotos und Geschichten, die man mit nach Hause nehmen kann. Mitarbeiter sorgen daf\u00fcr, dass sowohl Besucher als auch Tiere mit Sorgfalt behandelt werden und die Interaktionen sicher und respektvoll bleiben.<\/p>\n\n\n\n<h2 class=\"wp-block-heading\">\u00d6ffnungszeiten des Giraffenzentrums<\/h2>\n\n\n\n<p>Das Giraffe Centre ist t\u00e4glich ge\u00f6ffnet, auch an Wochenenden und Feiertagen, was es leicht macht, es sowohl in kurze Zwischenstopps als auch in l\u00e4ngere Reiserouten einzubauen.<\/p>\n\n\n\n<p>\u00d6ffnungszeit: 9:00 Uhr<br \/>Schlie\u00dfzeit: 17:00 Uhr<br \/>Letzter Eintrag: ca. 16:00 Uhr <\/p>\n\n\n\n<p>F\u00fcr das angenehmste Erlebnis empfiehlt es sich, fr\u00fch am Morgen oder sp\u00e4ter am Nachmittag zu besuchen. Zu diesen Zeiten sind die Giraffen oft aktiver und bereit zu fressen.<\/p>\n\n\n\n<h2 class=\"wp-block-heading\">Startgeb\u00fchren<\/h2>\n\n\n\n<p>Nicht-Ans\u00e4ssige<br \/>Erwachsene: KES 1.500<br \/>Kinder (3\u201312 Jahre): 750 KES<\/p>\n\n\n\n<p>Kenia B\u00fcrger und Einwohner<br \/>Erwachsene: KES 400<br \/>Kind: KES 200<\/p>\n\n\n\n<p>Kinder unter 3 Jahren<br \/>Freier Eintritt<\/p>\n\n\n\n<p>Zahlungen werden im Allgemeinen per M-Pesa, Debitkarte oder Kreditkarte akzeptiert, was Flexibilit\u00e4t und Komfort sowohl f\u00fcr lokale als auch f\u00fcr internationale Besucher bietet. Da sich die Geb\u00fchren im Laufe der Zeit \u00e4ndern k\u00f6nnen, ist es ratsam, die neuesten Preise und eventuelle Sondertarife oder Gruppenpakete vor Ihrem Besuch \u00fcber die offiziellen Kan\u00e4le des Zentrums oder Ihren Reiseveranstalter zu best\u00e4tigen.<\/p>\n\n\n\n<h2 class=\"wp-block-heading\">Standort des Giraffenzentrums<\/h2>\n\n\n\n<p>Das Giraffe Centre befindet sich in der Nyumbi Road, unweit der Duma Road in Lang\u2019ata, Nairobi, etwa 15\u201320 Kilometer vom Stadtzentrum Nairobis entfernt. Abh\u00e4ngig vom Verkehrsaufkommen dauert die Fahrt normalerweise zwischen 30 und 45 Minuten. Die Gegend wird von Taxis, Fahrdiensten und organisierten Touren angefahren, was das Erreichen des Zentrums sowohl f\u00fcr individuelle Reisende als auch f\u00fcr die im Rahmen gef\u00fchrter Touren einfach macht.<\/p>\n\n\n\n<p>Seine strategische Lage in der N\u00e4he anderer wichtiger Attraktionen wie dem <a href=\"https:\/\/www.kichakatours.com\/destination\/national-museums-of-kenya\/\" target=\"_blank\" rel=\"noopener\" title=\"\">Karen-Blixen-Museum<\/a>, der \/ die \/ das <a href=\"https:\/\/www.kichakatours.com\/sheldrick-wildlife-trust-elephant-orphanage\/\" target=\"_blank\" rel=\"noopener\" title=\"\">Sheldrick Wildlife Trust Elefantenwaisenhaus<\/a>, und verschiedene Kunstgalerien, Caf\u00e9s und Einkaufsm\u00f6glichkeiten in den Vierteln Karen und Lang\u2019ata, erm\u00f6glicht es Besuchern, mehrere Erlebnisse an einem einzigen Tag zu kombinieren. Viele Reiseveranstalter bieten an <a href=\"https:\/\/www.kichakatours.com\/product\/full-day-nairobi-tour-2\/\" target=\"_blank\" rel=\"noopener\" title=\"\">Halbtages- oder Ganztagesausfl\u00fcge<\/a> die das Giraffenzentrum als Highlight einschlie\u00dfen und Reisenden helfen, ihre Zeit in Nairobi optimal zu nutzen.<\/p>\n\n\n\n<h2 class=\"wp-block-heading\">Warum das Giraffenzentrum besuchen?<\/h2>\n\n\n\n<p>Ein Besuch im Giraffenzentrum ist mehr als ein unterhaltsamer Ausflug; er ist ein bedeutender Beitrag zum Schutz der Tierwelt und zur Umwelterziehung in Kenia. Jede Eintrittskarte unterst\u00fctzt direkt die laufenden Programme des Zentrums, einschlie\u00dflich des Schutzes und der Zucht gef\u00e4hrdeter Rothschild-Giraffen und der Pflege ihrer Lebensr\u00e4ume. Dar\u00fcber hinaus finanzieren die Einnahmen von Besuchern umfangreiche Bildungsinitiativen wie Schulprogramme, Stipendien und Exkursionen, die es Tausenden kenianischen Sch\u00fclern jedes Jahr erm\u00f6glichen, etwas \u00fcber Naturschutz, Biodiversit\u00e4t und nachhaltiges Leben zu lernen.<\/p>\n\n\n\n<p>Indem die G\u00e4ste uns besuchen, erleben sie nicht nur eine bemerkenswerte, hautnahe Begegnung mit einem der charismatischsten Tiere Afrikas, sondern tragen auch aktiv dazu bei, die Zukunft dieser Giraffen in freier Wildbahn zu sichern. Das Erlebnis f\u00f6rdert ein Gef\u00fchl der Verantwortung und Verbundenheit mit der Natur und ermutigt die Besucher, lange nach ihrem Aufenthalt tiefer \u00fcber Naturschutzfragen nachzudenken.<\/p>\n\n\n\n<p>Ob Sie f\u00fcr einen kurzen Aufenthalt in Nairobi sind <a href=\"https:\/\/www.kichakatours.com\/how-to-spend-a-layover-in-nairobis-jomo-kenyatta-international-airport\/\" target=\"_blank\" rel=\"noopener\" title=\"\">Flughafenaufenthalt<\/a>, einer Gesch\u00e4ftsreise oder zu Beginn oder Ende eines l\u00e4ngeren Safari-Abenteuers bietet das Giraffe Centre ein unvergessliches, familienfreundliches Wilderlebnis direkt am Stadtrand. Es vereint Bildung, Naturschutz und Vergn\u00fcgen in einem einzigen, gut gef\u00fchrten Umfeld und macht es zu einem Muss f\u00fcr jeden, der Kenias Tierwelt auf zug\u00e4ngliche und dennoch verantwortungsvolle Weise erleben m\u00f6chte.<\/p>","protected":false},"excerpt":{"rendered":"<p>The Giraffe Centre is one of Nairobi\u2019s most cherished wildlife attractions and a must-visit destination for travelers seeking an intimate and responsible encounter with Kenya\u2019s iconic giraffes. Situated in the leafy, tranquil suburb of Lang\u2019ata, just a short drive from<\/p>\n<div class=\"padding-top text-center\"><a href=\"https:\/\/www.kichakatours.com\/de\/giraffe-centre\/\" class=\"atbtn atbtn--medium atbtn--rounded atbtn--transparent\">Mehr lesen<i class=\"atbtn__icon atbtn__icon--right fa fa-long-arrow-right\"><\/i><\/a><\/div>","protected":false},"author":3,"featured_media":12510,"parent":0,"menu_order":0,"comment_status":"closed","ping_status":"closed","template":"","meta":{"om_disable_all_campaigns":false,"_monsterinsights_skip_tracking":false,"_monsterinsights_sitenote_active":false,"_monsterinsights_sitenote_note":"","_monsterinsights_sitenote_category":0,"_uf_show_specific_survey":0,"_uf_disable_surveys":false,"footnotes":""},"class_list":["post-12509","page","type-page","status-publish","has-post-thumbnail","hentry"],"aioseo_notices":[],"aioseo_head":"\n\t\t<!-- All in One SEO Pro 4.9.6.2 - aioseo.com -->\n\t<meta name=\"description\" content=\"Discover Nairobi&#039;s Giraffe Centre, where you can feed and interact with endangered Rothschild\u2019s giraffes in a serene, conservation-focused setting.\" \/>\n\t<meta name=\"robots\" content=\"max-image-preview:large\" \/>\n\t<meta name=\"msvalidate.01\" content=\"9F9C035D44B58EC24714371E3FB5B040\" \/>\n\t<meta name=\"yandex-verification\" content=\"b945a4b884f39739\" \/>\n\t<link rel=\"canonical\" href=\"https:\/\/www.kichakatours.com\/de\/giraffe-centre\/\" \/>\n\t<meta name=\"generator\" content=\"All in One SEO Pro (AIOSEO) 4.9.6.2\" \/>\n\t\t<meta property=\"og:locale\" content=\"de_DE\" \/>\n\t\t<meta property=\"og:site_name\" content=\"Kichaka Tours and Travel | East Africa private safaris, tailor made Tours\" \/>\n\t\t<meta property=\"og:type\" content=\"article\" \/>\n\t\t<meta property=\"og:title\" content=\"Giraffe Centre | Home of the Rothschild Giraffe\" \/>\n\t\t<meta property=\"og:description\" content=\"Discover Nairobi&#039;s Giraffe Centre, where you can feed and interact with endangered Rothschild\u2019s giraffes in a serene, conservation-focused setting.\" \/>\n\t\t<meta property=\"og:url\" content=\"https:\/\/www.kichakatours.com\/de\/giraffe-centre\/\" \/>\n\t\t<meta property=\"og:image\" content=\"https:\/\/www.kichakatours.com\/wp-content\/uploads\/2025\/04\/KichakaTours.jpg\" \/>\n\t\t<meta property=\"og:image:secure_url\" content=\"https:\/\/www.kichakatours.com\/wp-content\/uploads\/2025\/04\/KichakaTours.jpg\" \/>\n\t\t<meta property=\"og:image:width\" content=\"1200\" \/>\n\t\t<meta property=\"og:image:height\" content=\"531\" \/>\n\t\t<meta property=\"article:published_time\" content=\"2026-05-09T11:09:19+00:00\" \/>\n\t\t<meta property=\"article:modified_time\" content=\"2026-05-09T11:09:32+00:00\" \/>\n\t\t<meta property=\"article:publisher\" content=\"https:\/\/web.facebook.com\/toursafariskenya\/?_rdc=1&amp;_rdr#\" \/>\n\t\t<meta property=\"article:author\" content=\"https:\/\/www.facebook.com\/toursafariskenya\/\" \/>\n\t\t<meta name=\"twitter:card\" content=\"summary_large_image\" \/>\n\t\t<meta name=\"twitter:site\" content=\"@KichakaTours\" \/>\n\t\t<meta name=\"twitter:title\" content=\"Giraffe Centre | Home of the Rothschild Giraffe\" \/>\n\t\t<meta name=\"twitter:description\" content=\"Discover Nairobi&#039;s Giraffe Centre, where you can feed and interact with endangered Rothschild\u2019s giraffes in a serene, conservation-focused setting.\" \/>\n\t\t<meta name=\"twitter:creator\" content=\"@KichakaTours\" \/>\n\t\t<meta name=\"twitter:image\" content=\"https:\/\/www.kichakatours.com\/wp-content\/uploads\/2025\/04\/KichakaTours.jpg\" \/>\n\t\t<script type=\"application\/ld+json\" class=\"aioseo-schema\">\n\t\t\t{\"@context\":\"https:\\\/\\\/schema.org\",\"@graph\":[{\"@type\":\"BreadcrumbList\",\"@id\":\"https:\\\/\\\/www.kichakatours.com\\\/de\\\/giraffe-centre\\\/#breadcrumblist\",\"itemListElement\":[{\"@type\":\"ListItem\",\"@id\":\"https:\\\/\\\/www.kichakatours.com\\\/de#listItem\",\"position\":1,\"name\":\"Home\",\"item\":\"https:\\\/\\\/www.kichakatours.com\\\/de\",\"nextItem\":{\"@type\":\"ListItem\",\"@id\":\"https:\\\/\\\/www.kichakatours.com\\\/de\\\/giraffe-centre\\\/#listItem\",\"name\":\"Giraffe Centre\"}},{\"@type\":\"ListItem\",\"@id\":\"https:\\\/\\\/www.kichakatours.com\\\/de\\\/giraffe-centre\\\/#listItem\",\"position\":2,\"name\":\"Giraffe Centre\",\"previousItem\":{\"@type\":\"ListItem\",\"@id\":\"https:\\\/\\\/www.kichakatours.com\\\/de#listItem\",\"name\":\"Home\"}}]},{\"@type\":\"Organization\",\"@id\":\"https:\\\/\\\/www.kichakatours.com\\\/de\\\/#organization\",\"name\":\"Kichaka Tours and Travel\",\"description\":\"East Africa private safaris, tailor made Tours\",\"url\":\"https:\\\/\\\/www.kichakatours.com\\\/de\\\/\",\"email\":\"info@kichakatours.com\",\"telephone\":\"+254791800525\",\"foundingDate\":\"2016-04-01\",\"numberOfEmployees\":{\"@type\":\"QuantitativeValue\",\"minValue\":0,\"maxValue\":7},\"logo\":{\"@type\":\"ImageObject\",\"url\":\"https:\\\/\\\/www.kichakatours.com\\\/wp-content\\\/uploads\\\/2025\\\/01\\\/Logo.jpg-8-2.jpg\",\"@id\":\"https:\\\/\\\/www.kichakatours.com\\\/de\\\/giraffe-centre\\\/#organizationLogo\",\"width\":131,\"height\":109,\"caption\":\"A stylized logo featuring two green leaves within a black oval outline.\"},\"image\":{\"@id\":\"https:\\\/\\\/www.kichakatours.com\\\/de\\\/giraffe-centre\\\/#organizationLogo\"},\"sameAs\":[\"https:\\\/\\\/web.facebook.com\\\/toursafariskenya\\\/?_rdc=1&_rdr#\",\"https:\\\/\\\/x.com\\\/KichakaTours\",\"https:\\\/\\\/www.instagram.com\\\/KichakaTours\",\"https:\\\/\\\/www.linkedin.com\\\/in\\\/kichaka-tours-and-travel\\\/\"],\"address\":{\"@id\":\"https:\\\/\\\/www.kichakatours.com\\\/de\\\/#postaladdress\",\"@type\":\"PostalAddress\",\"streetAddress\":\"54936,\",\"postalCode\":\"00200\",\"addressLocality\":\"Nairobi\",\"addressRegion\":\"Kenya\",\"addressCountry\":\"KE\"}},{\"@type\":\"WebPage\",\"@id\":\"https:\\\/\\\/www.kichakatours.com\\\/de\\\/giraffe-centre\\\/#webpage\",\"url\":\"https:\\\/\\\/www.kichakatours.com\\\/de\\\/giraffe-centre\\\/\",\"name\":\"Giraffe Centre | Home of the Rothschild Giraffe\",\"description\":\"Discover Nairobi's Giraffe Centre, where you can feed and interact with endangered Rothschild\\u2019s giraffes in a serene, conservation-focused setting.\",\"inLanguage\":\"de-DE\",\"isPartOf\":{\"@id\":\"https:\\\/\\\/www.kichakatours.com\\\/de\\\/#website\"},\"breadcrumb\":{\"@id\":\"https:\\\/\\\/www.kichakatours.com\\\/de\\\/giraffe-centre\\\/#breadcrumblist\"},\"image\":{\"@type\":\"ImageObject\",\"url\":\"https:\\\/\\\/www.kichakatours.com\\\/wp-content\\\/uploads\\\/2026\\\/05\\\/giraffe-centre-scaled.jpg\",\"@id\":\"https:\\\/\\\/www.kichakatours.com\\\/de\\\/giraffe-centre\\\/#mainImage\",\"width\":2048,\"height\":1062},\"primaryImageOfPage\":{\"@id\":\"https:\\\/\\\/www.kichakatours.com\\\/de\\\/giraffe-centre\\\/#mainImage\"},\"datePublished\":\"2026-05-09T14:09:19+03:00\",\"dateModified\":\"2026-05-09T14:09:32+03:00\"},{\"@type\":\"WebSite\",\"@id\":\"https:\\\/\\\/www.kichakatours.com\\\/de\\\/#website\",\"url\":\"https:\\\/\\\/www.kichakatours.com\\\/de\\\/\",\"name\":\"Kichaka Tours and Travel\",\"description\":\"East Africa private safaris, tailor made Tours\",\"inLanguage\":\"de-DE\",\"publisher\":{\"@id\":\"https:\\\/\\\/www.kichakatours.com\\\/de\\\/#organization\"}}]}\n\t\t<\/script>\n\t\t<!-- All in One SEO Pro -->\r\n\t\t<title>Giraffe Centre | Home of the Rothschild Giraffe<\/title>\n\n","aioseo_head_json":{"title":"Giraffe Centre | Heimat der Rothschild-Giraffe","description":"Entdecken Sie das Giraffenzentrum in Nairobi, wo Sie bedrohte Rothschild-Giraffen in einer ruhigen, auf Naturschutz ausgerichteten Umgebung f\u00fcttern und mit ihnen interagieren k\u00f6nnen.","canonical_url":"https:\/\/www.kichakatours.com\/de\/giraffe-centre\/","robots":"max-image-preview:large","keywords":"","webmasterTools":{"msvalidate.01":"9F9C035D44B58EC24714371E3FB5B040","yandex-verification":"b945a4b884f39739","miscellaneous":""},"schema":{"@context":"https:\/\/schema.org","@graph":[{"@type":"BreadcrumbList","@id":"https:\/\/www.kichakatours.com\/de\/giraffe-centre\/#breadcrumblist","itemListElement":[{"@type":"ListItem","@id":"https:\/\/www.kichakatours.com\/de#listItem","position":1,"name":"Home","item":"https:\/\/www.kichakatours.com\/de","nextItem":{"@type":"ListItem","@id":"https:\/\/www.kichakatours.com\/de\/giraffe-centre\/#listItem","name":"Giraffe Centre"}},{"@type":"ListItem","@id":"https:\/\/www.kichakatours.com\/de\/giraffe-centre\/#listItem","position":2,"name":"Giraffe Centre","previousItem":{"@type":"ListItem","@id":"https:\/\/www.kichakatours.com\/de#listItem","name":"Home"}}]},{"@type":"Organization","@id":"https:\/\/www.kichakatours.com\/de\/#organization","name":"Kichaka Tours and Travel","description":"East Africa private safaris, tailor made Tours","url":"https:\/\/www.kichakatours.com\/de\/","email":"info@kichakatours.com","telephone":"+254791800525","foundingDate":"2016-04-01","numberOfEmployees":{"@type":"QuantitativeValue","minValue":0,"maxValue":7},"logo":{"@type":"ImageObject","url":"https:\/\/www.kichakatours.com\/wp-content\/uploads\/2025\/01\/Logo.jpg-8-2.jpg","@id":"https:\/\/www.kichakatours.com\/de\/giraffe-centre\/#organizationLogo","width":131,"height":109,"caption":"A stylized logo featuring two green leaves within a black oval outline."},"image":{"@id":"https:\/\/www.kichakatours.com\/de\/giraffe-centre\/#organizationLogo"},"sameAs":["https:\/\/web.facebook.com\/toursafariskenya\/?_rdc=1&_rdr#","https:\/\/x.com\/KichakaTours","https:\/\/www.instagram.com\/KichakaTours","https:\/\/www.linkedin.com\/in\/kichaka-tours-and-travel\/"],"address":{"@id":"https:\/\/www.kichakatours.com\/de\/#postaladdress","@type":"PostalAddress","streetAddress":"54936,","postalCode":"00200","addressLocality":"Nairobi","addressRegion":"Kenya","addressCountry":"KE"}},{"@type":"WebPage","@id":"https:\/\/www.kichakatours.com\/de\/giraffe-centre\/#webpage","url":"https:\/\/www.kichakatours.com\/de\/giraffe-centre\/","name":"Giraffe Centre | Home of the Rothschild Giraffe","description":"Discover Nairobi's Giraffe Centre, where you can feed and interact with endangered Rothschild\u2019s giraffes in a serene, conservation-focused setting.","inLanguage":"de-DE","isPartOf":{"@id":"https:\/\/www.kichakatours.com\/de\/#website"},"breadcrumb":{"@id":"https:\/\/www.kichakatours.com\/de\/giraffe-centre\/#breadcrumblist"},"image":{"@type":"ImageObject","url":"https:\/\/www.kichakatours.com\/wp-content\/uploads\/2026\/05\/giraffe-centre-scaled.jpg","@id":"https:\/\/www.kichakatours.com\/de\/giraffe-centre\/#mainImage","width":2048,"height":1062},"primaryImageOfPage":{"@id":"https:\/\/www.kichakatours.com\/de\/giraffe-centre\/#mainImage"},"datePublished":"2026-05-09T14:09:19+03:00","dateModified":"2026-05-09T14:09:32+03:00"},{"@type":"WebSite","@id":"https:\/\/www.kichakatours.com\/de\/#website","url":"https:\/\/www.kichakatours.com\/de\/","name":"Kichaka Tours and Travel","description":"East Africa private safaris, tailor made Tours","inLanguage":"de-DE","publisher":{"@id":"https:\/\/www.kichakatours.com\/de\/#organization"}}]},"og:locale":"de_DE","og:site_name":"Kichaka Tours and Travel | East Africa private safaris, tailor made Tours","og:type":"article","og:title":"Giraffe Centre | Home of the Rothschild Giraffe","og:description":"Discover Nairobi's Giraffe Centre, where you can feed and interact with endangered Rothschild\u2019s giraffes in a serene, conservation-focused setting.","og:url":"https:\/\/www.kichakatours.com\/de\/giraffe-centre\/","og:image":"https:\/\/www.kichakatours.com\/wp-content\/uploads\/2025\/04\/KichakaTours.jpg","og:image:secure_url":"https:\/\/www.kichakatours.com\/wp-content\/uploads\/2025\/04\/KichakaTours.jpg","og:image:width":1200,"og:image:height":531,"article:published_time":"2026-05-09T11:09:19+00:00","article:modified_time":"2026-05-09T11:09:32+00:00","article:publisher":"https:\/\/web.facebook.com\/toursafariskenya\/?_rdc=1&_rdr#","article:author":"https:\/\/www.facebook.com\/toursafariskenya\/","twitter:card":"summary_large_image","twitter:site":"@KichakaTours","twitter:title":"Giraffe Centre | Home of the Rothschild Giraffe","twitter:description":"Discover Nairobi's Giraffe Centre, where you can feed and interact with endangered Rothschild\u2019s giraffes in a serene, conservation-focused setting.","twitter:creator":"@KichakaTours","twitter:image":"https:\/\/www.kichakatours.com\/wp-content\/uploads\/2025\/04\/KichakaTours.jpg"},"aioseo_meta_data":{"post_id":"12509","title":"#post_title #separator_sa Home of the Rothschild Giraffe","description":"Entdecken Sie das Giraffenzentrum in Nairobi, wo Sie bedrohte Rothschild-Giraffen in einer ruhigen, auf Naturschutz ausgerichteten Umgebung f\u00fcttern und mit ihnen interagieren k\u00f6nnen.","keywords":null,"keyphrases":{"focus":{"keyphrase":"giraffe centre","score":100,"analysis":{"keyphraseInTitle":{"score":9,"maxScore":9,"error":0},"keyphraseInDescription":{"score":9,"maxScore":9,"error":0},"keyphraseLength":{"score":9,"maxScore":9,"error":0,"length":2},"keyphraseInURL":{"score":5,"maxScore":5,"error":0},"keyphraseInIntroduction":{"score":9,"maxScore":9,"error":0},"keyphraseInSubHeadings":{"score":9,"maxScore":9,"error":0},"keyphraseInImageAlt":[],"keywordDensity":{"type":"best","score":9,"maxScore":9,"error":0}}},"additional":[]},"primary_term":null,"canonical_url":null,"og_title":null,"og_description":null,"og_object_type":"default","og_image_type":"default","og_image_url":null,"og_image_width":null,"og_image_height":null,"og_image_custom_url":null,"og_image_custom_fields":null,"og_video":"","og_custom_url":null,"og_article_section":null,"og_article_tags":null,"twitter_use_og":false,"twitter_card":"default","twitter_image_type":"default","twitter_image_url":null,"twitter_image_custom_url":null,"twitter_image_custom_fields":null,"twitter_title":null,"twitter_description":null,"schema":{"blockGraphs":[],"customGraphs":[],"default":{"data":{"Article":[],"Course":[],"Dataset":[],"FAQPage":[],"Movie":[],"Person":[],"Product":[],"ProductReview":[],"Car":[],"Recipe":[],"Service":[],"SoftwareApplication":[],"WebPage":[]},"graphName":"WebPage","isEnabled":true},"graphs":[]},"schema_type":"default","schema_type_options":null,"pillar_content":false,"robots_default":true,"robots_noindex":false,"robots_noarchive":false,"robots_nosnippet":false,"robots_nofollow":false,"robots_noimageindex":false,"robots_noodp":false,"robots_notranslate":false,"robots_max_snippet":"-1","robots_max_videopreview":"-1","robots_max_imagepreview":"large","priority":null,"frequency":"default","local_seo":null,"seo_analyzer_scan_date":"2026-05-09 12:09:22","breadcrumb_settings":null,"limit_modified_date":false,"reviewed_by":"0","open_ai":null,"ai":{"faqs":[],"keyPoints":[],"schemas":[],"titles":[],"descriptions":["Discover Nairobi's Giraffe Centre, where you can feed and interact with endangered Rothschild\u2019s giraffes in a serene, conservation-focused setting.","Experience the magic of Kenya\u2019s wildlife at Nairobi\u2019s Giraffe Centre, a leading conservation and educational hub just a short drive from the city center.","Visit the Giraffe Centre in Nairobi for an intimate encounter with gentle giants and learn about vital giraffe conservation efforts.","Explore the Giraffe Centre in Lang\u2019ata, Nairobi, and enjoy a responsible wildlife experience that supports local conservation initiatives.","A must-visit in Nairobi, the Giraffe Centre offers close-up giraffe interactions, wildlife education, and contributions to endangered species preservation."],"socialPosts":{"email":[],"linkedin":[],"twitter":[],"facebook":[],"instagram":[]}},"created":"2026-05-09 10:09:56","updated":"2026-05-09 12:09:42"},"aioseo_breadcrumb":"<div class=\"aioseo-breadcrumbs\"><span class=\"aioseo-breadcrumb\">\n\t<a href=\"https:\/\/www.kichakatours.com\/de\" title=\"Home\">Home<\/a>\n<\/span><span class=\"aioseo-breadcrumb-separator\">|<\/span><span class=\"aioseo-breadcrumb\">\n\tGiraffe Centre\n<\/span><\/div>","aioseo_breadcrumb_json":[{"label":"Home","link":"https:\/\/www.kichakatours.com\/de"},{"label":"Giraffe Centre","link":"https:\/\/www.kichakatours.com\/de\/giraffe-centre\/"}],"_links":{"self":[{"href":"https:\/\/www.kichakatours.com\/de\/wp-json\/wp\/v2\/pages\/12509","targetHints":{"allow":["GET"]}}],"collection":[{"href":"https:\/\/www.kichakatours.com\/de\/wp-json\/wp\/v2\/pages"}],"about":[{"href":"https:\/\/www.kichakatours.com\/de\/wp-json\/wp\/v2\/types\/page"}],"author":[{"embeddable":true,"href":"https:\/\/www.kichakatours.com\/de\/wp-json\/wp\/v2\/users\/3"}],"replies":[{"embeddable":true,"href":"https:\/\/www.kichakatours.com\/de\/wp-json\/wp\/v2\/comments?post=12509"}],"version-history":[{"count":1,"href":"https:\/\/www.kichakatours.com\/de\/wp-json\/wp\/v2\/pages\/12509\/revisions"}],"predecessor-version":[{"id":12511,"href":"https:\/\/www.kichakatours.com\/de\/wp-json\/wp\/v2\/pages\/12509\/revisions\/12511"}],"wp:featuredmedia":[{"embeddable":true,"href":"https:\/\/www.kichakatours.com\/de\/wp-json\/wp\/v2\/media\/12510"}],"wp:attachment":[{"href":"https:\/\/www.kichakatours.com\/de\/wp-json\/wp\/v2\/media?parent=12509"}],"curies":[{"name":"wp","href":"https:\/\/api.w.org\/{rel}","templated":true}]}}