{"id":2661,"date":"2026-02-19T09:05:02","date_gmt":"2026-02-19T06:05:02","guid":{"rendered":"https:\/\/www.kichakatours.co.ke\/?post_type=destination&#038;p=2661"},"modified":"2026-02-19T11:54:04","modified_gmt":"2026-02-19T08:54:04","slug":"insel-lamu","status":"publish","type":"page","link":"https:\/\/www.kichakatours.com\/de\/destination\/lamu-island\/","title":{"rendered":"Insel Lamu"},"content":{"rendered":"<h2 data-start=\"0\" data-end=\"82\">Lamu Insel, Kenia: UNESCO-Weltkulturerbe, Str\u00e4nde &amp; Swahili-Kultur Reisef\u00fchrer<\/h2>\n<p data-start=\"84\" data-end=\"580\">Das bezaubernde <span class=\"hover:entity-accent entity-underline inline cursor-pointer align-baseline\"><span class=\"whitespace-normal\">Insel Lamu<\/span><\/span>, gelegen im t\u00fcrkisfarbenen Wasser des Indischen Ozeans vor <a href=\"https:\/\/www.kichakatours.com\/coast-beaches-in-kenya\/\" target=\"_blank\" rel=\"noopener\">K\u00fcstengebiet Kenias<\/a>, ist eines der faszinierendsten Kulturziele Ostafrikas. Anerkannt als <a href=\"https:\/\/www.kichakatours.com\/destination\/kenya-unesco-world-heritage-sites\/\" target=\"_blank\" rel=\"noopener\">UNESCO-Welterbest\u00e4tte<\/a>, Lamu ist die \u00e4lteste und am besten erhaltene Suaheli-Siedlung der Region mit Urspr\u00fcngen, die bis ins 12. Jahrhundert zur\u00fcckreichen. F\u00fcr Reisende, die authentische Kultur, Geschichte und Entspannung am Strand suchen, bietet die Insel Lamu eine einzigartige Mischung aus Erbe und K\u00fcstensch\u00f6nheit.<\/p>\n<h3 data-start=\"582\" data-end=\"618\">Eine lebendige Suaheli-Kulturerbestadt<\/h3>\n<p data-start=\"619\" data-end=\"1042\">Im Herzen der Insel liegt <span class=\"hover:entity-accent entity-underline inline cursor-pointer align-baseline\"><span class=\"whitespace-normal\">Lamu Altstadt<\/span><\/span>, eine historische Siedlung, in der die Zeit stillzustehen scheint. Ein Spaziergang durch die engen, gewundenen Gassen offenbart jahrhundertelange kulturelle Einfl\u00fcsse aus Arabien, Persien, Indien und Europa. Die Architektur ist eindeutig Swahili \u2013 Korallenstein-H\u00e4user, kunstvoll geschnitzte Holzt\u00fcren, schattige Innenh\u00f6fe und Dachterrassen mit Blick auf das Meer.<\/p>\n<p data-start=\"1044\" data-end=\"1067\">Besucher k\u00f6nnen erkunden:<\/p>\n<ul data-start=\"1068\" data-end=\"1257\">\n<li data-start=\"1068\" data-end=\"1105\">\n<p data-start=\"1070\" data-end=\"1105\">Historische Moscheen und Stadtpl\u00e4tze<\/p>\n<\/li>\n<li data-start=\"1106\" data-end=\"1147\">\n<p data-start=\"1108\" data-end=\"1147\">Traditionelle Suaheli-H\u00e4user und Museen<\/p>\n<\/li>\n<li data-start=\"1148\" data-end=\"1198\">\n<p data-start=\"1150\" data-end=\"1198\">Belebte M\u00e4rkte voller handgefertigter Waren<\/p>\n<\/li>\n<li data-start=\"1199\" data-end=\"1257\">\n<p data-start=\"1201\" data-end=\"1257\">Die ikonische Lamu-Uferpromenade mit traditionellen Dhaus<\/p>\n<\/li>\n<\/ul>\n<p data-start=\"1259\" data-end=\"1417\">Lamu ist weitgehend vom starken Verkehr verschont geblieben, da Esel und Dhaus nach wie vor die wichtigsten Transportmittel sind, was seine ruhige, altmodische Atmosph\u00e4re bewahrt.<\/p>\n<h3 data-start=\"1419\" data-end=\"1453\">Str\u00e4nde &amp; Inselerlebnisse<\/h3>\n<p data-start=\"1454\" data-end=\"1722\">Lamu ist auch ber\u00fchmt f\u00fcr seine unber\u00fchrten Str\u00e4nde und das entspannte Inselleben. Nur eine kurze Bootsfahrt entfernt liegt <span class=\"hover:entity-accent entity-underline inline cursor-pointer align-baseline\"><span class=\"whitespace-normal\">Shelac Beach<\/span><\/span>, die beliebteste Bucht der Insel mit weichem wei\u00dfem Sand und t\u00fcrkisfarbenem Wasser. Dieser lange, unber\u00fchrte Strand ist ideal f\u00fcr:<\/p>\n<ul data-start=\"1723\" data-end=\"1869\">\n<li data-start=\"1723\" data-end=\"1755\">\n<p data-start=\"1725\" data-end=\"1755\">Strandspazierg\u00e4nge und Sonnenuntergangsblicke<\/p>\n<\/li>\n<li data-start=\"1756\" data-end=\"1788\">\n<p data-start=\"1758\" data-end=\"1788\">Schwimmen und Dhow-Ausfl\u00fcge<\/p>\n<\/li>\n<li data-start=\"1789\" data-end=\"1825\">\n<p data-start=\"1791\" data-end=\"1825\">Romantische Ausfl\u00fcge und Flitterwochen<\/p>\n<\/li>\n<li data-start=\"1826\" data-end=\"1869\">\n<p data-start=\"1828\" data-end=\"1869\">Boutique-Strandresorts und Luxusunterk\u00fcnfte<\/p>\n<\/li>\n<\/ul>\n<p data-start=\"1871\" data-end=\"2118\">Inseln in der N\u00e4he wie <span class=\"hover:entity-accent entity-underline inline cursor-pointer align-baseline\"><span class=\"whitespace-normal\">Manda-Insel<\/span><\/span> und <span class=\"hover:entity-accent entity-underline inline cursor-pointer align-baseline\"><span class=\"whitespace-normal\">Kiwayu Insel<\/span><\/span> bietet abgelegene Str\u00e4nde, kulturelle Ruinen und exklusive \u00d6ko-Lodges und macht den Lamu-Archipel perfekt f\u00fcr Abenteuer und Entspannung.<\/p>\n<h3 data-start=\"2120\" data-end=\"2146\">Aktivit\u00e4ten in Lamu<\/h3>\n<p data-start=\"2147\" data-end=\"2243\">Eine Reise nach Lamu kombiniert kulturelle Entdeckungen mit K\u00fcstenabenteuern. Beliebte Aktivit\u00e4ten sind:<\/p>\n<ul data-start=\"2244\" data-end=\"2434\">\n<li data-start=\"2244\" data-end=\"2270\">\n<p data-start=\"2246\" data-end=\"2270\">Dhau-Segeln bei Sonnenuntergang<\/p>\n<\/li>\n<li data-start=\"2271\" data-end=\"2321\">\n<p data-start=\"2273\" data-end=\"2321\">Swahili Kulturreisen und Kocherlebnisse<\/p>\n<\/li>\n<li data-start=\"2322\" data-end=\"2354\">\n<p data-start=\"2324\" data-end=\"2354\">Angelausfl\u00fcge und Schnorcheltrips<\/p>\n<\/li>\n<li data-start=\"2355\" data-end=\"2384\">\n<p data-start=\"2357\" data-end=\"2384\">Kajakfahren und Wassersport<\/p>\n<\/li>\n<li data-start=\"2385\" data-end=\"2434\">\n<p data-start=\"2387\" data-end=\"2434\">Erkundung von nahegelegenen Inseln und historischen Ruinen<\/p>\n<\/li>\n<\/ul>\n<p data-start=\"2436\" data-end=\"2623\">Der entspannte Rhythmus der Insel l\u00e4dt Besucher ein, langsamer zu werden und in das lokale Leben einzutauchen, vom Spaziergang entlang der Uferpromenade bis zum Genuss frischer Meeresfr\u00fcchte in Restaurants am Strand.<\/p>\n<h3 data-start=\"2625\" data-end=\"2653\">Warum Lamu Island besuchen?<\/h3>\n<p data-start=\"2654\" data-end=\"2935\">Lamu bietet eine authentische Flucht aus dem modernen Stadtleben. Sein Charme liegt in der nahtlosen Mischung aus Geschichte, Kultur und nat\u00fcrlicher Sch\u00f6nheit. Reisende k\u00f6nnen jahrhundertealte Suaheli-Traditionen, herzliche K\u00fcstenhospitalit\u00e4t und einige der landschaftlich sch\u00f6nsten Str\u00e4nde Kenias erleben \u2013 alles in einem Reiseziel.<\/p>\n<p data-start=\"2937\" data-end=\"2958\"><strong data-start=\"2937\" data-end=\"2956\">Wichtige Highlights:<\/strong><\/p>\n<ul data-start=\"2959\" data-end=\"3181\">\n<li data-start=\"2959\" data-end=\"2989\">\n<p data-start=\"2961\" data-end=\"2989\">UNESCO-Welterbest\u00e4tte<\/p>\n<\/li>\n<li data-start=\"2990\" data-end=\"3034\">\n<p data-start=\"2992\" data-end=\"3034\">\u00c4lteste Swahili-Siedlung in Ostafrika<\/p>\n<\/li>\n<li data-start=\"3035\" data-end=\"3082\">\n<p data-start=\"3037\" data-end=\"3082\">Einzigartige Architektur und kulturelle Traditionen<\/p>\n<\/li>\n<li data-start=\"3083\" data-end=\"3120\">\n<p data-start=\"3085\" data-end=\"3120\">Atemberaubende Str\u00e4nde und Dhausafaris<\/p>\n<\/li>\n<li data-start=\"3121\" data-end=\"3181\">\n<p data-start=\"3123\" data-end=\"3181\">Ideal f\u00fcr Hochzeitsreisen, Kulturreisen und Strandurlaube<\/p>\n<\/li>\n<\/ul>\n<p data-start=\"3219\" data-end=\"3510\">\n<\/p>","protected":false},"excerpt":{"rendered":"<p>Lamu Island, Kenya: UNESCO World Heritage Site, Beaches &amp; Swahili Culture Guide The enchanting Lamu Island, set in the turquoise waters of the Indian Ocean off Kenya\u2019s coast, is one of East Africa\u2019s most captivating cultural destinations. Recognized as a<\/p>\n<div class=\"padding-top text-center\"><a href=\"https:\/\/www.kichakatours.com\/de\/destination\/lamu-island\/\" class=\"atbtn atbtn--medium atbtn--rounded atbtn--transparent\">Mehr lesen<i class=\"atbtn__icon atbtn__icon--right fa fa-long-arrow-right\"><\/i><\/a><\/div>","protected":false},"author":3,"featured_media":3872,"parent":4685,"menu_order":0,"comment_status":"open","ping_status":"closed","template":"","meta":{"om_disable_all_campaigns":false,"_monsterinsights_skip_tracking":false,"_monsterinsights_sitenote_active":false,"_monsterinsights_sitenote_note":"","_monsterinsights_sitenote_category":0,"_uf_show_specific_survey":0,"_uf_disable_surveys":false,"footnotes":""},"class_list":["post-2661","page","type-page","status-publish","has-post-thumbnail","hentry"],"aioseo_notices":[],"aioseo_head":"\n\t\t<!-- All in One SEO Pro 4.9.6.2 - aioseo.com -->\n\t<meta name=\"description\" content=\"Discover the timeless beauty of Lamu Island, a UNESCO World Heritage Site where history, culture, and exquisite architecture combine for an unforgettable experience.\" \/>\n\t<meta name=\"robots\" content=\"max-image-preview:large\" \/>\n\t<meta name=\"msvalidate.01\" content=\"9F9C035D44B58EC24714371E3FB5B040\" \/>\n\t<meta name=\"yandex-verification\" content=\"b945a4b884f39739\" \/>\n\t<link rel=\"canonical\" href=\"https:\/\/www.kichakatours.com\/de\/destination\/lamu-island\/\" \/>\n\t<meta name=\"generator\" content=\"All in One SEO Pro (AIOSEO) 4.9.6.2\" \/>\n\t\t<meta property=\"og:locale\" content=\"de_DE\" \/>\n\t\t<meta property=\"og:site_name\" content=\"Kichaka Tours and Travel | East Africa private safaris, tailor made Tours\" \/>\n\t\t<meta property=\"og:type\" content=\"article\" \/>\n\t\t<meta property=\"og:title\" content=\"Lamu Island | Kenya\u2019s Historic Swahili Treasure and Coastal Paradise\" \/>\n\t\t<meta property=\"og:description\" content=\"Discover the timeless beauty of Lamu Island, a UNESCO World Heritage Site where history, culture, and exquisite architecture combine for an unforgettable experience.\" \/>\n\t\t<meta property=\"og:url\" content=\"https:\/\/www.kichakatours.com\/de\/destination\/lamu-island\/\" \/>\n\t\t<meta property=\"og:image\" content=\"https:\/\/www.kichakatours.com\/wp-content\/uploads\/2025\/04\/KichakaTours.jpg\" \/>\n\t\t<meta property=\"og:image:secure_url\" content=\"https:\/\/www.kichakatours.com\/wp-content\/uploads\/2025\/04\/KichakaTours.jpg\" \/>\n\t\t<meta property=\"og:image:width\" content=\"1200\" \/>\n\t\t<meta property=\"og:image:height\" content=\"531\" \/>\n\t\t<meta property=\"article:published_time\" content=\"2026-02-19T06:05:02+00:00\" \/>\n\t\t<meta property=\"article:modified_time\" content=\"2026-02-19T08:54:04+00:00\" \/>\n\t\t<meta property=\"article:publisher\" content=\"https:\/\/web.facebook.com\/toursafariskenya\/?_rdc=1&amp;_rdr#\" \/>\n\t\t<meta property=\"article:author\" content=\"https:\/\/www.facebook.com\/toursafariskenya\/\" \/>\n\t\t<meta name=\"twitter:card\" content=\"summary_large_image\" \/>\n\t\t<meta name=\"twitter:site\" content=\"@KichakaTours\" \/>\n\t\t<meta name=\"twitter:title\" content=\"Lamu Island | Kenya\u2019s Historic Swahili Treasure and Coastal Paradise\" \/>\n\t\t<meta name=\"twitter:description\" content=\"Discover the timeless beauty of Lamu Island, a UNESCO World Heritage Site where history, culture, and exquisite architecture combine for an unforgettable experience.\" \/>\n\t\t<meta name=\"twitter:creator\" content=\"@KichakaTours\" \/>\n\t\t<meta name=\"twitter:image\" content=\"https:\/\/www.kichakatours.com\/wp-content\/uploads\/2025\/04\/KichakaTours.jpg\" \/>\n\t\t<script type=\"application\/ld+json\" class=\"aioseo-schema\">\n\t\t\t{\"@context\":\"https:\\\/\\\/schema.org\",\"@graph\":[{\"@type\":\"BreadcrumbList\",\"@id\":\"https:\\\/\\\/www.kichakatours.com\\\/de\\\/destination\\\/lamu-island\\\/#breadcrumblist\",\"itemListElement\":[{\"@type\":\"ListItem\",\"@id\":\"https:\\\/\\\/www.kichakatours.com\\\/de#listItem\",\"position\":1,\"name\":\"Home\",\"item\":\"https:\\\/\\\/www.kichakatours.com\\\/de\",\"nextItem\":{\"@type\":\"ListItem\",\"@id\":\"https:\\\/\\\/www.kichakatours.com\\\/de\\\/destination\\\/#listItem\",\"name\":\"Destination\"}},{\"@type\":\"ListItem\",\"@id\":\"https:\\\/\\\/www.kichakatours.com\\\/de\\\/destination\\\/#listItem\",\"position\":2,\"name\":\"Destination\",\"item\":\"https:\\\/\\\/www.kichakatours.com\\\/de\\\/destination\\\/\",\"nextItem\":{\"@type\":\"ListItem\",\"@id\":\"https:\\\/\\\/www.kichakatours.com\\\/de\\\/destination\\\/lamu-island\\\/#listItem\",\"name\":\"Lamu Island\"},\"previousItem\":{\"@type\":\"ListItem\",\"@id\":\"https:\\\/\\\/www.kichakatours.com\\\/de#listItem\",\"name\":\"Home\"}},{\"@type\":\"ListItem\",\"@id\":\"https:\\\/\\\/www.kichakatours.com\\\/de\\\/destination\\\/lamu-island\\\/#listItem\",\"position\":3,\"name\":\"Lamu Island\",\"previousItem\":{\"@type\":\"ListItem\",\"@id\":\"https:\\\/\\\/www.kichakatours.com\\\/de\\\/destination\\\/#listItem\",\"name\":\"Destination\"}}]},{\"@type\":\"Organization\",\"@id\":\"https:\\\/\\\/www.kichakatours.com\\\/de\\\/#organization\",\"name\":\"Kichaka Tours and Travel\",\"description\":\"East Africa private safaris, tailor made Tours\",\"url\":\"https:\\\/\\\/www.kichakatours.com\\\/de\\\/\",\"email\":\"info@kichakatours.com\",\"telephone\":\"+254791800525\",\"foundingDate\":\"2016-04-01\",\"numberOfEmployees\":{\"@type\":\"QuantitativeValue\",\"minValue\":0,\"maxValue\":7},\"logo\":{\"@type\":\"ImageObject\",\"url\":\"https:\\\/\\\/www.kichakatours.com\\\/wp-content\\\/uploads\\\/2025\\\/01\\\/Logo.jpg-8-2.jpg\",\"@id\":\"https:\\\/\\\/www.kichakatours.com\\\/de\\\/destination\\\/lamu-island\\\/#organizationLogo\",\"width\":131,\"height\":109,\"caption\":\"A stylized logo featuring two green leaves within a black oval outline.\"},\"image\":{\"@id\":\"https:\\\/\\\/www.kichakatours.com\\\/de\\\/destination\\\/lamu-island\\\/#organizationLogo\"},\"sameAs\":[\"https:\\\/\\\/web.facebook.com\\\/toursafariskenya\\\/?_rdc=1&_rdr#\",\"https:\\\/\\\/x.com\\\/KichakaTours\",\"https:\\\/\\\/www.instagram.com\\\/KichakaTours\",\"https:\\\/\\\/www.linkedin.com\\\/in\\\/kichaka-tours-and-travel\\\/\"],\"address\":{\"@id\":\"https:\\\/\\\/www.kichakatours.com\\\/de\\\/#postaladdress\",\"@type\":\"PostalAddress\",\"streetAddress\":\"54936,\",\"postalCode\":\"00200\",\"addressLocality\":\"Nairobi\",\"addressRegion\":\"Kenya\",\"addressCountry\":\"KE\"}},{\"@type\":\"WebPage\",\"@id\":\"https:\\\/\\\/www.kichakatours.com\\\/de\\\/destination\\\/lamu-island\\\/#webpage\",\"url\":\"https:\\\/\\\/www.kichakatours.com\\\/de\\\/destination\\\/lamu-island\\\/\",\"name\":\"Lamu Island | Kenya\\u2019s Historic Swahili Treasure and Coastal Paradise\",\"description\":\"Discover the timeless beauty of Lamu Island, a UNESCO World Heritage Site where history, culture, and exquisite architecture combine for an unforgettable experience.\",\"inLanguage\":\"de-DE\",\"isPartOf\":{\"@id\":\"https:\\\/\\\/www.kichakatours.com\\\/de\\\/#website\"},\"breadcrumb\":{\"@id\":\"https:\\\/\\\/www.kichakatours.com\\\/de\\\/destination\\\/lamu-island\\\/#breadcrumblist\"},\"image\":{\"@type\":\"ImageObject\",\"url\":\"https:\\\/\\\/www.kichakatours.com\\\/wp-content\\\/uploads\\\/2020\\\/06\\\/lamu-3.jpg-4.jpg\",\"@id\":\"https:\\\/\\\/www.kichakatours.com\\\/de\\\/destination\\\/lamu-island\\\/#mainImage\",\"width\":1024,\"height\":379,\"caption\":\"Lamu\"},\"primaryImageOfPage\":{\"@id\":\"https:\\\/\\\/www.kichakatours.com\\\/de\\\/destination\\\/lamu-island\\\/#mainImage\"},\"datePublished\":\"2026-02-19T09:05:02+03:00\",\"dateModified\":\"2026-02-19T11:54:04+03:00\"},{\"@type\":\"WebSite\",\"@id\":\"https:\\\/\\\/www.kichakatours.com\\\/de\\\/#website\",\"url\":\"https:\\\/\\\/www.kichakatours.com\\\/de\\\/\",\"name\":\"Kichaka Tours and Travel\",\"description\":\"East Africa private safaris, tailor made Tours\",\"inLanguage\":\"de-DE\",\"publisher\":{\"@id\":\"https:\\\/\\\/www.kichakatours.com\\\/de\\\/#organization\"}}]}\n\t\t<\/script>\n\t\t<!-- All in One SEO Pro -->\r\n\t\t<title>Lamu Island | Kenya\u2019s Historic Swahili Treasure and Coastal Paradise<\/title>\n\n","aioseo_head_json":{"title":"Insel Lamu | Kenias historischer Swahili-Schatz und K\u00fcstenparadies","description":"Entdecken Sie die zeitlose Sch\u00f6nheit Lamus, einer UNESCO-Weltkulturerbest\u00e4tte, wo Geschichte, Kultur und exquisite Architektur zu einem unvergesslichen Erlebnis verschmelzen.","canonical_url":"https:\/\/www.kichakatours.com\/de\/destination\/lamu-island\/","robots":"max-image-preview:large","keywords":"","webmasterTools":{"msvalidate.01":"9F9C035D44B58EC24714371E3FB5B040","yandex-verification":"b945a4b884f39739","miscellaneous":""},"schema":{"@context":"https:\/\/schema.org","@graph":[{"@type":"BreadcrumbList","@id":"https:\/\/www.kichakatours.com\/de\/destination\/lamu-island\/#breadcrumblist","itemListElement":[{"@type":"ListItem","@id":"https:\/\/www.kichakatours.com\/de#listItem","position":1,"name":"Home","item":"https:\/\/www.kichakatours.com\/de","nextItem":{"@type":"ListItem","@id":"https:\/\/www.kichakatours.com\/de\/destination\/#listItem","name":"Destination"}},{"@type":"ListItem","@id":"https:\/\/www.kichakatours.com\/de\/destination\/#listItem","position":2,"name":"Destination","item":"https:\/\/www.kichakatours.com\/de\/destination\/","nextItem":{"@type":"ListItem","@id":"https:\/\/www.kichakatours.com\/de\/destination\/lamu-island\/#listItem","name":"Lamu Island"},"previousItem":{"@type":"ListItem","@id":"https:\/\/www.kichakatours.com\/de#listItem","name":"Home"}},{"@type":"ListItem","@id":"https:\/\/www.kichakatours.com\/de\/destination\/lamu-island\/#listItem","position":3,"name":"Lamu Island","previousItem":{"@type":"ListItem","@id":"https:\/\/www.kichakatours.com\/de\/destination\/#listItem","name":"Destination"}}]},{"@type":"Organization","@id":"https:\/\/www.kichakatours.com\/de\/#organization","name":"Kichaka Tours and Travel","description":"East Africa private safaris, tailor made Tours","url":"https:\/\/www.kichakatours.com\/de\/","email":"info@kichakatours.com","telephone":"+254791800525","foundingDate":"2016-04-01","numberOfEmployees":{"@type":"QuantitativeValue","minValue":0,"maxValue":7},"logo":{"@type":"ImageObject","url":"https:\/\/www.kichakatours.com\/wp-content\/uploads\/2025\/01\/Logo.jpg-8-2.jpg","@id":"https:\/\/www.kichakatours.com\/de\/destination\/lamu-island\/#organizationLogo","width":131,"height":109,"caption":"A stylized logo featuring two green leaves within a black oval outline."},"image":{"@id":"https:\/\/www.kichakatours.com\/de\/destination\/lamu-island\/#organizationLogo"},"sameAs":["https:\/\/web.facebook.com\/toursafariskenya\/?_rdc=1&_rdr#","https:\/\/x.com\/KichakaTours","https:\/\/www.instagram.com\/KichakaTours","https:\/\/www.linkedin.com\/in\/kichaka-tours-and-travel\/"],"address":{"@id":"https:\/\/www.kichakatours.com\/de\/#postaladdress","@type":"PostalAddress","streetAddress":"54936,","postalCode":"00200","addressLocality":"Nairobi","addressRegion":"Kenya","addressCountry":"KE"}},{"@type":"WebPage","@id":"https:\/\/www.kichakatours.com\/de\/destination\/lamu-island\/#webpage","url":"https:\/\/www.kichakatours.com\/de\/destination\/lamu-island\/","name":"Lamu Island | Kenya\u2019s Historic Swahili Treasure and Coastal Paradise","description":"Discover the timeless beauty of Lamu Island, a UNESCO World Heritage Site where history, culture, and exquisite architecture combine for an unforgettable experience.","inLanguage":"de-DE","isPartOf":{"@id":"https:\/\/www.kichakatours.com\/de\/#website"},"breadcrumb":{"@id":"https:\/\/www.kichakatours.com\/de\/destination\/lamu-island\/#breadcrumblist"},"image":{"@type":"ImageObject","url":"https:\/\/www.kichakatours.com\/wp-content\/uploads\/2020\/06\/lamu-3.jpg-4.jpg","@id":"https:\/\/www.kichakatours.com\/de\/destination\/lamu-island\/#mainImage","width":1024,"height":379,"caption":"Lamu"},"primaryImageOfPage":{"@id":"https:\/\/www.kichakatours.com\/de\/destination\/lamu-island\/#mainImage"},"datePublished":"2026-02-19T09:05:02+03:00","dateModified":"2026-02-19T11:54:04+03:00"},{"@type":"WebSite","@id":"https:\/\/www.kichakatours.com\/de\/#website","url":"https:\/\/www.kichakatours.com\/de\/","name":"Kichaka Tours and Travel","description":"East Africa private safaris, tailor made Tours","inLanguage":"de-DE","publisher":{"@id":"https:\/\/www.kichakatours.com\/de\/#organization"}}]},"og:locale":"de_DE","og:site_name":"Kichaka Tours and Travel | East Africa private safaris, tailor made Tours","og:type":"article","og:title":"Lamu Island | Kenya\u2019s Historic Swahili Treasure and Coastal Paradise","og:description":"Discover the timeless beauty of Lamu Island, a UNESCO World Heritage Site where history, culture, and exquisite architecture combine for an unforgettable experience.","og:url":"https:\/\/www.kichakatours.com\/de\/destination\/lamu-island\/","og:image":"https:\/\/www.kichakatours.com\/wp-content\/uploads\/2025\/04\/KichakaTours.jpg","og:image:secure_url":"https:\/\/www.kichakatours.com\/wp-content\/uploads\/2025\/04\/KichakaTours.jpg","og:image:width":1200,"og:image:height":531,"article:published_time":"2026-02-19T06:05:02+00:00","article:modified_time":"2026-02-19T08:54:04+00:00","article:publisher":"https:\/\/web.facebook.com\/toursafariskenya\/?_rdc=1&_rdr#","article:author":"https:\/\/www.facebook.com\/toursafariskenya\/","twitter:card":"summary_large_image","twitter:site":"@KichakaTours","twitter:title":"Lamu Island | Kenya\u2019s Historic Swahili Treasure and Coastal Paradise","twitter:description":"Discover the timeless beauty of Lamu Island, a UNESCO World Heritage Site where history, culture, and exquisite architecture combine for an unforgettable experience.","twitter:creator":"@KichakaTours","twitter:image":"https:\/\/www.kichakatours.com\/wp-content\/uploads\/2025\/04\/KichakaTours.jpg"},"aioseo_meta_data":{"post_id":"2661","title":"#post_title #separator_sa Kenya\u2019s Historic Swahili Treasure and Coastal Paradise","description":"Entdecken Sie die zeitlose Sch\u00f6nheit Lamus, einer UNESCO-Weltkulturerbest\u00e4tte, wo Geschichte, Kultur und exquisite Architektur zu einem unvergesslichen Erlebnis verschmelzen.","keywords":null,"keyphrases":{"focus":{"keyphrase":"Lamu Island","score":100,"analysis":{"keyphraseInTitle":{"score":9,"maxScore":9,"error":0},"keyphraseInDescription":{"score":9,"maxScore":9,"error":0},"keyphraseLength":{"score":9,"maxScore":9,"error":0,"length":2},"keyphraseInURL":{"score":5,"maxScore":5,"error":0},"keyphraseInIntroduction":{"score":9,"maxScore":9,"error":0},"keyphraseInSubHeadings":{"score":9,"maxScore":9,"error":0},"keyphraseInImageAlt":[],"keywordDensity":{"type":"best","score":9,"maxScore":9,"error":0}}},"additional":[]},"primary_term":null,"canonical_url":null,"og_title":null,"og_description":null,"og_object_type":"default","og_image_type":"default","og_image_url":null,"og_image_width":null,"og_image_height":null,"og_image_custom_url":null,"og_image_custom_fields":null,"og_video":"","og_custom_url":null,"og_article_section":null,"og_article_tags":null,"twitter_use_og":false,"twitter_card":"default","twitter_image_type":"default","twitter_image_url":null,"twitter_image_custom_url":null,"twitter_image_custom_fields":null,"twitter_title":null,"twitter_description":null,"schema":{"blockGraphs":[],"customGraphs":[],"default":{"data":{"Article":[],"Course":[],"Dataset":[],"FAQPage":[],"Movie":[],"Person":[],"Product":[],"ProductReview":[],"Car":[],"Recipe":[],"Service":[],"SoftwareApplication":[],"WebPage":[]},"graphName":"WebPage","isEnabled":true},"graphs":[]},"schema_type":"default","schema_type_options":null,"pillar_content":false,"robots_default":true,"robots_noindex":false,"robots_noarchive":false,"robots_nosnippet":false,"robots_nofollow":false,"robots_noimageindex":false,"robots_noodp":false,"robots_notranslate":false,"robots_max_snippet":"-1","robots_max_videopreview":"-1","robots_max_imagepreview":"large","priority":null,"frequency":"default","local_seo":null,"seo_analyzer_scan_date":"2026-02-19 09:07:32","breadcrumb_settings":null,"limit_modified_date":false,"reviewed_by":"0","open_ai":"{\"title\":{\"suggestions\":[],\"usage\":0},\"description\":{\"suggestions\":[],\"usage\":0}}","ai":{"faqs":[],"keyPoints":[],"titles":["Discover Lamu Island: Kenya\u2019s Historic Swahili Treasure and Coastal Paradise","Lamu Island Unveiled: A UNESCO Heritage Site of Rich Culture and History","Experience the Charm of Lamu Island: Kenya\u2019s Timeless Swahili Coastal Jewel","Lamu Island Exploration: Heritage, Beaches, and Cultural Wonders Await","Unearth the Magic of Lamu Island: Kenya\u2019s Iconic Heritage and Scenic Coast"],"descriptions":["Discover the timeless beauty of Lamu Island, a UNESCO World Heritage Site where history, culture, and exquisite architecture combine for an unforgettable experience.","Explore Lamu Island\u2019s rich Swahili heritage, charming streets, historic forts, and pristine beaches\u2014an ideal destination for those seeking an exotic escape.","Uncover the allure of Lamu Island, with its ancient architecture, vibrant markets, and tranquil beaches, offering a peaceful retreat into history and culture.","Experience the captivating charm of Lamu Island, where traditional dhow safaris, colorful markets, and stunning coastal vistas create a unique travel experience.","Step into a historic paradise on Lamu Island, Kenya\u2019s oldest Swahili settlement, where centuries-old architecture and warm hospitality await every visitor."],"socialPosts":{"email":[],"linkedin":[],"twitter":[],"facebook":[],"instagram":[]}},"created":"2025-01-22 15:57:21","updated":"2026-02-19 09:07:32"},"aioseo_breadcrumb":"<div class=\"aioseo-breadcrumbs\"><span class=\"aioseo-breadcrumb\">\n\t<a href=\"https:\/\/www.kichakatours.com\/de\" title=\"Home\">Home<\/a>\n<\/span><span class=\"aioseo-breadcrumb-separator\">|<\/span><span class=\"aioseo-breadcrumb\">\n\t<a href=\"https:\/\/www.kichakatours.com\/de\/destination\/\" title=\"Destination\">Destination<\/a>\n<\/span><span class=\"aioseo-breadcrumb-separator\">|<\/span><span class=\"aioseo-breadcrumb\">\n\tLamu Island\n<\/span><\/div>","aioseo_breadcrumb_json":[{"label":"Home","link":"https:\/\/www.kichakatours.com\/de"},{"label":"Destination","link":"https:\/\/www.kichakatours.com\/de\/destination\/"},{"label":"Lamu Island","link":"https:\/\/www.kichakatours.com\/de\/destination\/lamu-island\/"}],"_links":{"self":[{"href":"https:\/\/www.kichakatours.com\/de\/wp-json\/wp\/v2\/pages\/2661","targetHints":{"allow":["GET"]}}],"collection":[{"href":"https:\/\/www.kichakatours.com\/de\/wp-json\/wp\/v2\/pages"}],"about":[{"href":"https:\/\/www.kichakatours.com\/de\/wp-json\/wp\/v2\/types\/page"}],"author":[{"embeddable":true,"href":"https:\/\/www.kichakatours.com\/de\/wp-json\/wp\/v2\/users\/3"}],"replies":[{"embeddable":true,"href":"https:\/\/www.kichakatours.com\/de\/wp-json\/wp\/v2\/comments?post=2661"}],"version-history":[{"count":2,"href":"https:\/\/www.kichakatours.com\/de\/wp-json\/wp\/v2\/pages\/2661\/revisions"}],"predecessor-version":[{"id":12224,"href":"https:\/\/www.kichakatours.com\/de\/wp-json\/wp\/v2\/pages\/2661\/revisions\/12224"}],"up":[{"embeddable":true,"href":"https:\/\/www.kichakatours.com\/de\/wp-json\/wp\/v2\/pages\/4685"}],"wp:featuredmedia":[{"embeddable":true,"href":"https:\/\/www.kichakatours.com\/de\/wp-json\/wp\/v2\/media\/3872"}],"wp:attachment":[{"href":"https:\/\/www.kichakatours.com\/de\/wp-json\/wp\/v2\/media?parent=2661"}],"curies":[{"name":"wp","href":"https:\/\/api.w.org\/{rel}","templated":true}]}}