{"id":4198,"date":"2025-04-09T15:08:24","date_gmt":"2025-04-09T12:08:24","guid":{"rendered":"https:\/\/www.kichakatours.co.ke\/?page_id=4198"},"modified":"2025-04-09T15:39:30","modified_gmt":"2025-04-09T12:39:30","slug":"tansania-safari-ziele","status":"publish","type":"page","link":"https:\/\/www.kichakatours.com\/de\/tanzania-safari-destinations\/","title":{"rendered":"Tansania Safari Reiseziele"},"content":{"rendered":"<div class=\"wpb-content-wrapper\"><div class=\"vc_row wpb_row vc_row-fluid\"><div class=\"wpb_column vc_column_container vc_col-sm-12\"><div class=\"vc_column-inner\"><div class=\"wpb_wrapper\">\n\t<div class=\"wpb_text_column wpb_content_element\">\n\t\t<div class=\"wpb_wrapper\">\n\t\t\t<div class=\"pt-cv-wrapper\"><div class=\"pt-cv-view pt-cv-grid pt-cv-colsys\" id=\"pt-cv-view-3421a35ki6\"><div data-id=\"pt-cv-page-1\" class=\"pt-cv-page\" data-cvc=\"3\"><div class=\"col-md-4 col-sm-6 col-xs-12 pt-cv-content-item pt-cv-1-col\"><div class='pt-cv-ifield'><a href=\"https:\/\/www.kichakatours.com\/de\/destination\/mount-kilimanjaro\/\" class=\"_self pt-cv-href-thumbnail pt-cv-thumb-default\" target=\"_self\"><img decoding=\"async\" width=\"300\" height=\"139\" src=\"https:\/\/www.kichakatours.com\/wp-content\/uploads\/2023\/05\/Mount-Kilimanjato-1-300x139.jpg\" class=\"pt-cv-thumbnail\" alt=\"Kilimandscharo\" \/><\/a>\n<h2 class=\"pt-cv-title\"><a href=\"https:\/\/www.kichakatours.com\/de\/destination\/mount-kilimanjaro\/\" class=\"_self\" target=\"_self\">Kilimandscharo<\/a><\/h2>\n<div class=\"pt-cv-content\">Der Kilimandscharo ist Afrikas h\u00f6chster Berg und der gr\u00f6\u00dfte freistehende Berg der Welt, der sich auf beeindruckende 5.895 Meter (19.341 Fu\u00df) erhebt ...<br \/><div class=\"pt-cv-rmwrap\"><a href=\"https:\/\/www.kichakatours.com\/de\/destination\/mount-kilimanjaro\/\" class=\"_self pt-cv-readmore btn btn-success\" target=\"_self\">Mehr sehen<\/a><\/div><\/div><\/div><\/div>\n<div class=\"col-md-4 col-sm-6 col-xs-12 pt-cv-content-item pt-cv-1-col\"><div class='pt-cv-ifield'><a href=\"https:\/\/www.kichakatours.com\/de\/destination\/nyerere-national-park\/\" class=\"_self pt-cv-href-thumbnail pt-cv-thumb-default\" target=\"_self\"><img decoding=\"async\" width=\"300\" height=\"103\" src=\"https:\/\/www.kichakatours.com\/wp-content\/uploads\/2022\/03\/Nyerere-National-Park-300x103.jpg\" class=\"pt-cv-thumbnail\" alt=\"Nyerere-Nationalpark\" \/><\/a>\n<h2 class=\"pt-cv-title\"><a href=\"https:\/\/www.kichakatours.com\/de\/destination\/nyerere-national-park\/\" class=\"_self\" target=\"_self\">Nyerere-Nationalpark<\/a><\/h2>\n<div class=\"pt-cv-content\">Der Nyerere Nationalpark, ehemals bekannt als Selous Game Reserve, ist nicht nur der gr\u00f6\u00dfte Nationalpark Tansanias, sondern ...<br \/><div class=\"pt-cv-rmwrap\"><a href=\"https:\/\/www.kichakatours.com\/de\/destination\/nyerere-national-park\/\" class=\"_self pt-cv-readmore btn btn-success\" target=\"_self\">Mehr sehen<\/a><\/div><\/div><\/div><\/div>\n<div class=\"col-md-4 col-sm-6 col-xs-12 pt-cv-content-item pt-cv-1-col\"><div class='pt-cv-ifield'><a href=\"https:\/\/www.kichakatours.com\/de\/destination\/tanzania\/\" class=\"_self pt-cv-href-thumbnail pt-cv-thumb-default\" target=\"_self\"><img decoding=\"async\" width=\"300\" height=\"200\" src=\"https:\/\/www.kichakatours.com\/wp-content\/uploads\/2020\/10\/giraffe-2191662_1920-300x200.jpg\" class=\"pt-cv-thumbnail\" alt=\"10 TAGE BUSCH- UND STRANDSAFARI\" \/><\/a>\n<h2 class=\"pt-cv-title\"><a href=\"https:\/\/www.kichakatours.com\/de\/destination\/tanzania\/\" class=\"_self\" target=\"_self\">Tansania<\/a><\/h2>\n<div class=\"pt-cv-content\">Tansania ist ein Land atemberaubender Kontraste, legend\u00e4rer Tierwelt und eines reichen kulturellen Erbes \u2013 ein au\u00dfergew\u00f6hnliches Reiseziel, wo sich die Natur in ihrer ...<br \/><div class=\"pt-cv-rmwrap\"><a href=\"https:\/\/www.kichakatours.com\/de\/destination\/tanzania\/\" class=\"_self pt-cv-readmore btn btn-success\" target=\"_self\">Mehr sehen<\/a><\/div><\/div><\/div><\/div>\n<div class=\"col-md-4 col-sm-6 col-xs-12 pt-cv-content-item pt-cv-1-col\"><div class='pt-cv-ifield'><a href=\"https:\/\/www.kichakatours.com\/de\/kilimanjaro-national-park\/\" class=\"_self pt-cv-href-thumbnail pt-cv-thumb-default\" target=\"_self\"><img decoding=\"async\" width=\"300\" height=\"168\" src=\"https:\/\/www.kichakatours.com\/wp-content\/uploads\/2021\/12\/mount-kilimanjaro-g2bf3216c7_1920-300x168.jpg\" class=\"pt-cv-thumbnail\" alt=\"Kilimandscharo\" \/><\/a>\n<h2 class=\"pt-cv-title\"><a href=\"https:\/\/www.kichakatours.com\/de\/kilimanjaro-national-park\/\" class=\"_self\" target=\"_self\">Kilimandscharo-Nationalpark<\/a><\/h2>\n<div class=\"pt-cv-content\">Der Kilimandscharo-Nationalpark beherbergt nicht nur den Berg Kilimandscharo, sondern tr\u00e4gt auch den Titel des h\u00f6chsten Berges...<br \/><div class=\"pt-cv-rmwrap\"><a href=\"https:\/\/www.kichakatours.com\/de\/kilimanjaro-national-park\/\" class=\"_self pt-cv-readmore btn btn-success\" target=\"_self\">Mehr sehen<\/a><\/div><\/div><\/div><\/div>\n<div class=\"col-md-4 col-sm-6 col-xs-12 pt-cv-content-item pt-cv-1-col\"><div class='pt-cv-ifield'><a href=\"https:\/\/www.kichakatours.com\/de\/serengeti-national-park\/\" class=\"_self pt-cv-href-thumbnail pt-cv-thumb-default\" target=\"_self\"><img decoding=\"async\" width=\"300\" height=\"225\" src=\"https:\/\/www.kichakatours.com\/wp-content\/uploads\/2020\/11\/ostrich-g83251b319_1920-300x225.jpg\" class=\"pt-cv-thumbnail\" alt=\"M\u00e4nnlicher und weiblicher Strau\u00df\" \/><\/a>\n<h2 class=\"pt-cv-title\"><a href=\"https:\/\/www.kichakatours.com\/de\/serengeti-national-park\/\" class=\"_self\" target=\"_self\">Serengeti-Nationalpark<\/a><\/h2>\n<div class=\"pt-cv-content\">Der Serengeti-Nationalpark, eingebettet in die atemberaubende Landschaft Tansanias, hat eine reiche Geschichte, die bis zu seiner Gr\u00fcndung als ... zur\u00fcckreicht.<br \/><div class=\"pt-cv-rmwrap\"><a href=\"https:\/\/www.kichakatours.com\/de\/serengeti-national-park\/\" class=\"_self pt-cv-readmore btn btn-success\" target=\"_self\">Mehr sehen<\/a><\/div><\/div><\/div><\/div>\n<div class=\"col-md-4 col-sm-6 col-xs-12 pt-cv-content-item pt-cv-1-col\"><div class='pt-cv-ifield'><a href=\"https:\/\/www.kichakatours.com\/de\/ruaha-national-park\/\" class=\"_self pt-cv-href-thumbnail pt-cv-thumb-default\" target=\"_self\"><img decoding=\"async\" width=\"300\" height=\"100\" src=\"https:\/\/www.kichakatours.com\/wp-content\/uploads\/2022\/03\/Ruaha-National-Park-TZ-300x100.jpeg\" class=\"pt-cv-thumbnail\" alt=\"Ruaha-Nationalpark\" \/><\/a>\n<h2 class=\"pt-cv-title\"><a href=\"https:\/\/www.kichakatours.com\/de\/ruaha-national-park\/\" class=\"_self\" target=\"_self\">Ruaha-Nationalpark<\/a><\/h2>\n<div class=\"pt-cv-content\">Der Ruaha-Nationalpark, ein verstecktes Juwel im Herzen Tansanias, ist eine atemberaubende Weite unber\u00fchrter Wildnis. Der Name ...<br \/><div class=\"pt-cv-rmwrap\"><a href=\"https:\/\/www.kichakatours.com\/de\/ruaha-national-park\/\" class=\"_self pt-cv-readmore btn btn-success\" target=\"_self\">Mehr sehen<\/a><\/div><\/div><\/div><\/div><\/div><\/div>\n<div class=\"pt-cv-pagination-wrapper\"><ul class=\"pt-cv-pagination pt-cv-ajax pagination\" data-totalpages=\"2\" data-currentpage=\"1\" data-sid=\"3421a35ki6\" data-unid=\"\" data-isblock=\"\" data-postid=\"\"><li class=\"active\"><a href=\"#\">1<\/a><\/li>\n\t<li><a class=\"\" href=\"https:\/\/www.kichakatours.com\/de\/wp-json\/wp\/v2\/pages\/4198\/?_page=2\">2<\/a><\/li>\n\t<li><a class=\"\" href=\"https:\/\/www.kichakatours.com\/de\/wp-json\/wp\/v2\/pages\/4198\/?_page=2\">'<\/a><\/li>\n\t<\/ul><img decoding=\"async\" width=\"15\" height=\"15\" class=\"pt-cv-spinner\" alt=\"Wird geladen\u00a0\u2026\" src=\"data:image\/gif;base64,R0lGODlhDwAPALMPAMrKygwMDJOTkz09PZWVla+vr3p6euTk5M7OzuXl5TMzMwAAAJmZmWZmZszMzP\/\/\/yH\/C05FVFNDQVBFMi4wAwEAAAAh+QQFCgAPACwAAAAADwAPAAAEQvDJaZaZOIcV8iQK8VRX4iTYoAwZ4iCYoAjZ4RxejhVNoT+mRGP4cyF4Pp0N98sBGIBMEMOotl6YZ3S61Bmbkm4mAgAh+QQFCgAPACwAAAAADQANAAAENPDJSRSZeA418itN8QiK8BiLITVsFiyBBIoYqnoewAD4xPw9iY4XLGYSjkQR4UAUD45DLwIAIfkEBQoADwAsAAAAAA8ACQAABC\/wyVlamTi3nSdgwFNdhEJgTJoNyoB9ISYoQmdjiZPcj7EYCAeCF1gEDo4Dz2eIAAAh+QQFCgAPACwCAAAADQANAAAEM\/DJBxiYeLKdX3IJZT1FU0iIg2RNKx3OkZVnZ98ToRD4MyiDnkAh6BkNC0MvsAj0kMpHBAAh+QQFCgAPACwGAAAACQAPAAAEMDC59KpFDll73HkAA2wVY5KgiK5b0RRoI6MuzG6EQqCDMlSGheEhUAgqgUUAFRySIgAh+QQFCgAPACwCAAIADQANAAAEM\/DJKZNLND\/kkKaHc3xk+QAMYDKsiaqmZCxGVjSFFCxB1vwy2oOgIDxuucxAMTAJFAJNBAAh+QQFCgAPACwAAAYADwAJAAAEMNAs86q1yaWwwv2Ig0jUZx3OYa4XoRAfwADXoAwfo1+CIjyFRuEho60aSNYlOPxEAAAh+QQFCgAPACwAAAIADQANAAAENPA9s4y8+IUVcqaWJ4qEQozSoAzoIyhCK2NFU2SJk0hNnyEOhKR2AzAAj4Pj4GE4W0bkJQIAOw==\" \/><div class=\"clear pt-cv-clear-pagination\"><\/div><\/div><\/div>\n\n\t\t<\/div>\n\t<\/div>\n<\/div><\/div><\/div><\/div>\n<\/div>","protected":false},"excerpt":{"rendered":"Mount Kilimanjaro Mount Kilimanjaro is Africa\u2019s tallest mountain and the world\u2019s largest free-standing mountain, rising to an impressive 5,895 meters (19,341 feet) ...View More Nyerere national park Formerly known as the Selous Game Reserve, Nyerere National Park is not only<div class=\"padding-top text-center\"><a href=\"https:\/\/www.kichakatours.com\/de\/tanzania-safari-destinations\/\" class=\"atbtn atbtn--medium atbtn--rounded atbtn--transparent\">Mehr lesen<i class=\"atbtn__icon atbtn__icon--right fa fa-long-arrow-right\"><\/i><\/a><\/div>","protected":false},"author":3,"featured_media":0,"parent":0,"menu_order":0,"comment_status":"closed","ping_status":"closed","template":"","meta":{"om_disable_all_campaigns":false,"_monsterinsights_skip_tracking":false,"_monsterinsights_sitenote_active":false,"_monsterinsights_sitenote_note":"","_monsterinsights_sitenote_category":0,"_uf_show_specific_survey":0,"_uf_disable_surveys":false,"footnotes":""},"class_list":["post-4198","page","type-page","status-publish","hentry"],"aioseo_notices":[],"aioseo_head":"\n\t\t<!-- All in One SEO Pro 4.9.6.2 - aioseo.com -->\n\t<meta name=\"description\" content=\"This page is about Tanzania safari destinations. From the expansive plains of the Serengeti to the lush landscapes of Ngorongoro Crater and much more.\" \/>\n\t<meta name=\"robots\" content=\"max-image-preview:large\" \/>\n\t<meta name=\"msvalidate.01\" content=\"9F9C035D44B58EC24714371E3FB5B040\" \/>\n\t<meta name=\"yandex-verification\" content=\"b945a4b884f39739\" \/>\n\t<link rel=\"canonical\" href=\"https:\/\/www.kichakatours.com\/de\/tanzania-safari-destinations\/\" \/>\n\t<meta name=\"generator\" content=\"All in One SEO Pro (AIOSEO) 4.9.6.2\" \/>\n\t\t<meta property=\"og:locale\" content=\"de_DE\" \/>\n\t\t<meta property=\"og:site_name\" content=\"Kichaka Tours and Travel | East Africa private safaris, tailor made Tours\" \/>\n\t\t<meta property=\"og:type\" content=\"article\" \/>\n\t\t<meta property=\"og:title\" content=\"Tanzania Safari Destinations | Kichaka Tours and Travel\" \/>\n\t\t<meta property=\"og:description\" content=\"This page is about Tanzania safari destinations. From the expansive plains of the Serengeti to the lush landscapes of Ngorongoro Crater and much more.\" \/>\n\t\t<meta property=\"og:url\" content=\"https:\/\/www.kichakatours.com\/de\/tanzania-safari-destinations\/\" \/>\n\t\t<meta property=\"og:image\" content=\"https:\/\/www.kichakatours.com\/wp-content\/uploads\/2025\/04\/KichakaTours.jpg\" \/>\n\t\t<meta property=\"og:image:secure_url\" content=\"https:\/\/www.kichakatours.com\/wp-content\/uploads\/2025\/04\/KichakaTours.jpg\" \/>\n\t\t<meta property=\"og:image:width\" content=\"1200\" \/>\n\t\t<meta property=\"og:image:height\" content=\"531\" \/>\n\t\t<meta property=\"article:published_time\" content=\"2025-04-09T12:08:24+00:00\" \/>\n\t\t<meta property=\"article:modified_time\" content=\"2025-04-09T12:39:30+00:00\" \/>\n\t\t<meta property=\"article:publisher\" content=\"https:\/\/web.facebook.com\/toursafariskenya\/?_rdc=1&amp;_rdr#\" \/>\n\t\t<meta property=\"article:author\" content=\"https:\/\/www.facebook.com\/toursafariskenya\/\" \/>\n\t\t<meta name=\"twitter:card\" content=\"summary_large_image\" \/>\n\t\t<meta name=\"twitter:site\" content=\"@KichakaTours\" \/>\n\t\t<meta name=\"twitter:title\" content=\"Tanzania Safari Destinations | Kichaka Tours and Travel\" \/>\n\t\t<meta name=\"twitter:description\" content=\"This page is about Tanzania safari destinations. From the expansive plains of the Serengeti to the lush landscapes of Ngorongoro Crater and much more.\" \/>\n\t\t<meta name=\"twitter:creator\" content=\"@KichakaTours\" \/>\n\t\t<meta name=\"twitter:image\" content=\"https:\/\/www.kichakatours.com\/wp-content\/uploads\/2025\/04\/KichakaTours.jpg\" \/>\n\t\t<script type=\"application\/ld+json\" class=\"aioseo-schema\">\n\t\t\t{\"@context\":\"https:\\\/\\\/schema.org\",\"@graph\":[{\"@type\":\"BreadcrumbList\",\"@id\":\"https:\\\/\\\/www.kichakatours.com\\\/de\\\/tanzania-safari-destinations\\\/#breadcrumblist\",\"itemListElement\":[{\"@type\":\"ListItem\",\"@id\":\"https:\\\/\\\/www.kichakatours.com\\\/de#listItem\",\"position\":1,\"name\":\"Home\",\"item\":\"https:\\\/\\\/www.kichakatours.com\\\/de\",\"nextItem\":{\"@type\":\"ListItem\",\"@id\":\"https:\\\/\\\/www.kichakatours.com\\\/de\\\/tanzania-safari-destinations\\\/#listItem\",\"name\":\"Tanzania Safari Destinations\"}},{\"@type\":\"ListItem\",\"@id\":\"https:\\\/\\\/www.kichakatours.com\\\/de\\\/tanzania-safari-destinations\\\/#listItem\",\"position\":2,\"name\":\"Tanzania Safari Destinations\",\"previousItem\":{\"@type\":\"ListItem\",\"@id\":\"https:\\\/\\\/www.kichakatours.com\\\/de#listItem\",\"name\":\"Home\"}}]},{\"@type\":\"Organization\",\"@id\":\"https:\\\/\\\/www.kichakatours.com\\\/de\\\/#organization\",\"name\":\"Kichaka Tours and Travel\",\"description\":\"East Africa private safaris, tailor made Tours\",\"url\":\"https:\\\/\\\/www.kichakatours.com\\\/de\\\/\",\"email\":\"info@kichakatours.com\",\"telephone\":\"+254791800525\",\"foundingDate\":\"2016-04-01\",\"numberOfEmployees\":{\"@type\":\"QuantitativeValue\",\"minValue\":0,\"maxValue\":7},\"logo\":{\"@type\":\"ImageObject\",\"url\":\"https:\\\/\\\/www.kichakatours.com\\\/wp-content\\\/uploads\\\/2025\\\/01\\\/Logo.jpg-8-2.jpg\",\"@id\":\"https:\\\/\\\/www.kichakatours.com\\\/de\\\/tanzania-safari-destinations\\\/#organizationLogo\",\"width\":131,\"height\":109,\"caption\":\"A stylized logo featuring two green leaves within a black oval outline.\"},\"image\":{\"@id\":\"https:\\\/\\\/www.kichakatours.com\\\/de\\\/tanzania-safari-destinations\\\/#organizationLogo\"},\"sameAs\":[\"https:\\\/\\\/web.facebook.com\\\/toursafariskenya\\\/?_rdc=1&_rdr#\",\"https:\\\/\\\/x.com\\\/KichakaTours\",\"https:\\\/\\\/www.instagram.com\\\/KichakaTours\",\"https:\\\/\\\/www.linkedin.com\\\/in\\\/kichaka-tours-and-travel\\\/\"],\"address\":{\"@id\":\"https:\\\/\\\/www.kichakatours.com\\\/de\\\/#postaladdress\",\"@type\":\"PostalAddress\",\"streetAddress\":\"54936,\",\"postalCode\":\"00200\",\"addressLocality\":\"Nairobi\",\"addressRegion\":\"Kenya\",\"addressCountry\":\"KE\"}},{\"@type\":\"WebPage\",\"@id\":\"https:\\\/\\\/www.kichakatours.com\\\/de\\\/tanzania-safari-destinations\\\/#webpage\",\"url\":\"https:\\\/\\\/www.kichakatours.com\\\/de\\\/tanzania-safari-destinations\\\/\",\"name\":\"Tanzania Safari Destinations | Kichaka Tours and Travel\",\"description\":\"This page is about Tanzania safari destinations. From the expansive plains of the Serengeti to the lush landscapes of Ngorongoro Crater and much more.\",\"inLanguage\":\"de-DE\",\"isPartOf\":{\"@id\":\"https:\\\/\\\/www.kichakatours.com\\\/de\\\/#website\"},\"breadcrumb\":{\"@id\":\"https:\\\/\\\/www.kichakatours.com\\\/de\\\/tanzania-safari-destinations\\\/#breadcrumblist\"},\"datePublished\":\"2025-04-09T15:08:24+03:00\",\"dateModified\":\"2025-04-09T15:39:30+03:00\"},{\"@type\":\"WebSite\",\"@id\":\"https:\\\/\\\/www.kichakatours.com\\\/de\\\/#website\",\"url\":\"https:\\\/\\\/www.kichakatours.com\\\/de\\\/\",\"name\":\"Kichaka Tours and Travel\",\"description\":\"East Africa private safaris, tailor made Tours\",\"inLanguage\":\"de-DE\",\"publisher\":{\"@id\":\"https:\\\/\\\/www.kichakatours.com\\\/de\\\/#organization\"}}]}\n\t\t<\/script>\n\t\t<!-- All in One SEO Pro -->\r\n\t\t<title>Tanzania Safari Destinations | Kichaka Tours and Travel<\/title>\n\n","aioseo_head_json":{"title":"Tansania Safari-Destinationen | Kichaka Tours and Travel","description":"Diese Seite handelt von Safari-Destinationen in Tansania. Von den weiten Ebenen der Serengeti bis zu den \u00fcppigen Landschaften des Ngorongoro-Kraters und vielem mehr.","canonical_url":"https:\/\/www.kichakatours.com\/de\/tanzania-safari-destinations\/","robots":"max-image-preview:large","keywords":"","webmasterTools":{"msvalidate.01":"9F9C035D44B58EC24714371E3FB5B040","yandex-verification":"b945a4b884f39739","miscellaneous":""},"schema":{"@context":"https:\/\/schema.org","@graph":[{"@type":"BreadcrumbList","@id":"https:\/\/www.kichakatours.com\/de\/tanzania-safari-destinations\/#breadcrumblist","itemListElement":[{"@type":"ListItem","@id":"https:\/\/www.kichakatours.com\/de#listItem","position":1,"name":"Home","item":"https:\/\/www.kichakatours.com\/de","nextItem":{"@type":"ListItem","@id":"https:\/\/www.kichakatours.com\/de\/tanzania-safari-destinations\/#listItem","name":"Tanzania Safari Destinations"}},{"@type":"ListItem","@id":"https:\/\/www.kichakatours.com\/de\/tanzania-safari-destinations\/#listItem","position":2,"name":"Tanzania Safari Destinations","previousItem":{"@type":"ListItem","@id":"https:\/\/www.kichakatours.com\/de#listItem","name":"Home"}}]},{"@type":"Organization","@id":"https:\/\/www.kichakatours.com\/de\/#organization","name":"Kichaka Tours and Travel","description":"East Africa private safaris, tailor made Tours","url":"https:\/\/www.kichakatours.com\/de\/","email":"info@kichakatours.com","telephone":"+254791800525","foundingDate":"2016-04-01","numberOfEmployees":{"@type":"QuantitativeValue","minValue":0,"maxValue":7},"logo":{"@type":"ImageObject","url":"https:\/\/www.kichakatours.com\/wp-content\/uploads\/2025\/01\/Logo.jpg-8-2.jpg","@id":"https:\/\/www.kichakatours.com\/de\/tanzania-safari-destinations\/#organizationLogo","width":131,"height":109,"caption":"A stylized logo featuring two green leaves within a black oval outline."},"image":{"@id":"https:\/\/www.kichakatours.com\/de\/tanzania-safari-destinations\/#organizationLogo"},"sameAs":["https:\/\/web.facebook.com\/toursafariskenya\/?_rdc=1&_rdr#","https:\/\/x.com\/KichakaTours","https:\/\/www.instagram.com\/KichakaTours","https:\/\/www.linkedin.com\/in\/kichaka-tours-and-travel\/"],"address":{"@id":"https:\/\/www.kichakatours.com\/de\/#postaladdress","@type":"PostalAddress","streetAddress":"54936,","postalCode":"00200","addressLocality":"Nairobi","addressRegion":"Kenya","addressCountry":"KE"}},{"@type":"WebPage","@id":"https:\/\/www.kichakatours.com\/de\/tanzania-safari-destinations\/#webpage","url":"https:\/\/www.kichakatours.com\/de\/tanzania-safari-destinations\/","name":"Tanzania Safari Destinations | Kichaka Tours and Travel","description":"This page is about Tanzania safari destinations. From the expansive plains of the Serengeti to the lush landscapes of Ngorongoro Crater and much more.","inLanguage":"de-DE","isPartOf":{"@id":"https:\/\/www.kichakatours.com\/de\/#website"},"breadcrumb":{"@id":"https:\/\/www.kichakatours.com\/de\/tanzania-safari-destinations\/#breadcrumblist"},"datePublished":"2025-04-09T15:08:24+03:00","dateModified":"2025-04-09T15:39:30+03:00"},{"@type":"WebSite","@id":"https:\/\/www.kichakatours.com\/de\/#website","url":"https:\/\/www.kichakatours.com\/de\/","name":"Kichaka Tours and Travel","description":"East Africa private safaris, tailor made Tours","inLanguage":"de-DE","publisher":{"@id":"https:\/\/www.kichakatours.com\/de\/#organization"}}]},"og:locale":"de_DE","og:site_name":"Kichaka Tours and Travel | East Africa private safaris, tailor made Tours","og:type":"article","og:title":"Tanzania Safari Destinations | Kichaka Tours and Travel","og:description":"This page is about Tanzania safari destinations. From the expansive plains of the Serengeti to the lush landscapes of Ngorongoro Crater and much more.","og:url":"https:\/\/www.kichakatours.com\/de\/tanzania-safari-destinations\/","og:image":"https:\/\/www.kichakatours.com\/wp-content\/uploads\/2025\/04\/KichakaTours.jpg","og:image:secure_url":"https:\/\/www.kichakatours.com\/wp-content\/uploads\/2025\/04\/KichakaTours.jpg","og:image:width":1200,"og:image:height":531,"article:published_time":"2025-04-09T12:08:24+00:00","article:modified_time":"2025-04-09T12:39:30+00:00","article:publisher":"https:\/\/web.facebook.com\/toursafariskenya\/?_rdc=1&_rdr#","article:author":"https:\/\/www.facebook.com\/toursafariskenya\/","twitter:card":"summary_large_image","twitter:site":"@KichakaTours","twitter:title":"Tanzania Safari Destinations | Kichaka Tours and Travel","twitter:description":"This page is about Tanzania safari destinations. From the expansive plains of the Serengeti to the lush landscapes of Ngorongoro Crater and much more.","twitter:creator":"@KichakaTours","twitter:image":"https:\/\/www.kichakatours.com\/wp-content\/uploads\/2025\/04\/KichakaTours.jpg"},"aioseo_meta_data":{"post_id":"4198","title":null,"description":"Diese Seite handelt von Safari-Destinationen in Tansania. Von den weiten Ebenen der Serengeti bis zu den \u00fcppigen Landschaften des Ngorongoro-Kraters und vielem mehr.","keywords":null,"keyphrases":{"focus":{"keyphrase":"Tanzania safari destinations","score":64,"analysis":{"keyphraseInTitle":{"score":9,"maxScore":9,"error":0},"keyphraseInDescription":{"score":9,"maxScore":9,"error":0},"keyphraseLength":{"score":9,"maxScore":9,"error":0,"length":3},"keyphraseInURL":{"score":5,"maxScore":5,"error":0},"keyphraseInIntroduction":{"score":3,"maxScore":9,"error":1},"keyphraseInSubHeadings":[],"keyphraseInImageAlt":{"score":3,"maxScore":9,"error":1},"keywordDensity":{"score":0,"type":"low","maxScore":9,"error":1}}},"additional":[]},"primary_term":null,"canonical_url":null,"og_title":null,"og_description":null,"og_object_type":"default","og_image_type":"default","og_image_url":null,"og_image_width":null,"og_image_height":null,"og_image_custom_url":null,"og_image_custom_fields":null,"og_video":"","og_custom_url":null,"og_article_section":null,"og_article_tags":null,"twitter_use_og":false,"twitter_card":"default","twitter_image_type":"default","twitter_image_url":null,"twitter_image_custom_url":null,"twitter_image_custom_fields":null,"twitter_title":null,"twitter_description":null,"schema":{"blockGraphs":[],"customGraphs":[],"default":{"data":{"Article":[],"Course":[],"Dataset":[],"FAQPage":[],"Movie":[],"Person":[],"Product":[],"ProductReview":[],"Car":[],"Recipe":[],"Service":[],"SoftwareApplication":[],"WebPage":[]},"graphName":"WebPage","isEnabled":true},"graphs":[]},"schema_type":"default","schema_type_options":null,"pillar_content":false,"robots_default":true,"robots_noindex":false,"robots_noarchive":false,"robots_nosnippet":false,"robots_nofollow":false,"robots_noimageindex":false,"robots_noodp":false,"robots_notranslate":false,"robots_max_snippet":"-1","robots_max_videopreview":"-1","robots_max_imagepreview":"large","priority":null,"frequency":"default","local_seo":null,"seo_analyzer_scan_date":"2025-10-08 20:30:28","breadcrumb_settings":null,"limit_modified_date":false,"reviewed_by":null,"open_ai":"{\"title\":{\"suggestions\":[],\"usage\":0},\"description\":{\"suggestions\":[],\"usage\":0}}","ai":null,"created":"2025-01-22 16:00:14","updated":"2025-10-21 19:30:10"},"aioseo_breadcrumb":"<div class=\"aioseo-breadcrumbs\"><span class=\"aioseo-breadcrumb\">\n\t<a href=\"https:\/\/www.kichakatours.com\/de\" title=\"Home\">Home<\/a>\n<\/span><span class=\"aioseo-breadcrumb-separator\">|<\/span><span class=\"aioseo-breadcrumb\">\n\tTanzania Safari Destinations\n<\/span><\/div>","aioseo_breadcrumb_json":[{"label":"Home","link":"https:\/\/www.kichakatours.com\/de"},{"label":"Tanzania Safari Destinations","link":"https:\/\/www.kichakatours.com\/de\/tanzania-safari-destinations\/"}],"_links":{"self":[{"href":"https:\/\/www.kichakatours.com\/de\/wp-json\/wp\/v2\/pages\/4198","targetHints":{"allow":["GET"]}}],"collection":[{"href":"https:\/\/www.kichakatours.com\/de\/wp-json\/wp\/v2\/pages"}],"about":[{"href":"https:\/\/www.kichakatours.com\/de\/wp-json\/wp\/v2\/types\/page"}],"author":[{"embeddable":true,"href":"https:\/\/www.kichakatours.com\/de\/wp-json\/wp\/v2\/users\/3"}],"replies":[{"embeddable":true,"href":"https:\/\/www.kichakatours.com\/de\/wp-json\/wp\/v2\/comments?post=4198"}],"version-history":[{"count":1,"href":"https:\/\/www.kichakatours.com\/de\/wp-json\/wp\/v2\/pages\/4198\/revisions"}],"predecessor-version":[{"id":11525,"href":"https:\/\/www.kichakatours.com\/de\/wp-json\/wp\/v2\/pages\/4198\/revisions\/11525"}],"wp:attachment":[{"href":"https:\/\/www.kichakatours.com\/de\/wp-json\/wp\/v2\/media?parent=4198"}],"curies":[{"name":"wp","href":"https:\/\/api.w.org\/{rel}","templated":true}]}}