{"id":6953,"date":"2025-01-09T10:11:13","date_gmt":"2025-01-09T07:11:13","guid":{"rendered":"https:\/\/www.kichakatours.co.ke\/?post_type=product&#038;p=6953"},"modified":"2025-09-09T17:35:05","modified_gmt":"2025-09-09T14:35:05","slug":"ganztagige-halbmondinsel-erfahrung","status":"publish","type":"product","link":"https:\/\/www.kichakatours.com\/de\/product\/full-day-crescent-island-experience\/","title":{"rendered":"Ganzt\u00e4giges Crescent Island Erlebnis"},"content":{"rendered":"<h4><\/h4>\n<p>Willkommen im Crescent Island Game Sanctuary, einem Wunderland der Tierwelt an der Ostflanke des <a href=\"https:\/\/www.kichakatours.com\/destination\/lake-naivasha\/\" target=\"_blank\" rel=\"noopener\">Naivasha-See<\/a>. Auf dieser au\u00dfergew\u00f6hnlichen Reise werden Sie eine Reihe majest\u00e4tischer Tiere wie Giraffen, Wasserb\u00f6cke, Elenantilopen, Gnus, Zebras, Impalas und Flusspferde antreffen, die dieses Schutzgebiet ihr Zuhause nennen.<\/p>\n<p>F\u00fcr begeisterte Vogelbeobachter und Ornithologen ist die Insel ein Paradies, in dem es von verschiedenen Vogelarten nur so wimmelt: Fischadler mit ihren ikonischen Rufen, Fischadler, die anmutig durch die L\u00fcfte gleiten, und bezaubernde Seerosenschw\u00e4rmer, die elegant durch die Gew\u00e4sser waten.<\/p>\n<p>An unseren pulsierenden Ufern flattern Pelikane und Kormorane, w\u00e4hrend gelegentlich Filmteams vorbeikommen, um die dichten Gnu-Herden zu filmen, die sich frei mit Wasserb\u00f6cken, Zebras und Gazellen vermischen - ein wahrhaftiges Spektakel, das in Kenias Parks seinesgleichen sucht.<\/p>\n<p>In Anerkennung seiner Rolle als \u00f6kologischer Korridor f\u00fcr die Tierwelt des Festlandes, die durch den zunehmenden Entwicklungsdruck und das Bev\u00f6lkerungswachstum verdr\u00e4ngt wurde, bleibt Crescent Island unumz\u00e4unt, so dass die nat\u00fcrlichen Bewegungen ungehindert \u00fcber die Grenzen hinweg m\u00f6glich sind und eine harmonische Koexistenz zwischen den vom Menschen geschaffenen Fortschritten gew\u00e4hrleistet wird, ohne die eigentliche Ordnung der Natur zu unterbrechen - ein Beweis daf\u00fcr sind die n\u00e4chtlichen Besuche der jagenden Hy\u00e4nen, die sich nahtlos in die entspannte Tageszeit einf\u00fcgen, wo sich Pythons nach einem Festmahl im Schatten der Sonne neben grasenden B\u00fcffeln sonnen, die w\u00e4hrend eines vor\u00fcbergehenden Aufenthalts in unber\u00fchrten Landschaften aufmerksam beobachtet werden, in denen heitere Erinnerungen auf Ihre Ankunft warten!<\/p>\n<h2>Ganzt\u00e4gige Crescent Island Experience Reiseroute<\/h2>\n<p dir=\"auto\" data-pm-slice=\"1 1 []\">Start your trip from Nairobi early in the morning for a scenic drive to Lake Naivasha. Once you arrive, hop on a boat for a ride to Crescent Island, where you&#8217;ll go on an unforgettable guided wildlife walk. Begin with some bird watching; the lake attracts both land and water birds, so you&#8217;re in for a treat. You&#8217;ll see impressive creatures like water eagles, yellow-billed storks, and ibises\u2014their presence is truly captivating.<\/p>\n<p dir=\"auto\">As you wander around, you&#8217;ll come across giraffes gracefully moving about, zebras grazing at their own pace, and lively dik-diks darting around. You&#8217;ll also spot herds of wildebeests and impalas enjoying this peaceful setting.<\/p>\n<p dir=\"auto\">Around midday, take a break for lunch at the sanctuary&#8217;s restaurant with its beautiful lake views. Afterward, relax while soaking in the scenery before heading back out on another boat ride that offers fantastic views of aquatic wildlife as you make your way back to the mainland. Later in the day, you&#8217;ll leave Naivasha and retrace your picturesque route back to Nairobi where you&#8217;ll be dropped off at either your hotel or the airport.<\/p>\n<p><strong>Die Kosten umfassen<\/strong><\/p>\n<p>Bootsfahrten<\/p>\n<p>Crescent Island fees<\/p>\n<p>Mittagessen<\/p>\n<p>Transport from Nairobi and back<\/p>","protected":false},"excerpt":{"rendered":"<p>Begeben Sie sich auf eine fachkundig gef\u00fchrte Wandersafari durch die bezaubernde Crescent Island, die als erstklassiges Ziel f\u00fcr erlebnisreiche Wanderungen an der Seite von freilaufenden Zebras, majest\u00e4tischen Giraffen und Gnuherden bekannt ist. Dieses Schutzgebiet bietet nicht nur unvergleichliche Begegnungen mit der Tierwelt, sondern dient auch als idyllische Kulisse f\u00fcr Meditation, Fotografie und Vogelbeobachtung inmitten der ruhigen Umgebung. Erweitern Sie Ihr Abenteuer mit fesselnden Bootsfahrten \u00fcber den Naivasha-See, bei denen Sie verschiedene Wassertierarten aus n\u00e4chster N\u00e4he betrachten k\u00f6nnen.<\/p>\n<p>&nbsp;<\/p>","protected":false},"featured_media":3799,"comment_status":"closed","ping_status":"closed","template":"","meta":{"om_disable_all_campaigns":false,"_monsterinsights_skip_tracking":false,"_monsterinsights_sitenote_active":false,"_monsterinsights_sitenote_note":"","_monsterinsights_sitenote_category":0,"_uf_show_specific_survey":0,"_uf_disable_surveys":false},"product_brand":[],"product_cat":[331,15],"product_tag":[],"class_list":{"0":"post-6953","1":"product","2":"type-product","3":"status-publish","4":"has-post-thumbnail","6":"product_cat-safari","7":"product_cat-tour","8":"tour_category-excursions-2","10":"first","11":"instock","12":"shipping-taxable","13":"purchasable","14":"product-type-variable"},"aioseo_notices":[],"aioseo_head":"\n\t\t<!-- All in One SEO Pro 4.9.6.2 - aioseo.com -->\n\t<meta name=\"description\" content=\"Join us for a memorable Full Day Crescent Island Experience, where you can enjoy a boat ride, guided wildlife walk, and exquisite lunch with breathtaking views.\" \/>\n\t<meta name=\"robots\" content=\"max-image-preview:large\" \/>\n\t<meta name=\"msvalidate.01\" content=\"9F9C035D44B58EC24714371E3FB5B040\" \/>\n\t<meta name=\"yandex-verification\" content=\"b945a4b884f39739\" \/>\n\t<link rel=\"canonical\" href=\"https:\/\/www.kichakatours.com\/de\/product\/full-day-crescent-island-experience\/\" \/>\n\t<meta name=\"generator\" content=\"All in One SEO Pro (AIOSEO) 4.9.6.2\" \/>\n\t\t<meta property=\"og:locale\" content=\"de_DE\" \/>\n\t\t<meta property=\"og:site_name\" content=\"Kichaka Tours and Travel | East Africa private safaris, tailor made Tours\" \/>\n\t\t<meta property=\"og:type\" content=\"article\" \/>\n\t\t<meta property=\"og:title\" content=\"Full Day Crescent Island Experience | Kichaka Tours and Travel\" \/>\n\t\t<meta property=\"og:description\" content=\"Join us for a memorable Full Day Crescent Island Experience, where you can enjoy a boat ride, guided wildlife walk, and exquisite lunch with breathtaking views.\" \/>\n\t\t<meta property=\"og:url\" content=\"https:\/\/www.kichakatours.com\/de\/product\/full-day-crescent-island-experience\/\" \/>\n\t\t<meta property=\"og:image\" content=\"https:\/\/www.kichakatours.com\/wp-content\/uploads\/2025\/04\/KichakaTours.jpg\" \/>\n\t\t<meta property=\"og:image:secure_url\" content=\"https:\/\/www.kichakatours.com\/wp-content\/uploads\/2025\/04\/KichakaTours.jpg\" \/>\n\t\t<meta property=\"og:image:width\" content=\"1200\" \/>\n\t\t<meta property=\"og:image:height\" content=\"531\" \/>\n\t\t<meta property=\"article:published_time\" content=\"2025-01-09T07:11:13+00:00\" \/>\n\t\t<meta property=\"article:modified_time\" content=\"2025-09-09T14:35:05+00:00\" \/>\n\t\t<meta property=\"article:publisher\" content=\"https:\/\/web.facebook.com\/toursafariskenya\/?_rdc=1&amp;_rdr#\" \/>\n\t\t<meta name=\"twitter:card\" content=\"summary_large_image\" \/>\n\t\t<meta name=\"twitter:site\" content=\"@KichakaTours\" \/>\n\t\t<meta name=\"twitter:title\" content=\"Full Day Crescent Island Experience | Kichaka Tours and Travel\" \/>\n\t\t<meta name=\"twitter:description\" content=\"Join us for a memorable Full Day Crescent Island Experience, where you can enjoy a boat ride, guided wildlife walk, and exquisite lunch with breathtaking views.\" \/>\n\t\t<meta name=\"twitter:image\" content=\"https:\/\/www.kichakatours.com\/wp-content\/uploads\/2025\/04\/KichakaTours.jpg\" \/>\n\t\t<script type=\"application\/ld+json\" class=\"aioseo-schema\">\n\t\t\t{\"@context\":\"https:\\\/\\\/schema.org\",\"@graph\":[{\"@type\":\"BreadcrumbList\",\"@id\":\"https:\\\/\\\/www.kichakatours.com\\\/de\\\/product\\\/full-day-crescent-island-experience\\\/#breadcrumblist\",\"itemListElement\":[{\"@type\":\"ListItem\",\"@id\":\"https:\\\/\\\/www.kichakatours.com\\\/de#listItem\",\"position\":1,\"name\":\"Home\",\"item\":\"https:\\\/\\\/www.kichakatours.com\\\/de\",\"nextItem\":{\"@type\":\"ListItem\",\"@id\":\"https:\\\/\\\/www.kichakatours.com\\\/de\\\/?page_id=4#listItem\",\"name\":\"Shop\"}},{\"@type\":\"ListItem\",\"@id\":\"https:\\\/\\\/www.kichakatours.com\\\/de\\\/?page_id=4#listItem\",\"position\":2,\"name\":\"Shop\",\"item\":\"https:\\\/\\\/www.kichakatours.com\\\/de\\\/?page_id=4\",\"nextItem\":{\"@type\":\"ListItem\",\"@id\":\"https:\\\/\\\/www.kichakatours.com\\\/de\\\/product-category\\\/tour\\\/#listItem\",\"name\":\"Tour\"},\"previousItem\":{\"@type\":\"ListItem\",\"@id\":\"https:\\\/\\\/www.kichakatours.com\\\/de#listItem\",\"name\":\"Home\"}},{\"@type\":\"ListItem\",\"@id\":\"https:\\\/\\\/www.kichakatours.com\\\/de\\\/product-category\\\/tour\\\/#listItem\",\"position\":3,\"name\":\"Tour\",\"item\":\"https:\\\/\\\/www.kichakatours.com\\\/de\\\/product-category\\\/tour\\\/\",\"nextItem\":{\"@type\":\"ListItem\",\"@id\":\"https:\\\/\\\/www.kichakatours.com\\\/de\\\/product-category\\\/tour\\\/safari\\\/#listItem\",\"name\":\"Safari\"},\"previousItem\":{\"@type\":\"ListItem\",\"@id\":\"https:\\\/\\\/www.kichakatours.com\\\/de\\\/?page_id=4#listItem\",\"name\":\"Shop\"}},{\"@type\":\"ListItem\",\"@id\":\"https:\\\/\\\/www.kichakatours.com\\\/de\\\/product-category\\\/tour\\\/safari\\\/#listItem\",\"position\":4,\"name\":\"Safari\",\"item\":\"https:\\\/\\\/www.kichakatours.com\\\/de\\\/product-category\\\/tour\\\/safari\\\/\",\"nextItem\":{\"@type\":\"ListItem\",\"@id\":\"https:\\\/\\\/www.kichakatours.com\\\/de\\\/product\\\/full-day-crescent-island-experience\\\/#listItem\",\"name\":\"Full Day Crescent Island Experience\"},\"previousItem\":{\"@type\":\"ListItem\",\"@id\":\"https:\\\/\\\/www.kichakatours.com\\\/de\\\/product-category\\\/tour\\\/#listItem\",\"name\":\"Tour\"}},{\"@type\":\"ListItem\",\"@id\":\"https:\\\/\\\/www.kichakatours.com\\\/de\\\/product\\\/full-day-crescent-island-experience\\\/#listItem\",\"position\":5,\"name\":\"Full Day Crescent Island Experience\",\"previousItem\":{\"@type\":\"ListItem\",\"@id\":\"https:\\\/\\\/www.kichakatours.com\\\/de\\\/product-category\\\/tour\\\/safari\\\/#listItem\",\"name\":\"Safari\"}}]},{\"@type\":\"Organization\",\"@id\":\"https:\\\/\\\/www.kichakatours.com\\\/de\\\/#organization\",\"name\":\"Kichaka Tours and Travel\",\"description\":\"East Africa private safaris, tailor made Tours\",\"url\":\"https:\\\/\\\/www.kichakatours.com\\\/de\\\/\",\"email\":\"info@kichakatours.com\",\"telephone\":\"+254791800525\",\"foundingDate\":\"2016-04-01\",\"numberOfEmployees\":{\"@type\":\"QuantitativeValue\",\"minValue\":0,\"maxValue\":7},\"logo\":{\"@type\":\"ImageObject\",\"url\":\"https:\\\/\\\/www.kichakatours.com\\\/wp-content\\\/uploads\\\/2025\\\/01\\\/Logo.jpg-8-2.jpg\",\"@id\":\"https:\\\/\\\/www.kichakatours.com\\\/de\\\/product\\\/full-day-crescent-island-experience\\\/#organizationLogo\",\"width\":131,\"height\":109,\"caption\":\"A stylized logo featuring two green leaves within a black oval outline.\"},\"image\":{\"@id\":\"https:\\\/\\\/www.kichakatours.com\\\/de\\\/product\\\/full-day-crescent-island-experience\\\/#organizationLogo\"},\"sameAs\":[\"https:\\\/\\\/web.facebook.com\\\/toursafariskenya\\\/?_rdc=1&_rdr#\",\"https:\\\/\\\/x.com\\\/KichakaTours\",\"https:\\\/\\\/www.instagram.com\\\/KichakaTours\",\"https:\\\/\\\/www.linkedin.com\\\/in\\\/kichaka-tours-and-travel\\\/\"],\"address\":{\"@id\":\"https:\\\/\\\/www.kichakatours.com\\\/de\\\/#postaladdress\",\"@type\":\"PostalAddress\",\"streetAddress\":\"54936,\",\"postalCode\":\"00200\",\"addressLocality\":\"Nairobi\",\"addressRegion\":\"Kenya\",\"addressCountry\":\"KE\"}},{\"@type\":\"WebPage\",\"@id\":\"https:\\\/\\\/www.kichakatours.com\\\/de\\\/product\\\/full-day-crescent-island-experience\\\/#webpage\",\"url\":\"https:\\\/\\\/www.kichakatours.com\\\/de\\\/product\\\/full-day-crescent-island-experience\\\/\",\"name\":\"Full Day Crescent Island Experience | Kichaka Tours and Travel\",\"description\":\"Join us for a memorable Full Day Crescent Island Experience, where you can enjoy a boat ride, guided wildlife walk, and exquisite lunch with breathtaking views.\",\"inLanguage\":\"de-DE\",\"isPartOf\":{\"@id\":\"https:\\\/\\\/www.kichakatours.com\\\/de\\\/#website\"},\"breadcrumb\":{\"@id\":\"https:\\\/\\\/www.kichakatours.com\\\/de\\\/product\\\/full-day-crescent-island-experience\\\/#breadcrumblist\"},\"image\":{\"@type\":\"ImageObject\",\"url\":\"https:\\\/\\\/www.kichakatours.com\\\/wp-content\\\/uploads\\\/2020\\\/11\\\/Fish-eagle.jpg\",\"@id\":\"https:\\\/\\\/www.kichakatours.com\\\/de\\\/product\\\/full-day-crescent-island-experience\\\/#mainImage\",\"width\":425,\"height\":336,\"caption\":\"Fish Eagle\"},\"primaryImageOfPage\":{\"@id\":\"https:\\\/\\\/www.kichakatours.com\\\/de\\\/product\\\/full-day-crescent-island-experience\\\/#mainImage\"},\"datePublished\":\"2025-01-09T10:11:13+03:00\",\"dateModified\":\"2025-09-09T17:35:05+03:00\"},{\"@type\":\"WebSite\",\"@id\":\"https:\\\/\\\/www.kichakatours.com\\\/de\\\/#website\",\"url\":\"https:\\\/\\\/www.kichakatours.com\\\/de\\\/\",\"name\":\"Kichaka Tours and Travel\",\"description\":\"East Africa private safaris, tailor made Tours\",\"inLanguage\":\"de-DE\",\"publisher\":{\"@id\":\"https:\\\/\\\/www.kichakatours.com\\\/de\\\/#organization\"}}]}\n\t\t<\/script>\n\t\t<!-- All in One SEO Pro -->\r\n\t\t<title>Full Day Crescent Island Experience | Kichaka Tours and Travel<\/title>\n\n","aioseo_head_json":{"title":"Ganzt\u00e4giges Crescent Island Erlebnis | Kichaka Tours and Travel","description":"Begleiten Sie uns zu einem unvergesslichen Ganztagesausflug nach Crescent Island, bei dem Sie eine Bootsfahrt, eine gef\u00fchrte Wanderung durch die Tierwelt und ein k\u00f6stliches Mittagessen mit atemberaubender Aussicht genie\u00dfen k\u00f6nnen.","canonical_url":"https:\/\/www.kichakatours.com\/de\/product\/full-day-crescent-island-experience\/","robots":"max-image-preview:large","keywords":"","webmasterTools":{"msvalidate.01":"9F9C035D44B58EC24714371E3FB5B040","yandex-verification":"b945a4b884f39739","miscellaneous":""},"schema":{"@context":"https:\/\/schema.org","@graph":[{"@type":"BreadcrumbList","@id":"https:\/\/www.kichakatours.com\/de\/product\/full-day-crescent-island-experience\/#breadcrumblist","itemListElement":[{"@type":"ListItem","@id":"https:\/\/www.kichakatours.com\/de#listItem","position":1,"name":"Home","item":"https:\/\/www.kichakatours.com\/de","nextItem":{"@type":"ListItem","@id":"https:\/\/www.kichakatours.com\/de\/?page_id=4#listItem","name":"Shop"}},{"@type":"ListItem","@id":"https:\/\/www.kichakatours.com\/de\/?page_id=4#listItem","position":2,"name":"Shop","item":"https:\/\/www.kichakatours.com\/de\/?page_id=4","nextItem":{"@type":"ListItem","@id":"https:\/\/www.kichakatours.com\/de\/product-category\/tour\/#listItem","name":"Tour"},"previousItem":{"@type":"ListItem","@id":"https:\/\/www.kichakatours.com\/de#listItem","name":"Home"}},{"@type":"ListItem","@id":"https:\/\/www.kichakatours.com\/de\/product-category\/tour\/#listItem","position":3,"name":"Tour","item":"https:\/\/www.kichakatours.com\/de\/product-category\/tour\/","nextItem":{"@type":"ListItem","@id":"https:\/\/www.kichakatours.com\/de\/product-category\/tour\/safari\/#listItem","name":"Safari"},"previousItem":{"@type":"ListItem","@id":"https:\/\/www.kichakatours.com\/de\/?page_id=4#listItem","name":"Shop"}},{"@type":"ListItem","@id":"https:\/\/www.kichakatours.com\/de\/product-category\/tour\/safari\/#listItem","position":4,"name":"Safari","item":"https:\/\/www.kichakatours.com\/de\/product-category\/tour\/safari\/","nextItem":{"@type":"ListItem","@id":"https:\/\/www.kichakatours.com\/de\/product\/full-day-crescent-island-experience\/#listItem","name":"Full Day Crescent Island Experience"},"previousItem":{"@type":"ListItem","@id":"https:\/\/www.kichakatours.com\/de\/product-category\/tour\/#listItem","name":"Tour"}},{"@type":"ListItem","@id":"https:\/\/www.kichakatours.com\/de\/product\/full-day-crescent-island-experience\/#listItem","position":5,"name":"Full Day Crescent Island Experience","previousItem":{"@type":"ListItem","@id":"https:\/\/www.kichakatours.com\/de\/product-category\/tour\/safari\/#listItem","name":"Safari"}}]},{"@type":"Organization","@id":"https:\/\/www.kichakatours.com\/de\/#organization","name":"Kichaka Tours and Travel","description":"East Africa private safaris, tailor made Tours","url":"https:\/\/www.kichakatours.com\/de\/","email":"info@kichakatours.com","telephone":"+254791800525","foundingDate":"2016-04-01","numberOfEmployees":{"@type":"QuantitativeValue","minValue":0,"maxValue":7},"logo":{"@type":"ImageObject","url":"https:\/\/www.kichakatours.com\/wp-content\/uploads\/2025\/01\/Logo.jpg-8-2.jpg","@id":"https:\/\/www.kichakatours.com\/de\/product\/full-day-crescent-island-experience\/#organizationLogo","width":131,"height":109,"caption":"A stylized logo featuring two green leaves within a black oval outline."},"image":{"@id":"https:\/\/www.kichakatours.com\/de\/product\/full-day-crescent-island-experience\/#organizationLogo"},"sameAs":["https:\/\/web.facebook.com\/toursafariskenya\/?_rdc=1&_rdr#","https:\/\/x.com\/KichakaTours","https:\/\/www.instagram.com\/KichakaTours","https:\/\/www.linkedin.com\/in\/kichaka-tours-and-travel\/"],"address":{"@id":"https:\/\/www.kichakatours.com\/de\/#postaladdress","@type":"PostalAddress","streetAddress":"54936,","postalCode":"00200","addressLocality":"Nairobi","addressRegion":"Kenya","addressCountry":"KE"}},{"@type":"WebPage","@id":"https:\/\/www.kichakatours.com\/de\/product\/full-day-crescent-island-experience\/#webpage","url":"https:\/\/www.kichakatours.com\/de\/product\/full-day-crescent-island-experience\/","name":"Full Day Crescent Island Experience | Kichaka Tours and Travel","description":"Join us for a memorable Full Day Crescent Island Experience, where you can enjoy a boat ride, guided wildlife walk, and exquisite lunch with breathtaking views.","inLanguage":"de-DE","isPartOf":{"@id":"https:\/\/www.kichakatours.com\/de\/#website"},"breadcrumb":{"@id":"https:\/\/www.kichakatours.com\/de\/product\/full-day-crescent-island-experience\/#breadcrumblist"},"image":{"@type":"ImageObject","url":"https:\/\/www.kichakatours.com\/wp-content\/uploads\/2020\/11\/Fish-eagle.jpg","@id":"https:\/\/www.kichakatours.com\/de\/product\/full-day-crescent-island-experience\/#mainImage","width":425,"height":336,"caption":"Fish Eagle"},"primaryImageOfPage":{"@id":"https:\/\/www.kichakatours.com\/de\/product\/full-day-crescent-island-experience\/#mainImage"},"datePublished":"2025-01-09T10:11:13+03:00","dateModified":"2025-09-09T17:35:05+03:00"},{"@type":"WebSite","@id":"https:\/\/www.kichakatours.com\/de\/#website","url":"https:\/\/www.kichakatours.com\/de\/","name":"Kichaka Tours and Travel","description":"East Africa private safaris, tailor made Tours","inLanguage":"de-DE","publisher":{"@id":"https:\/\/www.kichakatours.com\/de\/#organization"}}]},"og:locale":"de_DE","og:site_name":"Kichaka Tours and Travel | East Africa private safaris, tailor made Tours","og:type":"article","og:title":"Full Day Crescent Island Experience | Kichaka Tours and Travel","og:description":"Join us for a memorable Full Day Crescent Island Experience, where you can enjoy a boat ride, guided wildlife walk, and exquisite lunch with breathtaking views.","og:url":"https:\/\/www.kichakatours.com\/de\/product\/full-day-crescent-island-experience\/","og:image":"https:\/\/www.kichakatours.com\/wp-content\/uploads\/2025\/04\/KichakaTours.jpg","og:image:secure_url":"https:\/\/www.kichakatours.com\/wp-content\/uploads\/2025\/04\/KichakaTours.jpg","og:image:width":1200,"og:image:height":531,"article:published_time":"2025-01-09T07:11:13+00:00","article:modified_time":"2025-09-09T14:35:05+00:00","article:publisher":"https:\/\/web.facebook.com\/toursafariskenya\/?_rdc=1&_rdr#","twitter:card":"summary_large_image","twitter:site":"@KichakaTours","twitter:title":"Full Day Crescent Island Experience | Kichaka Tours and Travel","twitter:description":"Join us for a memorable Full Day Crescent Island Experience, where you can enjoy a boat ride, guided wildlife walk, and exquisite lunch with breathtaking views.","twitter:image":"https:\/\/www.kichakatours.com\/wp-content\/uploads\/2025\/04\/KichakaTours.jpg"},"aioseo_meta_data":{"post_id":"6953","title":null,"description":"Begleiten Sie uns zu einem unvergesslichen Ganztagesausflug nach Crescent Island, bei dem Sie eine Bootsfahrt, eine gef\u00fchrte Wanderung durch die Tierwelt und ein k\u00f6stliches Mittagessen mit atemberaubender Aussicht genie\u00dfen k\u00f6nnen.","keywords":null,"keyphrases":{"focus":{"keyphrase":"Full Day Crescent Island Experience","score":59,"analysis":{"keyphraseInTitle":{"score":9,"maxScore":9,"error":0},"keyphraseInDescription":{"score":9,"maxScore":9,"error":0},"keyphraseLength":{"score":6,"maxScore":9,"error":1,"length":5},"keyphraseInURL":{"score":5,"maxScore":5,"error":0},"keyphraseInIntroduction":{"score":3,"maxScore":9,"error":1},"keyphraseInSubHeadings":{"score":3,"maxScore":9,"error":1},"keyphraseInImageAlt":[],"keywordDensity":{"score":0,"type":"low","maxScore":9,"error":1}}},"additional":[]},"primary_term":null,"canonical_url":null,"og_title":null,"og_description":null,"og_object_type":"default","og_image_type":"default","og_image_url":null,"og_image_width":null,"og_image_height":null,"og_image_custom_url":null,"og_image_custom_fields":null,"og_video":"","og_custom_url":null,"og_article_section":null,"og_article_tags":null,"twitter_use_og":false,"twitter_card":"default","twitter_image_type":"default","twitter_image_url":null,"twitter_image_custom_url":null,"twitter_image_custom_fields":null,"twitter_title":null,"twitter_description":null,"schema":{"blockGraphs":[],"customGraphs":[],"default":{"data":{"Article":[],"Course":[],"Dataset":[],"FAQPage":[],"Movie":[],"Person":[],"Product":[],"ProductReview":[],"Car":[],"Recipe":[],"Service":[],"SoftwareApplication":[],"WebPage":[]},"graphName":"WebPage","isEnabled":true},"graphs":[]},"schema_type":"default","schema_type_options":null,"pillar_content":false,"robots_default":true,"robots_noindex":false,"robots_noarchive":false,"robots_nosnippet":false,"robots_nofollow":false,"robots_noimageindex":false,"robots_noodp":false,"robots_notranslate":false,"robots_max_snippet":"-1","robots_max_videopreview":"-1","robots_max_imagepreview":"large","priority":null,"frequency":"default","local_seo":null,"seo_analyzer_scan_date":"2025-10-08 21:12:40","breadcrumb_settings":null,"limit_modified_date":false,"reviewed_by":"0","open_ai":"{\"title\":{\"suggestions\":[],\"usage\":0},\"description\":{\"suggestions\":[\"Embark on a Full Day Crescent Island Experience to encounter majestic wildlife in Lake Naivasha's sanctuary. A one-of-a-kind guided adventure awaits you.\",\"Experience a day filled with wildlife wonders on Crescent Island with a guided walk surrounded by giraffes, zebras, and wildebeests. A truly unforgettable journey.\",\"Discover the beauty of Lake Naivasha with a Full Day Crescent Island Experience, where you can spot diverse avian species and iconic wildlife up close.\",\"Immerse yourself in the serene surroundings of Crescent Island during a Full Day Experience, where giraffes, zebras, and wildebeests roam freely in their natural habitat.\",\"Join us for a memorable Full Day Crescent Island Experience, where you can enjoy a boat ride, guided wildlife walk, and exquisite lunch with breathtaking views.\"],\"usage\":0}}","ai":{"faqs":[],"keyPoints":[],"titles":[],"descriptions":[],"socialPosts":{"email":[],"linkedin":[],"twitter":[],"facebook":[],"instagram":[]}},"created":"2025-01-22 16:27:34","updated":"2025-11-27 19:35:40"},"aioseo_breadcrumb":"<div class=\"aioseo-breadcrumbs\"><span class=\"aioseo-breadcrumb\">\n\t<a href=\"https:\/\/www.kichakatours.com\/de\" title=\"Home\">Home<\/a>\n<\/span><span class=\"aioseo-breadcrumb-separator\">|<\/span><span class=\"aioseo-breadcrumb\">\n\t<a href=\"https:\/\/www.kichakatours.com\/de\/?page_id=4\" title=\"Shop\">Shop<\/a>\n<\/span><span class=\"aioseo-breadcrumb-separator\">|<\/span><span class=\"aioseo-breadcrumb\">\n\t<a href=\"https:\/\/www.kichakatours.com\/de\/product-category\/tour\/\" title=\"Tour\">Tour<\/a>\n<\/span><span class=\"aioseo-breadcrumb-separator\">|<\/span><span class=\"aioseo-breadcrumb\">\n\t<a href=\"https:\/\/www.kichakatours.com\/de\/product-category\/tour\/safari\/\" title=\"Safari\">Safari<\/a>\n<\/span><span class=\"aioseo-breadcrumb-separator\">|<\/span><span class=\"aioseo-breadcrumb\">\n\tFull Day Crescent Island Experience\n<\/span><\/div>","aioseo_breadcrumb_json":[{"label":"Home","link":"https:\/\/www.kichakatours.com\/de"},{"label":"Shop","link":"https:\/\/www.kichakatours.com\/de\/?page_id=4"},{"label":"Tour","link":"https:\/\/www.kichakatours.com\/de\/product-category\/tour\/"},{"label":"Safari","link":"https:\/\/www.kichakatours.com\/de\/product-category\/tour\/safari\/"},{"label":"Full Day Crescent Island Experience","link":"https:\/\/www.kichakatours.com\/de\/product\/full-day-crescent-island-experience\/"}],"_links":{"self":[{"href":"https:\/\/www.kichakatours.com\/de\/wp-json\/wp\/v2\/product\/6953","targetHints":{"allow":["GET"]}}],"collection":[{"href":"https:\/\/www.kichakatours.com\/de\/wp-json\/wp\/v2\/product"}],"about":[{"href":"https:\/\/www.kichakatours.com\/de\/wp-json\/wp\/v2\/types\/product"}],"replies":[{"embeddable":true,"href":"https:\/\/www.kichakatours.com\/de\/wp-json\/wp\/v2\/comments?post=6953"}],"wp:featuredmedia":[{"embeddable":true,"href":"https:\/\/www.kichakatours.com\/de\/wp-json\/wp\/v2\/media\/3799"}],"wp:attachment":[{"href":"https:\/\/www.kichakatours.com\/de\/wp-json\/wp\/v2\/media?parent=6953"}],"wp:term":[{"taxonomy":"product_brand","embeddable":true,"href":"https:\/\/www.kichakatours.com\/de\/wp-json\/wp\/v2\/product_brand?post=6953"},{"taxonomy":"product_cat","embeddable":true,"href":"https:\/\/www.kichakatours.com\/de\/wp-json\/wp\/v2\/product_cat?post=6953"},{"taxonomy":"product_tag","embeddable":true,"href":"https:\/\/www.kichakatours.com\/de\/wp-json\/wp\/v2\/product_tag?post=6953"}],"curies":[{"name":"wp","href":"https:\/\/api.w.org\/{rel}","templated":true}]}}