{"id":120,"date":"2026-01-27T11:08:31","date_gmt":"2026-01-27T08:08:31","guid":{"rendered":"http:\/\/wordpress.templaza.net\/xml\/aventura\/?post_type=destination&#038;p=120"},"modified":"2026-04-22T15:43:01","modified_gmt":"2026-04-22T12:43:01","slug":"parque-nacional-de-aberdare","status":"publish","type":"page","link":"https:\/\/www.kichakatours.com\/es\/destination\/aberdare-national-park\/","title":{"rendered":"Parque Nacional de Aberdare"},"content":{"rendered":"<h2 data-start=\"235\" data-end=\"284\">Parque Nacional de Aberdare: una joya oculta en Kenia<\/h2>\n<p data-start=\"286\" data-end=\"870\">Enclavado en la majestuosa cordillera de Aberdare, el tercer pico m\u00e1s alto de Kenia, se encuentra el Parque Nacional de Aberdare, un para\u00edso oculto para los amantes de la naturaleza y los entusiastas de los safaris. Situado a s\u00f3lo 150 km de Nairobi, este extenso santuario abarca 766 kil\u00f3metros cuadrados de terreno diverso, desde densos bosques y arboledas de bamb\u00fa hasta p\u00e1ramos, cascadas y llanuras abiertas. Aberdare, que se eleva a m\u00e1s de 4.000 metros de altura, ofrece una mezcla inolvidable de encuentros con la vida salvaje, impresionantes paisajes y un apacible aislamiento, perfecto para escapar del ajetreo de la vida urbana.<\/p>\n<h2 data-start=\"877\" data-end=\"916\">C\u00f3mo llegar al Parque Nacional de Aberdare<\/h2>\n<h3 data-start=\"918\" data-end=\"929\">Por carretera<\/h3>\n<p data-start=\"930\" data-end=\"1261\">El Parque Nacional de Aberdare es f\u00e1cilmente accesible desde Nairobi a trav\u00e9s de Naro Moru, en el flanco oriental del parque. El viaje dura unas 3-4 horas por carreteras asfaltadas en buen estado. Tambi\u00e9n se puede entrar por Naivasha, en el lado occidental, por rutas panor\u00e1micas que serpentean entre exuberantes p\u00e1ramos y colinas onduladas.<\/p>\n<h3 data-start=\"1263\" data-end=\"1273\">Por aire<\/h3>\n<p data-start=\"1274\" data-end=\"1548\">Para los viajeros que busquen eficacia, la pista de aterrizaje m\u00e1s cercana es la de Mweiga, convenientemente situada cerca de la sede del parque, en la ruta Nyeri-Nyahururu. Los vuelos ch\u00e1rter son una opci\u00f3n r\u00e1pida y panor\u00e1mica que ofrece vistas a\u00e9reas de los bosques y cascadas del parque.<\/p>\n<h2 data-start=\"1555\" data-end=\"1583\">Fauna y biodiversidad<\/h2>\n<p data-start=\"1585\" data-end=\"1791\">El Parque Nacional de Aberdare es famoso por su variada fauna, que lo convierte en un para\u00edso tanto para los aficionados a los safaris como para los observadores de aves. Los variados h\u00e1bitats del parque albergan una impresionante variedad de animales:<\/p>\n<ul data-start=\"1793\" data-end=\"2122\">\n<li data-start=\"1793\" data-end=\"1828\">\n<p data-start=\"1795\" data-end=\"1828\">Elefantes y b\u00fafalos<\/p>\n<\/li>\n<li data-start=\"1829\" data-end=\"1874\">\n<p data-start=\"1831\" data-end=\"1874\">Monos colobos y babuinos oliv\u00e1ceos<\/p>\n<\/li>\n<li data-start=\"1875\" data-end=\"1941\">\n<p data-start=\"1877\" data-end=\"1941\">Leones, chacales de rayas laterales y perros salvajes africanos<\/p>\n<\/li>\n<li data-start=\"1942\" data-end=\"2028\">\n<p data-start=\"1944\" data-end=\"2028\">Elands, duikers, bushbucks, waterbucks y reedbucks de monta\u00f1a<\/p>\n<\/li>\n<li data-start=\"2029\" data-end=\"2122\">\n<p data-start=\"2031\" data-end=\"2122\">Raros avistamientos de gatos dorados africanos, bongo, rinocerontes negros y gatos servales<\/p>\n<\/li>\n<\/ul>\n<p data-start=\"2124\" data-end=\"2390\">El parque es tambi\u00e9n un para\u00edso para los observadores de aves, ya que alberga m\u00e1s de 1.100 especies. Entre las aves m\u00e1s destacadas est\u00e1n el cisticola de Aberdare, en peligro de extinci\u00f3n, el \u00e1guila pescadora africana, el francol\u00edn de Jackson (end\u00e9mico del parque), los vibrantes p\u00e1jaros sol, los chorlitejos y los gavilanes.<\/p>\n<p data-start=\"2392\" data-end=\"2579\">El Parque Nacional de Aberdare promete encuentros emocionantes y memorables, ya sea para fotografiar la fauna salvaje, avistar aves poco comunes u observar elefantes en balsas de agua.<\/p>\n<h2 data-start=\"2586\" data-end=\"2616\">Explore impresionantes cascadas<\/h2>\n<p data-start=\"2618\" data-end=\"2950\">El Parque Nacional de Aberdare es famoso por sus espectaculares cascadas, entre las que destacan las de Karura. La cascada se precipita en tres tramos: 117 metros, 26 metros y 130 metros, con un total de 273 metros de espectacular paisaje. Otras cascadas cercanas, como las de Chania, contribuyen a la belleza paisaj\u00edstica del parque.<\/p>\n<p data-start=\"2952\" data-end=\"2971\">Los visitantes pueden disfrutar:<\/p>\n<ul data-start=\"2973\" data-end=\"3166\">\n<li data-start=\"2973\" data-end=\"3009\">\n<p data-start=\"2975\" data-end=\"3009\">Pesca de truchas en r\u00edos v\u00edrgenes<\/p>\n<\/li>\n<li data-start=\"3010\" data-end=\"3046\">\n<p data-start=\"3012\" data-end=\"3046\">Picnics en un entorno exuberante<\/p>\n<\/li>\n<li data-start=\"3047\" data-end=\"3108\">\n<p data-start=\"3049\" data-end=\"3108\">Fotograf\u00eda de impresionantes crestas, valles y cascadas<\/p>\n<\/li>\n<li data-start=\"3109\" data-end=\"3166\">\n<p data-start=\"3111\" data-end=\"3166\">Acampar en los p\u00e1ramos para vivir una experiencia realmente envolvente<\/p>\n<\/li>\n<\/ul>\n<h2 data-start=\"3173\" data-end=\"3208\">Experiencias de alojamiento \u00fanicas<\/h2>\n<p data-start=\"3210\" data-end=\"3318\">El Parque Nacional de Aberdare ofrece diversas opciones de alojamiento dise\u00f1adas para aprovechar al m\u00e1ximo los encuentros con la fauna salvaje:<\/p>\n<ul data-start=\"3320\" data-end=\"3644\">\n<li data-start=\"3320\" data-end=\"3487\">\n<p data-start=\"3322\" data-end=\"3487\">Hoteles en los \u00e1rboles: Lodges elevados con vistas despejadas a charcas, ideales para observar elefantes, rinocerontes y otros animales salvajes durante las horas matutinas y vespertinas.<\/p>\n<\/li>\n<li data-start=\"3488\" data-end=\"3644\">\n<p data-start=\"3490\" data-end=\"3644\">Lodges del parque y hoteles cercanos: C\u00f3modamente situados para ofrecer acceso a las principales atracciones del parque, combinando comodidad con un impresionante entorno natural.<\/p>\n<\/li>\n<\/ul>\n<p data-start=\"3646\" data-end=\"3795\">Desde lujosos lodges en los \u00e1rboles hasta acogedores alojamientos cerca del parque, los visitantes tienen garantizada una estancia inolvidable rodeados de la ind\u00f3mita belleza de \u00c1frica.<\/p>\n<h2 data-start=\"3802\" data-end=\"3838\">\u00bfPor qu\u00e9 visitar el Parque Nacional de Aberdare?<\/h2>\n<p data-start=\"3840\" data-end=\"3902\">El Parque Nacional de Aberdare es una joya oculta en Kenia, que ofrece:<\/p>\n<ul data-start=\"3904\" data-end=\"4122\">\n<li data-start=\"3904\" data-end=\"3956\">\n<p data-start=\"3906\" data-end=\"3956\">Bosques frondosos y p\u00e1ramos repletos de vida salvaje<\/p>\n<\/li>\n<li data-start=\"3957\" data-end=\"4001\">\n<p data-start=\"3959\" data-end=\"4001\">Espectaculares cascadas y crestas esc\u00e9nicas<\/p>\n<\/li>\n<li data-start=\"4002\" data-end=\"4034\">\n<p data-start=\"4004\" data-end=\"4034\">Especies raras de aves y mam\u00edferos<\/p>\n<\/li>\n<li data-start=\"4035\" data-end=\"4070\">\n<p data-start=\"4037\" data-end=\"4070\">Escapadas tranquilas de la vida urbana<\/p>\n<\/li>\n<li data-start=\"4071\" data-end=\"4122\">\n<p data-start=\"4073\" data-end=\"4122\">Experiencias de alojamiento \u00fanicas, como hoteles en las copas de los \u00e1rboles<\/p>\n<\/li>\n<\/ul>\n<p data-start=\"4124\" data-end=\"4279\">Tanto si es un entusiasta de la vida salvaje, un fot\u00f3grafo, un observador de aves o un aventurero, Aberdare le ofrece una experiencia de safari sin igual cerca de Nairobi.<\/p>","protected":false},"excerpt":{"rendered":"<p>Aberdare National Park \u2013 A Hidden Gem in Kenya Nestled within the majestic Aberdare Mountain Range, the third highest peaks in Kenya, lies Aberdare National Park, a hidden paradise for nature lovers and safari enthusiasts. Located just 150 km from<\/p>\n<div class=\"padding-top text-center\"><a href=\"https:\/\/www.kichakatours.com\/es\/destination\/aberdare-national-park\/\" class=\"atbtn atbtn--medium atbtn--rounded atbtn--transparent\">Seguir leyendo<i class=\"atbtn__icon atbtn__icon--right fa fa-long-arrow-right\"><\/i><\/a><\/div>","protected":false},"author":1,"featured_media":3712,"parent":4685,"menu_order":0,"comment_status":"closed","ping_status":"closed","template":"","meta":{"om_disable_all_campaigns":false,"_monsterinsights_skip_tracking":false,"_monsterinsights_sitenote_active":false,"_monsterinsights_sitenote_note":"","_monsterinsights_sitenote_category":0,"_uf_show_specific_survey":0,"_uf_disable_surveys":false,"footnotes":""},"class_list":["post-120","page","type-page","status-publish","has-post-thumbnail","hentry"],"aioseo_notices":[],"aioseo_head":"\n\t\t<!-- All in One SEO Pro 4.9.6.2 - aioseo.com -->\n\t<meta name=\"description\" content=\"Unveil the wonders of Aberdare National Park, where rich biodiversity, scenic waterfalls, and mountain majesty create a truly unique Kenyan wilderness experience.\" \/>\n\t<meta name=\"robots\" content=\"max-image-preview:large\" \/>\n\t<meta name=\"msvalidate.01\" content=\"9F9C035D44B58EC24714371E3FB5B040\" \/>\n\t<meta name=\"yandex-verification\" content=\"b945a4b884f39739\" \/>\n\t<link rel=\"canonical\" href=\"https:\/\/www.kichakatours.com\/es\/destination\/aberdare-national-park\/\" \/>\n\t<meta name=\"generator\" content=\"All in One SEO Pro (AIOSEO) 4.9.6.2\" \/>\n\t\t<meta property=\"og:locale\" content=\"es_ES\" \/>\n\t\t<meta property=\"og:site_name\" content=\"Kichaka Tours and Travel | East Africa private safaris, tailor made Tours\" \/>\n\t\t<meta property=\"og:type\" content=\"article\" \/>\n\t\t<meta property=\"og:title\" content=\"Aberdare National Park: A Scenic Kenya Wilderness Experience\" \/>\n\t\t<meta property=\"og:description\" content=\"Unveil the wonders of Aberdare National Park, where rich biodiversity, scenic waterfalls, and mountain majesty create a truly unique Kenyan wilderness experience.\" \/>\n\t\t<meta property=\"og:url\" content=\"https:\/\/www.kichakatours.com\/es\/destination\/aberdare-national-park\/\" \/>\n\t\t<meta property=\"og:image\" content=\"https:\/\/www.kichakatours.com\/wp-content\/uploads\/2025\/04\/KichakaTours.jpg\" \/>\n\t\t<meta property=\"og:image:secure_url\" content=\"https:\/\/www.kichakatours.com\/wp-content\/uploads\/2025\/04\/KichakaTours.jpg\" \/>\n\t\t<meta property=\"og:image:width\" content=\"1200\" \/>\n\t\t<meta property=\"og:image:height\" content=\"531\" \/>\n\t\t<meta property=\"article:published_time\" content=\"2026-01-27T08:08:31+00:00\" \/>\n\t\t<meta property=\"article:modified_time\" content=\"2026-04-22T12:43:01+00:00\" \/>\n\t\t<meta property=\"article:publisher\" content=\"https:\/\/web.facebook.com\/toursafariskenya\/?_rdc=1&amp;_rdr#\" \/>\n\t\t<meta name=\"twitter:card\" content=\"summary_large_image\" \/>\n\t\t<meta name=\"twitter:site\" content=\"@KichakaTours\" \/>\n\t\t<meta name=\"twitter:title\" content=\"Aberdare National Park: A Scenic Kenya Wilderness Experience\" \/>\n\t\t<meta name=\"twitter:description\" content=\"Unveil the wonders of Aberdare National Park, where rich biodiversity, scenic waterfalls, and mountain majesty create a truly unique Kenyan wilderness experience.\" \/>\n\t\t<meta name=\"twitter:creator\" content=\"@KichakaTours\" \/>\n\t\t<meta name=\"twitter:image\" content=\"https:\/\/www.kichakatours.com\/wp-content\/uploads\/2025\/04\/KichakaTours.jpg\" \/>\n\t\t<script type=\"application\/ld+json\" class=\"aioseo-schema\">\n\t\t\t{\"@context\":\"https:\\\/\\\/schema.org\",\"@graph\":[{\"@type\":\"BreadcrumbList\",\"@id\":\"https:\\\/\\\/www.kichakatours.com\\\/es\\\/destination\\\/aberdare-national-park\\\/#breadcrumblist\",\"itemListElement\":[{\"@type\":\"ListItem\",\"@id\":\"https:\\\/\\\/www.kichakatours.com\\\/es#listItem\",\"position\":1,\"name\":\"Home\",\"item\":\"https:\\\/\\\/www.kichakatours.com\\\/es\",\"nextItem\":{\"@type\":\"ListItem\",\"@id\":\"https:\\\/\\\/www.kichakatours.com\\\/es\\\/destination\\\/#listItem\",\"name\":\"Destination\"}},{\"@type\":\"ListItem\",\"@id\":\"https:\\\/\\\/www.kichakatours.com\\\/es\\\/destination\\\/#listItem\",\"position\":2,\"name\":\"Destination\",\"item\":\"https:\\\/\\\/www.kichakatours.com\\\/es\\\/destination\\\/\",\"nextItem\":{\"@type\":\"ListItem\",\"@id\":\"https:\\\/\\\/www.kichakatours.com\\\/es\\\/destination\\\/aberdare-national-park\\\/#listItem\",\"name\":\"Aberdare national park\"},\"previousItem\":{\"@type\":\"ListItem\",\"@id\":\"https:\\\/\\\/www.kichakatours.com\\\/es#listItem\",\"name\":\"Home\"}},{\"@type\":\"ListItem\",\"@id\":\"https:\\\/\\\/www.kichakatours.com\\\/es\\\/destination\\\/aberdare-national-park\\\/#listItem\",\"position\":3,\"name\":\"Aberdare national park\",\"previousItem\":{\"@type\":\"ListItem\",\"@id\":\"https:\\\/\\\/www.kichakatours.com\\\/es\\\/destination\\\/#listItem\",\"name\":\"Destination\"}}]},{\"@type\":\"Organization\",\"@id\":\"https:\\\/\\\/www.kichakatours.com\\\/es\\\/#organization\",\"name\":\"Kichaka Tours and Travel\",\"description\":\"East Africa private safaris, tailor made Tours\",\"url\":\"https:\\\/\\\/www.kichakatours.com\\\/es\\\/\",\"email\":\"info@kichakatours.com\",\"telephone\":\"+254791800525\",\"foundingDate\":\"2016-04-01\",\"numberOfEmployees\":{\"@type\":\"QuantitativeValue\",\"minValue\":0,\"maxValue\":7},\"logo\":{\"@type\":\"ImageObject\",\"url\":\"https:\\\/\\\/www.kichakatours.com\\\/wp-content\\\/uploads\\\/2025\\\/01\\\/Logo.jpg-8-2.jpg\",\"@id\":\"https:\\\/\\\/www.kichakatours.com\\\/es\\\/destination\\\/aberdare-national-park\\\/#organizationLogo\",\"width\":131,\"height\":109,\"caption\":\"A stylized logo featuring two green leaves within a black oval outline.\"},\"image\":{\"@id\":\"https:\\\/\\\/www.kichakatours.com\\\/es\\\/destination\\\/aberdare-national-park\\\/#organizationLogo\"},\"sameAs\":[\"https:\\\/\\\/web.facebook.com\\\/toursafariskenya\\\/?_rdc=1&_rdr#\",\"https:\\\/\\\/x.com\\\/KichakaTours\",\"https:\\\/\\\/www.instagram.com\\\/KichakaTours\",\"https:\\\/\\\/www.linkedin.com\\\/in\\\/kichaka-tours-and-travel\\\/\"],\"address\":{\"@id\":\"https:\\\/\\\/www.kichakatours.com\\\/es\\\/#postaladdress\",\"@type\":\"PostalAddress\",\"streetAddress\":\"54936,\",\"postalCode\":\"00200\",\"addressLocality\":\"Nairobi\",\"addressRegion\":\"Kenya\",\"addressCountry\":\"KE\"}},{\"@type\":\"WebPage\",\"@id\":\"https:\\\/\\\/www.kichakatours.com\\\/es\\\/destination\\\/aberdare-national-park\\\/#webpage\",\"url\":\"https:\\\/\\\/www.kichakatours.com\\\/es\\\/destination\\\/aberdare-national-park\\\/\",\"name\":\"Aberdare National Park: A Scenic Kenya Wilderness Experience\",\"description\":\"Unveil the wonders of Aberdare National Park, where rich biodiversity, scenic waterfalls, and mountain majesty create a truly unique Kenyan wilderness experience.\",\"inLanguage\":\"es-ES\",\"isPartOf\":{\"@id\":\"https:\\\/\\\/www.kichakatours.com\\\/es\\\/#website\"},\"breadcrumb\":{\"@id\":\"https:\\\/\\\/www.kichakatours.com\\\/es\\\/destination\\\/aberdare-national-park\\\/#breadcrumblist\"},\"image\":{\"@type\":\"ImageObject\",\"url\":\"https:\\\/\\\/www.kichakatours.com\\\/wp-content\\\/uploads\\\/2017\\\/04\\\/elephants-aberdare-3-1.jpg\",\"@id\":\"https:\\\/\\\/www.kichakatours.com\\\/es\\\/destination\\\/aberdare-national-park\\\/#mainImage\",\"width\":1920,\"height\":768,\"caption\":\"Elephants Aberdare National Park\"},\"primaryImageOfPage\":{\"@id\":\"https:\\\/\\\/www.kichakatours.com\\\/es\\\/destination\\\/aberdare-national-park\\\/#mainImage\"},\"datePublished\":\"2026-01-27T11:08:31+03:00\",\"dateModified\":\"2026-04-22T15:43:01+03:00\"},{\"@type\":\"WebSite\",\"@id\":\"https:\\\/\\\/www.kichakatours.com\\\/es\\\/#website\",\"url\":\"https:\\\/\\\/www.kichakatours.com\\\/es\\\/\",\"name\":\"Kichaka Tours and Travel\",\"description\":\"East Africa private safaris, tailor made Tours\",\"inLanguage\":\"es-ES\",\"publisher\":{\"@id\":\"https:\\\/\\\/www.kichakatours.com\\\/es\\\/#organization\"}}]}\n\t\t<\/script>\n\t\t<!-- All in One SEO Pro -->\r\n\t\t<title>Aberdare National Park: A Scenic Kenya Wilderness Experience<\/title>\n\n","aioseo_head_json":{"title":"Parque Nacional de Aberdare: Una experiencia \u00fanica en la naturaleza de Kenia","description":"Descubra las maravillas del Parque Nacional de Aberdare, donde la rica biodiversidad, las pintorescas cascadas y la majestuosidad de las monta\u00f1as crean una experiencia \u00fanica en la naturaleza keniana.","canonical_url":"https:\/\/www.kichakatours.com\/es\/destination\/aberdare-national-park\/","robots":"max-image-preview:large","keywords":"","webmasterTools":{"msvalidate.01":"9F9C035D44B58EC24714371E3FB5B040","yandex-verification":"b945a4b884f39739","miscellaneous":""},"schema":{"@context":"https:\/\/schema.org","@graph":[{"@type":"BreadcrumbList","@id":"https:\/\/www.kichakatours.com\/es\/destination\/aberdare-national-park\/#breadcrumblist","itemListElement":[{"@type":"ListItem","@id":"https:\/\/www.kichakatours.com\/es#listItem","position":1,"name":"Home","item":"https:\/\/www.kichakatours.com\/es","nextItem":{"@type":"ListItem","@id":"https:\/\/www.kichakatours.com\/es\/destination\/#listItem","name":"Destination"}},{"@type":"ListItem","@id":"https:\/\/www.kichakatours.com\/es\/destination\/#listItem","position":2,"name":"Destination","item":"https:\/\/www.kichakatours.com\/es\/destination\/","nextItem":{"@type":"ListItem","@id":"https:\/\/www.kichakatours.com\/es\/destination\/aberdare-national-park\/#listItem","name":"Aberdare national park"},"previousItem":{"@type":"ListItem","@id":"https:\/\/www.kichakatours.com\/es#listItem","name":"Home"}},{"@type":"ListItem","@id":"https:\/\/www.kichakatours.com\/es\/destination\/aberdare-national-park\/#listItem","position":3,"name":"Aberdare national park","previousItem":{"@type":"ListItem","@id":"https:\/\/www.kichakatours.com\/es\/destination\/#listItem","name":"Destination"}}]},{"@type":"Organization","@id":"https:\/\/www.kichakatours.com\/es\/#organization","name":"Kichaka Tours and Travel","description":"East Africa private safaris, tailor made Tours","url":"https:\/\/www.kichakatours.com\/es\/","email":"info@kichakatours.com","telephone":"+254791800525","foundingDate":"2016-04-01","numberOfEmployees":{"@type":"QuantitativeValue","minValue":0,"maxValue":7},"logo":{"@type":"ImageObject","url":"https:\/\/www.kichakatours.com\/wp-content\/uploads\/2025\/01\/Logo.jpg-8-2.jpg","@id":"https:\/\/www.kichakatours.com\/es\/destination\/aberdare-national-park\/#organizationLogo","width":131,"height":109,"caption":"A stylized logo featuring two green leaves within a black oval outline."},"image":{"@id":"https:\/\/www.kichakatours.com\/es\/destination\/aberdare-national-park\/#organizationLogo"},"sameAs":["https:\/\/web.facebook.com\/toursafariskenya\/?_rdc=1&_rdr#","https:\/\/x.com\/KichakaTours","https:\/\/www.instagram.com\/KichakaTours","https:\/\/www.linkedin.com\/in\/kichaka-tours-and-travel\/"],"address":{"@id":"https:\/\/www.kichakatours.com\/es\/#postaladdress","@type":"PostalAddress","streetAddress":"54936,","postalCode":"00200","addressLocality":"Nairobi","addressRegion":"Kenya","addressCountry":"KE"}},{"@type":"WebPage","@id":"https:\/\/www.kichakatours.com\/es\/destination\/aberdare-national-park\/#webpage","url":"https:\/\/www.kichakatours.com\/es\/destination\/aberdare-national-park\/","name":"Aberdare National Park: A Scenic Kenya Wilderness Experience","description":"Unveil the wonders of Aberdare National Park, where rich biodiversity, scenic waterfalls, and mountain majesty create a truly unique Kenyan wilderness experience.","inLanguage":"es-ES","isPartOf":{"@id":"https:\/\/www.kichakatours.com\/es\/#website"},"breadcrumb":{"@id":"https:\/\/www.kichakatours.com\/es\/destination\/aberdare-national-park\/#breadcrumblist"},"image":{"@type":"ImageObject","url":"https:\/\/www.kichakatours.com\/wp-content\/uploads\/2017\/04\/elephants-aberdare-3-1.jpg","@id":"https:\/\/www.kichakatours.com\/es\/destination\/aberdare-national-park\/#mainImage","width":1920,"height":768,"caption":"Elephants Aberdare National Park"},"primaryImageOfPage":{"@id":"https:\/\/www.kichakatours.com\/es\/destination\/aberdare-national-park\/#mainImage"},"datePublished":"2026-01-27T11:08:31+03:00","dateModified":"2026-04-22T15:43:01+03:00"},{"@type":"WebSite","@id":"https:\/\/www.kichakatours.com\/es\/#website","url":"https:\/\/www.kichakatours.com\/es\/","name":"Kichaka Tours and Travel","description":"East Africa private safaris, tailor made Tours","inLanguage":"es-ES","publisher":{"@id":"https:\/\/www.kichakatours.com\/es\/#organization"}}]},"og:locale":"es_ES","og:site_name":"Kichaka Tours and Travel | East Africa private safaris, tailor made Tours","og:type":"article","og:title":"Aberdare National Park: A Scenic Kenya Wilderness Experience","og:description":"Unveil the wonders of Aberdare National Park, where rich biodiversity, scenic waterfalls, and mountain majesty create a truly unique Kenyan wilderness experience.","og:url":"https:\/\/www.kichakatours.com\/es\/destination\/aberdare-national-park\/","og:image":"https:\/\/www.kichakatours.com\/wp-content\/uploads\/2025\/04\/KichakaTours.jpg","og:image:secure_url":"https:\/\/www.kichakatours.com\/wp-content\/uploads\/2025\/04\/KichakaTours.jpg","og:image:width":1200,"og:image:height":531,"article:published_time":"2026-01-27T08:08:31+00:00","article:modified_time":"2026-04-22T12:43:01+00:00","article:publisher":"https:\/\/web.facebook.com\/toursafariskenya\/?_rdc=1&_rdr#","twitter:card":"summary_large_image","twitter:site":"@KichakaTours","twitter:title":"Aberdare National Park: A Scenic Kenya Wilderness Experience","twitter:description":"Unveil the wonders of Aberdare National Park, where rich biodiversity, scenic waterfalls, and mountain majesty create a truly unique Kenyan wilderness experience.","twitter:creator":"@KichakaTours","twitter:image":"https:\/\/www.kichakatours.com\/wp-content\/uploads\/2025\/04\/KichakaTours.jpg"},"aioseo_meta_data":{"post_id":"120","title":"Parque Nacional de Aberdare: Una experiencia \u00fanica en la naturaleza de Kenia","description":"Descubra las maravillas del Parque Nacional de Aberdare, donde la rica biodiversidad, las pintorescas cascadas y la majestuosidad de las monta\u00f1as crean una experiencia \u00fanica en la naturaleza keniana.","keywords":null,"keyphrases":{"focus":{"keyphrase":"Aberdare National Park","score":100,"analysis":{"keyphraseInTitle":{"score":9,"maxScore":9,"error":0},"keyphraseInDescription":{"score":9,"maxScore":9,"error":0},"keyphraseLength":{"score":9,"maxScore":9,"error":0,"length":3},"keyphraseInURL":{"score":5,"maxScore":5,"error":0},"keyphraseInIntroduction":{"score":9,"maxScore":9,"error":0},"keyphraseInSubHeadings":{"score":9,"maxScore":9,"error":0},"keyphraseInImageAlt":[],"keywordDensity":{"type":"best","score":9,"maxScore":9,"error":0}}},"additional":[]},"primary_term":null,"canonical_url":null,"og_title":null,"og_description":null,"og_object_type":"default","og_image_type":"default","og_image_url":null,"og_image_width":null,"og_image_height":null,"og_image_custom_url":null,"og_image_custom_fields":null,"og_video":"","og_custom_url":null,"og_article_section":null,"og_article_tags":null,"twitter_use_og":false,"twitter_card":"default","twitter_image_type":"default","twitter_image_url":null,"twitter_image_custom_url":null,"twitter_image_custom_fields":null,"twitter_title":null,"twitter_description":null,"schema":{"blockGraphs":[],"customGraphs":[],"default":{"data":{"Article":[],"Course":[],"Dataset":[],"FAQPage":[],"Movie":[],"Person":[],"Product":[],"ProductReview":[],"Car":[],"Recipe":[],"Service":[],"SoftwareApplication":[],"WebPage":[]},"graphName":"WebPage","isEnabled":true},"graphs":[]},"schema_type":"default","schema_type_options":null,"pillar_content":false,"robots_default":true,"robots_noindex":false,"robots_noarchive":false,"robots_nosnippet":false,"robots_nofollow":false,"robots_noimageindex":false,"robots_noodp":false,"robots_notranslate":false,"robots_max_snippet":"-1","robots_max_videopreview":"-1","robots_max_imagepreview":"large","priority":null,"frequency":"default","local_seo":null,"seo_analyzer_scan_date":"2026-04-22 13:52:37","breadcrumb_settings":null,"limit_modified_date":false,"reviewed_by":"0","open_ai":"{\"title\":{\"suggestions\":[],\"usage\":0},\"description\":{\"suggestions\":[],\"usage\":0}}","ai":{"faqs":[],"keyPoints":[],"schemas":[],"titles":["Discover Aberdare National Park: Kenya's Majestic Wildlife Sanctuary","Explore the Wonders of Aberdare National Park in Kenya","Aberdare National Park: A Scenic Kenya Wilderness Experience","Unveil Kenya's Hidden Gem: Aberdare National Park Tour Guide","Experience the Untamed Beauty of Aberdare National Park, Kenya"],"descriptions":["Discover Aberdare National Park, a scenic sanctuary in Kenya with diverse wildlife, majestic landscapes, and breathtaking mountain views\u2014an unforgettable safari destination.","Explore the secrets of Aberdare National Park, Kenya\u2019s natural treasure teeming with wildlife, diverse terrain, and stunning vistas\u2014perfect for adventure seekers.","Unveil the wonders of Aberdare National Park, where rich biodiversity, scenic waterfalls, and mountain majesty create a truly unique Kenyan wilderness experience.","Experience the allure of Aberdare National Park in Kenya, offering lush forests, rare bird species, and awe-inspiring mountain scenery for nature lovers.","Plan your visit to Aberdare National Park, Kenya\u2019s hidden gem with vibrant wildlife, scenic waterfalls, and panoramic mountain vistas\u2014nature\u2019s masterpiece."],"socialPosts":{"email":[],"linkedin":[],"twitter":[],"facebook":[],"instagram":[]}},"created":"2025-01-22 16:07:58","updated":"2026-04-22 13:53:54"},"aioseo_breadcrumb":"<div class=\"aioseo-breadcrumbs\"><span class=\"aioseo-breadcrumb\">\n\t<a href=\"https:\/\/www.kichakatours.com\/es\" title=\"Home\">Home<\/a>\n<\/span><span class=\"aioseo-breadcrumb-separator\">|<\/span><span class=\"aioseo-breadcrumb\">\n\t<a href=\"https:\/\/www.kichakatours.com\/es\/destination\/\" title=\"Destination\">Destination<\/a>\n<\/span><span class=\"aioseo-breadcrumb-separator\">|<\/span><span class=\"aioseo-breadcrumb\">\n\tAberdare national park\n<\/span><\/div>","aioseo_breadcrumb_json":[{"label":"Home","link":"https:\/\/www.kichakatours.com\/es"},{"label":"Destination","link":"https:\/\/www.kichakatours.com\/es\/destination\/"},{"label":"Aberdare national park","link":"https:\/\/www.kichakatours.com\/es\/destination\/aberdare-national-park\/"}],"_links":{"self":[{"href":"https:\/\/www.kichakatours.com\/es\/wp-json\/wp\/v2\/pages\/120","targetHints":{"allow":["GET"]}}],"collection":[{"href":"https:\/\/www.kichakatours.com\/es\/wp-json\/wp\/v2\/pages"}],"about":[{"href":"https:\/\/www.kichakatours.com\/es\/wp-json\/wp\/v2\/types\/page"}],"author":[{"embeddable":true,"href":"https:\/\/www.kichakatours.com\/es\/wp-json\/wp\/v2\/users\/1"}],"replies":[{"embeddable":true,"href":"https:\/\/www.kichakatours.com\/es\/wp-json\/wp\/v2\/comments?post=120"}],"version-history":[{"count":5,"href":"https:\/\/www.kichakatours.com\/es\/wp-json\/wp\/v2\/pages\/120\/revisions"}],"predecessor-version":[{"id":12467,"href":"https:\/\/www.kichakatours.com\/es\/wp-json\/wp\/v2\/pages\/120\/revisions\/12467"}],"up":[{"embeddable":true,"href":"https:\/\/www.kichakatours.com\/es\/wp-json\/wp\/v2\/pages\/4685"}],"wp:featuredmedia":[{"embeddable":true,"href":"https:\/\/www.kichakatours.com\/es\/wp-json\/wp\/v2\/media\/3712"}],"wp:attachment":[{"href":"https:\/\/www.kichakatours.com\/es\/wp-json\/wp\/v2\/media?parent=120"}],"curies":[{"name":"wp","href":"https:\/\/api.w.org\/{rel}","templated":true}]}}