{"id":12503,"date":"2026-05-09T11:52:48","date_gmt":"2026-05-09T08:52:48","guid":{"rendered":"https:\/\/www.kichakatours.com\/?page_id=12503"},"modified":"2026-05-09T11:52:56","modified_gmt":"2026-05-09T08:52:56","slug":"orfanato-de-elefantes-del-sheldrick-wildlife-trust","status":"publish","type":"page","link":"https:\/\/www.kichakatours.com\/es\/sheldrick-wildlife-trust-elephant-orphanage\/","title":{"rendered":"Orfanato de elefantes Sheldrick Wildlife Trust"},"content":{"rendered":"<p>El Sheldrick Wildlife Trust (SWT) no es solo otra atracci\u00f3n en Nairobi, sino una de las historias de \u00e9xito de conservaci\u00f3n m\u00e1s poderosas de Kenia, y visitarla deber\u00eda ser una prioridad en cualquier itinerario por Nairobi.<\/p>\n\n\n\n<p>Ubicado dentro del Parque Nacional de Nairobi, cerca de la Puerta Mbagathi (Puerta del Taller de KWS) a lo largo de Magadi Road, SWT es un santuario de renombre mundial que rescata, rehabilita y devuelve elefantes hu\u00e9rfanos y rinocerontes a la vida silvestre. En un momento en que la vida silvestre de \u00c1frica enfrenta una intensa presi\u00f3n por la p\u00e9rdida de h\u00e1bitat y la caza furtiva, el Trust ofrece una forma rara y tangible para que los visitantes apoyen directamente la conservaci\u00f3n significativa mientras presencian su impacto de cerca.<\/p>\n\n\n\n<p>Fundada en memoria del legendario conservacionista David Sheldrick, la Fundaci\u00f3n fue pionera en m\u00e9todos de rescate y rehabilitaci\u00f3n de elefantes que ahora se utilizan en toda \u00c1frica. Esto no es teor\u00eda, es un modelo de conservaci\u00f3n vivo y en funcionamiento que se puede ver en acci\u00f3n durante su famosa hora de visita p\u00fablica diaria. Durante una hora cuidadosamente administrada cada d\u00eda, los visitantes obtienen una ventana \u00edntima a las operaciones de la Fundaci\u00f3n: la alimentaci\u00f3n, el cuidado y la socializaci\u00f3n que brindan a estos animales una verdadera segunda oportunidad en la vida salvaje.<\/p>\n\n\n\n<p>En el coraz\u00f3n de SWT se encuentra la Guarder\u00eda de Nairobi, donde los elefantes m\u00e1s peque\u00f1os y vulnerables reciben cuidados las 24 horas del d\u00eda:<\/p>\n\n\n\n<p>\u2022 Se les alimenta con leche especialmente formulada cada pocas horas, adaptada a sus delicadas necesidades nutricionales.<br \/>\u2022 Son criados por cuidadores humanos dedicados que act\u00faan como padres sustitutos, brindando la seguridad emocional y la gu\u00eda social que los hu\u00e9rfanos traumatizados necesitan desesperadamente.<br \/>\u2022 Se preparan suavemente, con el tiempo, para su reintegraci\u00f3n en \u00e1reas silvestres protegidas, como el Parque Nacional Tsavo.<\/p>\n\n\n\n<p>Ver a estos j\u00f3venes elefantes jugar, revolcarse en el barro e interactuar con sus cuidadores es profundamente conmovedor y revelador. Cada cr\u00eda tiene una historia de p\u00e9rdida y rescate, y al escuchar estas narrativas, la conservaci\u00f3n deja de ser un concepto abstracto y se vuelve personal y real. Es precisamente por eso que una visita a SWT deja una impresi\u00f3n tan duradera, y por qu\u00e9 subraya tan persuasivamente la importancia de proteger la vida silvestre.<\/p>\n\n\n\n<p>Las razones pr\u00e1cticas hacen que la visita sea igual de atractiva. La ubicaci\u00f3n del vivero es extremadamente conveniente:<br \/>\u2022 A unos 30\u201345 minutos en coche del distrito central de negocios (CBD) de Nairobi.<br \/>\u2022 A solo 10-15 minutos de atracciones populares en Karen, como el Centro de Jirafas y el Museo Karen Blixen.<\/p>\n\n\n\n<p>Esto hace que SWT sea una adici\u00f3n f\u00e1cil y l\u00f3gica a tus planes en Nairobi, especialmente si quieres un d\u00eda que combine m\u00faltiples experiencias ic\u00f3nicas.<\/p>\n\n\n\n<p>Las horas de visita de la Fundaci\u00f3n est\u00e1n estrictamente estructuradas para proteger la rutina de los elefantes, al tiempo que ofrecen una rica experiencia para los visitantes:<br \/>\u2022 La visita p\u00fablica se lleva a cabo diariamente de 11:00 a.m. a 12:00 del mediod\u00eda, excepto el 25 de diciembre, d\u00eda en que est\u00e1 cerrado.<br \/>\u2022 Debe planificar llegar entre las 10:30 AM y las 10:45 AM; una vez que comience la sesi\u00f3n, los que lleguen tarde no ser\u00e1n admitidos y no se extender\u00e1 la hora.<\/p>\n\n\n\n<p>Dentro de esa \u00fanica hora, ves exactamente por qu\u00e9 SWT es tan importante: elefantes recibiendo biberones, cr\u00edas chapoteando alegremente en ba\u00f1os de lodo y cuidadores compartiendo historias de primera mano sobre rescate, recuperaci\u00f3n y liberaci\u00f3n. El apretado horario no es una limitaci\u00f3n; es una garant\u00eda de que el bienestar de los elefantes es lo primero, lo que a su vez significa que tu visita apoya el turismo de vida silvestre responsable y \u00e9tico.<\/p>\n\n\n\n<h2 class=\"wp-block-heading\">Donaciones de entrada <\/h2>\n\n\n\n<p>\u2022 Visitantes internacionales (mayores de 12 a\u00f1os): un m\u00ednimo de 20 d\u00f3lares estadounidenses por persona, a pagar en efectivo a la llegada.<br \/>\u2022 Residentes kenianos (mayores de 12 a\u00f1os): 2.000 KSh con prueba de residencia.<br \/>\u2022 Ni\u00f1os extranjeros menores de 12 a\u00f1os: US$5.<br \/>\u2022 Ni\u00f1os residentes en Kenia: KSh 500 con comprobante de residencia.<\/p>\n\n\n\n<p>Esta es una forma inusualmente transparente de gastar su dinero de viaje: sabe exactamente que su contribuci\u00f3n est\u00e1 sosteniendo las operaciones vitales del vivero. No es una \u201ctarifa tur\u00edstica\u201d adicional; es participaci\u00f3n en la conservaci\u00f3n.<\/p>\n\n\n\n<p>Es importante tener en cuenta que la donaci\u00f3n de SWT cubre \u00fanicamente el vivero. El acceso al vivero a trav\u00e9s de la Puerta de Mbagathi requiere tarifas de entrada separadas al Parque Nacional de Nairobi, que deben pagarse al Servicio de Vida Silvestre de Kenia:<\/p>\n\n\n\n<p>Para ciudadanos kenianos \/ residentes de \u00c1frica Oriental:<br \/>\u2022 Adultos: KSh 1.000<br \/>\u2022 Ni\u00f1os (3\u201318 a\u00f1os): KSh 500<\/p>\n\n\n\n<p>Para visitantes internacionales (no residentes):<br \/>\u2022 Adultos: US$80<br \/>\u2022 Ni\u00f1os\/Estudiantes: US$40<\/p>\n\n\n\n<p>Dado que ya habr\u00e1 pagado para entrar al parque, tiene mucho sentido convertir su visita en una experiencia completa de vida silvestre a\u00f1adiendo un paseo en veh\u00edculo de safari en <a href=\"https:\/\/www.kichakatours.com\/destination\/ol-pejeta-conservancy\/\" target=\"_blank\" rel=\"noopener\" title=\"\">Parque Nacional de Nairobi<\/a>. Este es uno de los parques urbanos adyacentes m\u00e1s extraordinarios del mundo, con la posibilidad de ver rinocerontes, leones, jirafas, cebras, b\u00fafalos, leopardos y m\u00e1s, lo que le ha valido a Nairobi su t\u00edtulo de \u201cCapital Mundial de la Vida Silvestre\u201d. Combinar el SWT con un safari transforma una sola salida en una inmersi\u00f3n poderosa y de d\u00eda completo en la vida silvestre y la conservaci\u00f3n de Kenia.<\/p>\n\n\n\n<p>En resumen, visitar el Sheldrick Wildlife Trust es una de las formas m\u00e1s convincentes de hacer que tu tiempo en Nairobi sea significativo. No solo est\u00e1s haciendo turismo; est\u00e1s apoyando directamente una iniciativa de conservaci\u00f3n probada y l\u00edder a nivel mundial, aprendiendo las realidades detr\u00e1s de la protecci\u00f3n de la vida silvestre y presenciando c\u00f3mo los animales individuales tienen una oportunidad real de regresar a la naturaleza. Para cualquiera que se preocupe por la naturaleza, o que simplemente desee una experiencia verdaderamente inolvidable, el orfanato de elefantes de SWT es una parada esencial. <a href=\"https:\/\/www.kichakatours.com\/sheldrick-wildlife-trust-a-guide-to-nairobis-famous-elephant-orphanage\/\" target=\"_blank\" rel=\"noopener\" title=\"\">M\u00e1s lectura<\/a><\/p>\n\n\n\n<p><\/p>","protected":false},"excerpt":{"rendered":"<p>The Sheldrick Wildlife Trust (SWT) is not just another attraction in Nairobi\u2014it is one of Kenya\u2019s most powerful conservation success stories, and visiting it should be a priority on any Nairobi itinerary. Located inside Nairobi National Park near Mbagathi Gate<\/p>\n<div class=\"padding-top text-center\"><a href=\"https:\/\/www.kichakatours.com\/es\/sheldrick-wildlife-trust-elephant-orphanage\/\" class=\"atbtn atbtn--medium atbtn--rounded atbtn--transparent\">Seguir leyendo<i class=\"atbtn__icon atbtn__icon--right fa fa-long-arrow-right\"><\/i><\/a><\/div>","protected":false},"author":3,"featured_media":12504,"parent":0,"menu_order":0,"comment_status":"closed","ping_status":"closed","template":"","meta":{"om_disable_all_campaigns":false,"_monsterinsights_skip_tracking":false,"_monsterinsights_sitenote_active":false,"_monsterinsights_sitenote_note":"","_monsterinsights_sitenote_category":0,"_uf_show_specific_survey":0,"_uf_disable_surveys":false,"footnotes":""},"class_list":["post-12503","page","type-page","status-publish","has-post-thumbnail","hentry"],"aioseo_notices":[],"aioseo_head":"\n\t\t<!-- All in One SEO Pro 4.9.6.2 - aioseo.com -->\n\t<meta name=\"description\" content=\"Make your Nairobi visit meaningful by exploring Sheldrick Wildlife Trust\u2019s elephant orphanage. Support conservation and witness heartwarming rescue stories.\" \/>\n\t<meta name=\"robots\" content=\"max-image-preview:large\" \/>\n\t<meta name=\"msvalidate.01\" content=\"9F9C035D44B58EC24714371E3FB5B040\" \/>\n\t<meta name=\"yandex-verification\" content=\"b945a4b884f39739\" \/>\n\t<link rel=\"canonical\" href=\"https:\/\/www.kichakatours.com\/es\/sheldrick-wildlife-trust-elephant-orphanage\/\" \/>\n\t<meta name=\"generator\" content=\"All in One SEO Pro (AIOSEO) 4.9.6.2\" \/>\n\t\t<meta property=\"og:locale\" content=\"es_ES\" \/>\n\t\t<meta property=\"og:site_name\" content=\"Kichaka Tours and Travel | East Africa private safaris, tailor made Tours\" \/>\n\t\t<meta property=\"og:type\" content=\"article\" \/>\n\t\t<meta property=\"og:title\" content=\"Sheldrick Wildlife Trust Elephant orphanage\" \/>\n\t\t<meta property=\"og:description\" content=\"Make your Nairobi visit meaningful by exploring Sheldrick Wildlife Trust\u2019s elephant orphanage. Support conservation and witness heartwarming rescue stories.\" \/>\n\t\t<meta property=\"og:url\" content=\"https:\/\/www.kichakatours.com\/es\/sheldrick-wildlife-trust-elephant-orphanage\/\" \/>\n\t\t<meta property=\"og:image\" content=\"https:\/\/www.kichakatours.com\/wp-content\/uploads\/2025\/04\/KichakaTours.jpg\" \/>\n\t\t<meta property=\"og:image:secure_url\" content=\"https:\/\/www.kichakatours.com\/wp-content\/uploads\/2025\/04\/KichakaTours.jpg\" \/>\n\t\t<meta property=\"og:image:width\" content=\"1200\" \/>\n\t\t<meta property=\"og:image:height\" content=\"531\" \/>\n\t\t<meta property=\"article:published_time\" content=\"2026-05-09T08:52:48+00:00\" \/>\n\t\t<meta property=\"article:modified_time\" content=\"2026-05-09T08:52:56+00:00\" \/>\n\t\t<meta property=\"article:publisher\" content=\"https:\/\/web.facebook.com\/toursafariskenya\/?_rdc=1&amp;_rdr#\" \/>\n\t\t<meta property=\"article:author\" content=\"https:\/\/www.facebook.com\/toursafariskenya\/\" \/>\n\t\t<meta name=\"twitter:card\" content=\"summary_large_image\" \/>\n\t\t<meta name=\"twitter:site\" content=\"@KichakaTours\" \/>\n\t\t<meta name=\"twitter:title\" content=\"Sheldrick Wildlife Trust Elephant orphanage\" \/>\n\t\t<meta name=\"twitter:description\" content=\"Make your Nairobi visit meaningful by exploring Sheldrick Wildlife Trust\u2019s elephant orphanage. Support conservation and witness heartwarming rescue stories.\" \/>\n\t\t<meta name=\"twitter:creator\" content=\"@KichakaTours\" \/>\n\t\t<meta name=\"twitter:image\" content=\"https:\/\/www.kichakatours.com\/wp-content\/uploads\/2025\/04\/KichakaTours.jpg\" \/>\n\t\t<script type=\"application\/ld+json\" class=\"aioseo-schema\">\n\t\t\t{\"@context\":\"https:\\\/\\\/schema.org\",\"@graph\":[{\"@type\":\"BreadcrumbList\",\"@id\":\"https:\\\/\\\/www.kichakatours.com\\\/es\\\/sheldrick-wildlife-trust-elephant-orphanage\\\/#breadcrumblist\",\"itemListElement\":[{\"@type\":\"ListItem\",\"@id\":\"https:\\\/\\\/www.kichakatours.com\\\/es#listItem\",\"position\":1,\"name\":\"Home\",\"item\":\"https:\\\/\\\/www.kichakatours.com\\\/es\",\"nextItem\":{\"@type\":\"ListItem\",\"@id\":\"https:\\\/\\\/www.kichakatours.com\\\/es\\\/sheldrick-wildlife-trust-elephant-orphanage\\\/#listItem\",\"name\":\"Sheldrick Wildlife Trust Elephant orphanage\"}},{\"@type\":\"ListItem\",\"@id\":\"https:\\\/\\\/www.kichakatours.com\\\/es\\\/sheldrick-wildlife-trust-elephant-orphanage\\\/#listItem\",\"position\":2,\"name\":\"Sheldrick Wildlife Trust Elephant orphanage\",\"previousItem\":{\"@type\":\"ListItem\",\"@id\":\"https:\\\/\\\/www.kichakatours.com\\\/es#listItem\",\"name\":\"Home\"}}]},{\"@type\":\"Organization\",\"@id\":\"https:\\\/\\\/www.kichakatours.com\\\/es\\\/#organization\",\"name\":\"Kichaka Tours and Travel\",\"description\":\"East Africa private safaris, tailor made Tours\",\"url\":\"https:\\\/\\\/www.kichakatours.com\\\/es\\\/\",\"email\":\"info@kichakatours.com\",\"telephone\":\"+254791800525\",\"foundingDate\":\"2016-04-01\",\"numberOfEmployees\":{\"@type\":\"QuantitativeValue\",\"minValue\":0,\"maxValue\":7},\"logo\":{\"@type\":\"ImageObject\",\"url\":\"https:\\\/\\\/www.kichakatours.com\\\/wp-content\\\/uploads\\\/2025\\\/01\\\/Logo.jpg-8-2.jpg\",\"@id\":\"https:\\\/\\\/www.kichakatours.com\\\/es\\\/sheldrick-wildlife-trust-elephant-orphanage\\\/#organizationLogo\",\"width\":131,\"height\":109,\"caption\":\"A stylized logo featuring two green leaves within a black oval outline.\"},\"image\":{\"@id\":\"https:\\\/\\\/www.kichakatours.com\\\/es\\\/sheldrick-wildlife-trust-elephant-orphanage\\\/#organizationLogo\"},\"sameAs\":[\"https:\\\/\\\/web.facebook.com\\\/toursafariskenya\\\/?_rdc=1&_rdr#\",\"https:\\\/\\\/x.com\\\/KichakaTours\",\"https:\\\/\\\/www.instagram.com\\\/KichakaTours\",\"https:\\\/\\\/www.linkedin.com\\\/in\\\/kichaka-tours-and-travel\\\/\"],\"address\":{\"@id\":\"https:\\\/\\\/www.kichakatours.com\\\/es\\\/#postaladdress\",\"@type\":\"PostalAddress\",\"streetAddress\":\"54936,\",\"postalCode\":\"00200\",\"addressLocality\":\"Nairobi\",\"addressRegion\":\"Kenya\",\"addressCountry\":\"KE\"}},{\"@type\":\"WebPage\",\"@id\":\"https:\\\/\\\/www.kichakatours.com\\\/es\\\/sheldrick-wildlife-trust-elephant-orphanage\\\/#webpage\",\"url\":\"https:\\\/\\\/www.kichakatours.com\\\/es\\\/sheldrick-wildlife-trust-elephant-orphanage\\\/\",\"name\":\"Sheldrick Wildlife Trust Elephant orphanage\",\"description\":\"Make your Nairobi visit meaningful by exploring Sheldrick Wildlife Trust\\u2019s elephant orphanage. Support conservation and witness heartwarming rescue stories.\",\"inLanguage\":\"es-ES\",\"isPartOf\":{\"@id\":\"https:\\\/\\\/www.kichakatours.com\\\/es\\\/#website\"},\"breadcrumb\":{\"@id\":\"https:\\\/\\\/www.kichakatours.com\\\/es\\\/sheldrick-wildlife-trust-elephant-orphanage\\\/#breadcrumblist\"},\"image\":{\"@type\":\"ImageObject\",\"url\":\"https:\\\/\\\/www.kichakatours.com\\\/wp-content\\\/uploads\\\/2026\\\/05\\\/elephant-orphanage.jpg\",\"@id\":\"https:\\\/\\\/www.kichakatours.com\\\/es\\\/sheldrick-wildlife-trust-elephant-orphanage\\\/#mainImage\",\"width\":1920,\"height\":1080},\"primaryImageOfPage\":{\"@id\":\"https:\\\/\\\/www.kichakatours.com\\\/es\\\/sheldrick-wildlife-trust-elephant-orphanage\\\/#mainImage\"},\"datePublished\":\"2026-05-09T11:52:48+03:00\",\"dateModified\":\"2026-05-09T11:52:56+03:00\"},{\"@type\":\"WebSite\",\"@id\":\"https:\\\/\\\/www.kichakatours.com\\\/es\\\/#website\",\"url\":\"https:\\\/\\\/www.kichakatours.com\\\/es\\\/\",\"name\":\"Kichaka Tours and Travel\",\"description\":\"East Africa private safaris, tailor made Tours\",\"inLanguage\":\"es-ES\",\"publisher\":{\"@id\":\"https:\\\/\\\/www.kichakatours.com\\\/es\\\/#organization\"}}]}\n\t\t<\/script>\n\t\t<!-- All in One SEO Pro -->\r\n\t\t<title>Sheldrick Wildlife Trust Elephant orphanage<\/title>\n\n","aioseo_head_json":{"title":"Orfanato de elefantes Sheldrick Wildlife Trust","description":"Haga que su visita a Nairobi sea significativa explorando el orfanato de elefantes de Sheldrick Wildlife Trust. Apoye la conservaci\u00f3n y sea testigo de conmovedoras historias de rescate.","canonical_url":"https:\/\/www.kichakatours.com\/es\/sheldrick-wildlife-trust-elephant-orphanage\/","robots":"max-image-preview:large","keywords":"","webmasterTools":{"msvalidate.01":"9F9C035D44B58EC24714371E3FB5B040","yandex-verification":"b945a4b884f39739","miscellaneous":""},"schema":{"@context":"https:\/\/schema.org","@graph":[{"@type":"BreadcrumbList","@id":"https:\/\/www.kichakatours.com\/es\/sheldrick-wildlife-trust-elephant-orphanage\/#breadcrumblist","itemListElement":[{"@type":"ListItem","@id":"https:\/\/www.kichakatours.com\/es#listItem","position":1,"name":"Home","item":"https:\/\/www.kichakatours.com\/es","nextItem":{"@type":"ListItem","@id":"https:\/\/www.kichakatours.com\/es\/sheldrick-wildlife-trust-elephant-orphanage\/#listItem","name":"Sheldrick Wildlife Trust Elephant orphanage"}},{"@type":"ListItem","@id":"https:\/\/www.kichakatours.com\/es\/sheldrick-wildlife-trust-elephant-orphanage\/#listItem","position":2,"name":"Sheldrick Wildlife Trust Elephant orphanage","previousItem":{"@type":"ListItem","@id":"https:\/\/www.kichakatours.com\/es#listItem","name":"Home"}}]},{"@type":"Organization","@id":"https:\/\/www.kichakatours.com\/es\/#organization","name":"Kichaka Tours and Travel","description":"East Africa private safaris, tailor made Tours","url":"https:\/\/www.kichakatours.com\/es\/","email":"info@kichakatours.com","telephone":"+254791800525","foundingDate":"2016-04-01","numberOfEmployees":{"@type":"QuantitativeValue","minValue":0,"maxValue":7},"logo":{"@type":"ImageObject","url":"https:\/\/www.kichakatours.com\/wp-content\/uploads\/2025\/01\/Logo.jpg-8-2.jpg","@id":"https:\/\/www.kichakatours.com\/es\/sheldrick-wildlife-trust-elephant-orphanage\/#organizationLogo","width":131,"height":109,"caption":"A stylized logo featuring two green leaves within a black oval outline."},"image":{"@id":"https:\/\/www.kichakatours.com\/es\/sheldrick-wildlife-trust-elephant-orphanage\/#organizationLogo"},"sameAs":["https:\/\/web.facebook.com\/toursafariskenya\/?_rdc=1&_rdr#","https:\/\/x.com\/KichakaTours","https:\/\/www.instagram.com\/KichakaTours","https:\/\/www.linkedin.com\/in\/kichaka-tours-and-travel\/"],"address":{"@id":"https:\/\/www.kichakatours.com\/es\/#postaladdress","@type":"PostalAddress","streetAddress":"54936,","postalCode":"00200","addressLocality":"Nairobi","addressRegion":"Kenya","addressCountry":"KE"}},{"@type":"WebPage","@id":"https:\/\/www.kichakatours.com\/es\/sheldrick-wildlife-trust-elephant-orphanage\/#webpage","url":"https:\/\/www.kichakatours.com\/es\/sheldrick-wildlife-trust-elephant-orphanage\/","name":"Sheldrick Wildlife Trust Elephant orphanage","description":"Make your Nairobi visit meaningful by exploring Sheldrick Wildlife Trust\u2019s elephant orphanage. Support conservation and witness heartwarming rescue stories.","inLanguage":"es-ES","isPartOf":{"@id":"https:\/\/www.kichakatours.com\/es\/#website"},"breadcrumb":{"@id":"https:\/\/www.kichakatours.com\/es\/sheldrick-wildlife-trust-elephant-orphanage\/#breadcrumblist"},"image":{"@type":"ImageObject","url":"https:\/\/www.kichakatours.com\/wp-content\/uploads\/2026\/05\/elephant-orphanage.jpg","@id":"https:\/\/www.kichakatours.com\/es\/sheldrick-wildlife-trust-elephant-orphanage\/#mainImage","width":1920,"height":1080},"primaryImageOfPage":{"@id":"https:\/\/www.kichakatours.com\/es\/sheldrick-wildlife-trust-elephant-orphanage\/#mainImage"},"datePublished":"2026-05-09T11:52:48+03:00","dateModified":"2026-05-09T11:52:56+03:00"},{"@type":"WebSite","@id":"https:\/\/www.kichakatours.com\/es\/#website","url":"https:\/\/www.kichakatours.com\/es\/","name":"Kichaka Tours and Travel","description":"East Africa private safaris, tailor made Tours","inLanguage":"es-ES","publisher":{"@id":"https:\/\/www.kichakatours.com\/es\/#organization"}}]},"og:locale":"es_ES","og:site_name":"Kichaka Tours and Travel | East Africa private safaris, tailor made Tours","og:type":"article","og:title":"Sheldrick Wildlife Trust Elephant orphanage","og:description":"Make your Nairobi visit meaningful by exploring Sheldrick Wildlife Trust\u2019s elephant orphanage. Support conservation and witness heartwarming rescue stories.","og:url":"https:\/\/www.kichakatours.com\/es\/sheldrick-wildlife-trust-elephant-orphanage\/","og:image":"https:\/\/www.kichakatours.com\/wp-content\/uploads\/2025\/04\/KichakaTours.jpg","og:image:secure_url":"https:\/\/www.kichakatours.com\/wp-content\/uploads\/2025\/04\/KichakaTours.jpg","og:image:width":1200,"og:image:height":531,"article:published_time":"2026-05-09T08:52:48+00:00","article:modified_time":"2026-05-09T08:52:56+00:00","article:publisher":"https:\/\/web.facebook.com\/toursafariskenya\/?_rdc=1&_rdr#","article:author":"https:\/\/www.facebook.com\/toursafariskenya\/","twitter:card":"summary_large_image","twitter:site":"@KichakaTours","twitter:title":"Sheldrick Wildlife Trust Elephant orphanage","twitter:description":"Make your Nairobi visit meaningful by exploring Sheldrick Wildlife Trust\u2019s elephant orphanage. Support conservation and witness heartwarming rescue stories.","twitter:creator":"@KichakaTours","twitter:image":"https:\/\/www.kichakatours.com\/wp-content\/uploads\/2025\/04\/KichakaTours.jpg"},"aioseo_meta_data":{"post_id":"12503","title":"#post_title","description":"Haga que su visita a Nairobi sea significativa explorando el orfanato de elefantes de Sheldrick Wildlife Trust. Apoye la conservaci\u00f3n y sea testigo de conmovedoras historias de rescate.","keywords":null,"keyphrases":{"focus":{"keyphrase":"Elephant","score":80,"analysis":{"keyphraseInTitle":{"score":9,"maxScore":9,"error":0},"keyphraseInDescription":{"score":9,"maxScore":9,"error":0},"keyphraseLength":{"score":9,"maxScore":9,"error":0,"length":1},"keyphraseInURL":{"score":5,"maxScore":5,"error":0},"keyphraseInIntroduction":{"score":3,"maxScore":9,"error":1},"keyphraseInSubHeadings":{"score":3,"maxScore":9,"error":1},"keyphraseInImageAlt":[],"keywordDensity":{"type":"best","score":9,"maxScore":9,"error":0}}},"additional":[]},"primary_term":null,"canonical_url":null,"og_title":null,"og_description":null,"og_object_type":"default","og_image_type":"default","og_image_url":null,"og_image_width":null,"og_image_height":null,"og_image_custom_url":null,"og_image_custom_fields":null,"og_video":"","og_custom_url":null,"og_article_section":null,"og_article_tags":null,"twitter_use_og":false,"twitter_card":"default","twitter_image_type":"default","twitter_image_url":null,"twitter_image_custom_url":null,"twitter_image_custom_fields":null,"twitter_title":null,"twitter_description":null,"schema":{"blockGraphs":[],"customGraphs":[],"default":{"data":{"Article":[],"Course":[],"Dataset":[],"FAQPage":[],"Movie":[],"Person":[],"Product":[],"ProductReview":[],"Car":[],"Recipe":[],"Service":[],"SoftwareApplication":[],"WebPage":[]},"graphName":"WebPage","isEnabled":true},"graphs":[]},"schema_type":"default","schema_type_options":null,"pillar_content":false,"robots_default":true,"robots_noindex":false,"robots_noarchive":false,"robots_nosnippet":false,"robots_nofollow":false,"robots_noimageindex":false,"robots_noodp":false,"robots_notranslate":false,"robots_max_snippet":"-1","robots_max_videopreview":"-1","robots_max_imagepreview":"large","priority":null,"frequency":"default","local_seo":null,"seo_analyzer_scan_date":"2026-05-09 09:56:57","breadcrumb_settings":null,"limit_modified_date":false,"reviewed_by":"0","open_ai":null,"ai":{"faqs":[],"keyPoints":[],"schemas":[],"titles":[],"descriptions":["Discover Kenya\u2019s inspiring conservation success at Sheldrick Wildlife Trust in Nairobi. Support rescue efforts and witness elephants\u2019 remarkable journey to the wild.","Visit Sheldrick Wildlife Trust in Nairobi for an up-close look at elephant rescue and rehabilitation. A must-see for wildlife lovers and eco-conscious travelers.","Experience the emotional connection of wildlife conservation at Sheldrick Trust in Nairobi. See orphaned elephants thriving and learn about vital protection efforts.","Make your Nairobi visit meaningful by exploring Sheldrick Wildlife Trust\u2019s elephant orphanage. Support conservation and witness heartwarming rescue stories.","Join a unique conservation experience at Sheldrick Wildlife Trust in Nairobi\u2014help endangered elephants while learning how they are saved and released into the wild."],"socialPosts":{"email":[],"linkedin":[],"twitter":[],"facebook":[],"instagram":[]}},"created":"2026-05-09 08:22:17","updated":"2026-05-09 09:56:58"},"aioseo_breadcrumb":"<div class=\"aioseo-breadcrumbs\"><span class=\"aioseo-breadcrumb\">\n\t<a href=\"https:\/\/www.kichakatours.com\/es\" title=\"Home\">Home<\/a>\n<\/span><span class=\"aioseo-breadcrumb-separator\">|<\/span><span class=\"aioseo-breadcrumb\">\n\tSheldrick Wildlife Trust Elephant orphanage\n<\/span><\/div>","aioseo_breadcrumb_json":[{"label":"Home","link":"https:\/\/www.kichakatours.com\/es"},{"label":"Sheldrick Wildlife Trust Elephant orphanage","link":"https:\/\/www.kichakatours.com\/es\/sheldrick-wildlife-trust-elephant-orphanage\/"}],"_links":{"self":[{"href":"https:\/\/www.kichakatours.com\/es\/wp-json\/wp\/v2\/pages\/12503","targetHints":{"allow":["GET"]}}],"collection":[{"href":"https:\/\/www.kichakatours.com\/es\/wp-json\/wp\/v2\/pages"}],"about":[{"href":"https:\/\/www.kichakatours.com\/es\/wp-json\/wp\/v2\/types\/page"}],"author":[{"embeddable":true,"href":"https:\/\/www.kichakatours.com\/es\/wp-json\/wp\/v2\/users\/3"}],"replies":[{"embeddable":true,"href":"https:\/\/www.kichakatours.com\/es\/wp-json\/wp\/v2\/comments?post=12503"}],"version-history":[{"count":1,"href":"https:\/\/www.kichakatours.com\/es\/wp-json\/wp\/v2\/pages\/12503\/revisions"}],"predecessor-version":[{"id":12505,"href":"https:\/\/www.kichakatours.com\/es\/wp-json\/wp\/v2\/pages\/12503\/revisions\/12505"}],"wp:featuredmedia":[{"embeddable":true,"href":"https:\/\/www.kichakatours.com\/es\/wp-json\/wp\/v2\/media\/12504"}],"wp:attachment":[{"href":"https:\/\/www.kichakatours.com\/es\/wp-json\/wp\/v2\/media?parent=12503"}],"curies":[{"name":"wp","href":"https:\/\/api.w.org\/{rel}","templated":true}]}}