{"id":2285,"date":"2025-03-29T13:33:37","date_gmt":"2025-03-29T10:33:37","guid":{"rendered":"https:\/\/www.kichakatours.co.ke\/?page_id=2285"},"modified":"2025-11-12T10:56:36","modified_gmt":"2025-11-12T07:56:36","slug":"nuestros-logros","status":"publish","type":"page","link":"https:\/\/www.kichakatours.com\/es\/about-us\/our-achievement\/","title":{"rendered":"Nuestros logros"},"content":{"rendered":"<p>Kichaka Tours and Travel es una agencia de viajes de primera categor\u00eda dedicada a proporcionar un servicio inigualable y experiencias inolvidables a nuestros clientes. Con un firme compromiso con la excelencia, nos hemos establecido como un nombre de confianza en el sector de los viajes. Nuestra dedicaci\u00f3n a la calidad se refleja en los elogiosos comentarios de clientes satisfechos en plataformas como Tripadvisor y Safari Bookings. Estos comentarios positivos y constantes nos han hecho merecedores del prestigioso Certificado de Excelencia de TripAdvisor a\u00f1o tras a\u00f1o, testimonio de nuestra inquebrantable b\u00fasqueda de la satisfacci\u00f3n del cliente. Nos comprometemos a mantener este alto nivel ofreciendo continuamente servicios excepcionales.<\/p>\n<p><img decoding=\"async\" class=\"alignnone wp-image-3368\" src=\"https:\/\/www.kichakatours.com\/wp-content\/uploads\/2020\/09\/our-achievement-2.jpg\" alt=\"Tripadvisor\" width=\"283\" height=\"226\" \/>\u00a0 \u00a0 \u00a0 <img decoding=\"async\" class=\"alignnone wp-image-3367 size-full\" src=\"https:\/\/www.kichakatours.com\/wp-content\/uploads\/2020\/09\/our-achievement-1.jpg\" alt=\"Tripadvisor\" width=\"300\" height=\"225\" \/><\/p>\n<div style=\"text-align: left;\"><img decoding=\"async\" class=\"alignnone size-medium wp-image-3785\" src=\"https:\/\/www.kichakatours.com\/wp-content\/uploads\/2020\/11\/TC_2020_L_GREEN_BG_RGB-255x300.png\" alt=\"Tripadvisor\" width=\"255\" height=\"300\" srcset=\"https:\/\/www.kichakatours.com\/wp-content\/uploads\/2020\/11\/TC_2020_L_GREEN_BG_RGB-255x300.png 255w, https:\/\/www.kichakatours.com\/wp-content\/uploads\/2020\/11\/TC_2020_L_GREEN_BG_RGB-600x705.png 600w, https:\/\/www.kichakatours.com\/wp-content\/uploads\/2020\/11\/TC_2020_L_GREEN_BG_RGB.png 766w\" sizes=\"(max-width: 255px) 100vw, 255px\" \/>\u00a0 \u00a0 \u00a0 \u00a0 \u00a0 \u00a0 \u00a0 \u00a0 \u00a0 \u00a0 <img decoding=\"async\" class=\"alignnone size-full wp-image-9675\" src=\"https:\/\/www.kichakatours.com\/wp-content\/uploads\/2024\/09\/Tripadvisor.png\" alt=\"Logotipo del premio Travelers&#039; Choice 2023 con un b\u00faho dentro de una corona de laurel con el nombre de TripAdvisor.\" width=\"100\" height=\"151\" \/>\u00a0 \u00a0 \u00a0 \u00a0<img decoding=\"async\" class=\"alignnone size-full wp-image-9676\" src=\"https:\/\/www.kichakatours.com\/wp-content\/uploads\/2024\/09\/Tripadvisor_2024_L.png\" alt=\"Logotipo de los premios Travelers&#039; Choice de Tripadvisor con un b\u00faho en un c\u00edrculo rodeado de laureles y el a\u00f1o 2024 debajo.\" width=\"200\" height=\"220\" \/><\/div>","protected":false},"excerpt":{"rendered":"<p>Kichaka Tours and Travel is a premier travel agency dedicated to providing unparalleled service and unforgettable experiences for our clients. With a firm commitment to excellence, we have established ourselves as a trusted name in the travel industry. Our dedication<\/p>\n<div class=\"padding-top text-center\"><a href=\"https:\/\/www.kichakatours.com\/es\/about-us\/our-achievement\/\" class=\"atbtn atbtn--medium atbtn--rounded atbtn--transparent\">Seguir leyendo<i class=\"atbtn__icon atbtn__icon--right fa fa-long-arrow-right\"><\/i><\/a><\/div>","protected":false},"author":3,"featured_media":5676,"parent":1831,"menu_order":0,"comment_status":"closed","ping_status":"closed","template":"","meta":{"om_disable_all_campaigns":false,"_monsterinsights_skip_tracking":false,"_monsterinsights_sitenote_active":false,"_monsterinsights_sitenote_note":"","_monsterinsights_sitenote_category":0,"_uf_show_specific_survey":0,"_uf_disable_surveys":false,"footnotes":""},"class_list":["post-2285","page","type-page","status-publish","has-post-thumbnail","hentry"],"aioseo_notices":[],"aioseo_head":"\n\t\t<!-- All in One SEO Pro 4.9.6.2 - aioseo.com -->\n\t<meta name=\"description\" content=\"Our achievement include earning the prestigious TripAdvisor Certificate of Excellence year after year, a testament to our pursuit of customer satisfaction.\" \/>\n\t<meta name=\"robots\" content=\"max-image-preview:large\" \/>\n\t<meta name=\"msvalidate.01\" content=\"9F9C035D44B58EC24714371E3FB5B040\" \/>\n\t<meta name=\"yandex-verification\" content=\"b945a4b884f39739\" \/>\n\t<link rel=\"canonical\" href=\"https:\/\/www.kichakatours.com\/es\/about-us\/our-achievement\/\" \/>\n\t<meta name=\"generator\" content=\"All in One SEO Pro (AIOSEO) 4.9.6.2\" \/>\n\t\t<meta property=\"og:locale\" content=\"es_ES\" \/>\n\t\t<meta property=\"og:site_name\" content=\"Kichaka Tours and Travel | East Africa private safaris, tailor made Tours\" \/>\n\t\t<meta property=\"og:type\" content=\"article\" \/>\n\t\t<meta property=\"og:title\" content=\"Our Achievement: A Proud Record of Customer Satisfaction\" \/>\n\t\t<meta property=\"og:description\" content=\"Our achievement include earning the prestigious TripAdvisor Certificate of Excellence year after year, a testament to our pursuit of customer satisfaction.\" \/>\n\t\t<meta property=\"og:url\" content=\"https:\/\/www.kichakatours.com\/es\/about-us\/our-achievement\/\" \/>\n\t\t<meta property=\"og:image\" content=\"https:\/\/www.kichakatours.com\/wp-content\/uploads\/2025\/04\/KichakaTours.jpg\" \/>\n\t\t<meta property=\"og:image:secure_url\" content=\"https:\/\/www.kichakatours.com\/wp-content\/uploads\/2025\/04\/KichakaTours.jpg\" \/>\n\t\t<meta property=\"og:image:width\" content=\"1200\" \/>\n\t\t<meta property=\"og:image:height\" content=\"531\" \/>\n\t\t<meta property=\"article:published_time\" content=\"2025-03-29T10:33:37+00:00\" \/>\n\t\t<meta property=\"article:modified_time\" content=\"2025-11-12T07:56:36+00:00\" \/>\n\t\t<meta property=\"article:publisher\" content=\"https:\/\/web.facebook.com\/toursafariskenya\/?_rdc=1&amp;_rdr#\" \/>\n\t\t<meta property=\"article:author\" content=\"https:\/\/www.facebook.com\/toursafariskenya\/\" \/>\n\t\t<meta name=\"twitter:card\" content=\"summary_large_image\" \/>\n\t\t<meta name=\"twitter:site\" content=\"@KichakaTours\" \/>\n\t\t<meta name=\"twitter:title\" content=\"Our Achievement: A Proud Record of Customer Satisfaction\" \/>\n\t\t<meta name=\"twitter:description\" content=\"Our achievement include earning the prestigious TripAdvisor Certificate of Excellence year after year, a testament to our pursuit of customer satisfaction.\" \/>\n\t\t<meta name=\"twitter:creator\" content=\"@KichakaTours\" \/>\n\t\t<meta name=\"twitter:image\" content=\"https:\/\/www.kichakatours.com\/wp-content\/uploads\/2025\/04\/KichakaTours.jpg\" \/>\n\t\t<script type=\"application\/ld+json\" class=\"aioseo-schema\">\n\t\t\t{\"@context\":\"https:\\\/\\\/schema.org\",\"@graph\":[{\"@type\":\"BreadcrumbList\",\"@id\":\"https:\\\/\\\/www.kichakatours.com\\\/es\\\/about-us\\\/our-achievement\\\/#breadcrumblist\",\"itemListElement\":[{\"@type\":\"ListItem\",\"@id\":\"https:\\\/\\\/www.kichakatours.com\\\/es#listItem\",\"position\":1,\"name\":\"Home\",\"item\":\"https:\\\/\\\/www.kichakatours.com\\\/es\",\"nextItem\":{\"@type\":\"ListItem\",\"@id\":\"https:\\\/\\\/www.kichakatours.com\\\/es\\\/about-us\\\/#listItem\",\"name\":\"About us\"}},{\"@type\":\"ListItem\",\"@id\":\"https:\\\/\\\/www.kichakatours.com\\\/es\\\/about-us\\\/#listItem\",\"position\":2,\"name\":\"About us\",\"item\":\"https:\\\/\\\/www.kichakatours.com\\\/es\\\/about-us\\\/\",\"nextItem\":{\"@type\":\"ListItem\",\"@id\":\"https:\\\/\\\/www.kichakatours.com\\\/es\\\/about-us\\\/our-achievement\\\/#listItem\",\"name\":\"Our achievement\"},\"previousItem\":{\"@type\":\"ListItem\",\"@id\":\"https:\\\/\\\/www.kichakatours.com\\\/es#listItem\",\"name\":\"Home\"}},{\"@type\":\"ListItem\",\"@id\":\"https:\\\/\\\/www.kichakatours.com\\\/es\\\/about-us\\\/our-achievement\\\/#listItem\",\"position\":3,\"name\":\"Our achievement\",\"previousItem\":{\"@type\":\"ListItem\",\"@id\":\"https:\\\/\\\/www.kichakatours.com\\\/es\\\/about-us\\\/#listItem\",\"name\":\"About us\"}}]},{\"@type\":\"Organization\",\"@id\":\"https:\\\/\\\/www.kichakatours.com\\\/es\\\/#organization\",\"name\":\"Kichaka Tours and Travel\",\"description\":\"East Africa private safaris, tailor made Tours\",\"url\":\"https:\\\/\\\/www.kichakatours.com\\\/es\\\/\",\"email\":\"info@kichakatours.com\",\"telephone\":\"+254791800525\",\"foundingDate\":\"2016-04-01\",\"numberOfEmployees\":{\"@type\":\"QuantitativeValue\",\"minValue\":0,\"maxValue\":7},\"logo\":{\"@type\":\"ImageObject\",\"url\":\"https:\\\/\\\/www.kichakatours.com\\\/wp-content\\\/uploads\\\/2025\\\/01\\\/Logo.jpg-8-2.jpg\",\"@id\":\"https:\\\/\\\/www.kichakatours.com\\\/es\\\/about-us\\\/our-achievement\\\/#organizationLogo\",\"width\":131,\"height\":109,\"caption\":\"A stylized logo featuring two green leaves within a black oval outline.\"},\"image\":{\"@id\":\"https:\\\/\\\/www.kichakatours.com\\\/es\\\/about-us\\\/our-achievement\\\/#organizationLogo\"},\"sameAs\":[\"https:\\\/\\\/web.facebook.com\\\/toursafariskenya\\\/?_rdc=1&_rdr#\",\"https:\\\/\\\/x.com\\\/KichakaTours\",\"https:\\\/\\\/www.instagram.com\\\/KichakaTours\",\"https:\\\/\\\/www.linkedin.com\\\/in\\\/kichaka-tours-and-travel\\\/\"],\"address\":{\"@id\":\"https:\\\/\\\/www.kichakatours.com\\\/es\\\/#postaladdress\",\"@type\":\"PostalAddress\",\"streetAddress\":\"54936,\",\"postalCode\":\"00200\",\"addressLocality\":\"Nairobi\",\"addressRegion\":\"Kenya\",\"addressCountry\":\"KE\"}},{\"@type\":\"WebPage\",\"@id\":\"https:\\\/\\\/www.kichakatours.com\\\/es\\\/about-us\\\/our-achievement\\\/#webpage\",\"url\":\"https:\\\/\\\/www.kichakatours.com\\\/es\\\/about-us\\\/our-achievement\\\/\",\"name\":\"Our Achievement: A Proud Record of Customer Satisfaction\",\"description\":\"Our achievement include earning the prestigious TripAdvisor Certificate of Excellence year after year, a testament to our pursuit of customer satisfaction.\",\"inLanguage\":\"es-ES\",\"isPartOf\":{\"@id\":\"https:\\\/\\\/www.kichakatours.com\\\/es\\\/#website\"},\"breadcrumb\":{\"@id\":\"https:\\\/\\\/www.kichakatours.com\\\/es\\\/about-us\\\/our-achievement\\\/#breadcrumblist\"},\"image\":{\"@type\":\"ImageObject\",\"url\":\"https:\\\/\\\/www.kichakatours.com\\\/wp-content\\\/uploads\\\/2021\\\/12\\\/achievement.jpg-3-scaled-1.jpg\",\"@id\":\"https:\\\/\\\/www.kichakatours.com\\\/es\\\/about-us\\\/our-achievement\\\/#mainImage\",\"width\":1024,\"height\":360,\"caption\":\"KICHAKA\"},\"primaryImageOfPage\":{\"@id\":\"https:\\\/\\\/www.kichakatours.com\\\/es\\\/about-us\\\/our-achievement\\\/#mainImage\"},\"datePublished\":\"2025-03-29T13:33:37+03:00\",\"dateModified\":\"2025-11-12T10:56:36+03:00\"},{\"@type\":\"WebSite\",\"@id\":\"https:\\\/\\\/www.kichakatours.com\\\/es\\\/#website\",\"url\":\"https:\\\/\\\/www.kichakatours.com\\\/es\\\/\",\"name\":\"Kichaka Tours and Travel\",\"description\":\"East Africa private safaris, tailor made Tours\",\"inLanguage\":\"es-ES\",\"publisher\":{\"@id\":\"https:\\\/\\\/www.kichakatours.com\\\/es\\\/#organization\"}}]}\n\t\t<\/script>\n\t\t<!-- All in One SEO Pro -->\r\n\t\t<title>Our Achievement: A Proud Record of Customer Satisfaction<\/title>\n\n","aioseo_head_json":{"title":"Nuestros logros: Un orgulloso historial de satisfacci\u00f3n del cliente","description":"Nuestros logros incluyen la obtenci\u00f3n del prestigioso Certificado de Excelencia de TripAdvisor a\u00f1o tras a\u00f1o, testimonio de nuestra b\u00fasqueda de la satisfacci\u00f3n del cliente.","canonical_url":"https:\/\/www.kichakatours.com\/es\/about-us\/our-achievement\/","robots":"max-image-preview:large","keywords":"","webmasterTools":{"msvalidate.01":"9F9C035D44B58EC24714371E3FB5B040","yandex-verification":"b945a4b884f39739","miscellaneous":""},"schema":{"@context":"https:\/\/schema.org","@graph":[{"@type":"BreadcrumbList","@id":"https:\/\/www.kichakatours.com\/es\/about-us\/our-achievement\/#breadcrumblist","itemListElement":[{"@type":"ListItem","@id":"https:\/\/www.kichakatours.com\/es#listItem","position":1,"name":"Home","item":"https:\/\/www.kichakatours.com\/es","nextItem":{"@type":"ListItem","@id":"https:\/\/www.kichakatours.com\/es\/about-us\/#listItem","name":"About us"}},{"@type":"ListItem","@id":"https:\/\/www.kichakatours.com\/es\/about-us\/#listItem","position":2,"name":"About us","item":"https:\/\/www.kichakatours.com\/es\/about-us\/","nextItem":{"@type":"ListItem","@id":"https:\/\/www.kichakatours.com\/es\/about-us\/our-achievement\/#listItem","name":"Our achievement"},"previousItem":{"@type":"ListItem","@id":"https:\/\/www.kichakatours.com\/es#listItem","name":"Home"}},{"@type":"ListItem","@id":"https:\/\/www.kichakatours.com\/es\/about-us\/our-achievement\/#listItem","position":3,"name":"Our achievement","previousItem":{"@type":"ListItem","@id":"https:\/\/www.kichakatours.com\/es\/about-us\/#listItem","name":"About us"}}]},{"@type":"Organization","@id":"https:\/\/www.kichakatours.com\/es\/#organization","name":"Kichaka Tours and Travel","description":"East Africa private safaris, tailor made Tours","url":"https:\/\/www.kichakatours.com\/es\/","email":"info@kichakatours.com","telephone":"+254791800525","foundingDate":"2016-04-01","numberOfEmployees":{"@type":"QuantitativeValue","minValue":0,"maxValue":7},"logo":{"@type":"ImageObject","url":"https:\/\/www.kichakatours.com\/wp-content\/uploads\/2025\/01\/Logo.jpg-8-2.jpg","@id":"https:\/\/www.kichakatours.com\/es\/about-us\/our-achievement\/#organizationLogo","width":131,"height":109,"caption":"A stylized logo featuring two green leaves within a black oval outline."},"image":{"@id":"https:\/\/www.kichakatours.com\/es\/about-us\/our-achievement\/#organizationLogo"},"sameAs":["https:\/\/web.facebook.com\/toursafariskenya\/?_rdc=1&_rdr#","https:\/\/x.com\/KichakaTours","https:\/\/www.instagram.com\/KichakaTours","https:\/\/www.linkedin.com\/in\/kichaka-tours-and-travel\/"],"address":{"@id":"https:\/\/www.kichakatours.com\/es\/#postaladdress","@type":"PostalAddress","streetAddress":"54936,","postalCode":"00200","addressLocality":"Nairobi","addressRegion":"Kenya","addressCountry":"KE"}},{"@type":"WebPage","@id":"https:\/\/www.kichakatours.com\/es\/about-us\/our-achievement\/#webpage","url":"https:\/\/www.kichakatours.com\/es\/about-us\/our-achievement\/","name":"Our Achievement: A Proud Record of Customer Satisfaction","description":"Our achievement include earning the prestigious TripAdvisor Certificate of Excellence year after year, a testament to our pursuit of customer satisfaction.","inLanguage":"es-ES","isPartOf":{"@id":"https:\/\/www.kichakatours.com\/es\/#website"},"breadcrumb":{"@id":"https:\/\/www.kichakatours.com\/es\/about-us\/our-achievement\/#breadcrumblist"},"image":{"@type":"ImageObject","url":"https:\/\/www.kichakatours.com\/wp-content\/uploads\/2021\/12\/achievement.jpg-3-scaled-1.jpg","@id":"https:\/\/www.kichakatours.com\/es\/about-us\/our-achievement\/#mainImage","width":1024,"height":360,"caption":"KICHAKA"},"primaryImageOfPage":{"@id":"https:\/\/www.kichakatours.com\/es\/about-us\/our-achievement\/#mainImage"},"datePublished":"2025-03-29T13:33:37+03:00","dateModified":"2025-11-12T10:56:36+03:00"},{"@type":"WebSite","@id":"https:\/\/www.kichakatours.com\/es\/#website","url":"https:\/\/www.kichakatours.com\/es\/","name":"Kichaka Tours and Travel","description":"East Africa private safaris, tailor made Tours","inLanguage":"es-ES","publisher":{"@id":"https:\/\/www.kichakatours.com\/es\/#organization"}}]},"og:locale":"es_ES","og:site_name":"Kichaka Tours and Travel | East Africa private safaris, tailor made Tours","og:type":"article","og:title":"Our Achievement: A Proud Record of Customer Satisfaction","og:description":"Our achievement include earning the prestigious TripAdvisor Certificate of Excellence year after year, a testament to our pursuit of customer satisfaction.","og:url":"https:\/\/www.kichakatours.com\/es\/about-us\/our-achievement\/","og:image":"https:\/\/www.kichakatours.com\/wp-content\/uploads\/2025\/04\/KichakaTours.jpg","og:image:secure_url":"https:\/\/www.kichakatours.com\/wp-content\/uploads\/2025\/04\/KichakaTours.jpg","og:image:width":1200,"og:image:height":531,"article:published_time":"2025-03-29T10:33:37+00:00","article:modified_time":"2025-11-12T07:56:36+00:00","article:publisher":"https:\/\/web.facebook.com\/toursafariskenya\/?_rdc=1&_rdr#","article:author":"https:\/\/www.facebook.com\/toursafariskenya\/","twitter:card":"summary_large_image","twitter:site":"@KichakaTours","twitter:title":"Our Achievement: A Proud Record of Customer Satisfaction","twitter:description":"Our achievement include earning the prestigious TripAdvisor Certificate of Excellence year after year, a testament to our pursuit of customer satisfaction.","twitter:creator":"@KichakaTours","twitter:image":"https:\/\/www.kichakatours.com\/wp-content\/uploads\/2025\/04\/KichakaTours.jpg"},"aioseo_meta_data":{"post_id":"2285","title":"Nuestros logros: Un orgulloso historial de satisfacci\u00f3n del cliente","description":"Nuestros logros incluyen la obtenci\u00f3n del prestigioso Certificado de Excelencia de TripAdvisor a\u00f1o tras a\u00f1o, testimonio de nuestra b\u00fasqueda de la satisfacci\u00f3n del cliente.","keywords":null,"keyphrases":{"focus":{"keyphrase":"Our achievement","score":64,"analysis":{"keyphraseInTitle":{"score":9,"maxScore":9,"error":0},"keyphraseInDescription":{"score":9,"maxScore":9,"error":0},"keyphraseLength":{"score":9,"maxScore":9,"error":0,"length":2},"keyphraseInURL":{"score":5,"maxScore":5,"error":0},"keyphraseInIntroduction":{"score":3,"maxScore":9,"error":1},"keyphraseInSubHeadings":[],"keyphraseInImageAlt":{"score":3,"maxScore":9,"error":1},"keywordDensity":{"score":0,"type":"low","maxScore":9,"error":1}}},"additional":[]},"primary_term":null,"canonical_url":null,"og_title":null,"og_description":null,"og_object_type":"default","og_image_type":"default","og_image_url":null,"og_image_width":null,"og_image_height":null,"og_image_custom_url":null,"og_image_custom_fields":null,"og_video":"","og_custom_url":null,"og_article_section":null,"og_article_tags":null,"twitter_use_og":false,"twitter_card":"default","twitter_image_type":"default","twitter_image_url":null,"twitter_image_custom_url":null,"twitter_image_custom_fields":null,"twitter_title":null,"twitter_description":null,"schema":{"blockGraphs":[],"customGraphs":[],"default":{"data":{"Article":[],"Course":[],"Dataset":[],"FAQPage":[],"Movie":[],"Person":[],"Product":[],"ProductReview":[],"Car":[],"Recipe":[],"Service":[],"SoftwareApplication":[],"WebPage":[]},"graphName":"WebPage","isEnabled":true},"graphs":[]},"schema_type":"default","schema_type_options":null,"pillar_content":false,"robots_default":true,"robots_noindex":false,"robots_noarchive":false,"robots_nosnippet":false,"robots_nofollow":false,"robots_noimageindex":false,"robots_noodp":false,"robots_notranslate":false,"robots_max_snippet":"-1","robots_max_videopreview":"-1","robots_max_imagepreview":"large","priority":null,"frequency":"default","local_seo":null,"seo_analyzer_scan_date":"2025-11-12 08:10:35","breadcrumb_settings":null,"limit_modified_date":false,"reviewed_by":"0","open_ai":"{\"title\":{\"suggestions\":[],\"usage\":0},\"description\":{\"suggestions\":[],\"usage\":0}}","ai":{"faqs":[],"keyPoints":[],"titles":["Our Achievement: Recognized for Excellence in Travel Services by Kichaka Tours and Travel","Celebrating Our Achievement: Kichaka Tours' Commitment to Unparalleled Service","Kichaka Tours' Milestone: A Proud Record of Customer Satisfaction and Awards","Highlighting Our Achievement: Trusted Travel Experts with Continuous Recognition","Kichaka Tours and Travel's Achievement: Setting Standards in Exceptional Travel Experiences"],"descriptions":[],"socialPosts":{"email":[],"linkedin":[],"twitter":[],"facebook":[],"instagram":[]}},"created":"2025-01-22 16:07:58","updated":"2025-11-12 08:10:35"},"aioseo_breadcrumb":"<div class=\"aioseo-breadcrumbs\"><span class=\"aioseo-breadcrumb\">\n\t<a href=\"https:\/\/www.kichakatours.com\/es\" title=\"Home\">Home<\/a>\n<\/span><span class=\"aioseo-breadcrumb-separator\">|<\/span><span class=\"aioseo-breadcrumb\">\n\t<a href=\"https:\/\/www.kichakatours.com\/es\/about-us\/\" title=\"About us\">About us<\/a>\n<\/span><span class=\"aioseo-breadcrumb-separator\">|<\/span><span class=\"aioseo-breadcrumb\">\n\tOur achievement\n<\/span><\/div>","aioseo_breadcrumb_json":[{"label":"Home","link":"https:\/\/www.kichakatours.com\/es"},{"label":"About us","link":"https:\/\/www.kichakatours.com\/es\/about-us\/"},{"label":"Our achievement","link":"https:\/\/www.kichakatours.com\/es\/about-us\/our-achievement\/"}],"_links":{"self":[{"href":"https:\/\/www.kichakatours.com\/es\/wp-json\/wp\/v2\/pages\/2285","targetHints":{"allow":["GET"]}}],"collection":[{"href":"https:\/\/www.kichakatours.com\/es\/wp-json\/wp\/v2\/pages"}],"about":[{"href":"https:\/\/www.kichakatours.com\/es\/wp-json\/wp\/v2\/types\/page"}],"author":[{"embeddable":true,"href":"https:\/\/www.kichakatours.com\/es\/wp-json\/wp\/v2\/users\/3"}],"replies":[{"embeddable":true,"href":"https:\/\/www.kichakatours.com\/es\/wp-json\/wp\/v2\/comments?post=2285"}],"version-history":[{"count":3,"href":"https:\/\/www.kichakatours.com\/es\/wp-json\/wp\/v2\/pages\/2285\/revisions"}],"predecessor-version":[{"id":11977,"href":"https:\/\/www.kichakatours.com\/es\/wp-json\/wp\/v2\/pages\/2285\/revisions\/11977"}],"up":[{"embeddable":true,"href":"https:\/\/www.kichakatours.com\/es\/wp-json\/wp\/v2\/pages\/1831"}],"wp:featuredmedia":[{"embeddable":true,"href":"https:\/\/www.kichakatours.com\/es\/wp-json\/wp\/v2\/media\/5676"}],"wp:attachment":[{"href":"https:\/\/www.kichakatours.com\/es\/wp-json\/wp\/v2\/media?parent=2285"}],"curies":[{"name":"wp","href":"https:\/\/api.w.org\/{rel}","templated":true}]}}