{"id":2289,"date":"2025-02-17T13:40:43","date_gmt":"2025-02-17T10:40:43","guid":{"rendered":"https:\/\/www.kichakatours.co.ke\/?page_id=2289"},"modified":"2025-11-12T11:05:26","modified_gmt":"2025-11-12T08:05:26","slug":"nuestro-equipo","status":"publish","type":"page","link":"https:\/\/www.kichakatours.com\/es\/about-us\/our-team\/","title":{"rendered":"Nuestro equipo"},"content":{"rendered":"<p dir=\"auto\">Cada uno de nuestros empleados es extraordinario por derecho propio, pero es cuando se unen cuando su brillantez colectiva ilumina realmente el lugar de trabajo. El equipo funciona como un grupo muy unido y de gran talento, unido por una visi\u00f3n compartida y un compromiso inquebrantable de ofrecer un servicio de alta calidad a nuestros clientes. M\u00e1s all\u00e1 de cumplir las expectativas, se esfuerzan por crear experiencias memorables que calen hondo en aquellos a quienes servimos. Esta dedicaci\u00f3n se extiende m\u00e1s all\u00e1 de las interacciones con los clientes; el equipo tambi\u00e9n da prioridad al fomento de un ambiente donde la diversi\u00f3n y la inclusi\u00f3n prosperan, asegurando que Kichaka Tours and Travel no es s\u00f3lo un lugar de trabajo, sino un espacio propicio para el crecimiento personal y profesional. El personal de Kichaka Tours and Travel se compone de profesionales dedicados que aportan una experiencia diversa de toda la industria del turismo. Cada miembro posee diversas cualificaciones acad\u00e9micas en campos relacionados con el turismo, junto con varios a\u00f1os de experiencia pr\u00e1ctica. Esta impresionante combinaci\u00f3n de conocimientos y aptitudes pr\u00e1cticas les capacita para desenvolverse con soltura y creatividad en los entresijos de la planificaci\u00f3n de viajes. A lo largo de su historia, la empresa se ha caracterizado por su capacidad para reunir a personas dotadas que comparten una pasi\u00f3n inquebrantable por la excelencia y un objetivo com\u00fan: elevar nuestros servicios para que sean los mejores para cada cliente con el que nos encontramos. Lo que hace que nuestro equipo sea realmente extraordinario es que, si bien cada empleado aporta sus rasgos de personalidad, antecedentes y perspectivas \u00fanicas, todos est\u00e1n unidos por un conjunto de valores fundamentales que impregnan todos los aspectos de la vida en Kichaka Tours and Travel. Estos principios rectores no s\u00f3lo dan forma a la forma en que interactuamos con los clientes, sino que tambi\u00e9n influyen en la forma en que nos apoyamos unos a otros como colegas, creando un ambiente enriquecido por la colaboraci\u00f3n, el respeto y el empoderamiento. Juntos, este equipo din\u00e1mico contin\u00faa superando los l\u00edmites mientras se inspiran unos a otros para alcanzar la grandeza en todas las facetas de nuestro trabajo.<\/p>\n<p>.<\/p>","protected":false},"excerpt":{"rendered":"<p>Each of our employees is nothing short of extraordinary in their own right, but it is when they come together that their collective brilliance truly illuminates the workplace. The team functions as a close-knit, remarkably talented group, bound by a<\/p>\n<div class=\"padding-top text-center\"><a href=\"https:\/\/www.kichakatours.com\/es\/about-us\/our-team\/\" class=\"atbtn atbtn--medium atbtn--rounded atbtn--transparent\">Seguir leyendo<i class=\"atbtn__icon atbtn__icon--right fa fa-long-arrow-right\"><\/i><\/a><\/div>","protected":false},"author":3,"featured_media":4389,"parent":1831,"menu_order":0,"comment_status":"closed","ping_status":"closed","template":"","meta":{"om_disable_all_campaigns":false,"_monsterinsights_skip_tracking":false,"_monsterinsights_sitenote_active":false,"_monsterinsights_sitenote_note":"","_monsterinsights_sitenote_category":0,"_uf_show_specific_survey":0,"_uf_disable_surveys":false,"footnotes":""},"class_list":["post-2289","page","type-page","status-publish","has-post-thumbnail","hentry"],"aioseo_notices":[],"aioseo_head":"\n\t\t<!-- All in One SEO Pro 4.9.6.2 - aioseo.com -->\n\t<meta name=\"description\" content=\"Find out what makes Our team at Kichaka Tours and Travel extraordinary\u2014an inspiring blend of talent, dedication, and a commitment to excellence.\" \/>\n\t<meta name=\"robots\" content=\"max-image-preview:large\" \/>\n\t<meta name=\"msvalidate.01\" content=\"9F9C035D44B58EC24714371E3FB5B040\" \/>\n\t<meta name=\"yandex-verification\" content=\"b945a4b884f39739\" \/>\n\t<link rel=\"canonical\" href=\"https:\/\/www.kichakatours.com\/es\/about-us\/our-team\/\" \/>\n\t<meta name=\"generator\" content=\"All in One SEO Pro (AIOSEO) 4.9.6.2\" \/>\n\t\t<meta property=\"og:locale\" content=\"es_ES\" \/>\n\t\t<meta property=\"og:site_name\" content=\"Kichaka Tours and Travel | East Africa private safaris, tailor made Tours\" \/>\n\t\t<meta property=\"og:type\" content=\"article\" \/>\n\t\t<meta property=\"og:title\" content=\"Our team: Discover the excellence of our team\" \/>\n\t\t<meta property=\"og:description\" content=\"Find out what makes Our team at Kichaka Tours and Travel extraordinary\u2014an inspiring blend of talent, dedication, and a commitment to excellence.\" \/>\n\t\t<meta property=\"og:url\" content=\"https:\/\/www.kichakatours.com\/es\/about-us\/our-team\/\" \/>\n\t\t<meta property=\"og:image\" content=\"https:\/\/www.kichakatours.com\/wp-content\/uploads\/2025\/04\/KichakaTours.jpg\" \/>\n\t\t<meta property=\"og:image:secure_url\" content=\"https:\/\/www.kichakatours.com\/wp-content\/uploads\/2025\/04\/KichakaTours.jpg\" \/>\n\t\t<meta property=\"og:image:width\" content=\"1200\" \/>\n\t\t<meta property=\"og:image:height\" content=\"531\" \/>\n\t\t<meta property=\"article:published_time\" content=\"2025-02-17T10:40:43+00:00\" \/>\n\t\t<meta property=\"article:modified_time\" content=\"2025-11-12T08:05:26+00:00\" \/>\n\t\t<meta property=\"article:publisher\" content=\"https:\/\/web.facebook.com\/toursafariskenya\/?_rdc=1&amp;_rdr#\" \/>\n\t\t<meta property=\"article:author\" content=\"https:\/\/www.facebook.com\/toursafariskenya\/\" \/>\n\t\t<meta name=\"twitter:card\" content=\"summary_large_image\" \/>\n\t\t<meta name=\"twitter:site\" content=\"@KichakaTours\" \/>\n\t\t<meta name=\"twitter:title\" content=\"Our team: Discover the excellence of our team\" \/>\n\t\t<meta name=\"twitter:description\" content=\"Find out what makes Our team at Kichaka Tours and Travel extraordinary\u2014an inspiring blend of talent, dedication, and a commitment to excellence.\" \/>\n\t\t<meta name=\"twitter:creator\" content=\"@KichakaTours\" \/>\n\t\t<meta name=\"twitter:image\" content=\"https:\/\/www.kichakatours.com\/wp-content\/uploads\/2025\/04\/KichakaTours.jpg\" \/>\n\t\t<script type=\"application\/ld+json\" class=\"aioseo-schema\">\n\t\t\t{\"@context\":\"https:\\\/\\\/schema.org\",\"@graph\":[{\"@type\":\"BreadcrumbList\",\"@id\":\"https:\\\/\\\/www.kichakatours.com\\\/es\\\/about-us\\\/our-team\\\/#breadcrumblist\",\"itemListElement\":[{\"@type\":\"ListItem\",\"@id\":\"https:\\\/\\\/www.kichakatours.com\\\/es#listItem\",\"position\":1,\"name\":\"Home\",\"item\":\"https:\\\/\\\/www.kichakatours.com\\\/es\",\"nextItem\":{\"@type\":\"ListItem\",\"@id\":\"https:\\\/\\\/www.kichakatours.com\\\/es\\\/about-us\\\/#listItem\",\"name\":\"About us\"}},{\"@type\":\"ListItem\",\"@id\":\"https:\\\/\\\/www.kichakatours.com\\\/es\\\/about-us\\\/#listItem\",\"position\":2,\"name\":\"About us\",\"item\":\"https:\\\/\\\/www.kichakatours.com\\\/es\\\/about-us\\\/\",\"nextItem\":{\"@type\":\"ListItem\",\"@id\":\"https:\\\/\\\/www.kichakatours.com\\\/es\\\/about-us\\\/our-team\\\/#listItem\",\"name\":\"Our team\"},\"previousItem\":{\"@type\":\"ListItem\",\"@id\":\"https:\\\/\\\/www.kichakatours.com\\\/es#listItem\",\"name\":\"Home\"}},{\"@type\":\"ListItem\",\"@id\":\"https:\\\/\\\/www.kichakatours.com\\\/es\\\/about-us\\\/our-team\\\/#listItem\",\"position\":3,\"name\":\"Our team\",\"previousItem\":{\"@type\":\"ListItem\",\"@id\":\"https:\\\/\\\/www.kichakatours.com\\\/es\\\/about-us\\\/#listItem\",\"name\":\"About us\"}}]},{\"@type\":\"Organization\",\"@id\":\"https:\\\/\\\/www.kichakatours.com\\\/es\\\/#organization\",\"name\":\"Kichaka Tours and Travel\",\"description\":\"East Africa private safaris, tailor made Tours\",\"url\":\"https:\\\/\\\/www.kichakatours.com\\\/es\\\/\",\"email\":\"info@kichakatours.com\",\"telephone\":\"+254791800525\",\"foundingDate\":\"2016-04-01\",\"numberOfEmployees\":{\"@type\":\"QuantitativeValue\",\"minValue\":0,\"maxValue\":7},\"logo\":{\"@type\":\"ImageObject\",\"url\":\"https:\\\/\\\/www.kichakatours.com\\\/wp-content\\\/uploads\\\/2025\\\/01\\\/Logo.jpg-8-2.jpg\",\"@id\":\"https:\\\/\\\/www.kichakatours.com\\\/es\\\/about-us\\\/our-team\\\/#organizationLogo\",\"width\":131,\"height\":109,\"caption\":\"A stylized logo featuring two green leaves within a black oval outline.\"},\"image\":{\"@id\":\"https:\\\/\\\/www.kichakatours.com\\\/es\\\/about-us\\\/our-team\\\/#organizationLogo\"},\"sameAs\":[\"https:\\\/\\\/web.facebook.com\\\/toursafariskenya\\\/?_rdc=1&_rdr#\",\"https:\\\/\\\/x.com\\\/KichakaTours\",\"https:\\\/\\\/www.instagram.com\\\/KichakaTours\",\"https:\\\/\\\/www.linkedin.com\\\/in\\\/kichaka-tours-and-travel\\\/\"],\"address\":{\"@id\":\"https:\\\/\\\/www.kichakatours.com\\\/es\\\/#postaladdress\",\"@type\":\"PostalAddress\",\"streetAddress\":\"54936,\",\"postalCode\":\"00200\",\"addressLocality\":\"Nairobi\",\"addressRegion\":\"Kenya\",\"addressCountry\":\"KE\"}},{\"@type\":\"WebPage\",\"@id\":\"https:\\\/\\\/www.kichakatours.com\\\/es\\\/about-us\\\/our-team\\\/#webpage\",\"url\":\"https:\\\/\\\/www.kichakatours.com\\\/es\\\/about-us\\\/our-team\\\/\",\"name\":\"Our team: Discover the excellence of our team\",\"description\":\"Find out what makes Our team at Kichaka Tours and Travel extraordinary\\u2014an inspiring blend of talent, dedication, and a commitment to excellence.\",\"inLanguage\":\"es-ES\",\"isPartOf\":{\"@id\":\"https:\\\/\\\/www.kichakatours.com\\\/es\\\/#website\"},\"breadcrumb\":{\"@id\":\"https:\\\/\\\/www.kichakatours.com\\\/es\\\/about-us\\\/our-team\\\/#breadcrumblist\"},\"image\":{\"@type\":\"ImageObject\",\"url\":\"https:\\\/\\\/www.kichakatours.com\\\/wp-content\\\/uploads\\\/2021\\\/08\\\/team.jpg\",\"@id\":\"https:\\\/\\\/www.kichakatours.com\\\/es\\\/about-us\\\/our-team\\\/#mainImage\",\"width\":1920,\"height\":790,\"caption\":\"Team\"},\"primaryImageOfPage\":{\"@id\":\"https:\\\/\\\/www.kichakatours.com\\\/es\\\/about-us\\\/our-team\\\/#mainImage\"},\"datePublished\":\"2025-02-17T13:40:43+03:00\",\"dateModified\":\"2025-11-12T11:05:26+03:00\"},{\"@type\":\"WebSite\",\"@id\":\"https:\\\/\\\/www.kichakatours.com\\\/es\\\/#website\",\"url\":\"https:\\\/\\\/www.kichakatours.com\\\/es\\\/\",\"name\":\"Kichaka Tours and Travel\",\"description\":\"East Africa private safaris, tailor made Tours\",\"inLanguage\":\"es-ES\",\"publisher\":{\"@id\":\"https:\\\/\\\/www.kichakatours.com\\\/es\\\/#organization\"}}]}\n\t\t<\/script>\n\t\t<!-- All in One SEO Pro -->\r\n\t\t<title>Our team: Discover the excellence of our team<\/title>\n\n","aioseo_head_json":{"title":"Nuestro equipo: Descubra la excelencia de nuestro equipo","description":"Descubra lo que hace extraordinario a nuestro equipo de Kichaka Tours and Travel: una inspiradora mezcla de talento, dedicaci\u00f3n y compromiso con la excelencia.","canonical_url":"https:\/\/www.kichakatours.com\/es\/about-us\/our-team\/","robots":"max-image-preview:large","keywords":"","webmasterTools":{"msvalidate.01":"9F9C035D44B58EC24714371E3FB5B040","yandex-verification":"b945a4b884f39739","miscellaneous":""},"schema":{"@context":"https:\/\/schema.org","@graph":[{"@type":"BreadcrumbList","@id":"https:\/\/www.kichakatours.com\/es\/about-us\/our-team\/#breadcrumblist","itemListElement":[{"@type":"ListItem","@id":"https:\/\/www.kichakatours.com\/es#listItem","position":1,"name":"Home","item":"https:\/\/www.kichakatours.com\/es","nextItem":{"@type":"ListItem","@id":"https:\/\/www.kichakatours.com\/es\/about-us\/#listItem","name":"About us"}},{"@type":"ListItem","@id":"https:\/\/www.kichakatours.com\/es\/about-us\/#listItem","position":2,"name":"About us","item":"https:\/\/www.kichakatours.com\/es\/about-us\/","nextItem":{"@type":"ListItem","@id":"https:\/\/www.kichakatours.com\/es\/about-us\/our-team\/#listItem","name":"Our team"},"previousItem":{"@type":"ListItem","@id":"https:\/\/www.kichakatours.com\/es#listItem","name":"Home"}},{"@type":"ListItem","@id":"https:\/\/www.kichakatours.com\/es\/about-us\/our-team\/#listItem","position":3,"name":"Our team","previousItem":{"@type":"ListItem","@id":"https:\/\/www.kichakatours.com\/es\/about-us\/#listItem","name":"About us"}}]},{"@type":"Organization","@id":"https:\/\/www.kichakatours.com\/es\/#organization","name":"Kichaka Tours and Travel","description":"East Africa private safaris, tailor made Tours","url":"https:\/\/www.kichakatours.com\/es\/","email":"info@kichakatours.com","telephone":"+254791800525","foundingDate":"2016-04-01","numberOfEmployees":{"@type":"QuantitativeValue","minValue":0,"maxValue":7},"logo":{"@type":"ImageObject","url":"https:\/\/www.kichakatours.com\/wp-content\/uploads\/2025\/01\/Logo.jpg-8-2.jpg","@id":"https:\/\/www.kichakatours.com\/es\/about-us\/our-team\/#organizationLogo","width":131,"height":109,"caption":"A stylized logo featuring two green leaves within a black oval outline."},"image":{"@id":"https:\/\/www.kichakatours.com\/es\/about-us\/our-team\/#organizationLogo"},"sameAs":["https:\/\/web.facebook.com\/toursafariskenya\/?_rdc=1&_rdr#","https:\/\/x.com\/KichakaTours","https:\/\/www.instagram.com\/KichakaTours","https:\/\/www.linkedin.com\/in\/kichaka-tours-and-travel\/"],"address":{"@id":"https:\/\/www.kichakatours.com\/es\/#postaladdress","@type":"PostalAddress","streetAddress":"54936,","postalCode":"00200","addressLocality":"Nairobi","addressRegion":"Kenya","addressCountry":"KE"}},{"@type":"WebPage","@id":"https:\/\/www.kichakatours.com\/es\/about-us\/our-team\/#webpage","url":"https:\/\/www.kichakatours.com\/es\/about-us\/our-team\/","name":"Our team: Discover the excellence of our team","description":"Find out what makes Our team at Kichaka Tours and Travel extraordinary\u2014an inspiring blend of talent, dedication, and a commitment to excellence.","inLanguage":"es-ES","isPartOf":{"@id":"https:\/\/www.kichakatours.com\/es\/#website"},"breadcrumb":{"@id":"https:\/\/www.kichakatours.com\/es\/about-us\/our-team\/#breadcrumblist"},"image":{"@type":"ImageObject","url":"https:\/\/www.kichakatours.com\/wp-content\/uploads\/2021\/08\/team.jpg","@id":"https:\/\/www.kichakatours.com\/es\/about-us\/our-team\/#mainImage","width":1920,"height":790,"caption":"Team"},"primaryImageOfPage":{"@id":"https:\/\/www.kichakatours.com\/es\/about-us\/our-team\/#mainImage"},"datePublished":"2025-02-17T13:40:43+03:00","dateModified":"2025-11-12T11:05:26+03:00"},{"@type":"WebSite","@id":"https:\/\/www.kichakatours.com\/es\/#website","url":"https:\/\/www.kichakatours.com\/es\/","name":"Kichaka Tours and Travel","description":"East Africa private safaris, tailor made Tours","inLanguage":"es-ES","publisher":{"@id":"https:\/\/www.kichakatours.com\/es\/#organization"}}]},"og:locale":"es_ES","og:site_name":"Kichaka Tours and Travel | East Africa private safaris, tailor made Tours","og:type":"article","og:title":"Our team: Discover the excellence of our team","og:description":"Find out what makes Our team at Kichaka Tours and Travel extraordinary\u2014an inspiring blend of talent, dedication, and a commitment to excellence.","og:url":"https:\/\/www.kichakatours.com\/es\/about-us\/our-team\/","og:image":"https:\/\/www.kichakatours.com\/wp-content\/uploads\/2025\/04\/KichakaTours.jpg","og:image:secure_url":"https:\/\/www.kichakatours.com\/wp-content\/uploads\/2025\/04\/KichakaTours.jpg","og:image:width":1200,"og:image:height":531,"article:published_time":"2025-02-17T10:40:43+00:00","article:modified_time":"2025-11-12T08:05:26+00:00","article:publisher":"https:\/\/web.facebook.com\/toursafariskenya\/?_rdc=1&_rdr#","article:author":"https:\/\/www.facebook.com\/toursafariskenya\/","twitter:card":"summary_large_image","twitter:site":"@KichakaTours","twitter:title":"Our team: Discover the excellence of our team","twitter:description":"Find out what makes Our team at Kichaka Tours and Travel extraordinary\u2014an inspiring blend of talent, dedication, and a commitment to excellence.","twitter:creator":"@KichakaTours","twitter:image":"https:\/\/www.kichakatours.com\/wp-content\/uploads\/2025\/04\/KichakaTours.jpg"},"aioseo_meta_data":{"post_id":"2289","title":"Nuestro equipo: Descubra la excelencia de nuestro equipo","description":"Descubra lo que hace extraordinario a nuestro equipo de Kichaka Tours and Travel: una inspiradora mezcla de talento, dedicaci\u00f3n y compromiso con la excelencia.","keywords":null,"keyphrases":{"focus":{"keyphrase":"Our team","score":82,"analysis":{"keyphraseInTitle":{"score":9,"maxScore":9,"error":0},"keyphraseInDescription":{"score":9,"maxScore":9,"error":0},"keyphraseLength":{"score":9,"maxScore":9,"error":0,"length":2},"keyphraseInURL":{"score":5,"maxScore":5,"error":0},"keyphraseInIntroduction":{"score":9,"maxScore":9,"error":0},"keyphraseInSubHeadings":[],"keyphraseInImageAlt":[],"keywordDensity":{"score":0,"type":"low","maxScore":9,"error":1}}},"additional":[]},"primary_term":null,"canonical_url":null,"og_title":null,"og_description":null,"og_object_type":"default","og_image_type":"default","og_image_url":null,"og_image_width":null,"og_image_height":null,"og_image_custom_url":null,"og_image_custom_fields":null,"og_video":"","og_custom_url":null,"og_article_section":null,"og_article_tags":null,"twitter_use_og":false,"twitter_card":"default","twitter_image_type":"default","twitter_image_url":null,"twitter_image_custom_url":null,"twitter_image_custom_fields":null,"twitter_title":null,"twitter_description":null,"schema":{"blockGraphs":[],"customGraphs":[],"default":{"data":{"Article":[],"Course":[],"Dataset":[],"FAQPage":[],"Movie":[],"Person":[],"Product":[],"ProductReview":[],"Car":[],"Recipe":[],"Service":[],"SoftwareApplication":[],"WebPage":[]},"graphName":"WebPage","isEnabled":true},"graphs":[]},"schema_type":"default","schema_type_options":null,"pillar_content":false,"robots_default":true,"robots_noindex":false,"robots_noarchive":false,"robots_nosnippet":false,"robots_nofollow":false,"robots_noimageindex":false,"robots_noodp":false,"robots_notranslate":false,"robots_max_snippet":"-1","robots_max_videopreview":"-1","robots_max_imagepreview":"large","priority":null,"frequency":"default","local_seo":null,"seo_analyzer_scan_date":"2025-11-12 08:10:33","breadcrumb_settings":null,"limit_modified_date":false,"reviewed_by":"0","open_ai":"{\"title\":{\"suggestions\":[],\"usage\":0},\"description\":{\"suggestions\":[],\"usage\":0}}","ai":{"faqs":[],"keyPoints":[],"titles":["Discover the Excellence of Our Team at Kichaka Tours and Travel","Why Our Team's Unity Drives Unmatched Travel Experiences","Meet the Talented Professionals Behind Kichaka Tours' Success","The Strengths That Make Our Team at Kichaka Tours Exceptional","How Our Team's Shared Values Elevate Kichaka Tours and Travel"],"descriptions":["Discover how our team at Kichaka Tours and Travel combines diverse expertise and shared values to deliver exceptional, memorable experiences for every client.","Explore how Our team at Kichaka Tours and Travel unites professional talent and passion, fostering a culture of excellence, inclusivity, and continuous growth.","Learn the secrets behind Our team\u2019s success\u2014dedicated, skilled professionals committed to high-quality service and creating a positive workplace environment.","See how Our team at Kichaka Tours and Travel\u2019s shared vision and core values drive innovation, collaboration, and outstanding results for clients.","Find out what makes Our team at Kichaka Tours and Travel extraordinary\u2014an inspiring blend of talent, dedication, and a commitment to excellence."],"socialPosts":{"email":[],"linkedin":[],"twitter":[],"facebook":[],"instagram":[]}},"created":"2025-01-22 15:56:12","updated":"2025-11-12 08:16:27"},"aioseo_breadcrumb":"<div class=\"aioseo-breadcrumbs\"><span class=\"aioseo-breadcrumb\">\n\t<a href=\"https:\/\/www.kichakatours.com\/es\" title=\"Home\">Home<\/a>\n<\/span><span class=\"aioseo-breadcrumb-separator\">|<\/span><span class=\"aioseo-breadcrumb\">\n\t<a href=\"https:\/\/www.kichakatours.com\/es\/about-us\/\" title=\"About us\">About us<\/a>\n<\/span><span class=\"aioseo-breadcrumb-separator\">|<\/span><span class=\"aioseo-breadcrumb\">\n\tOur team\n<\/span><\/div>","aioseo_breadcrumb_json":[{"label":"Home","link":"https:\/\/www.kichakatours.com\/es"},{"label":"About us","link":"https:\/\/www.kichakatours.com\/es\/about-us\/"},{"label":"Our team","link":"https:\/\/www.kichakatours.com\/es\/about-us\/our-team\/"}],"_links":{"self":[{"href":"https:\/\/www.kichakatours.com\/es\/wp-json\/wp\/v2\/pages\/2289","targetHints":{"allow":["GET"]}}],"collection":[{"href":"https:\/\/www.kichakatours.com\/es\/wp-json\/wp\/v2\/pages"}],"about":[{"href":"https:\/\/www.kichakatours.com\/es\/wp-json\/wp\/v2\/types\/page"}],"author":[{"embeddable":true,"href":"https:\/\/www.kichakatours.com\/es\/wp-json\/wp\/v2\/users\/3"}],"replies":[{"embeddable":true,"href":"https:\/\/www.kichakatours.com\/es\/wp-json\/wp\/v2\/comments?post=2289"}],"version-history":[{"count":2,"href":"https:\/\/www.kichakatours.com\/es\/wp-json\/wp\/v2\/pages\/2289\/revisions"}],"predecessor-version":[{"id":11979,"href":"https:\/\/www.kichakatours.com\/es\/wp-json\/wp\/v2\/pages\/2289\/revisions\/11979"}],"up":[{"embeddable":true,"href":"https:\/\/www.kichakatours.com\/es\/wp-json\/wp\/v2\/pages\/1831"}],"wp:featuredmedia":[{"embeddable":true,"href":"https:\/\/www.kichakatours.com\/es\/wp-json\/wp\/v2\/media\/4389"}],"wp:attachment":[{"href":"https:\/\/www.kichakatours.com\/es\/wp-json\/wp\/v2\/media?parent=2289"}],"curies":[{"name":"wp","href":"https:\/\/api.w.org\/{rel}","templated":true}]}}