{"id":2661,"date":"2026-02-19T09:05:02","date_gmt":"2026-02-19T06:05:02","guid":{"rendered":"https:\/\/www.kichakatours.co.ke\/?post_type=destination&#038;p=2661"},"modified":"2026-02-19T11:54:04","modified_gmt":"2026-02-19T08:54:04","slug":"isla-de-lamu","status":"publish","type":"page","link":"https:\/\/www.kichakatours.com\/es\/destination\/lamu-island\/","title":{"rendered":"Isla de Lamu"},"content":{"rendered":"<h2 data-start=\"0\" data-end=\"82\">Isla de Lamu, Kenia: Patrimonio de la Humanidad de la UNESCO, playas y gu\u00eda de la cultura swahili<\/h2>\n<p data-start=\"84\" data-end=\"580\">El encantador <span class=\"hover:entity-accent entity-underline inline cursor-pointer align-baseline\"><span class=\"whitespace-normal\">Isla de Lamu<\/span><\/span>, en las aguas turquesas del Oc\u00e9ano \u00cdndico, frente a <a href=\"https:\/\/www.kichakatours.com\/coast-beaches-in-kenya\/\" target=\"_blank\" rel=\"noopener\">La costa de Kenia<\/a>, es uno de los destinos culturales m\u00e1s cautivadores de \u00c1frica Oriental. Reconocido como <a href=\"https:\/\/www.kichakatours.com\/destination\/kenya-unesco-world-heritage-sites\/\" target=\"_blank\" rel=\"noopener\">Patrimonio mundial de la UNESCO<\/a>, Lamu es el asentamiento swahili m\u00e1s antiguo y mejor conservado de la regi\u00f3n, con or\u00edgenes que se remontan al siglo XII. Para los viajeros que buscan aut\u00e9ntica cultura, historia y relax en la playa, la isla de Lamu ofrece una mezcla \u00fanica de patrimonio y belleza costera.<\/p>\n<h3 data-start=\"582\" data-end=\"618\">Una ciudad viva del patrimonio swahili<\/h3>\n<p data-start=\"619\" data-end=\"1042\">En el coraz\u00f3n de la isla se encuentra <span class=\"hover:entity-accent entity-underline inline cursor-pointer align-baseline\"><span class=\"whitespace-normal\">Casco antiguo de Lamu<\/span><\/span>, La ciudad es un asentamiento hist\u00f3rico donde el tiempo parece ralentizarse. Pasear por sus estrechas y sinuosas calles revela siglos de intercambios culturales marcados por influencias \u00e1rabes, persas, indias y europeas. La arquitectura es claramente swahili: casas de piedra coralina, puertas de madera tallada, patios sombreados y terrazas con vistas al mar.<\/p>\n<p data-start=\"1044\" data-end=\"1067\">Los visitantes pueden explorar:<\/p>\n<ul data-start=\"1068\" data-end=\"1257\">\n<li data-start=\"1068\" data-end=\"1105\">\n<p data-start=\"1070\" data-end=\"1105\">Mezquitas y plazas hist\u00f3ricas<\/p>\n<\/li>\n<li data-start=\"1106\" data-end=\"1147\">\n<p data-start=\"1108\" data-end=\"1147\">Casas y museos tradicionales swahilis<\/p>\n<\/li>\n<li data-start=\"1148\" data-end=\"1198\">\n<p data-start=\"1150\" data-end=\"1198\">Mercados llenos de artesan\u00eda<\/p>\n<\/li>\n<li data-start=\"1199\" data-end=\"1257\">\n<p data-start=\"1201\" data-end=\"1257\">El emblem\u00e1tico paseo mar\u00edtimo de Lamu con barcos dhow tradicionales<\/p>\n<\/li>\n<\/ul>\n<p data-start=\"1259\" data-end=\"1417\">Lamu sigue estando pr\u00e1cticamente libre de tr\u00e1fico pesado, con burros y dhows como principales medios de transporte, lo que preserva su ambiente tranquilo y antiguo.<\/p>\n<h3 data-start=\"1419\" data-end=\"1453\">Playas y experiencias en las islas<\/h3>\n<p data-start=\"1454\" data-end=\"1722\">Lamu tambi\u00e9n es famosa por sus playas v\u00edrgenes y su relajado estilo de vida isle\u00f1o. A un corto trayecto en barco se encuentra <span class=\"hover:entity-accent entity-underline inline cursor-pointer align-baseline\"><span class=\"whitespace-normal\">Playa Shela<\/span><\/span>, Es la playa m\u00e1s popular de la isla, de suave arena blanca y aguas turquesas. Esta larga playa virgen es ideal para:<\/p>\n<ul data-start=\"1723\" data-end=\"1869\">\n<li data-start=\"1723\" data-end=\"1755\">\n<p data-start=\"1725\" data-end=\"1755\">Paseos por la playa y vistas del atardecer<\/p>\n<\/li>\n<li data-start=\"1756\" data-end=\"1788\">\n<p data-start=\"1758\" data-end=\"1788\">Nataci\u00f3n y excursiones en dhow<\/p>\n<\/li>\n<li data-start=\"1789\" data-end=\"1825\">\n<p data-start=\"1791\" data-end=\"1825\">Escapadas rom\u00e1nticas y lunas de miel<\/p>\n<\/li>\n<li data-start=\"1826\" data-end=\"1869\">\n<p data-start=\"1828\" data-end=\"1869\">Balnearios boutique y estancias de lujo<\/p>\n<\/li>\n<\/ul>\n<p data-start=\"1871\" data-end=\"2118\">Islas cercanas como <span class=\"hover:entity-accent entity-underline inline cursor-pointer align-baseline\"><span class=\"whitespace-normal\">Isla de Manda<\/span><\/span> y <span class=\"hover:entity-accent entity-underline inline cursor-pointer align-baseline\"><span class=\"whitespace-normal\">Isla Kiwayu<\/span><\/span> ofrecen playas solitarias, ruinas culturales y exclusivos alojamientos ecol\u00f3gicos, por lo que el archipi\u00e9lago de Lamu es perfecto tanto para la aventura como para el descanso.<\/p>\n<h3 data-start=\"2120\" data-end=\"2146\">Qu\u00e9 hacer en Lamu<\/h3>\n<p data-start=\"2147\" data-end=\"2243\">Un viaje a Lamu combina el descubrimiento cultural con la aventura costera. Las actividades m\u00e1s populares son:<\/p>\n<ul data-start=\"2244\" data-end=\"2434\">\n<li data-start=\"2244\" data-end=\"2270\">\n<p data-start=\"2246\" data-end=\"2270\">Dhow navegando al atardecer<\/p>\n<\/li>\n<li data-start=\"2271\" data-end=\"2321\">\n<p data-start=\"2273\" data-end=\"2321\">Visitas culturales y experiencias culinarias en swahili<\/p>\n<\/li>\n<li data-start=\"2322\" data-end=\"2354\">\n<p data-start=\"2324\" data-end=\"2354\">Excursiones de pesca y snorkel<\/p>\n<\/li>\n<li data-start=\"2355\" data-end=\"2384\">\n<p data-start=\"2357\" data-end=\"2384\">Kayak y deportes n\u00e1uticos<\/p>\n<\/li>\n<li data-start=\"2385\" data-end=\"2434\">\n<p data-start=\"2387\" data-end=\"2434\">Explorar las islas cercanas y las ruinas hist\u00f3ricas<\/p>\n<\/li>\n<\/ul>\n<p data-start=\"2436\" data-end=\"2623\">El ritmo relajado de la isla anima a los visitantes a bajar el ritmo y sumergirse en la vida local, desde pasear por el paseo mar\u00edtimo hasta disfrutar del marisco fresco en los restaurantes a pie de playa.<\/p>\n<h3 data-start=\"2625\" data-end=\"2653\">\u00bfPor qu\u00e9 visitar la isla de Lamu?<\/h3>\n<p data-start=\"2654\" data-end=\"2935\">Lamu ofrece una aut\u00e9ntica escapada de la vida moderna de la ciudad. Su encanto reside en la perfecta combinaci\u00f3n de historia, cultura y belleza natural. Los viajeros pueden experimentar tradiciones swahili centenarias, la c\u00e1lida hospitalidad costera y algunas de las playas m\u00e1s pintorescas de Kenia, todo en un mismo destino.<\/p>\n<p data-start=\"2937\" data-end=\"2958\"><strong data-start=\"2937\" data-end=\"2956\">Aspectos m\u00e1s destacados:<\/strong><\/p>\n<ul data-start=\"2959\" data-end=\"3181\">\n<li data-start=\"2959\" data-end=\"2989\">\n<p data-start=\"2961\" data-end=\"2989\">Patrimonio mundial de la UNESCO<\/p>\n<\/li>\n<li data-start=\"2990\" data-end=\"3034\">\n<p data-start=\"2992\" data-end=\"3034\">El asentamiento swahili m\u00e1s antiguo de \u00c1frica Oriental<\/p>\n<\/li>\n<li data-start=\"3035\" data-end=\"3082\">\n<p data-start=\"3037\" data-end=\"3082\">Arquitectura y tradiciones culturales \u00fanicas<\/p>\n<\/li>\n<li data-start=\"3083\" data-end=\"3120\">\n<p data-start=\"3085\" data-end=\"3120\">Impresionantes playas y safaris en dhow<\/p>\n<\/li>\n<li data-start=\"3121\" data-end=\"3181\">\n<p data-start=\"3123\" data-end=\"3181\">Ideal para lunas de miel, visitas culturales y vacaciones en la playa<\/p>\n<\/li>\n<\/ul>\n<p data-start=\"3219\" data-end=\"3510\">\n<\/p>","protected":false},"excerpt":{"rendered":"<p>Lamu Island, Kenya: UNESCO World Heritage Site, Beaches &amp; Swahili Culture Guide The enchanting Lamu Island, set in the turquoise waters of the Indian Ocean off Kenya\u2019s coast, is one of East Africa\u2019s most captivating cultural destinations. Recognized as a<\/p>\n<div class=\"padding-top text-center\"><a href=\"https:\/\/www.kichakatours.com\/es\/destination\/lamu-island\/\" class=\"atbtn atbtn--medium atbtn--rounded atbtn--transparent\">Seguir leyendo<i class=\"atbtn__icon atbtn__icon--right fa fa-long-arrow-right\"><\/i><\/a><\/div>","protected":false},"author":3,"featured_media":3872,"parent":4685,"menu_order":0,"comment_status":"open","ping_status":"closed","template":"","meta":{"om_disable_all_campaigns":false,"_monsterinsights_skip_tracking":false,"_monsterinsights_sitenote_active":false,"_monsterinsights_sitenote_note":"","_monsterinsights_sitenote_category":0,"_uf_show_specific_survey":0,"_uf_disable_surveys":false,"footnotes":""},"class_list":["post-2661","page","type-page","status-publish","has-post-thumbnail","hentry"],"aioseo_notices":[],"aioseo_head":"\n\t\t<!-- All in One SEO Pro 4.9.6.2 - aioseo.com -->\n\t<meta name=\"description\" content=\"Discover the timeless beauty of Lamu Island, a UNESCO World Heritage Site where history, culture, and exquisite architecture combine for an unforgettable experience.\" \/>\n\t<meta name=\"robots\" content=\"max-image-preview:large\" \/>\n\t<meta name=\"msvalidate.01\" content=\"9F9C035D44B58EC24714371E3FB5B040\" \/>\n\t<meta name=\"yandex-verification\" content=\"b945a4b884f39739\" \/>\n\t<link rel=\"canonical\" href=\"https:\/\/www.kichakatours.com\/es\/destination\/lamu-island\/\" \/>\n\t<meta name=\"generator\" content=\"All in One SEO Pro (AIOSEO) 4.9.6.2\" \/>\n\t\t<meta property=\"og:locale\" content=\"es_ES\" \/>\n\t\t<meta property=\"og:site_name\" content=\"Kichaka Tours and Travel | East Africa private safaris, tailor made Tours\" \/>\n\t\t<meta property=\"og:type\" content=\"article\" \/>\n\t\t<meta property=\"og:title\" content=\"Lamu Island | Kenya\u2019s Historic Swahili Treasure and Coastal Paradise\" \/>\n\t\t<meta property=\"og:description\" content=\"Discover the timeless beauty of Lamu Island, a UNESCO World Heritage Site where history, culture, and exquisite architecture combine for an unforgettable experience.\" \/>\n\t\t<meta property=\"og:url\" content=\"https:\/\/www.kichakatours.com\/es\/destination\/lamu-island\/\" \/>\n\t\t<meta property=\"og:image\" content=\"https:\/\/www.kichakatours.com\/wp-content\/uploads\/2025\/04\/KichakaTours.jpg\" \/>\n\t\t<meta property=\"og:image:secure_url\" content=\"https:\/\/www.kichakatours.com\/wp-content\/uploads\/2025\/04\/KichakaTours.jpg\" \/>\n\t\t<meta property=\"og:image:width\" content=\"1200\" \/>\n\t\t<meta property=\"og:image:height\" content=\"531\" \/>\n\t\t<meta property=\"article:published_time\" content=\"2026-02-19T06:05:02+00:00\" \/>\n\t\t<meta property=\"article:modified_time\" content=\"2026-02-19T08:54:04+00:00\" \/>\n\t\t<meta property=\"article:publisher\" content=\"https:\/\/web.facebook.com\/toursafariskenya\/?_rdc=1&amp;_rdr#\" \/>\n\t\t<meta property=\"article:author\" content=\"https:\/\/www.facebook.com\/toursafariskenya\/\" \/>\n\t\t<meta name=\"twitter:card\" content=\"summary_large_image\" \/>\n\t\t<meta name=\"twitter:site\" content=\"@KichakaTours\" \/>\n\t\t<meta name=\"twitter:title\" content=\"Lamu Island | Kenya\u2019s Historic Swahili Treasure and Coastal Paradise\" \/>\n\t\t<meta name=\"twitter:description\" content=\"Discover the timeless beauty of Lamu Island, a UNESCO World Heritage Site where history, culture, and exquisite architecture combine for an unforgettable experience.\" \/>\n\t\t<meta name=\"twitter:creator\" content=\"@KichakaTours\" \/>\n\t\t<meta name=\"twitter:image\" content=\"https:\/\/www.kichakatours.com\/wp-content\/uploads\/2025\/04\/KichakaTours.jpg\" \/>\n\t\t<script type=\"application\/ld+json\" class=\"aioseo-schema\">\n\t\t\t{\"@context\":\"https:\\\/\\\/schema.org\",\"@graph\":[{\"@type\":\"BreadcrumbList\",\"@id\":\"https:\\\/\\\/www.kichakatours.com\\\/es\\\/destination\\\/lamu-island\\\/#breadcrumblist\",\"itemListElement\":[{\"@type\":\"ListItem\",\"@id\":\"https:\\\/\\\/www.kichakatours.com\\\/es#listItem\",\"position\":1,\"name\":\"Home\",\"item\":\"https:\\\/\\\/www.kichakatours.com\\\/es\",\"nextItem\":{\"@type\":\"ListItem\",\"@id\":\"https:\\\/\\\/www.kichakatours.com\\\/es\\\/destination\\\/#listItem\",\"name\":\"Destination\"}},{\"@type\":\"ListItem\",\"@id\":\"https:\\\/\\\/www.kichakatours.com\\\/es\\\/destination\\\/#listItem\",\"position\":2,\"name\":\"Destination\",\"item\":\"https:\\\/\\\/www.kichakatours.com\\\/es\\\/destination\\\/\",\"nextItem\":{\"@type\":\"ListItem\",\"@id\":\"https:\\\/\\\/www.kichakatours.com\\\/es\\\/destination\\\/lamu-island\\\/#listItem\",\"name\":\"Lamu Island\"},\"previousItem\":{\"@type\":\"ListItem\",\"@id\":\"https:\\\/\\\/www.kichakatours.com\\\/es#listItem\",\"name\":\"Home\"}},{\"@type\":\"ListItem\",\"@id\":\"https:\\\/\\\/www.kichakatours.com\\\/es\\\/destination\\\/lamu-island\\\/#listItem\",\"position\":3,\"name\":\"Lamu Island\",\"previousItem\":{\"@type\":\"ListItem\",\"@id\":\"https:\\\/\\\/www.kichakatours.com\\\/es\\\/destination\\\/#listItem\",\"name\":\"Destination\"}}]},{\"@type\":\"Organization\",\"@id\":\"https:\\\/\\\/www.kichakatours.com\\\/es\\\/#organization\",\"name\":\"Kichaka Tours and Travel\",\"description\":\"East Africa private safaris, tailor made Tours\",\"url\":\"https:\\\/\\\/www.kichakatours.com\\\/es\\\/\",\"email\":\"info@kichakatours.com\",\"telephone\":\"+254791800525\",\"foundingDate\":\"2016-04-01\",\"numberOfEmployees\":{\"@type\":\"QuantitativeValue\",\"minValue\":0,\"maxValue\":7},\"logo\":{\"@type\":\"ImageObject\",\"url\":\"https:\\\/\\\/www.kichakatours.com\\\/wp-content\\\/uploads\\\/2025\\\/01\\\/Logo.jpg-8-2.jpg\",\"@id\":\"https:\\\/\\\/www.kichakatours.com\\\/es\\\/destination\\\/lamu-island\\\/#organizationLogo\",\"width\":131,\"height\":109,\"caption\":\"A stylized logo featuring two green leaves within a black oval outline.\"},\"image\":{\"@id\":\"https:\\\/\\\/www.kichakatours.com\\\/es\\\/destination\\\/lamu-island\\\/#organizationLogo\"},\"sameAs\":[\"https:\\\/\\\/web.facebook.com\\\/toursafariskenya\\\/?_rdc=1&_rdr#\",\"https:\\\/\\\/x.com\\\/KichakaTours\",\"https:\\\/\\\/www.instagram.com\\\/KichakaTours\",\"https:\\\/\\\/www.linkedin.com\\\/in\\\/kichaka-tours-and-travel\\\/\"],\"address\":{\"@id\":\"https:\\\/\\\/www.kichakatours.com\\\/es\\\/#postaladdress\",\"@type\":\"PostalAddress\",\"streetAddress\":\"54936,\",\"postalCode\":\"00200\",\"addressLocality\":\"Nairobi\",\"addressRegion\":\"Kenya\",\"addressCountry\":\"KE\"}},{\"@type\":\"WebPage\",\"@id\":\"https:\\\/\\\/www.kichakatours.com\\\/es\\\/destination\\\/lamu-island\\\/#webpage\",\"url\":\"https:\\\/\\\/www.kichakatours.com\\\/es\\\/destination\\\/lamu-island\\\/\",\"name\":\"Lamu Island | Kenya\\u2019s Historic Swahili Treasure and Coastal Paradise\",\"description\":\"Discover the timeless beauty of Lamu Island, a UNESCO World Heritage Site where history, culture, and exquisite architecture combine for an unforgettable experience.\",\"inLanguage\":\"es-ES\",\"isPartOf\":{\"@id\":\"https:\\\/\\\/www.kichakatours.com\\\/es\\\/#website\"},\"breadcrumb\":{\"@id\":\"https:\\\/\\\/www.kichakatours.com\\\/es\\\/destination\\\/lamu-island\\\/#breadcrumblist\"},\"image\":{\"@type\":\"ImageObject\",\"url\":\"https:\\\/\\\/www.kichakatours.com\\\/wp-content\\\/uploads\\\/2020\\\/06\\\/lamu-3.jpg-4.jpg\",\"@id\":\"https:\\\/\\\/www.kichakatours.com\\\/es\\\/destination\\\/lamu-island\\\/#mainImage\",\"width\":1024,\"height\":379,\"caption\":\"Lamu\"},\"primaryImageOfPage\":{\"@id\":\"https:\\\/\\\/www.kichakatours.com\\\/es\\\/destination\\\/lamu-island\\\/#mainImage\"},\"datePublished\":\"2026-02-19T09:05:02+03:00\",\"dateModified\":\"2026-02-19T11:54:04+03:00\"},{\"@type\":\"WebSite\",\"@id\":\"https:\\\/\\\/www.kichakatours.com\\\/es\\\/#website\",\"url\":\"https:\\\/\\\/www.kichakatours.com\\\/es\\\/\",\"name\":\"Kichaka Tours and Travel\",\"description\":\"East Africa private safaris, tailor made Tours\",\"inLanguage\":\"es-ES\",\"publisher\":{\"@id\":\"https:\\\/\\\/www.kichakatours.com\\\/es\\\/#organization\"}}]}\n\t\t<\/script>\n\t\t<!-- All in One SEO Pro -->\r\n\t\t<title>Lamu Island | Kenya\u2019s Historic Swahili Treasure and Coastal Paradise<\/title>\n\n","aioseo_head_json":{"title":"Isla de Lamu | Tesoro hist\u00f3rico swahili y para\u00edso costero de Kenia","description":"Descubra la belleza intemporal de la isla de Lamu, declarada Patrimonio de la Humanidad por la UNESCO, donde la historia, la cultura y la exquisita arquitectura se combinan para ofrecer una experiencia inolvidable.","canonical_url":"https:\/\/www.kichakatours.com\/es\/destination\/lamu-island\/","robots":"max-image-preview:large","keywords":"","webmasterTools":{"msvalidate.01":"9F9C035D44B58EC24714371E3FB5B040","yandex-verification":"b945a4b884f39739","miscellaneous":""},"schema":{"@context":"https:\/\/schema.org","@graph":[{"@type":"BreadcrumbList","@id":"https:\/\/www.kichakatours.com\/es\/destination\/lamu-island\/#breadcrumblist","itemListElement":[{"@type":"ListItem","@id":"https:\/\/www.kichakatours.com\/es#listItem","position":1,"name":"Home","item":"https:\/\/www.kichakatours.com\/es","nextItem":{"@type":"ListItem","@id":"https:\/\/www.kichakatours.com\/es\/destination\/#listItem","name":"Destination"}},{"@type":"ListItem","@id":"https:\/\/www.kichakatours.com\/es\/destination\/#listItem","position":2,"name":"Destination","item":"https:\/\/www.kichakatours.com\/es\/destination\/","nextItem":{"@type":"ListItem","@id":"https:\/\/www.kichakatours.com\/es\/destination\/lamu-island\/#listItem","name":"Lamu Island"},"previousItem":{"@type":"ListItem","@id":"https:\/\/www.kichakatours.com\/es#listItem","name":"Home"}},{"@type":"ListItem","@id":"https:\/\/www.kichakatours.com\/es\/destination\/lamu-island\/#listItem","position":3,"name":"Lamu Island","previousItem":{"@type":"ListItem","@id":"https:\/\/www.kichakatours.com\/es\/destination\/#listItem","name":"Destination"}}]},{"@type":"Organization","@id":"https:\/\/www.kichakatours.com\/es\/#organization","name":"Kichaka Tours and Travel","description":"East Africa private safaris, tailor made Tours","url":"https:\/\/www.kichakatours.com\/es\/","email":"info@kichakatours.com","telephone":"+254791800525","foundingDate":"2016-04-01","numberOfEmployees":{"@type":"QuantitativeValue","minValue":0,"maxValue":7},"logo":{"@type":"ImageObject","url":"https:\/\/www.kichakatours.com\/wp-content\/uploads\/2025\/01\/Logo.jpg-8-2.jpg","@id":"https:\/\/www.kichakatours.com\/es\/destination\/lamu-island\/#organizationLogo","width":131,"height":109,"caption":"A stylized logo featuring two green leaves within a black oval outline."},"image":{"@id":"https:\/\/www.kichakatours.com\/es\/destination\/lamu-island\/#organizationLogo"},"sameAs":["https:\/\/web.facebook.com\/toursafariskenya\/?_rdc=1&_rdr#","https:\/\/x.com\/KichakaTours","https:\/\/www.instagram.com\/KichakaTours","https:\/\/www.linkedin.com\/in\/kichaka-tours-and-travel\/"],"address":{"@id":"https:\/\/www.kichakatours.com\/es\/#postaladdress","@type":"PostalAddress","streetAddress":"54936,","postalCode":"00200","addressLocality":"Nairobi","addressRegion":"Kenya","addressCountry":"KE"}},{"@type":"WebPage","@id":"https:\/\/www.kichakatours.com\/es\/destination\/lamu-island\/#webpage","url":"https:\/\/www.kichakatours.com\/es\/destination\/lamu-island\/","name":"Lamu Island | Kenya\u2019s Historic Swahili Treasure and Coastal Paradise","description":"Discover the timeless beauty of Lamu Island, a UNESCO World Heritage Site where history, culture, and exquisite architecture combine for an unforgettable experience.","inLanguage":"es-ES","isPartOf":{"@id":"https:\/\/www.kichakatours.com\/es\/#website"},"breadcrumb":{"@id":"https:\/\/www.kichakatours.com\/es\/destination\/lamu-island\/#breadcrumblist"},"image":{"@type":"ImageObject","url":"https:\/\/www.kichakatours.com\/wp-content\/uploads\/2020\/06\/lamu-3.jpg-4.jpg","@id":"https:\/\/www.kichakatours.com\/es\/destination\/lamu-island\/#mainImage","width":1024,"height":379,"caption":"Lamu"},"primaryImageOfPage":{"@id":"https:\/\/www.kichakatours.com\/es\/destination\/lamu-island\/#mainImage"},"datePublished":"2026-02-19T09:05:02+03:00","dateModified":"2026-02-19T11:54:04+03:00"},{"@type":"WebSite","@id":"https:\/\/www.kichakatours.com\/es\/#website","url":"https:\/\/www.kichakatours.com\/es\/","name":"Kichaka Tours and Travel","description":"East Africa private safaris, tailor made Tours","inLanguage":"es-ES","publisher":{"@id":"https:\/\/www.kichakatours.com\/es\/#organization"}}]},"og:locale":"es_ES","og:site_name":"Kichaka Tours and Travel | East Africa private safaris, tailor made Tours","og:type":"article","og:title":"Lamu Island | Kenya\u2019s Historic Swahili Treasure and Coastal Paradise","og:description":"Discover the timeless beauty of Lamu Island, a UNESCO World Heritage Site where history, culture, and exquisite architecture combine for an unforgettable experience.","og:url":"https:\/\/www.kichakatours.com\/es\/destination\/lamu-island\/","og:image":"https:\/\/www.kichakatours.com\/wp-content\/uploads\/2025\/04\/KichakaTours.jpg","og:image:secure_url":"https:\/\/www.kichakatours.com\/wp-content\/uploads\/2025\/04\/KichakaTours.jpg","og:image:width":1200,"og:image:height":531,"article:published_time":"2026-02-19T06:05:02+00:00","article:modified_time":"2026-02-19T08:54:04+00:00","article:publisher":"https:\/\/web.facebook.com\/toursafariskenya\/?_rdc=1&_rdr#","article:author":"https:\/\/www.facebook.com\/toursafariskenya\/","twitter:card":"summary_large_image","twitter:site":"@KichakaTours","twitter:title":"Lamu Island | Kenya\u2019s Historic Swahili Treasure and Coastal Paradise","twitter:description":"Discover the timeless beauty of Lamu Island, a UNESCO World Heritage Site where history, culture, and exquisite architecture combine for an unforgettable experience.","twitter:creator":"@KichakaTours","twitter:image":"https:\/\/www.kichakatours.com\/wp-content\/uploads\/2025\/04\/KichakaTours.jpg"},"aioseo_meta_data":{"post_id":"2661","title":"#post_title #separator_sa Kenya\u2019s Historic Swahili Treasure and Coastal Paradise","description":"Descubra la belleza intemporal de la isla de Lamu, declarada Patrimonio de la Humanidad por la UNESCO, donde la historia, la cultura y la exquisita arquitectura se combinan para ofrecer una experiencia inolvidable.","keywords":null,"keyphrases":{"focus":{"keyphrase":"Lamu Island","score":100,"analysis":{"keyphraseInTitle":{"score":9,"maxScore":9,"error":0},"keyphraseInDescription":{"score":9,"maxScore":9,"error":0},"keyphraseLength":{"score":9,"maxScore":9,"error":0,"length":2},"keyphraseInURL":{"score":5,"maxScore":5,"error":0},"keyphraseInIntroduction":{"score":9,"maxScore":9,"error":0},"keyphraseInSubHeadings":{"score":9,"maxScore":9,"error":0},"keyphraseInImageAlt":[],"keywordDensity":{"type":"best","score":9,"maxScore":9,"error":0}}},"additional":[]},"primary_term":null,"canonical_url":null,"og_title":null,"og_description":null,"og_object_type":"default","og_image_type":"default","og_image_url":null,"og_image_width":null,"og_image_height":null,"og_image_custom_url":null,"og_image_custom_fields":null,"og_video":"","og_custom_url":null,"og_article_section":null,"og_article_tags":null,"twitter_use_og":false,"twitter_card":"default","twitter_image_type":"default","twitter_image_url":null,"twitter_image_custom_url":null,"twitter_image_custom_fields":null,"twitter_title":null,"twitter_description":null,"schema":{"blockGraphs":[],"customGraphs":[],"default":{"data":{"Article":[],"Course":[],"Dataset":[],"FAQPage":[],"Movie":[],"Person":[],"Product":[],"ProductReview":[],"Car":[],"Recipe":[],"Service":[],"SoftwareApplication":[],"WebPage":[]},"graphName":"WebPage","isEnabled":true},"graphs":[]},"schema_type":"default","schema_type_options":null,"pillar_content":false,"robots_default":true,"robots_noindex":false,"robots_noarchive":false,"robots_nosnippet":false,"robots_nofollow":false,"robots_noimageindex":false,"robots_noodp":false,"robots_notranslate":false,"robots_max_snippet":"-1","robots_max_videopreview":"-1","robots_max_imagepreview":"large","priority":null,"frequency":"default","local_seo":null,"seo_analyzer_scan_date":"2026-02-19 09:07:32","breadcrumb_settings":null,"limit_modified_date":false,"reviewed_by":"0","open_ai":"{\"title\":{\"suggestions\":[],\"usage\":0},\"description\":{\"suggestions\":[],\"usage\":0}}","ai":{"faqs":[],"keyPoints":[],"titles":["Discover Lamu Island: Kenya\u2019s Historic Swahili Treasure and Coastal Paradise","Lamu Island Unveiled: A UNESCO Heritage Site of Rich Culture and History","Experience the Charm of Lamu Island: Kenya\u2019s Timeless Swahili Coastal Jewel","Lamu Island Exploration: Heritage, Beaches, and Cultural Wonders Await","Unearth the Magic of Lamu Island: Kenya\u2019s Iconic Heritage and Scenic Coast"],"descriptions":["Discover the timeless beauty of Lamu Island, a UNESCO World Heritage Site where history, culture, and exquisite architecture combine for an unforgettable experience.","Explore Lamu Island\u2019s rich Swahili heritage, charming streets, historic forts, and pristine beaches\u2014an ideal destination for those seeking an exotic escape.","Uncover the allure of Lamu Island, with its ancient architecture, vibrant markets, and tranquil beaches, offering a peaceful retreat into history and culture.","Experience the captivating charm of Lamu Island, where traditional dhow safaris, colorful markets, and stunning coastal vistas create a unique travel experience.","Step into a historic paradise on Lamu Island, Kenya\u2019s oldest Swahili settlement, where centuries-old architecture and warm hospitality await every visitor."],"socialPosts":{"email":[],"linkedin":[],"twitter":[],"facebook":[],"instagram":[]}},"created":"2025-01-22 15:57:21","updated":"2026-02-19 09:07:32"},"aioseo_breadcrumb":"<div class=\"aioseo-breadcrumbs\"><span class=\"aioseo-breadcrumb\">\n\t<a href=\"https:\/\/www.kichakatours.com\/es\" title=\"Home\">Home<\/a>\n<\/span><span class=\"aioseo-breadcrumb-separator\">|<\/span><span class=\"aioseo-breadcrumb\">\n\t<a href=\"https:\/\/www.kichakatours.com\/es\/destination\/\" title=\"Destination\">Destination<\/a>\n<\/span><span class=\"aioseo-breadcrumb-separator\">|<\/span><span class=\"aioseo-breadcrumb\">\n\tLamu Island\n<\/span><\/div>","aioseo_breadcrumb_json":[{"label":"Home","link":"https:\/\/www.kichakatours.com\/es"},{"label":"Destination","link":"https:\/\/www.kichakatours.com\/es\/destination\/"},{"label":"Lamu Island","link":"https:\/\/www.kichakatours.com\/es\/destination\/lamu-island\/"}],"_links":{"self":[{"href":"https:\/\/www.kichakatours.com\/es\/wp-json\/wp\/v2\/pages\/2661","targetHints":{"allow":["GET"]}}],"collection":[{"href":"https:\/\/www.kichakatours.com\/es\/wp-json\/wp\/v2\/pages"}],"about":[{"href":"https:\/\/www.kichakatours.com\/es\/wp-json\/wp\/v2\/types\/page"}],"author":[{"embeddable":true,"href":"https:\/\/www.kichakatours.com\/es\/wp-json\/wp\/v2\/users\/3"}],"replies":[{"embeddable":true,"href":"https:\/\/www.kichakatours.com\/es\/wp-json\/wp\/v2\/comments?post=2661"}],"version-history":[{"count":2,"href":"https:\/\/www.kichakatours.com\/es\/wp-json\/wp\/v2\/pages\/2661\/revisions"}],"predecessor-version":[{"id":12224,"href":"https:\/\/www.kichakatours.com\/es\/wp-json\/wp\/v2\/pages\/2661\/revisions\/12224"}],"up":[{"embeddable":true,"href":"https:\/\/www.kichakatours.com\/es\/wp-json\/wp\/v2\/pages\/4685"}],"wp:featuredmedia":[{"embeddable":true,"href":"https:\/\/www.kichakatours.com\/es\/wp-json\/wp\/v2\/media\/3872"}],"wp:attachment":[{"href":"https:\/\/www.kichakatours.com\/es\/wp-json\/wp\/v2\/media?parent=2661"}],"curies":[{"name":"wp","href":"https:\/\/api.w.org\/{rel}","templated":true}]}}