{"id":2920,"date":"2026-02-16T10:50:42","date_gmt":"2026-02-16T07:50:42","guid":{"rendered":"https:\/\/www.kichakatours.co.ke\/?page_id=2920"},"modified":"2026-04-02T22:02:26","modified_gmt":"2026-04-02T19:02:26","slug":"reserva-de-trenes-en-kenia","status":"publish","type":"page","link":"https:\/\/www.kichakatours.com\/es\/kenya-train-booking\/","title":{"rendered":"Reservas de tren en Kenia"},"content":{"rendered":"<h2><span style=\"font-size: 18px; color: #000000;\">\u00a0C\u00f3mo reservar tren en Kenia (SGR)<\/span><\/h2>\n<p><span style=\"color: #000000;\"><span style=\"color: #000000;\">Este servicio de reserva es ideal para alguien que no resida en<a href=\"https:\/\/www.kichakatours.com\/about-kenya\/\" target=\"_blank\" rel=\"noopener\"> Kenia<\/a> pero desea reservar un billete de tren antes de llegar. Nosotros podremos hacerlo por usted. Despu\u00e9s de reservar el billete y el n\u00famero de referencia, se lo enviaremos por correo electr\u00f3nico. Podr\u00e1 imprimir el billete el d\u00eda del viaje en la estaci\u00f3n. Los residentes tambi\u00e9n pueden reservar a trav\u00e9s de nosotros. <strong>Para m\u00e1s informaci\u00f3n sobre c\u00f3mo reservar el tren, consulte <a href=\"https:\/\/www.kichakatours.com\/train-time-table-and-cost\/\" target=\"_blank\" rel=\"noopener\">pulse aqu\u00ed<\/a>\u00a0<\/strong><\/span><\/span><\/p>\n<p><span style=\"color: #000000;\">No se trata de un simple viaje en tren, sino de un crucero con la oportunidad de contemplar los espectaculares paisajes de Kenia y presenciar interesantes atracciones tur\u00edsticas por el camino.<\/span><\/p>\n<h2><span style=\"color: #000000; font-size: 18px;\">Salidas y estaciones de tren<\/span><\/h2>\n<p><span style=\"color: #000000;\">Actualmente, hay tres salidas diarias desde y hacia Mombasa.<\/span><\/p>\n<p><span style=\"color: #000000;\">Las dos estaciones principales de Nairobi y Mombasa son la terminal de Nairobi, situada en la zona de Syokimau, en el condado de Nairobi, a 20 kil\u00f3metros del centro de la ciudad. La terminal de Mombasa se encuentra en la zona de Miritini, en el condado de Mombasa, a 11 kil\u00f3metros del centro de la ciudad.<\/span><\/p>\n<ul>\n<li><strong><span style=\"color: #000000;\">El tren intercomarcal circula por la ma\u00f1ana y hace escala en varios puntos. Entre ellos est\u00e1n las estaciones de Athi River, Emali, Kibwezi, Mtito Andei, Voi, Miasenyi y Mariakani.<\/span><\/strong><\/li>\n<\/ul>\n<p>S\u00f3lo funciona por las ma\u00f1anas<\/p>\n<p>Salida de Nairobi a las 8.00 h y llegada a Mombasa a las 14.00 h, con paradas en el camino.<\/p>\n<p>Salida de Mombasa a las 8.00 h y llegada a Nairobi a las 14.10 h, con paradas en el camino.<\/p>\n<ul>\n<li><strong><span style=\"color: #000000;\">El tren expr\u00e9s no se detiene durante el trayecto.<\/span><\/strong><\/li>\n<\/ul>\n<p>Tiene dos tiempos en ambos sentidos;<\/p>\n<p>Nairobi a Mombasa Salida 15:00 Llegada 20:30<\/p>\n<p>Salida 10.00PM Llegada 3.45AM<\/p>\n<p>Mombasa a Nairobi Salida 15:00 Llegada 20:18<\/p>\n<p>Salida 10.00PM Llegada 3.55AM<\/p>\n<p>Coste de las entradas<\/p>\n<p>Clase Premier Adulto Ksh 12000\/ Ni\u00f1o 3-11 a\u00f1os Ksh 6000\/<\/p>\n<p>Primera clase Adulto Ksh 4500\/ Ni\u00f1o 3-11 a\u00f1os Ksh 2250 \/<\/p>\n<p>Econ\u00f3mico Adulto Ksh 1500\/ Ni\u00f1o 3-11 a\u00f1os Ksh 750\/<\/p>\n<h2><span style=\"color: #000000; font-size: 18px;\">Normas y reglamentos para la reserva de trenes Kenia Nairobi-Mombasa<\/span><\/h2>\n<ol>\n<li><span style=\"color: #000000;\">Los pasajeros pueden comprar un billete con hasta sesenta (60) d\u00edas de antelaci\u00f3n y un billete de ida y vuelta. Esto siempre que sea dentro del plazo de sesenta (60) d\u00edas. <\/span><\/li>\n<li><span style=\"color: #000000;\">Las reservas de grupos (m\u00e1s de 20 pax) deben realizarse sesenta y dos (62) d\u00edas antes de la fecha del viaje.<\/span><\/li>\n<li><span style=\"color: #000000;\">Le recomendamos que llegue a la estaci\u00f3n de tren como muy tarde 60 minutos antes de la salida. Esto facilitar\u00e1 la facturaci\u00f3n y el embarque. <\/span><\/li>\n<li><span style=\"color: #000000;\">Asimismo, se ruega a los pasajeros que tengan en cuenta que la \u00faltima llamada para subir al tren se realiza 11 minutos antes de la salida. Las puertas del and\u00e9n se cierran 10 minutos antes de la hora de salida. <\/span><\/li>\n<li><span style=\"color: #000000;\">Se aconseja a los pasajeros que lleven consigo los documentos de identidad originales al hacer la reserva en ventanilla y durante el viaje. En caso de p\u00e9rdida o extrav\u00edo del Documento Nacional de Identidad, puede utilizarse lo siguiente. Pasaporte, carn\u00e9 de conducir o un resumen policial y tarjeta de espera. <\/span><\/li>\n<li><span style=\"color: #000000;\">Los ni\u00f1os de entre 3 y 11 a\u00f1os que viajen con adultos pagar\u00e1n la mitad.<\/span><\/li>\n<li><span style=\"color: #000000;\">Los ni\u00f1os mayores de 11 a\u00f1os deber\u00e1n abonar el precio \u00edntegro de la entrada. <\/span><\/li>\n<li><span style=\"color: #000000;\">No obstante, los ni\u00f1os menores de 3 a\u00f1os no necesitan billete.<\/span><\/li>\n<li><span style=\"color: #000000;\">Tambi\u00e9n permitimos un m\u00e1ximo de 30 kg de equipaje en el tren. Por lo tanto, no debe medir m\u00e1s de 1,6 m de alto, ancho y ancho.<\/span><\/li>\n<\/ol>\n<h5><\/h5>","protected":false},"excerpt":{"rendered":"<p>\u00a0How to book train in Kenya (SGR) This booking service is ideal for someone who doesn&#8217;t reside in Kenya but wishes to book a train ticket before they arrive. We will be able to do it for you. After booking<\/p>\n<div class=\"padding-top text-center\"><a href=\"https:\/\/www.kichakatours.com\/es\/kenya-train-booking\/\" class=\"atbtn atbtn--medium atbtn--rounded atbtn--transparent\">Seguir leyendo<i class=\"atbtn__icon atbtn__icon--right fa fa-long-arrow-right\"><\/i><\/a><\/div>","protected":false},"author":3,"featured_media":3023,"parent":0,"menu_order":0,"comment_status":"closed","ping_status":"closed","template":"","meta":{"om_disable_all_campaigns":false,"_monsterinsights_skip_tracking":false,"_monsterinsights_sitenote_active":false,"_monsterinsights_sitenote_note":"","_monsterinsights_sitenote_category":0,"_uf_show_specific_survey":0,"_uf_disable_surveys":false,"footnotes":""},"class_list":["post-2920","page","type-page","status-publish","has-post-thumbnail","hentry"],"aioseo_notices":[],"aioseo_head":"\n\t\t<!-- All in One SEO Pro 4.9.6.2 - aioseo.com -->\n\t<meta name=\"description\" content=\"The Kenya Train Booking service is ideal for someone who doesn\u2019t reside in Kenya but wishes to book the train. We will book and send details to you via email.\" \/>\n\t<meta name=\"robots\" content=\"max-image-preview:large\" \/>\n\t<meta name=\"msvalidate.01\" content=\"9F9C035D44B58EC24714371E3FB5B040\" \/>\n\t<meta name=\"yandex-verification\" content=\"b945a4b884f39739\" \/>\n\t<link rel=\"canonical\" href=\"https:\/\/www.kichakatours.com\/es\/kenya-train-booking\/\" \/>\n\t<meta name=\"generator\" content=\"All in One SEO Pro (AIOSEO) 4.9.6.2\" \/>\n\t\t<meta property=\"og:locale\" content=\"es_ES\" \/>\n\t\t<meta property=\"og:site_name\" content=\"Kichaka Tours and Travel | East Africa private safaris, tailor made Tours\" \/>\n\t\t<meta property=\"og:type\" content=\"article\" \/>\n\t\t<meta property=\"og:title\" content=\"Kenya Train Booking | We assist booking Nairobi Mombasa SGR\" \/>\n\t\t<meta property=\"og:description\" content=\"The Kenya Train Booking service is ideal for someone who doesn\u2019t reside in Kenya but wishes to book the train. We will book and send details to you via email.\" \/>\n\t\t<meta property=\"og:url\" content=\"https:\/\/www.kichakatours.com\/es\/kenya-train-booking\/\" \/>\n\t\t<meta property=\"og:image\" content=\"https:\/\/www.kichakatours.com\/wp-content\/uploads\/2025\/04\/KichakaTours.jpg\" \/>\n\t\t<meta property=\"og:image:secure_url\" content=\"https:\/\/www.kichakatours.com\/wp-content\/uploads\/2025\/04\/KichakaTours.jpg\" \/>\n\t\t<meta property=\"og:image:width\" content=\"1200\" \/>\n\t\t<meta property=\"og:image:height\" content=\"531\" \/>\n\t\t<meta property=\"article:published_time\" content=\"2026-02-16T07:50:42+00:00\" \/>\n\t\t<meta property=\"article:modified_time\" content=\"2026-04-02T19:02:26+00:00\" \/>\n\t\t<meta property=\"article:publisher\" content=\"https:\/\/web.facebook.com\/toursafariskenya\/?_rdc=1&amp;_rdr#\" \/>\n\t\t<meta property=\"article:author\" content=\"https:\/\/www.facebook.com\/toursafariskenya\/\" \/>\n\t\t<meta name=\"twitter:card\" content=\"summary_large_image\" \/>\n\t\t<meta name=\"twitter:site\" content=\"@KichakaTours\" \/>\n\t\t<meta name=\"twitter:title\" content=\"Kenya Train Booking | We assist booking Nairobi Mombasa SGR\" \/>\n\t\t<meta name=\"twitter:description\" content=\"The Kenya Train Booking service is ideal for someone who doesn\u2019t reside in Kenya but wishes to book the train. We will book and send details to you via email.\" \/>\n\t\t<meta name=\"twitter:creator\" content=\"@KichakaTours\" \/>\n\t\t<meta name=\"twitter:image\" content=\"https:\/\/www.kichakatours.com\/wp-content\/uploads\/2025\/04\/KichakaTours.jpg\" \/>\n\t\t<script type=\"application\/ld+json\" class=\"aioseo-schema\">\n\t\t\t{\"@context\":\"https:\\\/\\\/schema.org\",\"@graph\":[{\"@type\":\"BreadcrumbList\",\"@id\":\"https:\\\/\\\/www.kichakatours.com\\\/es\\\/kenya-train-booking\\\/#breadcrumblist\",\"itemListElement\":[{\"@type\":\"ListItem\",\"@id\":\"https:\\\/\\\/www.kichakatours.com\\\/es#listItem\",\"position\":1,\"name\":\"Home\",\"item\":\"https:\\\/\\\/www.kichakatours.com\\\/es\",\"nextItem\":{\"@type\":\"ListItem\",\"@id\":\"https:\\\/\\\/www.kichakatours.com\\\/es\\\/kenya-train-booking\\\/#listItem\",\"name\":\"Kenya Train Booking\"}},{\"@type\":\"ListItem\",\"@id\":\"https:\\\/\\\/www.kichakatours.com\\\/es\\\/kenya-train-booking\\\/#listItem\",\"position\":2,\"name\":\"Kenya Train Booking\",\"previousItem\":{\"@type\":\"ListItem\",\"@id\":\"https:\\\/\\\/www.kichakatours.com\\\/es#listItem\",\"name\":\"Home\"}}]},{\"@type\":\"Organization\",\"@id\":\"https:\\\/\\\/www.kichakatours.com\\\/es\\\/#organization\",\"name\":\"Kichaka Tours and Travel\",\"description\":\"East Africa private safaris, tailor made Tours\",\"url\":\"https:\\\/\\\/www.kichakatours.com\\\/es\\\/\",\"email\":\"info@kichakatours.com\",\"telephone\":\"+254791800525\",\"foundingDate\":\"2016-04-01\",\"numberOfEmployees\":{\"@type\":\"QuantitativeValue\",\"minValue\":0,\"maxValue\":7},\"logo\":{\"@type\":\"ImageObject\",\"url\":\"https:\\\/\\\/www.kichakatours.com\\\/wp-content\\\/uploads\\\/2025\\\/01\\\/Logo.jpg-8-2.jpg\",\"@id\":\"https:\\\/\\\/www.kichakatours.com\\\/es\\\/kenya-train-booking\\\/#organizationLogo\",\"width\":131,\"height\":109,\"caption\":\"A stylized logo featuring two green leaves within a black oval outline.\"},\"image\":{\"@id\":\"https:\\\/\\\/www.kichakatours.com\\\/es\\\/kenya-train-booking\\\/#organizationLogo\"},\"sameAs\":[\"https:\\\/\\\/web.facebook.com\\\/toursafariskenya\\\/?_rdc=1&_rdr#\",\"https:\\\/\\\/x.com\\\/KichakaTours\",\"https:\\\/\\\/www.instagram.com\\\/KichakaTours\",\"https:\\\/\\\/www.linkedin.com\\\/in\\\/kichaka-tours-and-travel\\\/\"],\"address\":{\"@id\":\"https:\\\/\\\/www.kichakatours.com\\\/es\\\/#postaladdress\",\"@type\":\"PostalAddress\",\"streetAddress\":\"54936,\",\"postalCode\":\"00200\",\"addressLocality\":\"Nairobi\",\"addressRegion\":\"Kenya\",\"addressCountry\":\"KE\"}},{\"@type\":\"WebPage\",\"@id\":\"https:\\\/\\\/www.kichakatours.com\\\/es\\\/kenya-train-booking\\\/#webpage\",\"url\":\"https:\\\/\\\/www.kichakatours.com\\\/es\\\/kenya-train-booking\\\/\",\"name\":\"Kenya Train Booking | We assist booking Nairobi Mombasa SGR\",\"description\":\"The Kenya Train Booking service is ideal for someone who doesn\\u2019t reside in Kenya but wishes to book the train. We will book and send details to you via email.\",\"inLanguage\":\"es-ES\",\"isPartOf\":{\"@id\":\"https:\\\/\\\/www.kichakatours.com\\\/es\\\/#website\"},\"breadcrumb\":{\"@id\":\"https:\\\/\\\/www.kichakatours.com\\\/es\\\/kenya-train-booking\\\/#breadcrumblist\"},\"image\":{\"@type\":\"ImageObject\",\"url\":\"https:\\\/\\\/www.kichakatours.com\\\/wp-content\\\/uploads\\\/2020\\\/07\\\/Kenya-SGR-Train-2-2.jpeg\",\"@id\":\"https:\\\/\\\/www.kichakatours.com\\\/es\\\/kenya-train-booking\\\/#mainImage\",\"width\":1558,\"height\":908,\"caption\":\"TRAIN TIME TABLE AND COST\"},\"primaryImageOfPage\":{\"@id\":\"https:\\\/\\\/www.kichakatours.com\\\/es\\\/kenya-train-booking\\\/#mainImage\"},\"datePublished\":\"2026-02-16T10:50:42+03:00\",\"dateModified\":\"2026-04-02T22:02:26+03:00\"},{\"@type\":\"WebSite\",\"@id\":\"https:\\\/\\\/www.kichakatours.com\\\/es\\\/#website\",\"url\":\"https:\\\/\\\/www.kichakatours.com\\\/es\\\/\",\"name\":\"Kichaka Tours and Travel\",\"description\":\"East Africa private safaris, tailor made Tours\",\"inLanguage\":\"es-ES\",\"publisher\":{\"@id\":\"https:\\\/\\\/www.kichakatours.com\\\/es\\\/#organization\"}}]}\n\t\t<\/script>\n\t\t<!-- All in One SEO Pro -->\r\n\t\t<title>Kenya Train Booking | We assist booking Nairobi Mombasa SGR<\/title>\n\n","aioseo_head_json":{"title":"Reserva de tren en Kenia | Ayudamos a reservar Nairobi Mombasa SGR","description":"El servicio Kenya Train Booking es ideal para alguien que no reside en Kenia pero desea reservar el tren. Haremos la reserva y le enviaremos los detalles por correo electr\u00f3nico.","canonical_url":"https:\/\/www.kichakatours.com\/es\/kenya-train-booking\/","robots":"max-image-preview:large","keywords":"","webmasterTools":{"msvalidate.01":"9F9C035D44B58EC24714371E3FB5B040","yandex-verification":"b945a4b884f39739","miscellaneous":""},"schema":{"@context":"https:\/\/schema.org","@graph":[{"@type":"BreadcrumbList","@id":"https:\/\/www.kichakatours.com\/es\/kenya-train-booking\/#breadcrumblist","itemListElement":[{"@type":"ListItem","@id":"https:\/\/www.kichakatours.com\/es#listItem","position":1,"name":"Home","item":"https:\/\/www.kichakatours.com\/es","nextItem":{"@type":"ListItem","@id":"https:\/\/www.kichakatours.com\/es\/kenya-train-booking\/#listItem","name":"Kenya Train Booking"}},{"@type":"ListItem","@id":"https:\/\/www.kichakatours.com\/es\/kenya-train-booking\/#listItem","position":2,"name":"Kenya Train Booking","previousItem":{"@type":"ListItem","@id":"https:\/\/www.kichakatours.com\/es#listItem","name":"Home"}}]},{"@type":"Organization","@id":"https:\/\/www.kichakatours.com\/es\/#organization","name":"Kichaka Tours and Travel","description":"East Africa private safaris, tailor made Tours","url":"https:\/\/www.kichakatours.com\/es\/","email":"info@kichakatours.com","telephone":"+254791800525","foundingDate":"2016-04-01","numberOfEmployees":{"@type":"QuantitativeValue","minValue":0,"maxValue":7},"logo":{"@type":"ImageObject","url":"https:\/\/www.kichakatours.com\/wp-content\/uploads\/2025\/01\/Logo.jpg-8-2.jpg","@id":"https:\/\/www.kichakatours.com\/es\/kenya-train-booking\/#organizationLogo","width":131,"height":109,"caption":"A stylized logo featuring two green leaves within a black oval outline."},"image":{"@id":"https:\/\/www.kichakatours.com\/es\/kenya-train-booking\/#organizationLogo"},"sameAs":["https:\/\/web.facebook.com\/toursafariskenya\/?_rdc=1&_rdr#","https:\/\/x.com\/KichakaTours","https:\/\/www.instagram.com\/KichakaTours","https:\/\/www.linkedin.com\/in\/kichaka-tours-and-travel\/"],"address":{"@id":"https:\/\/www.kichakatours.com\/es\/#postaladdress","@type":"PostalAddress","streetAddress":"54936,","postalCode":"00200","addressLocality":"Nairobi","addressRegion":"Kenya","addressCountry":"KE"}},{"@type":"WebPage","@id":"https:\/\/www.kichakatours.com\/es\/kenya-train-booking\/#webpage","url":"https:\/\/www.kichakatours.com\/es\/kenya-train-booking\/","name":"Kenya Train Booking | We assist booking Nairobi Mombasa SGR","description":"The Kenya Train Booking service is ideal for someone who doesn\u2019t reside in Kenya but wishes to book the train. We will book and send details to you via email.","inLanguage":"es-ES","isPartOf":{"@id":"https:\/\/www.kichakatours.com\/es\/#website"},"breadcrumb":{"@id":"https:\/\/www.kichakatours.com\/es\/kenya-train-booking\/#breadcrumblist"},"image":{"@type":"ImageObject","url":"https:\/\/www.kichakatours.com\/wp-content\/uploads\/2020\/07\/Kenya-SGR-Train-2-2.jpeg","@id":"https:\/\/www.kichakatours.com\/es\/kenya-train-booking\/#mainImage","width":1558,"height":908,"caption":"TRAIN TIME TABLE AND COST"},"primaryImageOfPage":{"@id":"https:\/\/www.kichakatours.com\/es\/kenya-train-booking\/#mainImage"},"datePublished":"2026-02-16T10:50:42+03:00","dateModified":"2026-04-02T22:02:26+03:00"},{"@type":"WebSite","@id":"https:\/\/www.kichakatours.com\/es\/#website","url":"https:\/\/www.kichakatours.com\/es\/","name":"Kichaka Tours and Travel","description":"East Africa private safaris, tailor made Tours","inLanguage":"es-ES","publisher":{"@id":"https:\/\/www.kichakatours.com\/es\/#organization"}}]},"og:locale":"es_ES","og:site_name":"Kichaka Tours and Travel | East Africa private safaris, tailor made Tours","og:type":"article","og:title":"Kenya Train Booking | We assist booking Nairobi Mombasa SGR","og:description":"The Kenya Train Booking service is ideal for someone who doesn\u2019t reside in Kenya but wishes to book the train. We will book and send details to you via email.","og:url":"https:\/\/www.kichakatours.com\/es\/kenya-train-booking\/","og:image":"https:\/\/www.kichakatours.com\/wp-content\/uploads\/2025\/04\/KichakaTours.jpg","og:image:secure_url":"https:\/\/www.kichakatours.com\/wp-content\/uploads\/2025\/04\/KichakaTours.jpg","og:image:width":1200,"og:image:height":531,"article:published_time":"2026-02-16T07:50:42+00:00","article:modified_time":"2026-04-02T19:02:26+00:00","article:publisher":"https:\/\/web.facebook.com\/toursafariskenya\/?_rdc=1&_rdr#","article:author":"https:\/\/www.facebook.com\/toursafariskenya\/","twitter:card":"summary_large_image","twitter:site":"@KichakaTours","twitter:title":"Kenya Train Booking | We assist booking Nairobi Mombasa SGR","twitter:description":"The Kenya Train Booking service is ideal for someone who doesn\u2019t reside in Kenya but wishes to book the train. We will book and send details to you via email.","twitter:creator":"@KichakaTours","twitter:image":"https:\/\/www.kichakatours.com\/wp-content\/uploads\/2025\/04\/KichakaTours.jpg"},"aioseo_meta_data":{"post_id":"2920","title":"Kenya Train Booking #separator_sa We assist booking Nairobi Mombasa SGR","description":"El servicio Kenya Train Booking es ideal para alguien que no reside en Kenia pero desea reservar el tren. Haremos la reserva y le enviaremos los detalles por correo electr\u00f3nico.","keywords":null,"keyphrases":{"focus":{"keyphrase":"Kenya Train Booking","score":75,"analysis":{"keyphraseInTitle":{"score":9,"maxScore":9,"error":0},"keyphraseInDescription":{"score":9,"maxScore":9,"error":0},"keyphraseLength":{"score":9,"maxScore":9,"error":0,"length":3},"keyphraseInURL":{"score":5,"maxScore":5,"error":0},"keyphraseInIntroduction":{"score":3,"maxScore":9,"error":1},"keyphraseInSubHeadings":{"score":9,"maxScore":9,"error":0},"keyphraseInImageAlt":[],"keywordDensity":{"score":0,"type":"low","maxScore":9,"error":1}}},"additional":[]},"primary_term":null,"canonical_url":null,"og_title":null,"og_description":null,"og_object_type":"default","og_image_type":"default","og_image_url":null,"og_image_width":null,"og_image_height":null,"og_image_custom_url":null,"og_image_custom_fields":null,"og_video":"","og_custom_url":null,"og_article_section":null,"og_article_tags":null,"twitter_use_og":false,"twitter_card":"default","twitter_image_type":"default","twitter_image_url":null,"twitter_image_custom_url":null,"twitter_image_custom_fields":null,"twitter_title":null,"twitter_description":null,"schema":{"blockGraphs":[],"customGraphs":[],"default":{"data":{"Article":[],"Course":[],"Dataset":[],"FAQPage":[],"Movie":[],"Person":[],"Product":[],"ProductReview":[],"Car":[],"Recipe":[],"Service":[],"SoftwareApplication":[],"WebPage":[]},"graphName":"WebPage","isEnabled":true},"graphs":[]},"schema_type":"default","schema_type_options":null,"pillar_content":false,"robots_default":true,"robots_noindex":false,"robots_noarchive":false,"robots_nosnippet":false,"robots_nofollow":false,"robots_noimageindex":false,"robots_noodp":false,"robots_notranslate":false,"robots_max_snippet":"-1","robots_max_videopreview":"-1","robots_max_imagepreview":"large","priority":null,"frequency":"default","local_seo":null,"seo_analyzer_scan_date":"2026-04-03 03:33:10","breadcrumb_settings":null,"limit_modified_date":false,"reviewed_by":"0","open_ai":"{\"title\":{\"suggestions\":[],\"usage\":0},\"description\":{\"suggestions\":[],\"usage\":0}}","ai":{"faqs":[],"keyPoints":[],"titles":[],"descriptions":[],"socialPosts":{"email":[],"linkedin":[],"twitter":[],"facebook":[],"instagram":[]}},"created":"2025-01-22 16:05:58","updated":"2026-04-03 03:33:11"},"aioseo_breadcrumb":"<div class=\"aioseo-breadcrumbs\"><span class=\"aioseo-breadcrumb\">\n\t<a href=\"https:\/\/www.kichakatours.com\/es\" title=\"Home\">Home<\/a>\n<\/span><span class=\"aioseo-breadcrumb-separator\">|<\/span><span class=\"aioseo-breadcrumb\">\n\tKenya Train Booking\n<\/span><\/div>","aioseo_breadcrumb_json":[{"label":"Home","link":"https:\/\/www.kichakatours.com\/es"},{"label":"Kenya Train Booking","link":"https:\/\/www.kichakatours.com\/es\/kenya-train-booking\/"}],"_links":{"self":[{"href":"https:\/\/www.kichakatours.com\/es\/wp-json\/wp\/v2\/pages\/2920","targetHints":{"allow":["GET"]}}],"collection":[{"href":"https:\/\/www.kichakatours.com\/es\/wp-json\/wp\/v2\/pages"}],"about":[{"href":"https:\/\/www.kichakatours.com\/es\/wp-json\/wp\/v2\/types\/page"}],"author":[{"embeddable":true,"href":"https:\/\/www.kichakatours.com\/es\/wp-json\/wp\/v2\/users\/3"}],"replies":[{"embeddable":true,"href":"https:\/\/www.kichakatours.com\/es\/wp-json\/wp\/v2\/comments?post=2920"}],"version-history":[{"count":7,"href":"https:\/\/www.kichakatours.com\/es\/wp-json\/wp\/v2\/pages\/2920\/revisions"}],"predecessor-version":[{"id":12325,"href":"https:\/\/www.kichakatours.com\/es\/wp-json\/wp\/v2\/pages\/2920\/revisions\/12325"}],"wp:featuredmedia":[{"embeddable":true,"href":"https:\/\/www.kichakatours.com\/es\/wp-json\/wp\/v2\/media\/3023"}],"wp:attachment":[{"href":"https:\/\/www.kichakatours.com\/es\/wp-json\/wp\/v2\/media?parent=2920"}],"curies":[{"name":"wp","href":"https:\/\/api.w.org\/{rel}","templated":true}]}}