{"id":4200,"date":"2025-04-09T03:10:41","date_gmt":"2025-04-09T00:10:41","guid":{"rendered":"https:\/\/www.kichakatours.co.ke\/?page_id=4200"},"modified":"2025-04-09T15:11:16","modified_gmt":"2025-04-09T12:11:16","slug":"destinos-de-safari-en-uganda","status":"publish","type":"page","link":"https:\/\/www.kichakatours.com\/es\/uganda-safari-destinations\/","title":{"rendered":"Destinos de safari en Uganda"},"content":{"rendered":"<div class=\"wpb-content-wrapper\"><div class=\"vc_row wpb_row vc_row-fluid\"><div class=\"wpb_column vc_column_container vc_col-sm-12\"><div class=\"vc_column-inner\"><div class=\"wpb_wrapper\">\n\t<div class=\"wpb_text_column wpb_content_element\">\n\t\t<div class=\"wpb_wrapper\">\n\t\t\t<div class=\"pt-cv-wrapper\"><div class=\"pt-cv-view pt-cv-grid pt-cv-colsys\" id=\"pt-cv-view-f1a653bkjh\"><div data-id=\"pt-cv-page-1\" class=\"pt-cv-page\" data-cvc=\"3\"><div class=\"col-md-4 col-sm-6 col-xs-12 pt-cv-content-item pt-cv-1-col\"><div class='pt-cv-ifield'><a href=\"https:\/\/www.kichakatours.com\/es\/bwindi-impenetrable-forest\/\" class=\"_self pt-cv-href-thumbnail pt-cv-thumb-default\" target=\"_self\"><img decoding=\"async\" width=\"300\" height=\"122\" src=\"https:\/\/www.kichakatours.com\/wp-content\/uploads\/2022\/02\/gorilla-gbe9e99dab_1920-300x122.jpg\" class=\"pt-cv-thumbnail\" alt=\"Gorila en el bosque impenetrable de Bwindi\" \/><\/a>\n<h2 class=\"pt-cv-title\"><a href=\"https:\/\/www.kichakatours.com\/es\/bwindi-impenetrable-forest\/\" class=\"_self\" target=\"_self\">Bosque impenetrable de Bwindi<\/a><\/h2>\n<div class=\"pt-cv-content\">Parque Nacional del Bosque Impenetrable de Bwindi \u2013 El Destino Definitivo para el Rastreo de Gorilas en Uganda Enclavado en el suroeste de Uganda, el majestuoso Bosque Impenetrable de Bwindi...<br \/><div class=\"pt-cv-rmwrap\"><a href=\"https:\/\/www.kichakatours.com\/es\/bwindi-impenetrable-forest\/\" class=\"_self pt-cv-readmore btn btn-success\" target=\"_self\">Ver m\u00e1s<\/a><\/div><\/div><\/div><\/div>\n<div class=\"col-md-4 col-sm-6 col-xs-12 pt-cv-content-item pt-cv-1-col\"><div class='pt-cv-ifield'><a href=\"https:\/\/www.kichakatours.com\/es\/destination\/mount-elgon-national-park-uganda\/\" class=\"_self pt-cv-href-thumbnail pt-cv-thumb-default\" target=\"_self\"><img decoding=\"async\" width=\"300\" height=\"200\" src=\"https:\/\/www.kichakatours.com\/wp-content\/uploads\/2022\/02\/Buffalo-2-1-300x200.jpg\" class=\"pt-cv-thumbnail\" alt=\"Parque Nacional del Monte Elgon Uganda\" \/><\/a>\n<h2 class=\"pt-cv-title\"><a href=\"https:\/\/www.kichakatours.com\/es\/destination\/mount-elgon-national-park-uganda\/\" class=\"_self\" target=\"_self\">Parque Nacional del Monte Elgon Uganda<\/a><\/h2>\n<div class=\"pt-cv-content\">El Parque Nacional del Monte Elgon es una notable Reserva de la Biosfera de la UNESCO que se extiende por la frontera entre el este de Uganda y el oeste de Kenia, ofreciendo...<br \/><div class=\"pt-cv-rmwrap\"><a href=\"https:\/\/www.kichakatours.com\/es\/destination\/mount-elgon-national-park-uganda\/\" class=\"_self pt-cv-readmore btn btn-success\" target=\"_self\">Ver m\u00e1s<\/a><\/div><\/div><\/div><\/div>\n<div class=\"col-md-4 col-sm-6 col-xs-12 pt-cv-content-item pt-cv-1-col\"><div class='pt-cv-ifield'><a href=\"https:\/\/www.kichakatours.com\/es\/destination\/kidepo-valley-national-park\/\" class=\"_self pt-cv-href-thumbnail pt-cv-thumb-default\" target=\"_self\"><img decoding=\"async\" width=\"300\" height=\"111\" src=\"https:\/\/www.kichakatours.com\/wp-content\/uploads\/2022\/02\/Kidepo-2-300x111.jpg\" class=\"pt-cv-thumbnail\" alt=\"Jirafas\" \/><\/a>\n<h2 class=\"pt-cv-title\"><a href=\"https:\/\/www.kichakatours.com\/es\/destination\/kidepo-valley-national-park\/\" class=\"_self\" target=\"_self\">Parque Nacional del Valle de Kidepo<\/a><\/h2>\n<div class=\"pt-cv-content\">El Parque Nacional del Valle de Kidepo se encuentra en los remotos, escarpados y semi\u00e1ridos paisajes del noreste de Uganda, enclavado entre las fronteras del pa\u00eds...<br \/><div class=\"pt-cv-rmwrap\"><a href=\"https:\/\/www.kichakatours.com\/es\/destination\/kidepo-valley-national-park\/\" class=\"_self pt-cv-readmore btn btn-success\" target=\"_self\">Ver m\u00e1s<\/a><\/div><\/div><\/div><\/div>\n<div class=\"col-md-4 col-sm-6 col-xs-12 pt-cv-content-item pt-cv-1-col\"><div class='pt-cv-ifield'><a href=\"https:\/\/www.kichakatours.com\/es\/destination\/kibale-national-park\/\" class=\"_self pt-cv-href-thumbnail pt-cv-thumb-default\" target=\"_self\"><img decoding=\"async\" width=\"300\" height=\"99\" src=\"https:\/\/www.kichakatours.com\/wp-content\/uploads\/2022\/02\/Kibale-National-Park-300x99.jpg\" class=\"pt-cv-thumbnail\" alt=\"Parque Nacional de Kibale\" \/><\/a>\n<h2 class=\"pt-cv-title\"><a href=\"https:\/\/www.kichakatours.com\/es\/destination\/kibale-national-park\/\" class=\"_self\" target=\"_self\">Parque Nacional de Kibale<\/a><\/h2>\n<div class=\"pt-cv-content\">Ubicado en el distrito de Kabarole, en el oeste de Uganda, el Parque Nacional Kibale es una selva tropical rica en biodiversidad, famosa por sus excepcionales experiencias con primates...<br \/><div class=\"pt-cv-rmwrap\"><a href=\"https:\/\/www.kichakatours.com\/es\/destination\/kibale-national-park\/\" class=\"_self pt-cv-readmore btn btn-success\" target=\"_self\">Ver m\u00e1s<\/a><\/div><\/div><\/div><\/div>\n<div class=\"col-md-4 col-sm-6 col-xs-12 pt-cv-content-item pt-cv-1-col\"><div class='pt-cv-ifield'><a href=\"https:\/\/www.kichakatours.com\/es\/destination\/queen-elizabeth-national-park\/\" class=\"_self pt-cv-href-thumbnail pt-cv-thumb-default\" target=\"_self\"><img decoding=\"async\" width=\"300\" height=\"119\" src=\"https:\/\/www.kichakatours.com\/wp-content\/uploads\/2022\/02\/uganda-g65ae9d194_1920-300x119.jpg\" class=\"pt-cv-thumbnail\" alt=\"Parque Nacional Queen Elizabeth\" \/><\/a>\n<h2 class=\"pt-cv-title\"><a href=\"https:\/\/www.kichakatours.com\/es\/destination\/queen-elizabeth-national-park\/\" class=\"_self\" target=\"_self\">Parque Nacional Queen Elizabeth<\/a><\/h2>\n<div class=\"pt-cv-content\">El Parque Nacional de la Reina Isabel (QENP), una deslumbrante joya natural ubicada en la impresionante Regi\u00f3n Occidental de Uganda, se erige como un ...<br \/><div class=\"pt-cv-rmwrap\"><a href=\"https:\/\/www.kichakatours.com\/es\/destination\/queen-elizabeth-national-park\/\" class=\"_self pt-cv-readmore btn btn-success\" target=\"_self\">Ver m\u00e1s<\/a><\/div><\/div><\/div><\/div>\n<div class=\"col-md-4 col-sm-6 col-xs-12 pt-cv-content-item pt-cv-1-col\"><div class='pt-cv-ifield'><a href=\"https:\/\/www.kichakatours.com\/es\/destination\/uganda\/\" class=\"_self pt-cv-href-thumbnail pt-cv-thumb-default\" target=\"_self\"><img decoding=\"async\" width=\"300\" height=\"129\" src=\"https:\/\/www.kichakatours.com\/wp-content\/uploads\/2021\/05\/Uganda-2-300x129.jpg\" class=\"pt-cv-thumbnail\" alt=\"Uganda\" \/><\/a>\n<h2 class=\"pt-cv-title\"><a href=\"https:\/\/www.kichakatours.com\/es\/destination\/uganda\/\" class=\"_self\" target=\"_self\">Uganda<\/a><\/h2>\n<div class=\"pt-cv-content\">Uganda, un pa\u00eds de una belleza impresionante ubicado en el coraz\u00f3n de \u00c1frica Oriental, abarca una impresionante \u00e1rea de 236.037 kil\u00f3metros cuadrados...<br \/><div class=\"pt-cv-rmwrap\"><a href=\"https:\/\/www.kichakatours.com\/es\/destination\/uganda\/\" class=\"_self pt-cv-readmore btn btn-success\" target=\"_self\">Ver m\u00e1s<\/a><\/div><\/div><\/div><\/div><\/div><\/div>\n<div class=\"pt-cv-pagination-wrapper\"><ul class=\"pt-cv-pagination pt-cv-ajax pagination\" data-totalpages=\"2\" data-currentpage=\"1\" data-sid=\"f1a653bkjh\" data-unid=\"\" data-isblock=\"\" data-postid=\"\"><li class=\"active\"><a href=\"#\">1<\/a><\/li>\n\t<li><a class=\"\" href=\"https:\/\/www.kichakatours.com\/es\/wp-json\/wp\/v2\/pages\/4200\/?_page=2\">2<\/a><\/li>\n\t<li><a class=\"\" href=\"https:\/\/www.kichakatours.com\/es\/wp-json\/wp\/v2\/pages\/4200\/?_page=2\">'<\/a><\/li>\n\t<\/ul><img decoding=\"async\" width=\"15\" height=\"15\" class=\"pt-cv-spinner\" alt=\"Cargando...\" src=\"data:image\/gif;base64,R0lGODlhDwAPALMPAMrKygwMDJOTkz09PZWVla+vr3p6euTk5M7OzuXl5TMzMwAAAJmZmWZmZszMzP\/\/\/yH\/C05FVFNDQVBFMi4wAwEAAAAh+QQFCgAPACwAAAAADwAPAAAEQvDJaZaZOIcV8iQK8VRX4iTYoAwZ4iCYoAjZ4RxejhVNoT+mRGP4cyF4Pp0N98sBGIBMEMOotl6YZ3S61Bmbkm4mAgAh+QQFCgAPACwAAAAADQANAAAENPDJSRSZeA418itN8QiK8BiLITVsFiyBBIoYqnoewAD4xPw9iY4XLGYSjkQR4UAUD45DLwIAIfkEBQoADwAsAAAAAA8ACQAABC\/wyVlamTi3nSdgwFNdhEJgTJoNyoB9ISYoQmdjiZPcj7EYCAeCF1gEDo4Dz2eIAAAh+QQFCgAPACwCAAAADQANAAAEM\/DJBxiYeLKdX3IJZT1FU0iIg2RNKx3OkZVnZ98ToRD4MyiDnkAh6BkNC0MvsAj0kMpHBAAh+QQFCgAPACwGAAAACQAPAAAEMDC59KpFDll73HkAA2wVY5KgiK5b0RRoI6MuzG6EQqCDMlSGheEhUAgqgUUAFRySIgAh+QQFCgAPACwCAAIADQANAAAEM\/DJKZNLND\/kkKaHc3xk+QAMYDKsiaqmZCxGVjSFFCxB1vwy2oOgIDxuucxAMTAJFAJNBAAh+QQFCgAPACwAAAYADwAJAAAEMNAs86q1yaWwwv2Ig0jUZx3OYa4XoRAfwADXoAwfo1+CIjyFRuEho60aSNYlOPxEAAAh+QQFCgAPACwAAAIADQANAAAENPA9s4y8+IUVcqaWJ4qEQozSoAzoIyhCK2NFU2SJk0hNnyEOhKR2AzAAj4Pj4GE4W0bkJQIAOw==\" \/><div class=\"clear pt-cv-clear-pagination\"><\/div><\/div><\/div>\n\n\t\t<\/div>\n\t<\/div>\n<\/div><\/div><\/div><\/div>\n<\/div>","protected":false},"excerpt":{"rendered":"Bwindi impenetrable forest Bwindi Impenetrable Forest National Park \u2013 Uganda\u2019s Ultimate Gorilla Trekking Destination Nestled in southwestern Uganda, the majestic Bwindi Impenetrable Forest ...View More Mount Elgon National Park Uganda Mount Elgon National Park is a remarkable UNESCO Biosphere Reserve<div class=\"padding-top text-center\"><a href=\"https:\/\/www.kichakatours.com\/es\/uganda-safari-destinations\/\" class=\"atbtn atbtn--medium atbtn--rounded atbtn--transparent\">Seguir leyendo<i class=\"atbtn__icon atbtn__icon--right fa fa-long-arrow-right\"><\/i><\/a><\/div>","protected":false},"author":3,"featured_media":0,"parent":0,"menu_order":0,"comment_status":"closed","ping_status":"closed","template":"","meta":{"om_disable_all_campaigns":false,"_monsterinsights_skip_tracking":false,"_monsterinsights_sitenote_active":false,"_monsterinsights_sitenote_note":"","_monsterinsights_sitenote_category":0,"_uf_show_specific_survey":0,"_uf_disable_surveys":false,"footnotes":""},"class_list":["post-4200","page","type-page","status-publish","hentry"],"aioseo_notices":[],"aioseo_head":"\n\t\t<!-- All in One SEO Pro 4.9.6.2 - aioseo.com -->\n\t<meta name=\"description\" content=\"This page is about Uganda safari destinations. Often referred to as the &quot;Pearl of Africa,&quot; it boasts a stunning array of national parks and wildlife reserves.\" \/>\n\t<meta name=\"robots\" content=\"max-image-preview:large\" \/>\n\t<meta name=\"msvalidate.01\" content=\"9F9C035D44B58EC24714371E3FB5B040\" \/>\n\t<meta name=\"yandex-verification\" content=\"b945a4b884f39739\" \/>\n\t<link rel=\"canonical\" href=\"https:\/\/www.kichakatours.com\/es\/uganda-safari-destinations\/\" \/>\n\t<meta name=\"generator\" content=\"All in One SEO Pro (AIOSEO) 4.9.6.2\" \/>\n\t\t<meta property=\"og:locale\" content=\"es_ES\" \/>\n\t\t<meta property=\"og:site_name\" content=\"Kichaka Tours and Travel | East Africa private safaris, tailor made Tours\" \/>\n\t\t<meta property=\"og:type\" content=\"article\" \/>\n\t\t<meta property=\"og:title\" content=\"Uganda Safari Destinations | Kichaka Tours and Travel\" \/>\n\t\t<meta property=\"og:description\" content=\"This page is about Uganda safari destinations. Often referred to as the &quot;Pearl of Africa,&quot; it boasts a stunning array of national parks and wildlife reserves.\" \/>\n\t\t<meta property=\"og:url\" content=\"https:\/\/www.kichakatours.com\/es\/uganda-safari-destinations\/\" \/>\n\t\t<meta property=\"og:image\" content=\"https:\/\/www.kichakatours.com\/wp-content\/uploads\/2025\/04\/KichakaTours.jpg\" \/>\n\t\t<meta property=\"og:image:secure_url\" content=\"https:\/\/www.kichakatours.com\/wp-content\/uploads\/2025\/04\/KichakaTours.jpg\" \/>\n\t\t<meta property=\"og:image:width\" content=\"1200\" \/>\n\t\t<meta property=\"og:image:height\" content=\"531\" \/>\n\t\t<meta property=\"article:published_time\" content=\"2025-04-09T00:10:41+00:00\" \/>\n\t\t<meta property=\"article:modified_time\" content=\"2025-04-09T12:11:16+00:00\" \/>\n\t\t<meta property=\"article:publisher\" content=\"https:\/\/web.facebook.com\/toursafariskenya\/?_rdc=1&amp;_rdr#\" \/>\n\t\t<meta property=\"article:author\" content=\"https:\/\/www.facebook.com\/toursafariskenya\/\" \/>\n\t\t<meta name=\"twitter:card\" content=\"summary_large_image\" \/>\n\t\t<meta name=\"twitter:site\" content=\"@KichakaTours\" \/>\n\t\t<meta name=\"twitter:title\" content=\"Uganda Safari Destinations | Kichaka Tours and Travel\" \/>\n\t\t<meta name=\"twitter:description\" content=\"This page is about Uganda safari destinations. Often referred to as the &quot;Pearl of Africa,&quot; it boasts a stunning array of national parks and wildlife reserves.\" \/>\n\t\t<meta name=\"twitter:creator\" content=\"@KichakaTours\" \/>\n\t\t<meta name=\"twitter:image\" content=\"https:\/\/www.kichakatours.com\/wp-content\/uploads\/2025\/04\/KichakaTours.jpg\" \/>\n\t\t<script type=\"application\/ld+json\" class=\"aioseo-schema\">\n\t\t\t{\"@context\":\"https:\\\/\\\/schema.org\",\"@graph\":[{\"@type\":\"BreadcrumbList\",\"@id\":\"https:\\\/\\\/www.kichakatours.com\\\/es\\\/uganda-safari-destinations\\\/#breadcrumblist\",\"itemListElement\":[{\"@type\":\"ListItem\",\"@id\":\"https:\\\/\\\/www.kichakatours.com\\\/es#listItem\",\"position\":1,\"name\":\"Home\",\"item\":\"https:\\\/\\\/www.kichakatours.com\\\/es\",\"nextItem\":{\"@type\":\"ListItem\",\"@id\":\"https:\\\/\\\/www.kichakatours.com\\\/es\\\/uganda-safari-destinations\\\/#listItem\",\"name\":\"Uganda Safari Destinations\"}},{\"@type\":\"ListItem\",\"@id\":\"https:\\\/\\\/www.kichakatours.com\\\/es\\\/uganda-safari-destinations\\\/#listItem\",\"position\":2,\"name\":\"Uganda Safari Destinations\",\"previousItem\":{\"@type\":\"ListItem\",\"@id\":\"https:\\\/\\\/www.kichakatours.com\\\/es#listItem\",\"name\":\"Home\"}}]},{\"@type\":\"Organization\",\"@id\":\"https:\\\/\\\/www.kichakatours.com\\\/es\\\/#organization\",\"name\":\"Kichaka Tours and Travel\",\"description\":\"East Africa private safaris, tailor made Tours\",\"url\":\"https:\\\/\\\/www.kichakatours.com\\\/es\\\/\",\"email\":\"info@kichakatours.com\",\"telephone\":\"+254791800525\",\"foundingDate\":\"2016-04-01\",\"numberOfEmployees\":{\"@type\":\"QuantitativeValue\",\"minValue\":0,\"maxValue\":7},\"logo\":{\"@type\":\"ImageObject\",\"url\":\"https:\\\/\\\/www.kichakatours.com\\\/wp-content\\\/uploads\\\/2025\\\/01\\\/Logo.jpg-8-2.jpg\",\"@id\":\"https:\\\/\\\/www.kichakatours.com\\\/es\\\/uganda-safari-destinations\\\/#organizationLogo\",\"width\":131,\"height\":109,\"caption\":\"A stylized logo featuring two green leaves within a black oval outline.\"},\"image\":{\"@id\":\"https:\\\/\\\/www.kichakatours.com\\\/es\\\/uganda-safari-destinations\\\/#organizationLogo\"},\"sameAs\":[\"https:\\\/\\\/web.facebook.com\\\/toursafariskenya\\\/?_rdc=1&_rdr#\",\"https:\\\/\\\/x.com\\\/KichakaTours\",\"https:\\\/\\\/www.instagram.com\\\/KichakaTours\",\"https:\\\/\\\/www.linkedin.com\\\/in\\\/kichaka-tours-and-travel\\\/\"],\"address\":{\"@id\":\"https:\\\/\\\/www.kichakatours.com\\\/es\\\/#postaladdress\",\"@type\":\"PostalAddress\",\"streetAddress\":\"54936,\",\"postalCode\":\"00200\",\"addressLocality\":\"Nairobi\",\"addressRegion\":\"Kenya\",\"addressCountry\":\"KE\"}},{\"@type\":\"WebPage\",\"@id\":\"https:\\\/\\\/www.kichakatours.com\\\/es\\\/uganda-safari-destinations\\\/#webpage\",\"url\":\"https:\\\/\\\/www.kichakatours.com\\\/es\\\/uganda-safari-destinations\\\/\",\"name\":\"Uganda Safari Destinations | Kichaka Tours and Travel\",\"description\":\"This page is about Uganda safari destinations. Often referred to as the \\\"Pearl of Africa,\\\" it boasts a stunning array of national parks and wildlife reserves.\",\"inLanguage\":\"es-ES\",\"isPartOf\":{\"@id\":\"https:\\\/\\\/www.kichakatours.com\\\/es\\\/#website\"},\"breadcrumb\":{\"@id\":\"https:\\\/\\\/www.kichakatours.com\\\/es\\\/uganda-safari-destinations\\\/#breadcrumblist\"},\"datePublished\":\"2025-04-09T03:10:41+03:00\",\"dateModified\":\"2025-04-09T15:11:16+03:00\"},{\"@type\":\"WebSite\",\"@id\":\"https:\\\/\\\/www.kichakatours.com\\\/es\\\/#website\",\"url\":\"https:\\\/\\\/www.kichakatours.com\\\/es\\\/\",\"name\":\"Kichaka Tours and Travel\",\"description\":\"East Africa private safaris, tailor made Tours\",\"inLanguage\":\"es-ES\",\"publisher\":{\"@id\":\"https:\\\/\\\/www.kichakatours.com\\\/es\\\/#organization\"}}]}\n\t\t<\/script>\n\t\t<!-- All in One SEO Pro -->\r\n\t\t<title>Uganda Safari Destinations | Kichaka Tours and Travel<\/title>\n\n","aioseo_head_json":{"title":"Destinos de safari en Uganda | Kichaka Tours and Travel","description":"Esta p\u00e1gina trata sobre destinos de safari en Uganda. Conocida a menudo como la \"Perla de \u00c1frica\", cuenta con una impresionante variedad de parques nacionales y reservas naturales.","canonical_url":"https:\/\/www.kichakatours.com\/es\/uganda-safari-destinations\/","robots":"max-image-preview:large","keywords":"","webmasterTools":{"msvalidate.01":"9F9C035D44B58EC24714371E3FB5B040","yandex-verification":"b945a4b884f39739","miscellaneous":""},"schema":{"@context":"https:\/\/schema.org","@graph":[{"@type":"BreadcrumbList","@id":"https:\/\/www.kichakatours.com\/es\/uganda-safari-destinations\/#breadcrumblist","itemListElement":[{"@type":"ListItem","@id":"https:\/\/www.kichakatours.com\/es#listItem","position":1,"name":"Home","item":"https:\/\/www.kichakatours.com\/es","nextItem":{"@type":"ListItem","@id":"https:\/\/www.kichakatours.com\/es\/uganda-safari-destinations\/#listItem","name":"Uganda Safari Destinations"}},{"@type":"ListItem","@id":"https:\/\/www.kichakatours.com\/es\/uganda-safari-destinations\/#listItem","position":2,"name":"Uganda Safari Destinations","previousItem":{"@type":"ListItem","@id":"https:\/\/www.kichakatours.com\/es#listItem","name":"Home"}}]},{"@type":"Organization","@id":"https:\/\/www.kichakatours.com\/es\/#organization","name":"Kichaka Tours and Travel","description":"East Africa private safaris, tailor made Tours","url":"https:\/\/www.kichakatours.com\/es\/","email":"info@kichakatours.com","telephone":"+254791800525","foundingDate":"2016-04-01","numberOfEmployees":{"@type":"QuantitativeValue","minValue":0,"maxValue":7},"logo":{"@type":"ImageObject","url":"https:\/\/www.kichakatours.com\/wp-content\/uploads\/2025\/01\/Logo.jpg-8-2.jpg","@id":"https:\/\/www.kichakatours.com\/es\/uganda-safari-destinations\/#organizationLogo","width":131,"height":109,"caption":"A stylized logo featuring two green leaves within a black oval outline."},"image":{"@id":"https:\/\/www.kichakatours.com\/es\/uganda-safari-destinations\/#organizationLogo"},"sameAs":["https:\/\/web.facebook.com\/toursafariskenya\/?_rdc=1&_rdr#","https:\/\/x.com\/KichakaTours","https:\/\/www.instagram.com\/KichakaTours","https:\/\/www.linkedin.com\/in\/kichaka-tours-and-travel\/"],"address":{"@id":"https:\/\/www.kichakatours.com\/es\/#postaladdress","@type":"PostalAddress","streetAddress":"54936,","postalCode":"00200","addressLocality":"Nairobi","addressRegion":"Kenya","addressCountry":"KE"}},{"@type":"WebPage","@id":"https:\/\/www.kichakatours.com\/es\/uganda-safari-destinations\/#webpage","url":"https:\/\/www.kichakatours.com\/es\/uganda-safari-destinations\/","name":"Uganda Safari Destinations | Kichaka Tours and Travel","description":"This page is about Uganda safari destinations. Often referred to as the \"Pearl of Africa,\" it boasts a stunning array of national parks and wildlife reserves.","inLanguage":"es-ES","isPartOf":{"@id":"https:\/\/www.kichakatours.com\/es\/#website"},"breadcrumb":{"@id":"https:\/\/www.kichakatours.com\/es\/uganda-safari-destinations\/#breadcrumblist"},"datePublished":"2025-04-09T03:10:41+03:00","dateModified":"2025-04-09T15:11:16+03:00"},{"@type":"WebSite","@id":"https:\/\/www.kichakatours.com\/es\/#website","url":"https:\/\/www.kichakatours.com\/es\/","name":"Kichaka Tours and Travel","description":"East Africa private safaris, tailor made Tours","inLanguage":"es-ES","publisher":{"@id":"https:\/\/www.kichakatours.com\/es\/#organization"}}]},"og:locale":"es_ES","og:site_name":"Kichaka Tours and Travel | East Africa private safaris, tailor made Tours","og:type":"article","og:title":"Uganda Safari Destinations | Kichaka Tours and Travel","og:description":"This page is about Uganda safari destinations. Often referred to as the &quot;Pearl of Africa,&quot; it boasts a stunning array of national parks and wildlife reserves.","og:url":"https:\/\/www.kichakatours.com\/es\/uganda-safari-destinations\/","og:image":"https:\/\/www.kichakatours.com\/wp-content\/uploads\/2025\/04\/KichakaTours.jpg","og:image:secure_url":"https:\/\/www.kichakatours.com\/wp-content\/uploads\/2025\/04\/KichakaTours.jpg","og:image:width":1200,"og:image:height":531,"article:published_time":"2025-04-09T00:10:41+00:00","article:modified_time":"2025-04-09T12:11:16+00:00","article:publisher":"https:\/\/web.facebook.com\/toursafariskenya\/?_rdc=1&_rdr#","article:author":"https:\/\/www.facebook.com\/toursafariskenya\/","twitter:card":"summary_large_image","twitter:site":"@KichakaTours","twitter:title":"Uganda Safari Destinations | Kichaka Tours and Travel","twitter:description":"This page is about Uganda safari destinations. Often referred to as the &quot;Pearl of Africa,&quot; it boasts a stunning array of national parks and wildlife reserves.","twitter:creator":"@KichakaTours","twitter:image":"https:\/\/www.kichakatours.com\/wp-content\/uploads\/2025\/04\/KichakaTours.jpg"},"aioseo_meta_data":{"post_id":"4200","title":null,"description":"Esta p\u00e1gina trata sobre destinos de safari en Uganda. Conocida a menudo como la \"Perla de \u00c1frica\", cuenta con una impresionante variedad de parques nacionales y reservas naturales.","keywords":null,"keyphrases":{"focus":{"keyphrase":"Uganda safari destinations","score":64,"analysis":{"keyphraseInTitle":{"score":9,"maxScore":9,"error":0},"keyphraseInDescription":{"score":9,"maxScore":9,"error":0},"keyphraseLength":{"score":9,"maxScore":9,"error":0,"length":3},"keyphraseInURL":{"score":5,"maxScore":5,"error":0},"keyphraseInIntroduction":{"score":3,"maxScore":9,"error":1},"keyphraseInSubHeadings":[],"keyphraseInImageAlt":{"score":3,"maxScore":9,"error":1},"keywordDensity":{"score":0,"type":"low","maxScore":9,"error":1}}},"additional":[]},"primary_term":null,"canonical_url":null,"og_title":null,"og_description":null,"og_object_type":"default","og_image_type":"default","og_image_url":null,"og_image_width":null,"og_image_height":null,"og_image_custom_url":null,"og_image_custom_fields":null,"og_video":"","og_custom_url":null,"og_article_section":null,"og_article_tags":null,"twitter_use_og":false,"twitter_card":"default","twitter_image_type":"default","twitter_image_url":null,"twitter_image_custom_url":null,"twitter_image_custom_fields":null,"twitter_title":null,"twitter_description":null,"schema":{"blockGraphs":[],"customGraphs":[],"default":{"data":{"Article":[],"Course":[],"Dataset":[],"FAQPage":[],"Movie":[],"Person":[],"Product":[],"ProductReview":[],"Car":[],"Recipe":[],"Service":[],"SoftwareApplication":[],"WebPage":[]},"graphName":"WebPage","isEnabled":true},"graphs":[]},"schema_type":"default","schema_type_options":null,"pillar_content":false,"robots_default":true,"robots_noindex":false,"robots_noarchive":false,"robots_nosnippet":false,"robots_nofollow":false,"robots_noimageindex":false,"robots_noodp":false,"robots_notranslate":false,"robots_max_snippet":"-1","robots_max_videopreview":"-1","robots_max_imagepreview":"large","priority":null,"frequency":"default","local_seo":null,"seo_analyzer_scan_date":"2025-10-08 20:34:49","breadcrumb_settings":null,"limit_modified_date":false,"reviewed_by":null,"open_ai":"{\"title\":{\"suggestions\":[],\"usage\":0},\"description\":{\"suggestions\":[],\"usage\":0}}","ai":null,"created":"2025-01-22 16:00:14","updated":"2025-10-21 19:30:10"},"aioseo_breadcrumb":"<div class=\"aioseo-breadcrumbs\"><span class=\"aioseo-breadcrumb\">\n\t<a href=\"https:\/\/www.kichakatours.com\/es\" title=\"Home\">Home<\/a>\n<\/span><span class=\"aioseo-breadcrumb-separator\">|<\/span><span class=\"aioseo-breadcrumb\">\n\tUganda Safari Destinations\n<\/span><\/div>","aioseo_breadcrumb_json":[{"label":"Home","link":"https:\/\/www.kichakatours.com\/es"},{"label":"Uganda Safari Destinations","link":"https:\/\/www.kichakatours.com\/es\/uganda-safari-destinations\/"}],"_links":{"self":[{"href":"https:\/\/www.kichakatours.com\/es\/wp-json\/wp\/v2\/pages\/4200","targetHints":{"allow":["GET"]}}],"collection":[{"href":"https:\/\/www.kichakatours.com\/es\/wp-json\/wp\/v2\/pages"}],"about":[{"href":"https:\/\/www.kichakatours.com\/es\/wp-json\/wp\/v2\/types\/page"}],"author":[{"embeddable":true,"href":"https:\/\/www.kichakatours.com\/es\/wp-json\/wp\/v2\/users\/3"}],"replies":[{"embeddable":true,"href":"https:\/\/www.kichakatours.com\/es\/wp-json\/wp\/v2\/comments?post=4200"}],"version-history":[{"count":1,"href":"https:\/\/www.kichakatours.com\/es\/wp-json\/wp\/v2\/pages\/4200\/revisions"}],"predecessor-version":[{"id":11523,"href":"https:\/\/www.kichakatours.com\/es\/wp-json\/wp\/v2\/pages\/4200\/revisions\/11523"}],"wp:attachment":[{"href":"https:\/\/www.kichakatours.com\/es\/wp-json\/wp\/v2\/media?parent=4200"}],"curies":[{"name":"wp","href":"https:\/\/api.w.org\/{rel}","templated":true}]}}