{"id":4256,"date":"2026-01-06T14:02:05","date_gmt":"2026-01-06T11:02:05","guid":{"rendered":"https:\/\/www.kichakatours.co.ke\/?post_type=destination&#038;p=4256"},"modified":"2026-01-06T15:05:28","modified_gmt":"2026-01-06T12:05:28","slug":"uganda","status":"publish","type":"page","link":"https:\/\/www.kichakatours.com\/es\/destination\/uganda\/","title":{"rendered":"Uganda"},"content":{"rendered":"<p dir=\"auto\" data-pm-slice=\"1 1 []\">Uganda, un pa\u00eds de impresionante belleza situado en el coraz\u00f3n de \u00c1frica Oriental, abarca una impresionante superficie de 236.037 kil\u00f3metros cuadrados. Esta diversa naci\u00f3n ha sido bendecida con una excepcional variedad de h\u00e1bitats que contribuyen a su rica biodiversidad y belleza natural. Entre sus caracter\u00edsticas m\u00e1s notables est\u00e1n los numerosos lagos y r\u00edos que surcan la tierra, cada uno de los cuales desempe\u00f1a un papel vital tanto en el ecosistema como en la vida cotidiana de los ugandeses. Una de las v\u00edas fluviales m\u00e1s importantes de Uganda es el Nilo Victoria, que fluye majestuosamente desde el lago Victoria -el mayor de \u00c1frica- antes de caer en cascada en una presa y transformarse en el Nilo Alberto. Este sistema fluvial no s\u00f3lo sirve como fuente vital de agua, sino que tambi\u00e9n representa una arteria crucial para el transporte y el comercio dentro de la regi\u00f3n. Geogr\u00e1ficamente, gran parte de Uganda est\u00e1 situada en una magn\u00edfica meseta que oscila entre los 1.000 y los 1.400 metros sobre el nivel del mar. Este terreno elevado se presta a vistas impresionantes y climas variados, lo que lo convierte en un h\u00e1bitat ideal para innumerables especies de flora y fauna. El paisaje predominante se caracteriza por extensas zonas de sabana arbolada que se extienden a grandes distancias; sin embargo, la diversidad ecol\u00f3gica de Uganda no se detiene ah\u00ed. Adem\u00e1s de la sabana arbolada, se pueden encontrar exuberantes pantanos de papiro que proporcionan ecosistemas de humedales fundamentales para innumerables especies de aves y vida acu\u00e1tica. Los bosques montanos enriquecen a\u00fan m\u00e1s este tapiz con sus temperaturas frescas y una fauna \u00fanica adaptada a altitudes superiores. Adem\u00e1s, Uganda cuenta con cautivadoras selvas tropicales repletas de alt\u00edsimos \u00e1rboles cubiertos de un verde vibrante -un refugio para numerosas especies end\u00e9micas- y regiones semi\u00e1ridas que muestran otra faceta de la variedad ecol\u00f3gica de esta naci\u00f3n. Todos estos elementos combinados hacen de Uganda no s\u00f3lo un pa\u00eds rico en recursos naturales, sino tambi\u00e9n un destino excepcional para los entusiastas del ecoturismo que buscan aventuras en medio de la grandeza de la naturaleza. Con paisajes tan diversos que ofrecen oportunidades de exploraci\u00f3n -ya sea caminando por densos bosques o navegando por tranquilas aguas-, Uganda destaca como una notable joya a la espera de ser descubierta por quienes aprecian tanto su belleza como su importancia ecol\u00f3gica.<\/p>\n<h2><span style=\"font-size: 16px;\">Uganda Parque salvaje\u00a0<\/span><\/h2>\n<h3><span style=\"font-size: 16px;\"><strong>Parque Nacional de las cataratas Murchison<\/strong><\/span><\/h3>\n<p>Tiene una extensi\u00f3n de 948.500 acres y est\u00e1 situado a 304 km de Kampala. El Nilo Victoria divide el parque en dos. Se pueden dar paseos en barca por el r\u00edo, desliz\u00e1ndose entre cocodrilos e hipop\u00f3tamos hasta la base occidental de las cataratas, que caen unos 40 metros. Muchas partes del terreno son onduladas praderas con manchas de bosque. Entre los animales que se encuentran aqu\u00ed est\u00e1n el elefante, el b\u00fafalo y el ant\u00edlope jackson, entre muchos otros. Se han registrado m\u00e1s de 350 especies de aves, entre ellas el raro picozapato. El bosque de Budongo, al oeste de Masindi, es un vestigio de la selva tropical de la cuenca del Congo y hogar de chimpanc\u00e9s y muchos tipos de aves.<\/p>\n<h3><span style=\"font-size: 16px;\"><strong>Parque Nacional de las Monta\u00f1as Ruwenzori<\/strong><\/span><\/h3>\n<p>El parque protege una espectacular cadena monta\u00f1osa que se eleva el <a href=\"https:\/\/www.kichakatours.com\/destination\/the-great-rift-valley\/\" target=\"_blank\" rel=\"noopener\">Valle del Rift occidental<\/a>. Conocidas como las monta\u00f1as de la luna, tienen picos flanqueados por glaciares, siendo el m\u00e1s alto el monte Stanley, con 5109 metros. Los bosques montanos albergan primates y aves poco comunes. El tiempo suele ser nublado, brumoso y lluvioso. Las excursiones guiadas son populares en el parque.<\/p>\n<h3><span style=\"font-size: 16px;\"><strong>Parque Nacional Queen Elizabeth<\/strong><\/span><\/h3>\n<p>Tiene una superficie de unos 489.000 acres y flanquea los lagos George y Edward. Los paseos en barco por el canal Kazinga, entre los dos lagos, son muy populares, ya que se cruzan con muchos hipop\u00f3tamos, pel\u00edcanos y numerosas especies de aves. Tambi\u00e9n son populares los safaris para observar la fauna, ya que en el parque abundan animales como elefantes, kobs y b\u00fafalos, entre muchos otros. La poblaci\u00f3n de chimpanc\u00e9s del parque tambi\u00e9n goza de buena salud.<\/p>\n<h3><span style=\"font-size: 16px;\"><strong>Parque Nacional de Kibale<\/strong><\/span><\/h3>\n<p>El parque tiene una extensi\u00f3n aproximada de 189.000 acres y se cree que posee la mayor densidad de primates del mundo. El parque nacional de Kibale es uno de los m\u00e1s populares de Uganda y atrae a muchos visitantes. Recibe una gran cantidad de precipitaciones anuales que sustentan el denso bosque, las praderas y los pantanos. Entre los primates del parque se encuentran pottos, mangabeys de mejillas grises, chimpanc\u00e9s, bushbabies y monos de cola roja, entre otros. El parque tambi\u00e9n alberga m\u00e1s de 300 especies de aves y animales como elefantes, el gato dorado y muchos otros.<\/p>\n<h3><span style=\"font-size: 16px;\"><strong>Parque Nacional de Bwindi<\/strong><\/span><\/h3>\n<p>Protege el bosque impenetrable situado al oeste de Kigezi. El parque nacional est\u00e1 formado por selva baja y montana en una cordillera no volc\u00e1nica. Entre los animales salvajes m\u00e1s comunes se encuentran gorilas, chimpanc\u00e9s, musara\u00f1as nutria y monos de L'Hoest. La rica selva tambi\u00e9n alberga una gran variedad de avifauna, como los turacos de pico azul. <a href=\"https:\/\/www.kichakatours.com\/tour\/10-days-kenya-tanzania-uganda-gorilla-safari\/\" target=\"_blank\" rel=\"noopener\">Excursiones al monte Gorila<\/a> son muy populares en este parque.<\/p>\n<h3><span style=\"font-size: 16px;\"><strong>Parque Nacional del Lago Mburo<\/strong><\/span><\/h3>\n<p>El parque tiene una extensi\u00f3n de unos 132.000 acres situados a 200 km al suroeste de Kampala. Est\u00e1 formado por praderas onduladas salpicadas de acacias y lagos bordeados de papiros. El parque nacional del lago Mburo alberga la \u00fanica poblaci\u00f3n de impalas de Uganda, junto con roans, oribis, reedbucks, b\u00fafalos, cebras, hienas manchadas y leopardos. Hay m\u00e1s de 400 especies de aves, entre ellas el obispo rojo del sur y la garza de vientre rufo.<\/p>\n<h3><span style=\"font-size: 16px;\"><strong>Parque Nacional de Mahinga<\/strong><\/span><\/h3>\n<p>Tiene una extensi\u00f3n de 6039 acres y est\u00e1 situado al oeste de la ciudad de Kabale. El parque protege el bosque montano y el bamb\u00fa en los picos de la vertiente norte. Los picos de la vertiente sur se encuentran en el Parque Nacional de los Volcanes de Ruanda. Aqu\u00ed se organizan excursiones en busca de gorilas de monta\u00f1a y los visitantes tambi\u00e9n pueden ver el mono dorado, el ave sol real y el turaco de Rwenzori.<\/p>\n<h3><span style=\"font-size: 16px;\"><strong>Parque Nacional del Valle de Kidepo<\/strong><\/span><\/h3>\n<p>Tiene una superficie de 33.000 acres y est\u00e1 cerca de la frontera con Sud\u00e1n. El Parque Nacional del Valle de Kidepo es principalmente semides\u00e9rtico, con r\u00edos estacionales bordeados de palmeras borassus y algunos bosques. Tambi\u00e9n est\u00e1 rodeado de monta\u00f1as, algunas de las cuales alcanzan los 2.750 metros, con bosques montanos secos y pastizales. Es el \u00fanico parque de Uganda que alberga kudus mayores y menores, el orix beisa, el zorro orejudo, el avestruz, el guepardo, el kirks dik-dik y el junco de monta\u00f1a de Chanler. Tambi\u00e9n hay otros animales salvajes como el elefante, cebras, jirafas de Rothschild y una gran variedad de avifauna.<\/p>\n<h3><span style=\"font-size: 16px;\"><strong>Parque Nacional de Semliki<\/strong><\/span><\/h3>\n<p>Est\u00e1 situado en la frontera con la RDC, junto al r\u00edo Semeliki, al oeste del puerto Portal. Su fauna se asemeja a la de la cuenca del Congo, con especies como el mangabey negro, el mono de Brazza, la ardilla forestal gigante y m\u00e1s de 400 especies de aves.<\/p>\n<h3><span style=\"font-size: 16px;\"><strong>Centro de educaci\u00f3n sobre la vida salvaje de Entebbe<\/strong><\/span><\/h3>\n<p>Se encuentra al norte del lago Victoria y tiene una superficie de unos 12646 acres. La fauna salvaje que se encuentra aqu\u00ed son sitatungas, c\u00e1laos blancos y negros, loros grises y turacos de Ross.<\/p>\n<h3><span style=\"font-size: 16px;\"><strong>Parque Nacional del Monte Elgon<\/strong><\/span><\/h3>\n<p>Se trata de una monta\u00f1a compartida con Kenia que se eleva hasta los 4.321 m. El parque protege la monta\u00f1a junto con bosques montanos y brezales.<\/p>","protected":false},"excerpt":{"rendered":"<p>Uganda es un pa\u00eds situado en \u00c1frica Oriental. Tiene una superficie de 236.037 km2. El pa\u00eds est\u00e1 bendecido con una gran mezcla de h\u00e1bitats, incluidos varios lagos y r\u00edos. El Nilo Victoria fluye desde el lago Victoria hasta una presa y m\u00e1s tarde se convierte en el Nilo Alberto.<\/p>","protected":false},"author":3,"featured_media":4259,"parent":4685,"menu_order":0,"comment_status":"closed","ping_status":"closed","template":"","meta":{"om_disable_all_campaigns":false,"_monsterinsights_skip_tracking":false,"_monsterinsights_sitenote_active":false,"_monsterinsights_sitenote_note":"","_monsterinsights_sitenote_category":0,"_uf_show_specific_survey":0,"_uf_disable_surveys":false,"footnotes":""},"class_list":["post-4256","page","type-page","status-publish","has-post-thumbnail","hentry"],"aioseo_notices":[],"aioseo_head":"\n\t\t<!-- All in One SEO Pro 4.9.6.2 - aioseo.com -->\n\t<meta name=\"description\" content=\"Uganda is a country located in East Africa. Its size is 236,037 sq km. The country is blessed with a great mix of habitats including several lakes and rivers.\" \/>\n\t<meta name=\"robots\" content=\"max-image-preview:large\" \/>\n\t<meta name=\"msvalidate.01\" content=\"9F9C035D44B58EC24714371E3FB5B040\" \/>\n\t<meta name=\"yandex-verification\" content=\"b945a4b884f39739\" \/>\n\t<link rel=\"canonical\" href=\"https:\/\/www.kichakatours.com\/es\/destination\/uganda\/\" \/>\n\t<meta name=\"generator\" content=\"All in One SEO Pro (AIOSEO) 4.9.6.2\" \/>\n\t\t<meta property=\"og:locale\" content=\"es_ES\" \/>\n\t\t<meta property=\"og:site_name\" content=\"Kichaka Tours and Travel | East Africa private safaris, tailor made Tours\" \/>\n\t\t<meta property=\"og:type\" content=\"article\" \/>\n\t\t<meta property=\"og:title\" content=\"Uganda | Kichaka Tours and Travel\" \/>\n\t\t<meta property=\"og:description\" content=\"Uganda is a country located in East Africa. Its size is 236,037 sq km. The country is blessed with a great mix of habitats including several lakes and rivers.\" \/>\n\t\t<meta property=\"og:url\" content=\"https:\/\/www.kichakatours.com\/es\/destination\/uganda\/\" \/>\n\t\t<meta property=\"og:image\" content=\"https:\/\/www.kichakatours.com\/wp-content\/uploads\/2025\/04\/KichakaTours.jpg\" \/>\n\t\t<meta property=\"og:image:secure_url\" content=\"https:\/\/www.kichakatours.com\/wp-content\/uploads\/2025\/04\/KichakaTours.jpg\" \/>\n\t\t<meta property=\"og:image:width\" content=\"1200\" \/>\n\t\t<meta property=\"og:image:height\" content=\"531\" \/>\n\t\t<meta property=\"article:published_time\" content=\"2026-01-06T11:02:05+00:00\" \/>\n\t\t<meta property=\"article:modified_time\" content=\"2026-01-06T12:05:28+00:00\" \/>\n\t\t<meta property=\"article:publisher\" content=\"https:\/\/web.facebook.com\/toursafariskenya\/?_rdc=1&amp;_rdr#\" \/>\n\t\t<meta property=\"article:author\" content=\"https:\/\/www.facebook.com\/toursafariskenya\/\" \/>\n\t\t<meta name=\"twitter:card\" content=\"summary_large_image\" \/>\n\t\t<meta name=\"twitter:site\" content=\"@KichakaTours\" \/>\n\t\t<meta name=\"twitter:title\" content=\"Uganda | Kichaka Tours and Travel\" \/>\n\t\t<meta name=\"twitter:description\" content=\"Uganda is a country located in East Africa. Its size is 236,037 sq km. The country is blessed with a great mix of habitats including several lakes and rivers.\" \/>\n\t\t<meta name=\"twitter:creator\" content=\"@KichakaTours\" \/>\n\t\t<meta name=\"twitter:image\" content=\"https:\/\/www.kichakatours.com\/wp-content\/uploads\/2025\/04\/KichakaTours.jpg\" \/>\n\t\t<script type=\"application\/ld+json\" class=\"aioseo-schema\">\n\t\t\t{\"@context\":\"https:\\\/\\\/schema.org\",\"@graph\":[{\"@type\":\"BreadcrumbList\",\"@id\":\"https:\\\/\\\/www.kichakatours.com\\\/es\\\/destination\\\/uganda\\\/#breadcrumblist\",\"itemListElement\":[{\"@type\":\"ListItem\",\"@id\":\"https:\\\/\\\/www.kichakatours.com\\\/es#listItem\",\"position\":1,\"name\":\"Home\",\"item\":\"https:\\\/\\\/www.kichakatours.com\\\/es\",\"nextItem\":{\"@type\":\"ListItem\",\"@id\":\"https:\\\/\\\/www.kichakatours.com\\\/es\\\/destination\\\/#listItem\",\"name\":\"Destination\"}},{\"@type\":\"ListItem\",\"@id\":\"https:\\\/\\\/www.kichakatours.com\\\/es\\\/destination\\\/#listItem\",\"position\":2,\"name\":\"Destination\",\"item\":\"https:\\\/\\\/www.kichakatours.com\\\/es\\\/destination\\\/\",\"nextItem\":{\"@type\":\"ListItem\",\"@id\":\"https:\\\/\\\/www.kichakatours.com\\\/es\\\/destination\\\/uganda\\\/#listItem\",\"name\":\"Uganda\"},\"previousItem\":{\"@type\":\"ListItem\",\"@id\":\"https:\\\/\\\/www.kichakatours.com\\\/es#listItem\",\"name\":\"Home\"}},{\"@type\":\"ListItem\",\"@id\":\"https:\\\/\\\/www.kichakatours.com\\\/es\\\/destination\\\/uganda\\\/#listItem\",\"position\":3,\"name\":\"Uganda\",\"previousItem\":{\"@type\":\"ListItem\",\"@id\":\"https:\\\/\\\/www.kichakatours.com\\\/es\\\/destination\\\/#listItem\",\"name\":\"Destination\"}}]},{\"@type\":\"Organization\",\"@id\":\"https:\\\/\\\/www.kichakatours.com\\\/es\\\/#organization\",\"name\":\"Kichaka Tours and Travel\",\"description\":\"East Africa private safaris, tailor made Tours\",\"url\":\"https:\\\/\\\/www.kichakatours.com\\\/es\\\/\",\"email\":\"info@kichakatours.com\",\"telephone\":\"+254791800525\",\"foundingDate\":\"2016-04-01\",\"numberOfEmployees\":{\"@type\":\"QuantitativeValue\",\"minValue\":0,\"maxValue\":7},\"logo\":{\"@type\":\"ImageObject\",\"url\":\"https:\\\/\\\/www.kichakatours.com\\\/wp-content\\\/uploads\\\/2025\\\/01\\\/Logo.jpg-8-2.jpg\",\"@id\":\"https:\\\/\\\/www.kichakatours.com\\\/es\\\/destination\\\/uganda\\\/#organizationLogo\",\"width\":131,\"height\":109,\"caption\":\"A stylized logo featuring two green leaves within a black oval outline.\"},\"image\":{\"@id\":\"https:\\\/\\\/www.kichakatours.com\\\/es\\\/destination\\\/uganda\\\/#organizationLogo\"},\"sameAs\":[\"https:\\\/\\\/web.facebook.com\\\/toursafariskenya\\\/?_rdc=1&_rdr#\",\"https:\\\/\\\/x.com\\\/KichakaTours\",\"https:\\\/\\\/www.instagram.com\\\/KichakaTours\",\"https:\\\/\\\/www.linkedin.com\\\/in\\\/kichaka-tours-and-travel\\\/\"],\"address\":{\"@id\":\"https:\\\/\\\/www.kichakatours.com\\\/es\\\/#postaladdress\",\"@type\":\"PostalAddress\",\"streetAddress\":\"54936,\",\"postalCode\":\"00200\",\"addressLocality\":\"Nairobi\",\"addressRegion\":\"Kenya\",\"addressCountry\":\"KE\"}},{\"@type\":\"WebPage\",\"@id\":\"https:\\\/\\\/www.kichakatours.com\\\/es\\\/destination\\\/uganda\\\/#webpage\",\"url\":\"https:\\\/\\\/www.kichakatours.com\\\/es\\\/destination\\\/uganda\\\/\",\"name\":\"Uganda | Kichaka Tours and Travel\",\"description\":\"Uganda is a country located in East Africa. Its size is 236,037 sq km. The country is blessed with a great mix of habitats including several lakes and rivers.\",\"inLanguage\":\"es-ES\",\"isPartOf\":{\"@id\":\"https:\\\/\\\/www.kichakatours.com\\\/es\\\/#website\"},\"breadcrumb\":{\"@id\":\"https:\\\/\\\/www.kichakatours.com\\\/es\\\/destination\\\/uganda\\\/#breadcrumblist\"},\"image\":{\"@type\":\"ImageObject\",\"url\":\"https:\\\/\\\/www.kichakatours.com\\\/wp-content\\\/uploads\\\/2021\\\/05\\\/Uganda-2.jpg\",\"@id\":\"https:\\\/\\\/www.kichakatours.com\\\/es\\\/destination\\\/uganda\\\/#mainImage\",\"width\":1920,\"height\":823,\"caption\":\"Uganda\"},\"primaryImageOfPage\":{\"@id\":\"https:\\\/\\\/www.kichakatours.com\\\/es\\\/destination\\\/uganda\\\/#mainImage\"},\"datePublished\":\"2026-01-06T14:02:05+03:00\",\"dateModified\":\"2026-01-06T15:05:28+03:00\"},{\"@type\":\"WebSite\",\"@id\":\"https:\\\/\\\/www.kichakatours.com\\\/es\\\/#website\",\"url\":\"https:\\\/\\\/www.kichakatours.com\\\/es\\\/\",\"name\":\"Kichaka Tours and Travel\",\"description\":\"East Africa private safaris, tailor made Tours\",\"inLanguage\":\"es-ES\",\"publisher\":{\"@id\":\"https:\\\/\\\/www.kichakatours.com\\\/es\\\/#organization\"}}]}\n\t\t<\/script>\n\t\t<!-- All in One SEO Pro -->\r\n\t\t<title>Uganda | Kichaka Tours and Travel<\/title>\n\n","aioseo_head_json":{"title":"Uganda | Kichaka Tours and Travel","description":"Uganda es un pa\u00eds situado en \u00c1frica Oriental. Tiene una superficie de 236.037 km2. El pa\u00eds est\u00e1 bendecido con una gran mezcla de h\u00e1bitats, incluidos varios lagos y r\u00edos.","canonical_url":"https:\/\/www.kichakatours.com\/es\/destination\/uganda\/","robots":"max-image-preview:large","keywords":"","webmasterTools":{"msvalidate.01":"9F9C035D44B58EC24714371E3FB5B040","yandex-verification":"b945a4b884f39739","miscellaneous":""},"schema":{"@context":"https:\/\/schema.org","@graph":[{"@type":"BreadcrumbList","@id":"https:\/\/www.kichakatours.com\/es\/destination\/uganda\/#breadcrumblist","itemListElement":[{"@type":"ListItem","@id":"https:\/\/www.kichakatours.com\/es#listItem","position":1,"name":"Home","item":"https:\/\/www.kichakatours.com\/es","nextItem":{"@type":"ListItem","@id":"https:\/\/www.kichakatours.com\/es\/destination\/#listItem","name":"Destination"}},{"@type":"ListItem","@id":"https:\/\/www.kichakatours.com\/es\/destination\/#listItem","position":2,"name":"Destination","item":"https:\/\/www.kichakatours.com\/es\/destination\/","nextItem":{"@type":"ListItem","@id":"https:\/\/www.kichakatours.com\/es\/destination\/uganda\/#listItem","name":"Uganda"},"previousItem":{"@type":"ListItem","@id":"https:\/\/www.kichakatours.com\/es#listItem","name":"Home"}},{"@type":"ListItem","@id":"https:\/\/www.kichakatours.com\/es\/destination\/uganda\/#listItem","position":3,"name":"Uganda","previousItem":{"@type":"ListItem","@id":"https:\/\/www.kichakatours.com\/es\/destination\/#listItem","name":"Destination"}}]},{"@type":"Organization","@id":"https:\/\/www.kichakatours.com\/es\/#organization","name":"Kichaka Tours and Travel","description":"East Africa private safaris, tailor made Tours","url":"https:\/\/www.kichakatours.com\/es\/","email":"info@kichakatours.com","telephone":"+254791800525","foundingDate":"2016-04-01","numberOfEmployees":{"@type":"QuantitativeValue","minValue":0,"maxValue":7},"logo":{"@type":"ImageObject","url":"https:\/\/www.kichakatours.com\/wp-content\/uploads\/2025\/01\/Logo.jpg-8-2.jpg","@id":"https:\/\/www.kichakatours.com\/es\/destination\/uganda\/#organizationLogo","width":131,"height":109,"caption":"A stylized logo featuring two green leaves within a black oval outline."},"image":{"@id":"https:\/\/www.kichakatours.com\/es\/destination\/uganda\/#organizationLogo"},"sameAs":["https:\/\/web.facebook.com\/toursafariskenya\/?_rdc=1&_rdr#","https:\/\/x.com\/KichakaTours","https:\/\/www.instagram.com\/KichakaTours","https:\/\/www.linkedin.com\/in\/kichaka-tours-and-travel\/"],"address":{"@id":"https:\/\/www.kichakatours.com\/es\/#postaladdress","@type":"PostalAddress","streetAddress":"54936,","postalCode":"00200","addressLocality":"Nairobi","addressRegion":"Kenya","addressCountry":"KE"}},{"@type":"WebPage","@id":"https:\/\/www.kichakatours.com\/es\/destination\/uganda\/#webpage","url":"https:\/\/www.kichakatours.com\/es\/destination\/uganda\/","name":"Uganda | Kichaka Tours and Travel","description":"Uganda is a country located in East Africa. Its size is 236,037 sq km. The country is blessed with a great mix of habitats including several lakes and rivers.","inLanguage":"es-ES","isPartOf":{"@id":"https:\/\/www.kichakatours.com\/es\/#website"},"breadcrumb":{"@id":"https:\/\/www.kichakatours.com\/es\/destination\/uganda\/#breadcrumblist"},"image":{"@type":"ImageObject","url":"https:\/\/www.kichakatours.com\/wp-content\/uploads\/2021\/05\/Uganda-2.jpg","@id":"https:\/\/www.kichakatours.com\/es\/destination\/uganda\/#mainImage","width":1920,"height":823,"caption":"Uganda"},"primaryImageOfPage":{"@id":"https:\/\/www.kichakatours.com\/es\/destination\/uganda\/#mainImage"},"datePublished":"2026-01-06T14:02:05+03:00","dateModified":"2026-01-06T15:05:28+03:00"},{"@type":"WebSite","@id":"https:\/\/www.kichakatours.com\/es\/#website","url":"https:\/\/www.kichakatours.com\/es\/","name":"Kichaka Tours and Travel","description":"East Africa private safaris, tailor made Tours","inLanguage":"es-ES","publisher":{"@id":"https:\/\/www.kichakatours.com\/es\/#organization"}}]},"og:locale":"es_ES","og:site_name":"Kichaka Tours and Travel | East Africa private safaris, tailor made Tours","og:type":"article","og:title":"Uganda | Kichaka Tours and Travel","og:description":"Uganda is a country located in East Africa. Its size is 236,037 sq km. The country is blessed with a great mix of habitats including several lakes and rivers.","og:url":"https:\/\/www.kichakatours.com\/es\/destination\/uganda\/","og:image":"https:\/\/www.kichakatours.com\/wp-content\/uploads\/2025\/04\/KichakaTours.jpg","og:image:secure_url":"https:\/\/www.kichakatours.com\/wp-content\/uploads\/2025\/04\/KichakaTours.jpg","og:image:width":1200,"og:image:height":531,"article:published_time":"2026-01-06T11:02:05+00:00","article:modified_time":"2026-01-06T12:05:28+00:00","article:publisher":"https:\/\/web.facebook.com\/toursafariskenya\/?_rdc=1&_rdr#","article:author":"https:\/\/www.facebook.com\/toursafariskenya\/","twitter:card":"summary_large_image","twitter:site":"@KichakaTours","twitter:title":"Uganda | Kichaka Tours and Travel","twitter:description":"Uganda is a country located in East Africa. Its size is 236,037 sq km. The country is blessed with a great mix of habitats including several lakes and rivers.","twitter:creator":"@KichakaTours","twitter:image":"https:\/\/www.kichakatours.com\/wp-content\/uploads\/2025\/04\/KichakaTours.jpg"},"aioseo_meta_data":{"post_id":"4256","title":null,"description":"Uganda es un pa\u00eds situado en \u00c1frica Oriental. Tiene una superficie de 236.037 km2. El pa\u00eds est\u00e1 bendecido con una gran mezcla de h\u00e1bitats, incluidos varios lagos y r\u00edos.","keywords":null,"keyphrases":{"focus":{"keyphrase":"Uganda","score":90,"analysis":{"keyphraseInTitle":{"score":9,"maxScore":9,"error":0},"keyphraseInDescription":{"score":9,"maxScore":9,"error":0},"keyphraseLength":{"score":9,"maxScore":9,"error":0,"length":1},"keyphraseInURL":{"score":5,"maxScore":5,"error":0},"keyphraseInIntroduction":{"score":9,"maxScore":9,"error":0},"keyphraseInSubHeadings":{"score":3,"maxScore":9,"error":1},"keyphraseInImageAlt":[],"keywordDensity":{"type":"best","score":9,"maxScore":9,"error":0}}},"additional":[]},"primary_term":null,"canonical_url":null,"og_title":null,"og_description":null,"og_object_type":"default","og_image_type":"default","og_image_url":null,"og_image_width":null,"og_image_height":null,"og_image_custom_url":null,"og_image_custom_fields":null,"og_video":"","og_custom_url":null,"og_article_section":null,"og_article_tags":null,"twitter_use_og":false,"twitter_card":"default","twitter_image_type":"default","twitter_image_url":null,"twitter_image_custom_url":null,"twitter_image_custom_fields":null,"twitter_title":null,"twitter_description":null,"schema":{"blockGraphs":[],"customGraphs":[],"default":{"data":{"Article":[],"Course":[],"Dataset":[],"FAQPage":[],"Movie":[],"Person":[],"Product":[],"ProductReview":[],"Car":[],"Recipe":[],"Service":[],"SoftwareApplication":[],"WebPage":[]},"graphName":"WebPage","isEnabled":true},"graphs":[]},"schema_type":"default","schema_type_options":null,"pillar_content":false,"robots_default":true,"robots_noindex":false,"robots_noarchive":false,"robots_nosnippet":false,"robots_nofollow":false,"robots_noimageindex":false,"robots_noodp":false,"robots_notranslate":false,"robots_max_snippet":"-1","robots_max_videopreview":"-1","robots_max_imagepreview":"large","priority":null,"frequency":"default","local_seo":null,"seo_analyzer_scan_date":"2026-01-06 12:14:33","breadcrumb_settings":null,"limit_modified_date":false,"reviewed_by":"0","open_ai":"{\"title\":{\"suggestions\":[],\"usage\":0},\"description\":{\"suggestions\":[],\"usage\":0}}","ai":{"faqs":[],"keyPoints":[],"titles":[],"descriptions":[],"socialPosts":{"email":[],"linkedin":[],"twitter":[],"facebook":[],"instagram":[]}},"created":"2025-01-22 16:00:14","updated":"2026-01-06 12:14:33"},"aioseo_breadcrumb":"<div class=\"aioseo-breadcrumbs\"><span class=\"aioseo-breadcrumb\">\n\t<a href=\"https:\/\/www.kichakatours.com\/es\" title=\"Home\">Home<\/a>\n<\/span><span class=\"aioseo-breadcrumb-separator\">|<\/span><span class=\"aioseo-breadcrumb\">\n\t<a href=\"https:\/\/www.kichakatours.com\/es\/destination\/\" title=\"Destination\">Destination<\/a>\n<\/span><span class=\"aioseo-breadcrumb-separator\">|<\/span><span class=\"aioseo-breadcrumb\">\n\tUganda\n<\/span><\/div>","aioseo_breadcrumb_json":[{"label":"Home","link":"https:\/\/www.kichakatours.com\/es"},{"label":"Destination","link":"https:\/\/www.kichakatours.com\/es\/destination\/"},{"label":"Uganda","link":"https:\/\/www.kichakatours.com\/es\/destination\/uganda\/"}],"_links":{"self":[{"href":"https:\/\/www.kichakatours.com\/es\/wp-json\/wp\/v2\/pages\/4256","targetHints":{"allow":["GET"]}}],"collection":[{"href":"https:\/\/www.kichakatours.com\/es\/wp-json\/wp\/v2\/pages"}],"about":[{"href":"https:\/\/www.kichakatours.com\/es\/wp-json\/wp\/v2\/types\/page"}],"author":[{"embeddable":true,"href":"https:\/\/www.kichakatours.com\/es\/wp-json\/wp\/v2\/users\/3"}],"replies":[{"embeddable":true,"href":"https:\/\/www.kichakatours.com\/es\/wp-json\/wp\/v2\/comments?post=4256"}],"version-history":[{"count":3,"href":"https:\/\/www.kichakatours.com\/es\/wp-json\/wp\/v2\/pages\/4256\/revisions"}],"predecessor-version":[{"id":12027,"href":"https:\/\/www.kichakatours.com\/es\/wp-json\/wp\/v2\/pages\/4256\/revisions\/12027"}],"up":[{"embeddable":true,"href":"https:\/\/www.kichakatours.com\/es\/wp-json\/wp\/v2\/pages\/4685"}],"wp:featuredmedia":[{"embeddable":true,"href":"https:\/\/www.kichakatours.com\/es\/wp-json\/wp\/v2\/media\/4259"}],"wp:attachment":[{"href":"https:\/\/www.kichakatours.com\/es\/wp-json\/wp\/v2\/media?parent=4256"}],"curies":[{"name":"wp","href":"https:\/\/api.w.org\/{rel}","templated":true}]}}