{"id":4290,"date":"2021-07-02T12:07:03","date_gmt":"2021-07-02T09:07:03","guid":{"rendered":"https:\/\/www.kichakatours.co.ke\/?page_id=4290"},"modified":"2025-03-30T01:32:25","modified_gmt":"2025-03-29T22:32:25","slug":"africa","status":"publish","type":"page","link":"https:\/\/www.kichakatours.com\/es\/africa\/","title":{"rendered":"\u00c1frica"},"content":{"rendered":"<div class=\"wpb-content-wrapper\"><div class=\"vc_row wpb_row vc_row-fluid\"><div class=\"wpb_column vc_column_container vc_col-sm-12\"><div class=\"vc_column-inner\"><div class=\"wpb_wrapper\">\n\t<div class=\"wpb_text_column wpb_content_element\">\n\t\t<div class=\"wpb_wrapper\">\n\t\t\t<div class=\"pt-cv-wrapper\"><div class=\"pt-cv-view pt-cv-grid pt-cv-colsys\" id=\"pt-cv-view-1d87006nly\"><div data-id=\"pt-cv-page-1\" class=\"pt-cv-page\" data-cvc=\"4\"><div class=\"col-md-3 col-sm-6 col-xs-12 pt-cv-content-item pt-cv-1-col\"><div class='pt-cv-ifield'><a href=\"https:\/\/www.kichakatours.com\/es\/destination\/wildlife-and-nature-reserves-of-africa\/\" class=\"_self pt-cv-href-thumbnail pt-cv-thumb-default\" target=\"_self\"><\/a>\n<h5 class=\"pt-cv-title\"><a href=\"https:\/\/www.kichakatours.com\/es\/destination\/wildlife-and-nature-reserves-of-africa\/\" class=\"_self\" target=\"_self\">Reservas naturales de \u00c1frica<\/a><\/h5>\n<div class=\"pt-cv-content\">\u00c1frica \u00c1frica es el segundo continente m\u00e1s grande del mundo, por detr\u00e1s de ...<br \/><div class=\"pt-cv-rmwrap\"><a href=\"https:\/\/www.kichakatours.com\/es\/destination\/wildlife-and-nature-reserves-of-africa\/\" class=\"_self pt-cv-readmore btn btn-success\" target=\"_self\">Ver m\u00e1s<\/a><\/div><\/div><\/div><\/div><\/div><\/div><\/div>\n\n\t\t<\/div>\n\t<\/div>\n<\/div><\/div><\/div><\/div>\n<\/div>","protected":false},"excerpt":{"rendered":"Wildlife and Nature Reserves Of Africa Africa Africa stands as the second largest continent in the world, trailing ...View More","protected":false},"author":3,"featured_media":0,"parent":0,"menu_order":0,"comment_status":"closed","ping_status":"closed","template":"","meta":{"om_disable_all_campaigns":false,"_monsterinsights_skip_tracking":false,"_monsterinsights_sitenote_active":false,"_monsterinsights_sitenote_note":"","_monsterinsights_sitenote_category":0,"_uf_show_specific_survey":0,"_uf_disable_surveys":false,"footnotes":""},"class_list":["post-4290","page","type-page","status-publish","hentry"],"aioseo_notices":[],"aioseo_head":"\n\t\t<!-- All in One SEO Pro 4.9.6.2 - aioseo.com -->\n\t<meta name=\"description\" content=\"Africa is the second largest continent in the world after Asia.\" \/>\n\t<meta name=\"robots\" content=\"max-image-preview:large\" \/>\n\t<meta name=\"msvalidate.01\" content=\"9F9C035D44B58EC24714371E3FB5B040\" \/>\n\t<meta name=\"yandex-verification\" content=\"b945a4b884f39739\" \/>\n\t<link rel=\"canonical\" href=\"https:\/\/www.kichakatours.com\/es\/africa\/\" \/>\n\t<meta name=\"generator\" content=\"All in One SEO Pro (AIOSEO) 4.9.6.2\" \/>\n\t\t<meta property=\"og:locale\" content=\"es_ES\" \/>\n\t\t<meta property=\"og:site_name\" content=\"Kichaka Tours and Travel | East Africa private safaris, tailor made Tours\" \/>\n\t\t<meta property=\"og:type\" content=\"article\" \/>\n\t\t<meta property=\"og:title\" content=\"Africa | Kichaka Tours and Travel\" \/>\n\t\t<meta property=\"og:description\" content=\"Africa is the second largest continent in the world after Asia.\" \/>\n\t\t<meta property=\"og:url\" content=\"https:\/\/www.kichakatours.com\/es\/africa\/\" \/>\n\t\t<meta property=\"og:image\" content=\"https:\/\/www.kichakatours.com\/wp-content\/uploads\/2025\/04\/KichakaTours.jpg\" \/>\n\t\t<meta property=\"og:image:secure_url\" content=\"https:\/\/www.kichakatours.com\/wp-content\/uploads\/2025\/04\/KichakaTours.jpg\" \/>\n\t\t<meta property=\"og:image:width\" content=\"1200\" \/>\n\t\t<meta property=\"og:image:height\" content=\"531\" \/>\n\t\t<meta property=\"article:published_time\" content=\"2021-07-02T09:07:03+00:00\" \/>\n\t\t<meta property=\"article:modified_time\" content=\"2025-03-29T22:32:25+00:00\" \/>\n\t\t<meta property=\"article:publisher\" content=\"https:\/\/web.facebook.com\/toursafariskenya\/?_rdc=1&amp;_rdr#\" \/>\n\t\t<meta property=\"article:author\" content=\"https:\/\/www.facebook.com\/toursafariskenya\/\" \/>\n\t\t<meta name=\"twitter:card\" content=\"summary_large_image\" \/>\n\t\t<meta name=\"twitter:site\" content=\"@KichakaTours\" \/>\n\t\t<meta name=\"twitter:title\" content=\"Africa | Kichaka Tours and Travel\" \/>\n\t\t<meta name=\"twitter:description\" content=\"Africa is the second largest continent in the world after Asia.\" \/>\n\t\t<meta name=\"twitter:creator\" content=\"@KichakaTours\" \/>\n\t\t<meta name=\"twitter:image\" content=\"https:\/\/www.kichakatours.com\/wp-content\/uploads\/2025\/04\/KichakaTours.jpg\" \/>\n\t\t<script type=\"application\/ld+json\" class=\"aioseo-schema\">\n\t\t\t{\"@context\":\"https:\\\/\\\/schema.org\",\"@graph\":[{\"@type\":\"BreadcrumbList\",\"@id\":\"https:\\\/\\\/www.kichakatours.com\\\/es\\\/africa\\\/#breadcrumblist\",\"itemListElement\":[{\"@type\":\"ListItem\",\"@id\":\"https:\\\/\\\/www.kichakatours.com\\\/es#listItem\",\"position\":1,\"name\":\"Home\",\"item\":\"https:\\\/\\\/www.kichakatours.com\\\/es\",\"nextItem\":{\"@type\":\"ListItem\",\"@id\":\"https:\\\/\\\/www.kichakatours.com\\\/es\\\/africa\\\/#listItem\",\"name\":\"Africa\"}},{\"@type\":\"ListItem\",\"@id\":\"https:\\\/\\\/www.kichakatours.com\\\/es\\\/africa\\\/#listItem\",\"position\":2,\"name\":\"Africa\",\"previousItem\":{\"@type\":\"ListItem\",\"@id\":\"https:\\\/\\\/www.kichakatours.com\\\/es#listItem\",\"name\":\"Home\"}}]},{\"@type\":\"Organization\",\"@id\":\"https:\\\/\\\/www.kichakatours.com\\\/es\\\/#organization\",\"name\":\"Kichaka Tours and Travel\",\"description\":\"East Africa private safaris, tailor made Tours\",\"url\":\"https:\\\/\\\/www.kichakatours.com\\\/es\\\/\",\"email\":\"info@kichakatours.com\",\"telephone\":\"+254791800525\",\"foundingDate\":\"2016-04-01\",\"numberOfEmployees\":{\"@type\":\"QuantitativeValue\",\"minValue\":0,\"maxValue\":7},\"logo\":{\"@type\":\"ImageObject\",\"url\":\"https:\\\/\\\/www.kichakatours.com\\\/wp-content\\\/uploads\\\/2025\\\/01\\\/Logo.jpg-8-2.jpg\",\"@id\":\"https:\\\/\\\/www.kichakatours.com\\\/es\\\/africa\\\/#organizationLogo\",\"width\":131,\"height\":109,\"caption\":\"A stylized logo featuring two green leaves within a black oval outline.\"},\"image\":{\"@id\":\"https:\\\/\\\/www.kichakatours.com\\\/es\\\/africa\\\/#organizationLogo\"},\"sameAs\":[\"https:\\\/\\\/web.facebook.com\\\/toursafariskenya\\\/?_rdc=1&_rdr#\",\"https:\\\/\\\/x.com\\\/KichakaTours\",\"https:\\\/\\\/www.instagram.com\\\/KichakaTours\",\"https:\\\/\\\/www.linkedin.com\\\/in\\\/kichaka-tours-and-travel\\\/\"],\"address\":{\"@id\":\"https:\\\/\\\/www.kichakatours.com\\\/es\\\/#postaladdress\",\"@type\":\"PostalAddress\",\"streetAddress\":\"54936,\",\"postalCode\":\"00200\",\"addressLocality\":\"Nairobi\",\"addressRegion\":\"Kenya\",\"addressCountry\":\"KE\"}},{\"@type\":\"WebPage\",\"@id\":\"https:\\\/\\\/www.kichakatours.com\\\/es\\\/africa\\\/#webpage\",\"url\":\"https:\\\/\\\/www.kichakatours.com\\\/es\\\/africa\\\/\",\"name\":\"Africa | Kichaka Tours and Travel\",\"description\":\"Africa is the second largest continent in the world after Asia.\",\"inLanguage\":\"es-ES\",\"isPartOf\":{\"@id\":\"https:\\\/\\\/www.kichakatours.com\\\/es\\\/#website\"},\"breadcrumb\":{\"@id\":\"https:\\\/\\\/www.kichakatours.com\\\/es\\\/africa\\\/#breadcrumblist\"},\"datePublished\":\"2021-07-02T12:07:03+03:00\",\"dateModified\":\"2025-03-30T01:32:25+03:00\"},{\"@type\":\"WebSite\",\"@id\":\"https:\\\/\\\/www.kichakatours.com\\\/es\\\/#website\",\"url\":\"https:\\\/\\\/www.kichakatours.com\\\/es\\\/\",\"name\":\"Kichaka Tours and Travel\",\"description\":\"East Africa private safaris, tailor made Tours\",\"inLanguage\":\"es-ES\",\"publisher\":{\"@id\":\"https:\\\/\\\/www.kichakatours.com\\\/es\\\/#organization\"}}]}\n\t\t<\/script>\n\t\t<!-- All in One SEO Pro -->\r\n\t\t<title>Africa | Kichaka Tours and Travel<\/title>\n\n","aioseo_head_json":{"title":"\u00c1frica | Kichaka Tours and Travel","description":"\u00c1frica es el segundo continente m\u00e1s grande del mundo despu\u00e9s de Asia.","canonical_url":"https:\/\/www.kichakatours.com\/es\/africa\/","robots":"max-image-preview:large","keywords":"","webmasterTools":{"msvalidate.01":"9F9C035D44B58EC24714371E3FB5B040","yandex-verification":"b945a4b884f39739","miscellaneous":""},"schema":{"@context":"https:\/\/schema.org","@graph":[{"@type":"BreadcrumbList","@id":"https:\/\/www.kichakatours.com\/es\/africa\/#breadcrumblist","itemListElement":[{"@type":"ListItem","@id":"https:\/\/www.kichakatours.com\/es#listItem","position":1,"name":"Home","item":"https:\/\/www.kichakatours.com\/es","nextItem":{"@type":"ListItem","@id":"https:\/\/www.kichakatours.com\/es\/africa\/#listItem","name":"Africa"}},{"@type":"ListItem","@id":"https:\/\/www.kichakatours.com\/es\/africa\/#listItem","position":2,"name":"Africa","previousItem":{"@type":"ListItem","@id":"https:\/\/www.kichakatours.com\/es#listItem","name":"Home"}}]},{"@type":"Organization","@id":"https:\/\/www.kichakatours.com\/es\/#organization","name":"Kichaka Tours and Travel","description":"East Africa private safaris, tailor made Tours","url":"https:\/\/www.kichakatours.com\/es\/","email":"info@kichakatours.com","telephone":"+254791800525","foundingDate":"2016-04-01","numberOfEmployees":{"@type":"QuantitativeValue","minValue":0,"maxValue":7},"logo":{"@type":"ImageObject","url":"https:\/\/www.kichakatours.com\/wp-content\/uploads\/2025\/01\/Logo.jpg-8-2.jpg","@id":"https:\/\/www.kichakatours.com\/es\/africa\/#organizationLogo","width":131,"height":109,"caption":"A stylized logo featuring two green leaves within a black oval outline."},"image":{"@id":"https:\/\/www.kichakatours.com\/es\/africa\/#organizationLogo"},"sameAs":["https:\/\/web.facebook.com\/toursafariskenya\/?_rdc=1&_rdr#","https:\/\/x.com\/KichakaTours","https:\/\/www.instagram.com\/KichakaTours","https:\/\/www.linkedin.com\/in\/kichaka-tours-and-travel\/"],"address":{"@id":"https:\/\/www.kichakatours.com\/es\/#postaladdress","@type":"PostalAddress","streetAddress":"54936,","postalCode":"00200","addressLocality":"Nairobi","addressRegion":"Kenya","addressCountry":"KE"}},{"@type":"WebPage","@id":"https:\/\/www.kichakatours.com\/es\/africa\/#webpage","url":"https:\/\/www.kichakatours.com\/es\/africa\/","name":"Africa | Kichaka Tours and Travel","description":"Africa is the second largest continent in the world after Asia.","inLanguage":"es-ES","isPartOf":{"@id":"https:\/\/www.kichakatours.com\/es\/#website"},"breadcrumb":{"@id":"https:\/\/www.kichakatours.com\/es\/africa\/#breadcrumblist"},"datePublished":"2021-07-02T12:07:03+03:00","dateModified":"2025-03-30T01:32:25+03:00"},{"@type":"WebSite","@id":"https:\/\/www.kichakatours.com\/es\/#website","url":"https:\/\/www.kichakatours.com\/es\/","name":"Kichaka Tours and Travel","description":"East Africa private safaris, tailor made Tours","inLanguage":"es-ES","publisher":{"@id":"https:\/\/www.kichakatours.com\/es\/#organization"}}]},"og:locale":"es_ES","og:site_name":"Kichaka Tours and Travel | East Africa private safaris, tailor made Tours","og:type":"article","og:title":"Africa | Kichaka Tours and Travel","og:description":"Africa is the second largest continent in the world after Asia.","og:url":"https:\/\/www.kichakatours.com\/es\/africa\/","og:image":"https:\/\/www.kichakatours.com\/wp-content\/uploads\/2025\/04\/KichakaTours.jpg","og:image:secure_url":"https:\/\/www.kichakatours.com\/wp-content\/uploads\/2025\/04\/KichakaTours.jpg","og:image:width":1200,"og:image:height":531,"article:published_time":"2021-07-02T09:07:03+00:00","article:modified_time":"2025-03-29T22:32:25+00:00","article:publisher":"https:\/\/web.facebook.com\/toursafariskenya\/?_rdc=1&_rdr#","article:author":"https:\/\/www.facebook.com\/toursafariskenya\/","twitter:card":"summary_large_image","twitter:site":"@KichakaTours","twitter:title":"Africa | Kichaka Tours and Travel","twitter:description":"Africa is the second largest continent in the world after Asia.","twitter:creator":"@KichakaTours","twitter:image":"https:\/\/www.kichakatours.com\/wp-content\/uploads\/2025\/04\/KichakaTours.jpg"},"aioseo_meta_data":{"post_id":"4290","title":null,"description":"\u00c1frica es el segundo continente m\u00e1s grande del mundo despu\u00e9s de Asia.","keywords":null,"keyphrases":{"focus":{"keyphrase":"Africa","score":70,"analysis":{"keyphraseInTitle":{"score":9,"maxScore":9,"error":0},"keyphraseInDescription":{"score":9,"maxScore":9,"error":0},"keyphraseLength":{"score":9,"maxScore":9,"error":0,"length":1},"keyphraseInURL":{"score":5,"maxScore":5,"error":0},"keyphraseInIntroduction":{"score":3,"maxScore":9,"error":1},"keyphraseInSubHeadings":[],"keyphraseInImageAlt":[],"keywordDensity":{"type":"high","score":0,"maxScore":9,"error":1}}},"additional":[]},"primary_term":null,"canonical_url":null,"og_title":null,"og_description":null,"og_object_type":"default","og_image_type":"default","og_image_url":null,"og_image_width":null,"og_image_height":null,"og_image_custom_url":null,"og_image_custom_fields":null,"og_video":"","og_custom_url":null,"og_article_section":null,"og_article_tags":null,"twitter_use_og":false,"twitter_card":"default","twitter_image_type":"default","twitter_image_url":null,"twitter_image_custom_url":null,"twitter_image_custom_fields":null,"twitter_title":null,"twitter_description":null,"schema":{"blockGraphs":[],"customGraphs":[],"default":{"data":{"Article":[],"Course":[],"Dataset":[],"FAQPage":[],"Movie":[],"Person":[],"Product":[],"ProductReview":[],"Car":[],"Recipe":[],"Service":[],"SoftwareApplication":[],"WebPage":[]},"graphName":"WebPage","isEnabled":true},"graphs":[]},"schema_type":"default","schema_type_options":null,"pillar_content":false,"robots_default":true,"robots_noindex":false,"robots_noarchive":false,"robots_nosnippet":false,"robots_nofollow":false,"robots_noimageindex":false,"robots_noodp":false,"robots_notranslate":false,"robots_max_snippet":"-1","robots_max_videopreview":"-1","robots_max_imagepreview":"large","priority":null,"frequency":"default","local_seo":null,"seo_analyzer_scan_date":"2025-10-08 20:22:54","breadcrumb_settings":null,"limit_modified_date":false,"reviewed_by":null,"open_ai":"{\"title\":{\"suggestions\":[],\"usage\":0},\"description\":{\"suggestions\":[],\"usage\":0}}","ai":null,"created":"2025-01-22 16:00:14","updated":"2025-10-21 19:30:11"},"aioseo_breadcrumb":"<div class=\"aioseo-breadcrumbs\"><span class=\"aioseo-breadcrumb\">\n\t<a href=\"https:\/\/www.kichakatours.com\/es\" title=\"Home\">Home<\/a>\n<\/span><span class=\"aioseo-breadcrumb-separator\">|<\/span><span class=\"aioseo-breadcrumb\">\n\tAfrica\n<\/span><\/div>","aioseo_breadcrumb_json":[{"label":"Home","link":"https:\/\/www.kichakatours.com\/es"},{"label":"Africa","link":"https:\/\/www.kichakatours.com\/es\/africa\/"}],"_links":{"self":[{"href":"https:\/\/www.kichakatours.com\/es\/wp-json\/wp\/v2\/pages\/4290","targetHints":{"allow":["GET"]}}],"collection":[{"href":"https:\/\/www.kichakatours.com\/es\/wp-json\/wp\/v2\/pages"}],"about":[{"href":"https:\/\/www.kichakatours.com\/es\/wp-json\/wp\/v2\/types\/page"}],"author":[{"embeddable":true,"href":"https:\/\/www.kichakatours.com\/es\/wp-json\/wp\/v2\/users\/3"}],"replies":[{"embeddable":true,"href":"https:\/\/www.kichakatours.com\/es\/wp-json\/wp\/v2\/comments?post=4290"}],"version-history":[{"count":1,"href":"https:\/\/www.kichakatours.com\/es\/wp-json\/wp\/v2\/pages\/4290\/revisions"}],"predecessor-version":[{"id":11505,"href":"https:\/\/www.kichakatours.com\/es\/wp-json\/wp\/v2\/pages\/4290\/revisions\/11505"}],"wp:attachment":[{"href":"https:\/\/www.kichakatours.com\/es\/wp-json\/wp\/v2\/media?parent=4290"}],"curies":[{"name":"wp","href":"https:\/\/api.w.org\/{rel}","templated":true}]}}