{"id":6953,"date":"2025-01-09T10:11:13","date_gmt":"2025-01-09T07:11:13","guid":{"rendered":"https:\/\/www.kichakatours.co.ke\/?post_type=product&#038;p=6953"},"modified":"2025-09-09T17:35:05","modified_gmt":"2025-09-09T14:35:05","slug":"experiencia-de-dia-completo-en-la-isla-creciente","status":"publish","type":"product","link":"https:\/\/www.kichakatours.com\/es\/product\/full-day-crescent-island-experience\/","title":{"rendered":"D\u00eda completo en Crescent Island"},"content":{"rendered":"<h4><\/h4>\n<p>Bienvenido a Crescent Island Game Sanctuary, un para\u00edso natural situado en el flanco oriental de <a href=\"https:\/\/www.kichakatours.com\/destination\/lake-naivasha\/\" target=\"_blank\" rel=\"noopener\">Lago Naivasha<\/a>. Al embarcarse en este extraordinario viaje, prep\u00e1rese para encontrarse con una gran variedad de majestuosas criaturas, como jirafas, ant\u00edlopes acu\u00e1ticos, elands, \u00f1us, cebras, impalas e hipop\u00f3tamos, que hacen de este santuario su hogar.<\/p>\n<p>Tanto para los \u00e1vidos observadores de aves como para los ornit\u00f3logos, la isla es un para\u00edso rebosante de diversas especies aviares, como \u00e1guilas pescadoras con sus ic\u00f3nicos cantos, \u00e1guilas pescadoras que planean graciosamente por los cielos y encantadores lirones que vadean elegantemente las aguas.<\/p>\n<p>Nuestras vibrantes costas se llenan de vida con el aleteo de pel\u00edcanos y cormoranes, mientras de vez en cuando se dejan ver equipos de filmaci\u00f3n deseosos de captar nuestras densas poblaciones de manadas de \u00f1us que se mezclan libremente junto a ant\u00edlopes acu\u00e1ticos, cebras y gacelas; realmente un espect\u00e1culo sin igual en los parques de Kenia.<\/p>\n<p>Reconociendo su papel como corredor ecol\u00f3gico para la fauna del continente desplazada por las crecientes presiones del desarrollo y el crecimiento de la poblaci\u00f3n, la isla de Crescent permanece sin vallas, lo que permite los movimientos naturales sin obst\u00e1culos a trav\u00e9s de las fronteras, garantizando una coexistencia armoniosa entre los progresos realizados por el hombre sin interrumpir el orden intr\u00ednseco de la naturaleza, un testimonio quiz\u00e1s personificado por las visitas nocturnas de las hienas cazadoras yuxtapuestas a la perfecci\u00f3n con el relajado d\u00eda, donde las pitones toman el sol tras el fest\u00edn junto a los b\u00fafalos pastando, vigilados atentamente durante estancias transitorias en paisajes v\u00edrgenes donde los recuerdos serenos le invitan a llegar hoy mismo.<\/p>\n<h2>Ruta de un d\u00eda por Crescent Island<\/h2>\n<p dir=\"auto\" data-pm-slice=\"1 1 []\">Salga de Nairobi por la ma\u00f1ana temprano para un pintoresco viaje al lago Naivasha. Una vez all\u00ed, s\u00fabase a un barco para llegar a Crescent Island, donde disfrutar\u00e1 de un inolvidable paseo guiado por la fauna salvaje. El lago atrae tanto a aves terrestres como acu\u00e1ticas, as\u00ed que ser\u00e1 un placer. Ver\u00e1 criaturas impresionantes como \u00e1guilas acu\u00e1ticas, cig\u00fce\u00f1as de pico amarillo e ibis; su presencia es realmente cautivadora.<\/p>\n<p dir=\"auto\">Mientras pasea, se cruzar\u00e1 con jirafas que se mueven graciosamente, cebras que pastan a sus anchas y animados dik-diks que corretean de un lado a otro. Tambi\u00e9n podr\u00e1 ver manadas de \u00f1us e impalas disfrutando de este apacible entorno.<\/p>\n<p dir=\"auto\">Hacia el mediod\u00eda, haga una pausa para almorzar en el restaurante del santuario, con sus hermosas vistas al lago. Despu\u00e9s, rel\u00e1jese mientras disfruta del paisaje antes de volver a salir en otro paseo en barco que ofrece fant\u00e1sticas vistas de la fauna acu\u00e1tica mientras regresa a tierra firme. M\u00e1s tarde, abandonar\u00e1 Naivasha y regresar\u00e1 por su pintoresca ruta a Nairobi, donde le dejar\u00e1n en su hotel o en el aeropuerto.<\/p>\n<p><strong>El coste incluye<\/strong><\/p>\n<p>Paseos en barco<\/p>\n<p>Tasas de Crescent Island<\/p>\n<p>Almuerzo<\/p>\n<p>Transporte de ida y vuelta desde Nairobi<\/p>","protected":false},"excerpt":{"rendered":"<p>Emb\u00e1rquese en un safari a pie guiado por expertos a trav\u00e9s de la encantadora Crescent Island, famosa por ser uno de los principales destinos para realizar excursiones junto a cebras en libertad, majestuosas jirafas y manadas de \u00f1us. Este santuario no s\u00f3lo ofrece encuentros incomparables con la vida salvaje, sino que tambi\u00e9n sirve de escenario id\u00edlico para la meditaci\u00f3n, la fotograf\u00eda y la observaci\u00f3n de aves en medio de su sereno entorno. Mejore su aventura con cautivadores paseos en barco por el lago Naivasha, que le permitir\u00e1n contemplar de cerca diversas especies acu\u00e1ticas.<\/p>\n<p>&nbsp;<\/p>","protected":false},"featured_media":3799,"comment_status":"closed","ping_status":"closed","template":"","meta":{"om_disable_all_campaigns":false,"_monsterinsights_skip_tracking":false,"_monsterinsights_sitenote_active":false,"_monsterinsights_sitenote_note":"","_monsterinsights_sitenote_category":0,"_uf_show_specific_survey":0,"_uf_disable_surveys":false},"product_brand":[],"product_cat":[331,15],"product_tag":[],"class_list":{"0":"post-6953","1":"product","2":"type-product","3":"status-publish","4":"has-post-thumbnail","6":"product_cat-safari","7":"product_cat-tour","8":"tour_category-excursions-2","10":"first","11":"instock","12":"shipping-taxable","13":"purchasable","14":"product-type-variable"},"aioseo_notices":[],"aioseo_head":"\n\t\t<!-- All in One SEO Pro 4.9.6.2 - aioseo.com -->\n\t<meta name=\"description\" content=\"Join us for a memorable Full Day Crescent Island Experience, where you can enjoy a boat ride, guided wildlife walk, and exquisite lunch with breathtaking views.\" \/>\n\t<meta name=\"robots\" content=\"max-image-preview:large\" \/>\n\t<meta name=\"msvalidate.01\" content=\"9F9C035D44B58EC24714371E3FB5B040\" \/>\n\t<meta name=\"yandex-verification\" content=\"b945a4b884f39739\" \/>\n\t<link rel=\"canonical\" href=\"https:\/\/www.kichakatours.com\/es\/product\/full-day-crescent-island-experience\/\" \/>\n\t<meta name=\"generator\" content=\"All in One SEO Pro (AIOSEO) 4.9.6.2\" \/>\n\t\t<meta property=\"og:locale\" content=\"es_ES\" \/>\n\t\t<meta property=\"og:site_name\" content=\"Kichaka Tours and Travel | East Africa private safaris, tailor made Tours\" \/>\n\t\t<meta property=\"og:type\" content=\"article\" \/>\n\t\t<meta property=\"og:title\" content=\"Full Day Crescent Island Experience | Kichaka Tours and Travel\" \/>\n\t\t<meta property=\"og:description\" content=\"Join us for a memorable Full Day Crescent Island Experience, where you can enjoy a boat ride, guided wildlife walk, and exquisite lunch with breathtaking views.\" \/>\n\t\t<meta property=\"og:url\" content=\"https:\/\/www.kichakatours.com\/es\/product\/full-day-crescent-island-experience\/\" \/>\n\t\t<meta property=\"og:image\" content=\"https:\/\/www.kichakatours.com\/wp-content\/uploads\/2025\/04\/KichakaTours.jpg\" \/>\n\t\t<meta property=\"og:image:secure_url\" content=\"https:\/\/www.kichakatours.com\/wp-content\/uploads\/2025\/04\/KichakaTours.jpg\" \/>\n\t\t<meta property=\"og:image:width\" content=\"1200\" \/>\n\t\t<meta property=\"og:image:height\" content=\"531\" \/>\n\t\t<meta property=\"article:published_time\" content=\"2025-01-09T07:11:13+00:00\" \/>\n\t\t<meta property=\"article:modified_time\" content=\"2025-09-09T14:35:05+00:00\" \/>\n\t\t<meta property=\"article:publisher\" content=\"https:\/\/web.facebook.com\/toursafariskenya\/?_rdc=1&amp;_rdr#\" \/>\n\t\t<meta name=\"twitter:card\" content=\"summary_large_image\" \/>\n\t\t<meta name=\"twitter:site\" content=\"@KichakaTours\" \/>\n\t\t<meta name=\"twitter:title\" content=\"Full Day Crescent Island Experience | Kichaka Tours and Travel\" \/>\n\t\t<meta name=\"twitter:description\" content=\"Join us for a memorable Full Day Crescent Island Experience, where you can enjoy a boat ride, guided wildlife walk, and exquisite lunch with breathtaking views.\" \/>\n\t\t<meta name=\"twitter:image\" content=\"https:\/\/www.kichakatours.com\/wp-content\/uploads\/2025\/04\/KichakaTours.jpg\" \/>\n\t\t<script type=\"application\/ld+json\" class=\"aioseo-schema\">\n\t\t\t{\"@context\":\"https:\\\/\\\/schema.org\",\"@graph\":[{\"@type\":\"BreadcrumbList\",\"@id\":\"https:\\\/\\\/www.kichakatours.com\\\/es\\\/product\\\/full-day-crescent-island-experience\\\/#breadcrumblist\",\"itemListElement\":[{\"@type\":\"ListItem\",\"@id\":\"https:\\\/\\\/www.kichakatours.com\\\/es#listItem\",\"position\":1,\"name\":\"Home\",\"item\":\"https:\\\/\\\/www.kichakatours.com\\\/es\",\"nextItem\":{\"@type\":\"ListItem\",\"@id\":\"https:\\\/\\\/www.kichakatours.com\\\/es\\\/?page_id=4#listItem\",\"name\":\"Shop\"}},{\"@type\":\"ListItem\",\"@id\":\"https:\\\/\\\/www.kichakatours.com\\\/es\\\/?page_id=4#listItem\",\"position\":2,\"name\":\"Shop\",\"item\":\"https:\\\/\\\/www.kichakatours.com\\\/es\\\/?page_id=4\",\"nextItem\":{\"@type\":\"ListItem\",\"@id\":\"https:\\\/\\\/www.kichakatours.com\\\/es\\\/product-category\\\/tour\\\/#listItem\",\"name\":\"Tour\"},\"previousItem\":{\"@type\":\"ListItem\",\"@id\":\"https:\\\/\\\/www.kichakatours.com\\\/es#listItem\",\"name\":\"Home\"}},{\"@type\":\"ListItem\",\"@id\":\"https:\\\/\\\/www.kichakatours.com\\\/es\\\/product-category\\\/tour\\\/#listItem\",\"position\":3,\"name\":\"Tour\",\"item\":\"https:\\\/\\\/www.kichakatours.com\\\/es\\\/product-category\\\/tour\\\/\",\"nextItem\":{\"@type\":\"ListItem\",\"@id\":\"https:\\\/\\\/www.kichakatours.com\\\/es\\\/product-category\\\/tour\\\/safari\\\/#listItem\",\"name\":\"Safari\"},\"previousItem\":{\"@type\":\"ListItem\",\"@id\":\"https:\\\/\\\/www.kichakatours.com\\\/es\\\/?page_id=4#listItem\",\"name\":\"Shop\"}},{\"@type\":\"ListItem\",\"@id\":\"https:\\\/\\\/www.kichakatours.com\\\/es\\\/product-category\\\/tour\\\/safari\\\/#listItem\",\"position\":4,\"name\":\"Safari\",\"item\":\"https:\\\/\\\/www.kichakatours.com\\\/es\\\/product-category\\\/tour\\\/safari\\\/\",\"nextItem\":{\"@type\":\"ListItem\",\"@id\":\"https:\\\/\\\/www.kichakatours.com\\\/es\\\/product\\\/full-day-crescent-island-experience\\\/#listItem\",\"name\":\"Full Day Crescent Island Experience\"},\"previousItem\":{\"@type\":\"ListItem\",\"@id\":\"https:\\\/\\\/www.kichakatours.com\\\/es\\\/product-category\\\/tour\\\/#listItem\",\"name\":\"Tour\"}},{\"@type\":\"ListItem\",\"@id\":\"https:\\\/\\\/www.kichakatours.com\\\/es\\\/product\\\/full-day-crescent-island-experience\\\/#listItem\",\"position\":5,\"name\":\"Full Day Crescent Island Experience\",\"previousItem\":{\"@type\":\"ListItem\",\"@id\":\"https:\\\/\\\/www.kichakatours.com\\\/es\\\/product-category\\\/tour\\\/safari\\\/#listItem\",\"name\":\"Safari\"}}]},{\"@type\":\"Organization\",\"@id\":\"https:\\\/\\\/www.kichakatours.com\\\/es\\\/#organization\",\"name\":\"Kichaka Tours and Travel\",\"description\":\"East Africa private safaris, tailor made Tours\",\"url\":\"https:\\\/\\\/www.kichakatours.com\\\/es\\\/\",\"email\":\"info@kichakatours.com\",\"telephone\":\"+254791800525\",\"foundingDate\":\"2016-04-01\",\"numberOfEmployees\":{\"@type\":\"QuantitativeValue\",\"minValue\":0,\"maxValue\":7},\"logo\":{\"@type\":\"ImageObject\",\"url\":\"https:\\\/\\\/www.kichakatours.com\\\/wp-content\\\/uploads\\\/2025\\\/01\\\/Logo.jpg-8-2.jpg\",\"@id\":\"https:\\\/\\\/www.kichakatours.com\\\/es\\\/product\\\/full-day-crescent-island-experience\\\/#organizationLogo\",\"width\":131,\"height\":109,\"caption\":\"A stylized logo featuring two green leaves within a black oval outline.\"},\"image\":{\"@id\":\"https:\\\/\\\/www.kichakatours.com\\\/es\\\/product\\\/full-day-crescent-island-experience\\\/#organizationLogo\"},\"sameAs\":[\"https:\\\/\\\/web.facebook.com\\\/toursafariskenya\\\/?_rdc=1&_rdr#\",\"https:\\\/\\\/x.com\\\/KichakaTours\",\"https:\\\/\\\/www.instagram.com\\\/KichakaTours\",\"https:\\\/\\\/www.linkedin.com\\\/in\\\/kichaka-tours-and-travel\\\/\"],\"address\":{\"@id\":\"https:\\\/\\\/www.kichakatours.com\\\/es\\\/#postaladdress\",\"@type\":\"PostalAddress\",\"streetAddress\":\"54936,\",\"postalCode\":\"00200\",\"addressLocality\":\"Nairobi\",\"addressRegion\":\"Kenya\",\"addressCountry\":\"KE\"}},{\"@type\":\"WebPage\",\"@id\":\"https:\\\/\\\/www.kichakatours.com\\\/es\\\/product\\\/full-day-crescent-island-experience\\\/#webpage\",\"url\":\"https:\\\/\\\/www.kichakatours.com\\\/es\\\/product\\\/full-day-crescent-island-experience\\\/\",\"name\":\"Full Day Crescent Island Experience | Kichaka Tours and Travel\",\"description\":\"Join us for a memorable Full Day Crescent Island Experience, where you can enjoy a boat ride, guided wildlife walk, and exquisite lunch with breathtaking views.\",\"inLanguage\":\"es-ES\",\"isPartOf\":{\"@id\":\"https:\\\/\\\/www.kichakatours.com\\\/es\\\/#website\"},\"breadcrumb\":{\"@id\":\"https:\\\/\\\/www.kichakatours.com\\\/es\\\/product\\\/full-day-crescent-island-experience\\\/#breadcrumblist\"},\"image\":{\"@type\":\"ImageObject\",\"url\":\"https:\\\/\\\/www.kichakatours.com\\\/wp-content\\\/uploads\\\/2020\\\/11\\\/Fish-eagle.jpg\",\"@id\":\"https:\\\/\\\/www.kichakatours.com\\\/es\\\/product\\\/full-day-crescent-island-experience\\\/#mainImage\",\"width\":425,\"height\":336,\"caption\":\"Fish Eagle\"},\"primaryImageOfPage\":{\"@id\":\"https:\\\/\\\/www.kichakatours.com\\\/es\\\/product\\\/full-day-crescent-island-experience\\\/#mainImage\"},\"datePublished\":\"2025-01-09T10:11:13+03:00\",\"dateModified\":\"2025-09-09T17:35:05+03:00\"},{\"@type\":\"WebSite\",\"@id\":\"https:\\\/\\\/www.kichakatours.com\\\/es\\\/#website\",\"url\":\"https:\\\/\\\/www.kichakatours.com\\\/es\\\/\",\"name\":\"Kichaka Tours and Travel\",\"description\":\"East Africa private safaris, tailor made Tours\",\"inLanguage\":\"es-ES\",\"publisher\":{\"@id\":\"https:\\\/\\\/www.kichakatours.com\\\/es\\\/#organization\"}}]}\n\t\t<\/script>\n\t\t<!-- All in One SEO Pro -->\r\n\t\t<title>Full Day Crescent Island Experience | Kichaka Tours and Travel<\/title>\n\n","aioseo_head_json":{"title":"D\u00eda completo en Crescent Island | Kichaka Tours and Travel","description":"Acomp\u00e1\u00f1enos en una memorable experiencia de d\u00eda completo en Crescent Island, donde podr\u00e1 disfrutar de un paseo en barco, un paseo guiado por la fauna salvaje y un exquisito almuerzo con impresionantes vistas.","canonical_url":"https:\/\/www.kichakatours.com\/es\/product\/full-day-crescent-island-experience\/","robots":"max-image-preview:large","keywords":"","webmasterTools":{"msvalidate.01":"9F9C035D44B58EC24714371E3FB5B040","yandex-verification":"b945a4b884f39739","miscellaneous":""},"schema":{"@context":"https:\/\/schema.org","@graph":[{"@type":"BreadcrumbList","@id":"https:\/\/www.kichakatours.com\/es\/product\/full-day-crescent-island-experience\/#breadcrumblist","itemListElement":[{"@type":"ListItem","@id":"https:\/\/www.kichakatours.com\/es#listItem","position":1,"name":"Home","item":"https:\/\/www.kichakatours.com\/es","nextItem":{"@type":"ListItem","@id":"https:\/\/www.kichakatours.com\/es\/?page_id=4#listItem","name":"Shop"}},{"@type":"ListItem","@id":"https:\/\/www.kichakatours.com\/es\/?page_id=4#listItem","position":2,"name":"Shop","item":"https:\/\/www.kichakatours.com\/es\/?page_id=4","nextItem":{"@type":"ListItem","@id":"https:\/\/www.kichakatours.com\/es\/product-category\/tour\/#listItem","name":"Tour"},"previousItem":{"@type":"ListItem","@id":"https:\/\/www.kichakatours.com\/es#listItem","name":"Home"}},{"@type":"ListItem","@id":"https:\/\/www.kichakatours.com\/es\/product-category\/tour\/#listItem","position":3,"name":"Tour","item":"https:\/\/www.kichakatours.com\/es\/product-category\/tour\/","nextItem":{"@type":"ListItem","@id":"https:\/\/www.kichakatours.com\/es\/product-category\/tour\/safari\/#listItem","name":"Safari"},"previousItem":{"@type":"ListItem","@id":"https:\/\/www.kichakatours.com\/es\/?page_id=4#listItem","name":"Shop"}},{"@type":"ListItem","@id":"https:\/\/www.kichakatours.com\/es\/product-category\/tour\/safari\/#listItem","position":4,"name":"Safari","item":"https:\/\/www.kichakatours.com\/es\/product-category\/tour\/safari\/","nextItem":{"@type":"ListItem","@id":"https:\/\/www.kichakatours.com\/es\/product\/full-day-crescent-island-experience\/#listItem","name":"Full Day Crescent Island Experience"},"previousItem":{"@type":"ListItem","@id":"https:\/\/www.kichakatours.com\/es\/product-category\/tour\/#listItem","name":"Tour"}},{"@type":"ListItem","@id":"https:\/\/www.kichakatours.com\/es\/product\/full-day-crescent-island-experience\/#listItem","position":5,"name":"Full Day Crescent Island Experience","previousItem":{"@type":"ListItem","@id":"https:\/\/www.kichakatours.com\/es\/product-category\/tour\/safari\/#listItem","name":"Safari"}}]},{"@type":"Organization","@id":"https:\/\/www.kichakatours.com\/es\/#organization","name":"Kichaka Tours and Travel","description":"East Africa private safaris, tailor made Tours","url":"https:\/\/www.kichakatours.com\/es\/","email":"info@kichakatours.com","telephone":"+254791800525","foundingDate":"2016-04-01","numberOfEmployees":{"@type":"QuantitativeValue","minValue":0,"maxValue":7},"logo":{"@type":"ImageObject","url":"https:\/\/www.kichakatours.com\/wp-content\/uploads\/2025\/01\/Logo.jpg-8-2.jpg","@id":"https:\/\/www.kichakatours.com\/es\/product\/full-day-crescent-island-experience\/#organizationLogo","width":131,"height":109,"caption":"A stylized logo featuring two green leaves within a black oval outline."},"image":{"@id":"https:\/\/www.kichakatours.com\/es\/product\/full-day-crescent-island-experience\/#organizationLogo"},"sameAs":["https:\/\/web.facebook.com\/toursafariskenya\/?_rdc=1&_rdr#","https:\/\/x.com\/KichakaTours","https:\/\/www.instagram.com\/KichakaTours","https:\/\/www.linkedin.com\/in\/kichaka-tours-and-travel\/"],"address":{"@id":"https:\/\/www.kichakatours.com\/es\/#postaladdress","@type":"PostalAddress","streetAddress":"54936,","postalCode":"00200","addressLocality":"Nairobi","addressRegion":"Kenya","addressCountry":"KE"}},{"@type":"WebPage","@id":"https:\/\/www.kichakatours.com\/es\/product\/full-day-crescent-island-experience\/#webpage","url":"https:\/\/www.kichakatours.com\/es\/product\/full-day-crescent-island-experience\/","name":"Full Day Crescent Island Experience | Kichaka Tours and Travel","description":"Join us for a memorable Full Day Crescent Island Experience, where you can enjoy a boat ride, guided wildlife walk, and exquisite lunch with breathtaking views.","inLanguage":"es-ES","isPartOf":{"@id":"https:\/\/www.kichakatours.com\/es\/#website"},"breadcrumb":{"@id":"https:\/\/www.kichakatours.com\/es\/product\/full-day-crescent-island-experience\/#breadcrumblist"},"image":{"@type":"ImageObject","url":"https:\/\/www.kichakatours.com\/wp-content\/uploads\/2020\/11\/Fish-eagle.jpg","@id":"https:\/\/www.kichakatours.com\/es\/product\/full-day-crescent-island-experience\/#mainImage","width":425,"height":336,"caption":"Fish Eagle"},"primaryImageOfPage":{"@id":"https:\/\/www.kichakatours.com\/es\/product\/full-day-crescent-island-experience\/#mainImage"},"datePublished":"2025-01-09T10:11:13+03:00","dateModified":"2025-09-09T17:35:05+03:00"},{"@type":"WebSite","@id":"https:\/\/www.kichakatours.com\/es\/#website","url":"https:\/\/www.kichakatours.com\/es\/","name":"Kichaka Tours and Travel","description":"East Africa private safaris, tailor made Tours","inLanguage":"es-ES","publisher":{"@id":"https:\/\/www.kichakatours.com\/es\/#organization"}}]},"og:locale":"es_ES","og:site_name":"Kichaka Tours and Travel | East Africa private safaris, tailor made Tours","og:type":"article","og:title":"Full Day Crescent Island Experience | Kichaka Tours and Travel","og:description":"Join us for a memorable Full Day Crescent Island Experience, where you can enjoy a boat ride, guided wildlife walk, and exquisite lunch with breathtaking views.","og:url":"https:\/\/www.kichakatours.com\/es\/product\/full-day-crescent-island-experience\/","og:image":"https:\/\/www.kichakatours.com\/wp-content\/uploads\/2025\/04\/KichakaTours.jpg","og:image:secure_url":"https:\/\/www.kichakatours.com\/wp-content\/uploads\/2025\/04\/KichakaTours.jpg","og:image:width":1200,"og:image:height":531,"article:published_time":"2025-01-09T07:11:13+00:00","article:modified_time":"2025-09-09T14:35:05+00:00","article:publisher":"https:\/\/web.facebook.com\/toursafariskenya\/?_rdc=1&_rdr#","twitter:card":"summary_large_image","twitter:site":"@KichakaTours","twitter:title":"Full Day Crescent Island Experience | Kichaka Tours and Travel","twitter:description":"Join us for a memorable Full Day Crescent Island Experience, where you can enjoy a boat ride, guided wildlife walk, and exquisite lunch with breathtaking views.","twitter:image":"https:\/\/www.kichakatours.com\/wp-content\/uploads\/2025\/04\/KichakaTours.jpg"},"aioseo_meta_data":{"post_id":"6953","title":null,"description":"Acomp\u00e1\u00f1enos en una memorable experiencia de d\u00eda completo en Crescent Island, donde podr\u00e1 disfrutar de un paseo en barco, un paseo guiado por la fauna salvaje y un exquisito almuerzo con impresionantes vistas.","keywords":null,"keyphrases":{"focus":{"keyphrase":"Full Day Crescent Island Experience","score":59,"analysis":{"keyphraseInTitle":{"score":9,"maxScore":9,"error":0},"keyphraseInDescription":{"score":9,"maxScore":9,"error":0},"keyphraseLength":{"score":6,"maxScore":9,"error":1,"length":5},"keyphraseInURL":{"score":5,"maxScore":5,"error":0},"keyphraseInIntroduction":{"score":3,"maxScore":9,"error":1},"keyphraseInSubHeadings":{"score":3,"maxScore":9,"error":1},"keyphraseInImageAlt":[],"keywordDensity":{"score":0,"type":"low","maxScore":9,"error":1}}},"additional":[]},"primary_term":null,"canonical_url":null,"og_title":null,"og_description":null,"og_object_type":"default","og_image_type":"default","og_image_url":null,"og_image_width":null,"og_image_height":null,"og_image_custom_url":null,"og_image_custom_fields":null,"og_video":"","og_custom_url":null,"og_article_section":null,"og_article_tags":null,"twitter_use_og":false,"twitter_card":"default","twitter_image_type":"default","twitter_image_url":null,"twitter_image_custom_url":null,"twitter_image_custom_fields":null,"twitter_title":null,"twitter_description":null,"schema":{"blockGraphs":[],"customGraphs":[],"default":{"data":{"Article":[],"Course":[],"Dataset":[],"FAQPage":[],"Movie":[],"Person":[],"Product":[],"ProductReview":[],"Car":[],"Recipe":[],"Service":[],"SoftwareApplication":[],"WebPage":[]},"graphName":"WebPage","isEnabled":true},"graphs":[]},"schema_type":"default","schema_type_options":null,"pillar_content":false,"robots_default":true,"robots_noindex":false,"robots_noarchive":false,"robots_nosnippet":false,"robots_nofollow":false,"robots_noimageindex":false,"robots_noodp":false,"robots_notranslate":false,"robots_max_snippet":"-1","robots_max_videopreview":"-1","robots_max_imagepreview":"large","priority":null,"frequency":"default","local_seo":null,"seo_analyzer_scan_date":"2025-10-08 21:12:40","breadcrumb_settings":null,"limit_modified_date":false,"reviewed_by":"0","open_ai":"{\"title\":{\"suggestions\":[],\"usage\":0},\"description\":{\"suggestions\":[\"Embark on a Full Day Crescent Island Experience to encounter majestic wildlife in Lake Naivasha's sanctuary. A one-of-a-kind guided adventure awaits you.\",\"Experience a day filled with wildlife wonders on Crescent Island with a guided walk surrounded by giraffes, zebras, and wildebeests. A truly unforgettable journey.\",\"Discover the beauty of Lake Naivasha with a Full Day Crescent Island Experience, where you can spot diverse avian species and iconic wildlife up close.\",\"Immerse yourself in the serene surroundings of Crescent Island during a Full Day Experience, where giraffes, zebras, and wildebeests roam freely in their natural habitat.\",\"Join us for a memorable Full Day Crescent Island Experience, where you can enjoy a boat ride, guided wildlife walk, and exquisite lunch with breathtaking views.\"],\"usage\":0}}","ai":{"faqs":[],"keyPoints":[],"titles":[],"descriptions":[],"socialPosts":{"email":[],"linkedin":[],"twitter":[],"facebook":[],"instagram":[]}},"created":"2025-01-22 16:27:34","updated":"2025-11-27 19:35:40"},"aioseo_breadcrumb":"<div class=\"aioseo-breadcrumbs\"><span class=\"aioseo-breadcrumb\">\n\t<a href=\"https:\/\/www.kichakatours.com\/es\" title=\"Home\">Home<\/a>\n<\/span><span class=\"aioseo-breadcrumb-separator\">|<\/span><span class=\"aioseo-breadcrumb\">\n\t<a href=\"https:\/\/www.kichakatours.com\/es\/?page_id=4\" title=\"Shop\">Shop<\/a>\n<\/span><span class=\"aioseo-breadcrumb-separator\">|<\/span><span class=\"aioseo-breadcrumb\">\n\t<a href=\"https:\/\/www.kichakatours.com\/es\/product-category\/tour\/\" title=\"Tour\">Tour<\/a>\n<\/span><span class=\"aioseo-breadcrumb-separator\">|<\/span><span class=\"aioseo-breadcrumb\">\n\t<a href=\"https:\/\/www.kichakatours.com\/es\/product-category\/tour\/safari\/\" title=\"Safari\">Safari<\/a>\n<\/span><span class=\"aioseo-breadcrumb-separator\">|<\/span><span class=\"aioseo-breadcrumb\">\n\tFull Day Crescent Island Experience\n<\/span><\/div>","aioseo_breadcrumb_json":[{"label":"Home","link":"https:\/\/www.kichakatours.com\/es"},{"label":"Shop","link":"https:\/\/www.kichakatours.com\/es\/?page_id=4"},{"label":"Tour","link":"https:\/\/www.kichakatours.com\/es\/product-category\/tour\/"},{"label":"Safari","link":"https:\/\/www.kichakatours.com\/es\/product-category\/tour\/safari\/"},{"label":"Full Day Crescent Island Experience","link":"https:\/\/www.kichakatours.com\/es\/product\/full-day-crescent-island-experience\/"}],"_links":{"self":[{"href":"https:\/\/www.kichakatours.com\/es\/wp-json\/wp\/v2\/product\/6953","targetHints":{"allow":["GET"]}}],"collection":[{"href":"https:\/\/www.kichakatours.com\/es\/wp-json\/wp\/v2\/product"}],"about":[{"href":"https:\/\/www.kichakatours.com\/es\/wp-json\/wp\/v2\/types\/product"}],"replies":[{"embeddable":true,"href":"https:\/\/www.kichakatours.com\/es\/wp-json\/wp\/v2\/comments?post=6953"}],"wp:featuredmedia":[{"embeddable":true,"href":"https:\/\/www.kichakatours.com\/es\/wp-json\/wp\/v2\/media\/3799"}],"wp:attachment":[{"href":"https:\/\/www.kichakatours.com\/es\/wp-json\/wp\/v2\/media?parent=6953"}],"wp:term":[{"taxonomy":"product_brand","embeddable":true,"href":"https:\/\/www.kichakatours.com\/es\/wp-json\/wp\/v2\/product_brand?post=6953"},{"taxonomy":"product_cat","embeddable":true,"href":"https:\/\/www.kichakatours.com\/es\/wp-json\/wp\/v2\/product_cat?post=6953"},{"taxonomy":"product_tag","embeddable":true,"href":"https:\/\/www.kichakatours.com\/es\/wp-json\/wp\/v2\/product_tag?post=6953"}],"curies":[{"name":"wp","href":"https:\/\/api.w.org\/{rel}","templated":true}]}}