{"id":12503,"date":"2026-05-09T11:52:48","date_gmt":"2026-05-09T08:52:48","guid":{"rendered":"https:\/\/www.kichakatours.com\/?page_id=12503"},"modified":"2026-05-09T11:52:56","modified_gmt":"2026-05-09T08:52:56","slug":"orphelinat-delephants-du-sheldrick-wildlife-trust","status":"publish","type":"page","link":"https:\/\/www.kichakatours.com\/fr\/sheldrick-wildlife-trust-elephant-orphanage\/","title":{"rendered":"Orphelinat d'\u00e9l\u00e9phants du Sheldrick Wildlife Trust"},"content":{"rendered":"<p>Le Sheldrick Wildlife Trust (SWT) n'est pas juste une attraction de plus \u00e0 Nairobi. C'est l'une des plus grandes r\u00e9ussites de conservation du Kenya, et sa visite devrait \u00eatre une priorit\u00e9 pour tout itin\u00e9raire \u00e0 Nairobi.<\/p>\n\n\n\n<p>Situ\u00e9 \u00e0 l'int\u00e9rieur du parc national de Nairobi, pr\u00e8s de la porte Mbagathi (porte de l'atelier KWS) le long de la route Magadi, SWT est un sanctuaire de renomm\u00e9e mondiale qui sauve, r\u00e9habilite et r\u00e9introduit des \u00e9l\u00e9phants et des rhinoc\u00e9ros orphelins dans la nature. \u00c0 une \u00e9poque o\u00f9 la faune africaine subit une pression intense due \u00e0 la perte d'habitat et au braconnage, le Trust offre aux visiteurs un moyen rare et tangible de soutenir directement une conservation significative tout en observant son impact de pr\u00e8s.<\/p>\n\n\n\n<p>Fond\u00e9 en m\u00e9moire du l\u00e9gendaire conservateur David Sheldrick, le Trust a \u00e9t\u00e9 pionnier dans les m\u00e9thodes de sauvetage et de r\u00e9habilitation des \u00e9l\u00e9phants qui sont maintenant utilis\u00e9es dans toute l'Afrique. Ce n'est pas de la th\u00e9orie \u2013 c'est un mod\u00e8le de conservation vivant et fonctionnel que vous pouvez observer en action lors de leur c\u00e9l\u00e8bre heure de visite publique quotidienne. Pendant une heure soigneusement g\u00e9r\u00e9e chaque jour, les visiteurs ont un aper\u00e7u intime des op\u00e9rations du Trust : l'alimentation, les soins et la socialisation qui donnent \u00e0 ces animaux une v\u00e9ritable seconde chance dans la vie sauvage.<\/p>\n\n\n\n<p>Au c\u0153ur de SWT se trouve la Garderie de Nairobi, o\u00f9 les \u00e9l\u00e9phants les plus jeunes et les plus vuln\u00e9rables re\u00e7oivent des soins constants\u00a0:<\/p>\n\n\n\n<p>\u2022 Ils sont nourris au biberon avec un lait sp\u00e9cialement formul\u00e9 toutes les quelques heures, adapt\u00e9 \u00e0 leurs besoins nutritionnels d\u00e9licats.<br \/>\u2022 Ils sont \u00e9lev\u00e9s par des gardiens humains d\u00e9vou\u00e9s qui agissent comme des parents de substitution, leur offrant la s\u00e9curit\u00e9 \u00e9motionnelle et les conseils sociaux dont les orphelins traumatis\u00e9s ont d\u00e9sesp\u00e9r\u00e9ment besoin.<br \/>\u2022 Ils sont pr\u00e9par\u00e9s en douceur, au fil du temps, \u00e0 la r\u00e9int\u00e9gration dans des zones sauvages prot\u00e9g\u00e9es telles que le parc national de Tsavo.<\/p>\n\n\n\n<p>Regarder ces jeunes \u00e9l\u00e9phants jouer, se rouler dans la boue et interagir avec leurs soigneurs est \u00e0 la fois profond\u00e9ment \u00e9mouvant et r\u00e9v\u00e9lateur. Chaque \u00e9l\u00e9phanteau a une histoire de perte et de sauvetage, et en entendant ces r\u00e9cits, la conservation cesse d'\u00eatre un concept abstrait pour devenir personnelle et r\u00e9elle. C'est exactement pourquoi une visite au SWT laisse une impression aussi durable, et pourquoi elle souligne si \u00e9loquemment l'importance de prot\u00e9ger la faune.<\/p>\n\n\n\n<p>Des raisons pratiques rendent la visite tout aussi attrayante. L'emplacement de la p\u00e9pini\u00e8re est extr\u00eamement pratique :<br \/>\u2022 \u00c0 environ 30 \u00e0 45 minutes en voiture du quartier central des affaires (CBD) de Nairobi.<br \/>\u2022 \u00c0 seulement 10 \u00e0 15 minutes des attractions populaires de Karen, comme le Centre des girafes et le Mus\u00e9e Karen Blixen.<\/p>\n\n\n\n<p>Cela fait du SWT un ajout facile et logique \u00e0 vos projets \u00e0 Nairobi, surtout si vous souhaitez une journ\u00e9e combinant plusieurs exp\u00e9riences embl\u00e9matiques.<\/p>\n\n\n\n<p>Les heures de visite du Trust sont strictement structur\u00e9es pour prot\u00e9ger la routine des \u00e9l\u00e9phants tout en offrant une exp\u00e9rience visiteur riche :<br \/>\u2022 Les visites publiques ont lieu tous les jours de 11h00 \u00e0 12h00, sauf le 25 d\u00e9cembre o\u00f9 elles sont ferm\u00e9es.<br \/>\u2022 Vous devriez pr\u00e9voir d'arriver entre 10h30 et 10h45 ; une fois la s\u00e9ance commenc\u00e9e, les retardataires ne sont pas admis et l'heure n'est pas prolong\u00e9e.<\/p>\n\n\n\n<p>Au cours de cette seule heure, vous comprenez parfaitement pourquoi SWT est si important : des \u00e9l\u00e9phants sont nourris au biberon, des petits s'\u00e9battent joyeusement dans des bains de boue, et les soigneurs partagent des r\u00e9cits personnels de sauvetage, de r\u00e9tablissement et de lib\u00e9ration. Le calendrier charg\u00e9 n'est pas une limitation ; c'est une garantie que le bien-\u00eatre des \u00e9l\u00e9phants passe avant tout, ce qui signifie que votre visite soutient le tourisme de vie sauvage responsable et \u00e9thique.<\/p>\n\n\n\n<h2 class=\"wp-block-heading\">Entr\u00e9es Dons <\/h2>\n\n\n\n<p>\u2022 Visiteurs \u00e9trangers (\u00e0 partir de 12 ans) : 20 USD minimum par personne, \u00e0 r\u00e9gler en esp\u00e8ces \u00e0 l&#x27;arriv\u00e9e.<br \/>\u2022 R\u00e9sidents kenyans (12 ans et plus) : 2 000 Ksh sur pr\u00e9sentation d'une preuve de r\u00e9sidence.<br \/>\u2022 Enfants \u00e9trangers de moins de 12 ans : US$5.<br \/>\u2022 Enfants r\u00e9sidents kenyans : KSh 500 sur pr\u00e9sentation d'un justificatif de domicile.<\/p>\n\n\n\n<p>C'est une mani\u00e8re inhabituellement transparente de d\u00e9penser votre argent de voyage : vous savez exactement que votre contribution soutient les op\u00e9rations vitales de la nurserie. Ce n'est pas une \u201ctaxe touristique\u201d suppl\u00e9mentaire ; c'est une participation \u00e0 la conservation.<\/p>\n\n\n\n<p>Il est important de noter que le don du SWT ne couvre que la nurserie. L'acc\u00e8s \u00e0 la nurserie par la porte de Mbagathi n\u00e9cessite des droits d'entr\u00e9e distincts pour le parc national de Nairobi, qui doivent \u00eatre pay\u00e9s au Kenya Wildlife Service :<\/p>\n\n\n\n<p>Pour les citoyens kenyans \/ r\u00e9sidents d'Afrique de l'Est :<br \/>\u2022 Adultes : 1 000 KSh<br \/>\u2022 Enfants (3\u201318 ans) : 500 KSh<\/p>\n\n\n\n<p>Pour les visiteurs internationaux (non-r\u00e9sidents) :<br \/>\u2022 Adultes : US$80<br \/>\u2022 Enfants\/\u00c9tudiants : US$40<\/p>\n\n\n\n<p>Puisque vous aurez d\u00e9j\u00e0 pay\u00e9 pour entrer dans le parc, il est tout \u00e0 fait logique de transformer votre visite en une exp\u00e9rience compl\u00e8te de la faune sauvage en ajoutant une excursion dans la savane <a href=\"https:\/\/www.kichakatours.com\/destination\/ol-pejeta-conservancy\/\" target=\"_blank\" rel=\"noopener\" title=\"\">Parc national de Nairobi<\/a>. C'est l'un des parcs les plus extraordinaires du monde, adjacent \u00e0 la ville, avec la possibilit\u00e9 d'y voir des rhinoc\u00e9ros, des lions, des girafes, des z\u00e8bres, des buffles, des l\u00e9opards et bien plus encore, ce qui vaut \u00e0 Nairobi son titre de \u201c Capitale mondiale de la faune \u201d. Combiner SWT avec un safari transforme une seule sortie en une immersion puissante et d'une journ\u00e9e enti\u00e8re dans la faune et la conservation k\u00e9nyanes.<\/p>\n\n\n\n<p>En bref, visiter le Sheldrick Wildlife Trust est l'un des moyens les plus convaincants de rendre votre s\u00e9jour \u00e0 Nairobi significatif. Vous ne faites pas que du tourisme ; vous soutenez directement une initiative de conservation \u00e9prouv\u00e9e et leader mondial, vous apprenez les r\u00e9alit\u00e9s de la protection de la faune et vous constatez comment les animaux individuels ont une r\u00e9elle chance de retourner \u00e0 l'\u00e9tat sauvage. Pour tous ceux qui se soucient de la nature, ou qui souhaitent simplement vivre une exp\u00e9rience inoubliable, l'orphelinat d'\u00e9l\u00e9phants du SWT est une \u00e9tape incontournable. <a href=\"https:\/\/www.kichakatours.com\/sheldrick-wildlife-trust-a-guide-to-nairobis-famous-elephant-orphanage\/\" target=\"_blank\" rel=\"noopener\" title=\"\">Plus de lecture<\/a><\/p>\n\n\n\n<p><\/p>","protected":false},"excerpt":{"rendered":"<p>The Sheldrick Wildlife Trust (SWT) is not just another attraction in Nairobi\u2014it is one of Kenya\u2019s most powerful conservation success stories, and visiting it should be a priority on any Nairobi itinerary. Located inside Nairobi National Park near Mbagathi Gate<\/p>\n<div class=\"padding-top text-center\"><a href=\"https:\/\/www.kichakatours.com\/fr\/sheldrick-wildlife-trust-elephant-orphanage\/\" class=\"atbtn atbtn--medium atbtn--rounded atbtn--transparent\">En savoir plus<i class=\"atbtn__icon atbtn__icon--right fa fa-long-arrow-right\"><\/i><\/a><\/div>","protected":false},"author":3,"featured_media":12504,"parent":0,"menu_order":0,"comment_status":"closed","ping_status":"closed","template":"","meta":{"om_disable_all_campaigns":false,"_monsterinsights_skip_tracking":false,"_monsterinsights_sitenote_active":false,"_monsterinsights_sitenote_note":"","_monsterinsights_sitenote_category":0,"_uf_show_specific_survey":0,"_uf_disable_surveys":false,"footnotes":""},"class_list":["post-12503","page","type-page","status-publish","has-post-thumbnail","hentry"],"aioseo_notices":[],"aioseo_head":"\n\t\t<!-- All in One SEO Pro 4.9.6.2 - aioseo.com -->\n\t<meta name=\"description\" content=\"Make your Nairobi visit meaningful by exploring Sheldrick Wildlife Trust\u2019s elephant orphanage. Support conservation and witness heartwarming rescue stories.\" \/>\n\t<meta name=\"robots\" content=\"max-image-preview:large\" \/>\n\t<meta name=\"msvalidate.01\" content=\"9F9C035D44B58EC24714371E3FB5B040\" \/>\n\t<meta name=\"yandex-verification\" content=\"b945a4b884f39739\" \/>\n\t<link rel=\"canonical\" href=\"https:\/\/www.kichakatours.com\/fr\/sheldrick-wildlife-trust-elephant-orphanage\/\" \/>\n\t<meta name=\"generator\" content=\"All in One SEO Pro (AIOSEO) 4.9.6.2\" \/>\n\t\t<meta property=\"og:locale\" content=\"fr_FR\" \/>\n\t\t<meta property=\"og:site_name\" content=\"Kichaka Tours and Travel | East Africa private safaris, tailor made Tours\" \/>\n\t\t<meta property=\"og:type\" content=\"article\" \/>\n\t\t<meta property=\"og:title\" content=\"Sheldrick Wildlife Trust Elephant orphanage\" \/>\n\t\t<meta property=\"og:description\" content=\"Make your Nairobi visit meaningful by exploring Sheldrick Wildlife Trust\u2019s elephant orphanage. Support conservation and witness heartwarming rescue stories.\" \/>\n\t\t<meta property=\"og:url\" content=\"https:\/\/www.kichakatours.com\/fr\/sheldrick-wildlife-trust-elephant-orphanage\/\" \/>\n\t\t<meta property=\"og:image\" content=\"https:\/\/www.kichakatours.com\/wp-content\/uploads\/2025\/04\/KichakaTours.jpg\" \/>\n\t\t<meta property=\"og:image:secure_url\" content=\"https:\/\/www.kichakatours.com\/wp-content\/uploads\/2025\/04\/KichakaTours.jpg\" \/>\n\t\t<meta property=\"og:image:width\" content=\"1200\" \/>\n\t\t<meta property=\"og:image:height\" content=\"531\" \/>\n\t\t<meta property=\"article:published_time\" content=\"2026-05-09T08:52:48+00:00\" \/>\n\t\t<meta property=\"article:modified_time\" content=\"2026-05-09T08:52:56+00:00\" \/>\n\t\t<meta property=\"article:publisher\" content=\"https:\/\/web.facebook.com\/toursafariskenya\/?_rdc=1&amp;_rdr#\" \/>\n\t\t<meta property=\"article:author\" content=\"https:\/\/www.facebook.com\/toursafariskenya\/\" \/>\n\t\t<meta name=\"twitter:card\" content=\"summary_large_image\" \/>\n\t\t<meta name=\"twitter:site\" content=\"@KichakaTours\" \/>\n\t\t<meta name=\"twitter:title\" content=\"Sheldrick Wildlife Trust Elephant orphanage\" \/>\n\t\t<meta name=\"twitter:description\" content=\"Make your Nairobi visit meaningful by exploring Sheldrick Wildlife Trust\u2019s elephant orphanage. Support conservation and witness heartwarming rescue stories.\" \/>\n\t\t<meta name=\"twitter:creator\" content=\"@KichakaTours\" \/>\n\t\t<meta name=\"twitter:image\" content=\"https:\/\/www.kichakatours.com\/wp-content\/uploads\/2025\/04\/KichakaTours.jpg\" \/>\n\t\t<script type=\"application\/ld+json\" class=\"aioseo-schema\">\n\t\t\t{\"@context\":\"https:\\\/\\\/schema.org\",\"@graph\":[{\"@type\":\"BreadcrumbList\",\"@id\":\"https:\\\/\\\/www.kichakatours.com\\\/fr\\\/sheldrick-wildlife-trust-elephant-orphanage\\\/#breadcrumblist\",\"itemListElement\":[{\"@type\":\"ListItem\",\"@id\":\"https:\\\/\\\/www.kichakatours.com\\\/fr#listItem\",\"position\":1,\"name\":\"Home\",\"item\":\"https:\\\/\\\/www.kichakatours.com\\\/fr\",\"nextItem\":{\"@type\":\"ListItem\",\"@id\":\"https:\\\/\\\/www.kichakatours.com\\\/fr\\\/sheldrick-wildlife-trust-elephant-orphanage\\\/#listItem\",\"name\":\"Sheldrick Wildlife Trust Elephant orphanage\"}},{\"@type\":\"ListItem\",\"@id\":\"https:\\\/\\\/www.kichakatours.com\\\/fr\\\/sheldrick-wildlife-trust-elephant-orphanage\\\/#listItem\",\"position\":2,\"name\":\"Sheldrick Wildlife Trust Elephant orphanage\",\"previousItem\":{\"@type\":\"ListItem\",\"@id\":\"https:\\\/\\\/www.kichakatours.com\\\/fr#listItem\",\"name\":\"Home\"}}]},{\"@type\":\"Organization\",\"@id\":\"https:\\\/\\\/www.kichakatours.com\\\/fr\\\/#organization\",\"name\":\"Kichaka Tours and Travel\",\"description\":\"East Africa private safaris, tailor made Tours\",\"url\":\"https:\\\/\\\/www.kichakatours.com\\\/fr\\\/\",\"email\":\"info@kichakatours.com\",\"telephone\":\"+254791800525\",\"foundingDate\":\"2016-04-01\",\"numberOfEmployees\":{\"@type\":\"QuantitativeValue\",\"minValue\":0,\"maxValue\":7},\"logo\":{\"@type\":\"ImageObject\",\"url\":\"https:\\\/\\\/www.kichakatours.com\\\/wp-content\\\/uploads\\\/2025\\\/01\\\/Logo.jpg-8-2.jpg\",\"@id\":\"https:\\\/\\\/www.kichakatours.com\\\/fr\\\/sheldrick-wildlife-trust-elephant-orphanage\\\/#organizationLogo\",\"width\":131,\"height\":109,\"caption\":\"A stylized logo featuring two green leaves within a black oval outline.\"},\"image\":{\"@id\":\"https:\\\/\\\/www.kichakatours.com\\\/fr\\\/sheldrick-wildlife-trust-elephant-orphanage\\\/#organizationLogo\"},\"sameAs\":[\"https:\\\/\\\/web.facebook.com\\\/toursafariskenya\\\/?_rdc=1&_rdr#\",\"https:\\\/\\\/x.com\\\/KichakaTours\",\"https:\\\/\\\/www.instagram.com\\\/KichakaTours\",\"https:\\\/\\\/www.linkedin.com\\\/in\\\/kichaka-tours-and-travel\\\/\"],\"address\":{\"@id\":\"https:\\\/\\\/www.kichakatours.com\\\/fr\\\/#postaladdress\",\"@type\":\"PostalAddress\",\"streetAddress\":\"54936,\",\"postalCode\":\"00200\",\"addressLocality\":\"Nairobi\",\"addressRegion\":\"Kenya\",\"addressCountry\":\"KE\"}},{\"@type\":\"WebPage\",\"@id\":\"https:\\\/\\\/www.kichakatours.com\\\/fr\\\/sheldrick-wildlife-trust-elephant-orphanage\\\/#webpage\",\"url\":\"https:\\\/\\\/www.kichakatours.com\\\/fr\\\/sheldrick-wildlife-trust-elephant-orphanage\\\/\",\"name\":\"Sheldrick Wildlife Trust Elephant orphanage\",\"description\":\"Make your Nairobi visit meaningful by exploring Sheldrick Wildlife Trust\\u2019s elephant orphanage. Support conservation and witness heartwarming rescue stories.\",\"inLanguage\":\"fr-FR\",\"isPartOf\":{\"@id\":\"https:\\\/\\\/www.kichakatours.com\\\/fr\\\/#website\"},\"breadcrumb\":{\"@id\":\"https:\\\/\\\/www.kichakatours.com\\\/fr\\\/sheldrick-wildlife-trust-elephant-orphanage\\\/#breadcrumblist\"},\"image\":{\"@type\":\"ImageObject\",\"url\":\"https:\\\/\\\/www.kichakatours.com\\\/wp-content\\\/uploads\\\/2026\\\/05\\\/elephant-orphanage.jpg\",\"@id\":\"https:\\\/\\\/www.kichakatours.com\\\/fr\\\/sheldrick-wildlife-trust-elephant-orphanage\\\/#mainImage\",\"width\":1920,\"height\":1080},\"primaryImageOfPage\":{\"@id\":\"https:\\\/\\\/www.kichakatours.com\\\/fr\\\/sheldrick-wildlife-trust-elephant-orphanage\\\/#mainImage\"},\"datePublished\":\"2026-05-09T11:52:48+03:00\",\"dateModified\":\"2026-05-09T11:52:56+03:00\"},{\"@type\":\"WebSite\",\"@id\":\"https:\\\/\\\/www.kichakatours.com\\\/fr\\\/#website\",\"url\":\"https:\\\/\\\/www.kichakatours.com\\\/fr\\\/\",\"name\":\"Kichaka Tours and Travel\",\"description\":\"East Africa private safaris, tailor made Tours\",\"inLanguage\":\"fr-FR\",\"publisher\":{\"@id\":\"https:\\\/\\\/www.kichakatours.com\\\/fr\\\/#organization\"}}]}\n\t\t<\/script>\n\t\t<!-- All in One SEO Pro -->\r\n\t\t<title>Sheldrick Wildlife Trust Elephant orphanage<\/title>\n\n","aioseo_head_json":{"title":"Orphelinat d'\u00e9l\u00e9phants du Sheldrick Wildlife Trust","description":"Rendez votre visite \u00e0 Nairobi significative en explorant le sanctuaire des \u00e9l\u00e9phants du Sheldrick Wildlife Trust. Soutenez la conservation et assistez \u00e0 des histoires de sauvetage \u00e9mouvantes.","canonical_url":"https:\/\/www.kichakatours.com\/fr\/sheldrick-wildlife-trust-elephant-orphanage\/","robots":"max-image-preview:large","keywords":"","webmasterTools":{"msvalidate.01":"9F9C035D44B58EC24714371E3FB5B040","yandex-verification":"b945a4b884f39739","miscellaneous":""},"schema":{"@context":"https:\/\/schema.org","@graph":[{"@type":"BreadcrumbList","@id":"https:\/\/www.kichakatours.com\/fr\/sheldrick-wildlife-trust-elephant-orphanage\/#breadcrumblist","itemListElement":[{"@type":"ListItem","@id":"https:\/\/www.kichakatours.com\/fr#listItem","position":1,"name":"Home","item":"https:\/\/www.kichakatours.com\/fr","nextItem":{"@type":"ListItem","@id":"https:\/\/www.kichakatours.com\/fr\/sheldrick-wildlife-trust-elephant-orphanage\/#listItem","name":"Sheldrick Wildlife Trust Elephant orphanage"}},{"@type":"ListItem","@id":"https:\/\/www.kichakatours.com\/fr\/sheldrick-wildlife-trust-elephant-orphanage\/#listItem","position":2,"name":"Sheldrick Wildlife Trust Elephant orphanage","previousItem":{"@type":"ListItem","@id":"https:\/\/www.kichakatours.com\/fr#listItem","name":"Home"}}]},{"@type":"Organization","@id":"https:\/\/www.kichakatours.com\/fr\/#organization","name":"Kichaka Tours and Travel","description":"East Africa private safaris, tailor made Tours","url":"https:\/\/www.kichakatours.com\/fr\/","email":"info@kichakatours.com","telephone":"+254791800525","foundingDate":"2016-04-01","numberOfEmployees":{"@type":"QuantitativeValue","minValue":0,"maxValue":7},"logo":{"@type":"ImageObject","url":"https:\/\/www.kichakatours.com\/wp-content\/uploads\/2025\/01\/Logo.jpg-8-2.jpg","@id":"https:\/\/www.kichakatours.com\/fr\/sheldrick-wildlife-trust-elephant-orphanage\/#organizationLogo","width":131,"height":109,"caption":"A stylized logo featuring two green leaves within a black oval outline."},"image":{"@id":"https:\/\/www.kichakatours.com\/fr\/sheldrick-wildlife-trust-elephant-orphanage\/#organizationLogo"},"sameAs":["https:\/\/web.facebook.com\/toursafariskenya\/?_rdc=1&_rdr#","https:\/\/x.com\/KichakaTours","https:\/\/www.instagram.com\/KichakaTours","https:\/\/www.linkedin.com\/in\/kichaka-tours-and-travel\/"],"address":{"@id":"https:\/\/www.kichakatours.com\/fr\/#postaladdress","@type":"PostalAddress","streetAddress":"54936,","postalCode":"00200","addressLocality":"Nairobi","addressRegion":"Kenya","addressCountry":"KE"}},{"@type":"WebPage","@id":"https:\/\/www.kichakatours.com\/fr\/sheldrick-wildlife-trust-elephant-orphanage\/#webpage","url":"https:\/\/www.kichakatours.com\/fr\/sheldrick-wildlife-trust-elephant-orphanage\/","name":"Sheldrick Wildlife Trust Elephant orphanage","description":"Make your Nairobi visit meaningful by exploring Sheldrick Wildlife Trust\u2019s elephant orphanage. Support conservation and witness heartwarming rescue stories.","inLanguage":"fr-FR","isPartOf":{"@id":"https:\/\/www.kichakatours.com\/fr\/#website"},"breadcrumb":{"@id":"https:\/\/www.kichakatours.com\/fr\/sheldrick-wildlife-trust-elephant-orphanage\/#breadcrumblist"},"image":{"@type":"ImageObject","url":"https:\/\/www.kichakatours.com\/wp-content\/uploads\/2026\/05\/elephant-orphanage.jpg","@id":"https:\/\/www.kichakatours.com\/fr\/sheldrick-wildlife-trust-elephant-orphanage\/#mainImage","width":1920,"height":1080},"primaryImageOfPage":{"@id":"https:\/\/www.kichakatours.com\/fr\/sheldrick-wildlife-trust-elephant-orphanage\/#mainImage"},"datePublished":"2026-05-09T11:52:48+03:00","dateModified":"2026-05-09T11:52:56+03:00"},{"@type":"WebSite","@id":"https:\/\/www.kichakatours.com\/fr\/#website","url":"https:\/\/www.kichakatours.com\/fr\/","name":"Kichaka Tours and Travel","description":"East Africa private safaris, tailor made Tours","inLanguage":"fr-FR","publisher":{"@id":"https:\/\/www.kichakatours.com\/fr\/#organization"}}]},"og:locale":"fr_FR","og:site_name":"Kichaka Tours and Travel | East Africa private safaris, tailor made Tours","og:type":"article","og:title":"Sheldrick Wildlife Trust Elephant orphanage","og:description":"Make your Nairobi visit meaningful by exploring Sheldrick Wildlife Trust\u2019s elephant orphanage. Support conservation and witness heartwarming rescue stories.","og:url":"https:\/\/www.kichakatours.com\/fr\/sheldrick-wildlife-trust-elephant-orphanage\/","og:image":"https:\/\/www.kichakatours.com\/wp-content\/uploads\/2025\/04\/KichakaTours.jpg","og:image:secure_url":"https:\/\/www.kichakatours.com\/wp-content\/uploads\/2025\/04\/KichakaTours.jpg","og:image:width":1200,"og:image:height":531,"article:published_time":"2026-05-09T08:52:48+00:00","article:modified_time":"2026-05-09T08:52:56+00:00","article:publisher":"https:\/\/web.facebook.com\/toursafariskenya\/?_rdc=1&_rdr#","article:author":"https:\/\/www.facebook.com\/toursafariskenya\/","twitter:card":"summary_large_image","twitter:site":"@KichakaTours","twitter:title":"Sheldrick Wildlife Trust Elephant orphanage","twitter:description":"Make your Nairobi visit meaningful by exploring Sheldrick Wildlife Trust\u2019s elephant orphanage. Support conservation and witness heartwarming rescue stories.","twitter:creator":"@KichakaTours","twitter:image":"https:\/\/www.kichakatours.com\/wp-content\/uploads\/2025\/04\/KichakaTours.jpg"},"aioseo_meta_data":{"post_id":"12503","title":"#post_title","description":"Rendez votre visite \u00e0 Nairobi significative en explorant le sanctuaire des \u00e9l\u00e9phants du Sheldrick Wildlife Trust. Soutenez la conservation et assistez \u00e0 des histoires de sauvetage \u00e9mouvantes.","keywords":null,"keyphrases":{"focus":{"keyphrase":"Elephant","score":80,"analysis":{"keyphraseInTitle":{"score":9,"maxScore":9,"error":0},"keyphraseInDescription":{"score":9,"maxScore":9,"error":0},"keyphraseLength":{"score":9,"maxScore":9,"error":0,"length":1},"keyphraseInURL":{"score":5,"maxScore":5,"error":0},"keyphraseInIntroduction":{"score":3,"maxScore":9,"error":1},"keyphraseInSubHeadings":{"score":3,"maxScore":9,"error":1},"keyphraseInImageAlt":[],"keywordDensity":{"type":"best","score":9,"maxScore":9,"error":0}}},"additional":[]},"primary_term":null,"canonical_url":null,"og_title":null,"og_description":null,"og_object_type":"default","og_image_type":"default","og_image_url":null,"og_image_width":null,"og_image_height":null,"og_image_custom_url":null,"og_image_custom_fields":null,"og_video":"","og_custom_url":null,"og_article_section":null,"og_article_tags":null,"twitter_use_og":false,"twitter_card":"default","twitter_image_type":"default","twitter_image_url":null,"twitter_image_custom_url":null,"twitter_image_custom_fields":null,"twitter_title":null,"twitter_description":null,"schema":{"blockGraphs":[],"customGraphs":[],"default":{"data":{"Article":[],"Course":[],"Dataset":[],"FAQPage":[],"Movie":[],"Person":[],"Product":[],"ProductReview":[],"Car":[],"Recipe":[],"Service":[],"SoftwareApplication":[],"WebPage":[]},"graphName":"WebPage","isEnabled":true},"graphs":[]},"schema_type":"default","schema_type_options":null,"pillar_content":false,"robots_default":true,"robots_noindex":false,"robots_noarchive":false,"robots_nosnippet":false,"robots_nofollow":false,"robots_noimageindex":false,"robots_noodp":false,"robots_notranslate":false,"robots_max_snippet":"-1","robots_max_videopreview":"-1","robots_max_imagepreview":"large","priority":null,"frequency":"default","local_seo":null,"seo_analyzer_scan_date":"2026-05-09 09:56:57","breadcrumb_settings":null,"limit_modified_date":false,"reviewed_by":"0","open_ai":null,"ai":{"faqs":[],"keyPoints":[],"schemas":[],"titles":[],"descriptions":["Discover Kenya\u2019s inspiring conservation success at Sheldrick Wildlife Trust in Nairobi. Support rescue efforts and witness elephants\u2019 remarkable journey to the wild.","Visit Sheldrick Wildlife Trust in Nairobi for an up-close look at elephant rescue and rehabilitation. A must-see for wildlife lovers and eco-conscious travelers.","Experience the emotional connection of wildlife conservation at Sheldrick Trust in Nairobi. See orphaned elephants thriving and learn about vital protection efforts.","Make your Nairobi visit meaningful by exploring Sheldrick Wildlife Trust\u2019s elephant orphanage. Support conservation and witness heartwarming rescue stories.","Join a unique conservation experience at Sheldrick Wildlife Trust in Nairobi\u2014help endangered elephants while learning how they are saved and released into the wild."],"socialPosts":{"email":[],"linkedin":[],"twitter":[],"facebook":[],"instagram":[]}},"created":"2026-05-09 08:22:17","updated":"2026-05-09 09:56:58"},"aioseo_breadcrumb":"<div class=\"aioseo-breadcrumbs\"><span class=\"aioseo-breadcrumb\">\n\t<a href=\"https:\/\/www.kichakatours.com\/fr\" title=\"Home\">Home<\/a>\n<\/span><span class=\"aioseo-breadcrumb-separator\">|<\/span><span class=\"aioseo-breadcrumb\">\n\tSheldrick Wildlife Trust Elephant orphanage\n<\/span><\/div>","aioseo_breadcrumb_json":[{"label":"Home","link":"https:\/\/www.kichakatours.com\/fr"},{"label":"Sheldrick Wildlife Trust Elephant orphanage","link":"https:\/\/www.kichakatours.com\/fr\/sheldrick-wildlife-trust-elephant-orphanage\/"}],"_links":{"self":[{"href":"https:\/\/www.kichakatours.com\/fr\/wp-json\/wp\/v2\/pages\/12503","targetHints":{"allow":["GET"]}}],"collection":[{"href":"https:\/\/www.kichakatours.com\/fr\/wp-json\/wp\/v2\/pages"}],"about":[{"href":"https:\/\/www.kichakatours.com\/fr\/wp-json\/wp\/v2\/types\/page"}],"author":[{"embeddable":true,"href":"https:\/\/www.kichakatours.com\/fr\/wp-json\/wp\/v2\/users\/3"}],"replies":[{"embeddable":true,"href":"https:\/\/www.kichakatours.com\/fr\/wp-json\/wp\/v2\/comments?post=12503"}],"version-history":[{"count":1,"href":"https:\/\/www.kichakatours.com\/fr\/wp-json\/wp\/v2\/pages\/12503\/revisions"}],"predecessor-version":[{"id":12505,"href":"https:\/\/www.kichakatours.com\/fr\/wp-json\/wp\/v2\/pages\/12503\/revisions\/12505"}],"wp:featuredmedia":[{"embeddable":true,"href":"https:\/\/www.kichakatours.com\/fr\/wp-json\/wp\/v2\/media\/12504"}],"wp:attachment":[{"href":"https:\/\/www.kichakatours.com\/fr\/wp-json\/wp\/v2\/media?parent=12503"}],"curies":[{"name":"wp","href":"https:\/\/api.w.org\/{rel}","templated":true}]}}