{"id":12503,"date":"2026-05-09T11:52:48","date_gmt":"2026-05-09T08:52:48","guid":{"rendered":"https:\/\/www.kichakatours.com\/?page_id=12503"},"modified":"2026-05-09T11:52:56","modified_gmt":"2026-05-09T08:52:56","slug":"orfanotrofio-degli-elefanti-dello-sheldrick-wildlife-trust","status":"publish","type":"page","link":"https:\/\/www.kichakatours.com\/it\/sheldrick-wildlife-trust-elephant-orphanage\/","title":{"rendered":"Orfanotrofio degli elefanti Sheldrick Wildlife Trust"},"content":{"rendered":"<p>Lo Sheldrick Wildlife Trust (SWT) non \u00e8 solo un'altra attrazione a Nairobi, ma una delle pi\u00f9 grandi storie di successo della conservazione in Kenya, e visitarlo dovrebbe essere una priorit\u00e0 in qualsiasi itinerario di Nairobi.<\/p>\n\n\n\n<p>Situato all'interno del Parco Nazionale di Nairobi, vicino al cancello Mbagathi (cancello KWS Workshop) lungo Magadi Road, SWT \u00e8 un santuario di fama mondiale che salva, riabilita e restituisce elefanti e rinoceronti orfani alla natura. In un momento in cui la fauna selvatica africana subisce intense pressioni a causa della perdita di habitat e del bracconaggio, il Trust offre ai visitatori un modo raro e tangibile per sostenere direttamente la conservazione significativa, pur assistendo al suo impatto da vicino.<\/p>\n\n\n\n<p>Fondata in memoria del leggendario ambientalista David Sheldrick, la Trust ha avuto il primato di metodi di salvataggio e riabilitazione degli elefanti che ora sono utilizzati in tutta l'Africa. Questo non \u00e8 un teorico, \u00e8 un modello di conservazione vivente e funzionante che si pu\u00f2 vedere in azione durante la loro famosa ora di avvistamento pubblico giornaliero. Per un'ora attentamente gestita ogni giorno, i visitatori ottengono una finestra intima sulle operazioni della Trust: l'alimentazione, la cura e la socializzazione che danno a questi animali una vera seconda possibilit\u00e0 di vita selvatica.<\/p>\n\n\n\n<p>Al centro di SWT si trova la Nairobi Nursery, dove gli elefanti pi\u00f9 piccoli e vulnerabili ricevono assistenza continua:<\/p>\n\n\n\n<p>\u2022 Vengono allattati con latte formulato appositamente ogni poche ore, su misura per le loro delicate esigenze nutrizionali.<br \/>\u2022 Vengono allevati da custodi umani dedicati che agiscono da genitori surrogati, fornendo la sicurezza emotiva e la guida sociale di cui gli orfani traumatizzati hanno disperatamente bisogno.<br \/>\u2022 Vengono preparati delicatamente, nel tempo, per il reinserimento in aree protette selvagge come il Parco Nazionale di Tsavo.<\/p>\n\n\n\n<p>Guardare questi giovani elefanti giocare, rotolarsi nel fango e interagire con i loro custodi \u00e8 profondamente commovente e rivelatore. Ogni cucciolo ha una storia di perdita e salvataggio, e mentre ascolti queste narrazioni, la conservazione smette di essere un concetto astratto e diventa personale e reale. \u00c8 proprio questo il motivo per cui una visita a SWT lascia un'impressione cos\u00ec duratura, e per cui sottolinea in modo cos\u00ec persuasivo l'importanza di proteggere la fauna selvatica.<\/p>\n\n\n\n<p>Ragioni pratiche rendono la visita altrettanto allettante. La posizione del vivaio \u00e8 estremamente comoda:<br \/>\u2022 A circa 30\u201345 minuti di auto dal quartiere centrale degli affari (CBD) di Nairobi.<br \/>\u2022 A soli 10-15 minuti dalle attrazioni pi\u00f9 famose di Karen, come il Giraffe Centre e il Museo Karen Blixen.<\/p>\n\n\n\n<p>Ci\u00f2 rende SWT un'aggiunta facile e logica ai tuoi piani di Nairobi, specialmente se desideri una giornata che combini molteplici esperienze iconiche.<\/p>\n\n\n\n<p>Gli orari di visita del Trust sono rigorosamente strutturati per proteggere la routine degli elefanti offrendo allo stesso tempo un'esperienza ricca ai visitatori:<br \/>\u2022 La visita del pubblico si svolge tutti i giorni dalle 11:00 alle 12:00, eccetto il 25 dicembre quando \u00e8 chiusa.<br \/>\u2022 Si consiglia di arrivare tra le 10:30 e le 10:45; una volta iniziata la sessione, i ritardatari non saranno ammessi e l'ora non verr\u00e0 prolungata.<\/p>\n\n\n\n<p>All'interno di quella singola ora, vedi esattamente perch\u00e9 SWT \u00e8 cos\u00ec significativa: elefanti nutriti al biberon, vitelli che sguazzano felicemente nelle pozze di fango e guardiani che condividono storie dirette di salvataggio, recupero e rilascio. Il rigido programma non \u00e8 un limite; \u00e8 una garanzia che il benessere degli elefanti viene prima di tutto, il che a sua volta significa che la tua visita supporta il turismo naturalistico responsabile ed etico.<\/p>\n\n\n\n<h2 class=\"wp-block-heading\">Donazione all'ingresso <\/h2>\n\n\n\n<p>\u2022 Visitatori stranieri (di et\u00e0 superiore ai 12 anni): minimo 20 USD a persona, da pagare in contanti all&#x27;arrivo.<br \/>\u2022 Residenti kenyoti (12+ anni): KSh 2.000 con prova di residenza.<br \/>\u2022 Bambini stranieri di et\u00e0 inferiore ai 12 anni: US$5.<br \/>\u2022 Bambini residenti in Kenya: KSh 500 con prova di residenza.<\/p>\n\n\n\n<p>Questo \u00e8 un modo insolitamente trasparente di spendere i tuoi soldi per viaggiare: sai esattamente che il tuo contributo sta sostenendo le operazioni salvavita dell'asilo. Non \u00e8 una \u201ctassa turistica\u201d aggiuntiva; \u00e8 partecipazione alla conservazione.<\/p>\n\n\n\n<p>\u00c8 importante notare che la donazione SWT copre solo il nursery. L'accesso al nursery tramite il cancello di Mbagathi richiede il pagamento di tariffe di ingresso separate per il Parco Nazionale di Nairobi, che devono essere pagate al Kenya Wildlife Service:<\/p>\n\n\n\n<p>Per i cittadini kenioti \/ residenti dell'Africa orientale:<br \/>\u2022 Adulti: KSh 1.000<br \/>\u2022 Bambini (3\u201318 anni): 500 KSh<\/p>\n\n\n\n<p>Per i visitatori internazionali (non residenti):<br \/>\u2022 Adulti: US$80<br \/>\u2022 Bambini\/Studenti: US$40<\/p>\n\n\n\n<p>Dato che avrai gi\u00e0 pagato per entrare nel parco, ha molto senso trasformare la tua visita in un'esperienza naturalistica completa aggiungendo un safari in. <a href=\"https:\/\/www.kichakatours.com\/destination\/ol-pejeta-conservancy\/\" target=\"_blank\" rel=\"noopener\" title=\"\">Parco nazionale di Nairobi<\/a>. Questo \u00e8 uno dei parchi urbani pi\u00f9 straordinari del mondo, con la possibilit\u00e0 di avvistare rinoceronti, leoni, giraffe, zebre, bufali, leopardi e altro ancora, guadagnandosi cos\u00ec Nairobi il titolo di \u201cCapitale Mondiale della Fauna Selvatica\u201d. Combinare una visita al SWT con un safari trasforma un'unica uscita in un'immersione potente e di un'intera giornata nella fauna selvatica e nella conservazione keniota.<\/p>\n\n\n\n<p>In sintesi, visitare lo Sheldrick Wildlife Trust \u00e8 uno dei modi pi\u00f9 convincenti per rendere significativo il tuo soggiorno a Nairobi. Non stai solo visitando monumenti; stai supportando direttamente un'iniziativa di conservazione comprovata e leader a livello mondiale, apprendendo le realt\u00e0 dietro la protezione della fauna selvatica e assistendo a come agli animali individuali viene data una reale possibilit\u00e0 di tornare in libert\u00e0. Per chiunque tenga alla natura, o semplicemente desideri un'esperienza indimenticabile, l'orfanotrofio degli elefanti SW T \u00e8 una tappa essenziale. <a href=\"https:\/\/www.kichakatours.com\/sheldrick-wildlife-trust-a-guide-to-nairobis-famous-elephant-orphanage\/\" target=\"_blank\" rel=\"noopener\" title=\"\">Pi\u00f9 lettura<\/a><\/p>\n\n\n\n<p><\/p>","protected":false},"excerpt":{"rendered":"<p>The Sheldrick Wildlife Trust (SWT) is not just another attraction in Nairobi\u2014it is one of Kenya\u2019s most powerful conservation success stories, and visiting it should be a priority on any Nairobi itinerary. Located inside Nairobi National Park near Mbagathi Gate<\/p>\n<div class=\"padding-top text-center\"><a href=\"https:\/\/www.kichakatours.com\/it\/sheldrick-wildlife-trust-elephant-orphanage\/\" class=\"atbtn atbtn--medium atbtn--rounded atbtn--transparent\">Per saperne di pi\u00f9<i class=\"atbtn__icon atbtn__icon--right fa fa-long-arrow-right\"><\/i><\/a><\/div>","protected":false},"author":3,"featured_media":12504,"parent":0,"menu_order":0,"comment_status":"closed","ping_status":"closed","template":"","meta":{"om_disable_all_campaigns":false,"_monsterinsights_skip_tracking":false,"_monsterinsights_sitenote_active":false,"_monsterinsights_sitenote_note":"","_monsterinsights_sitenote_category":0,"_uf_show_specific_survey":0,"_uf_disable_surveys":false,"footnotes":""},"class_list":["post-12503","page","type-page","status-publish","has-post-thumbnail","hentry"],"aioseo_notices":[],"aioseo_head":"\n\t\t<!-- All in One SEO Pro 4.9.6.2 - aioseo.com -->\n\t<meta name=\"description\" content=\"Make your Nairobi visit meaningful by exploring Sheldrick Wildlife Trust\u2019s elephant orphanage. Support conservation and witness heartwarming rescue stories.\" \/>\n\t<meta name=\"robots\" content=\"max-image-preview:large\" \/>\n\t<meta name=\"msvalidate.01\" content=\"9F9C035D44B58EC24714371E3FB5B040\" \/>\n\t<meta name=\"yandex-verification\" content=\"b945a4b884f39739\" \/>\n\t<link rel=\"canonical\" href=\"https:\/\/www.kichakatours.com\/it\/sheldrick-wildlife-trust-elephant-orphanage\/\" \/>\n\t<meta name=\"generator\" content=\"All in One SEO Pro (AIOSEO) 4.9.6.2\" \/>\n\t\t<meta property=\"og:locale\" content=\"it_IT\" \/>\n\t\t<meta property=\"og:site_name\" content=\"Kichaka Tours and Travel | East Africa private safaris, tailor made Tours\" \/>\n\t\t<meta property=\"og:type\" content=\"article\" \/>\n\t\t<meta property=\"og:title\" content=\"Sheldrick Wildlife Trust Elephant orphanage\" \/>\n\t\t<meta property=\"og:description\" content=\"Make your Nairobi visit meaningful by exploring Sheldrick Wildlife Trust\u2019s elephant orphanage. Support conservation and witness heartwarming rescue stories.\" \/>\n\t\t<meta property=\"og:url\" content=\"https:\/\/www.kichakatours.com\/it\/sheldrick-wildlife-trust-elephant-orphanage\/\" \/>\n\t\t<meta property=\"og:image\" content=\"https:\/\/www.kichakatours.com\/wp-content\/uploads\/2025\/04\/KichakaTours.jpg\" \/>\n\t\t<meta property=\"og:image:secure_url\" content=\"https:\/\/www.kichakatours.com\/wp-content\/uploads\/2025\/04\/KichakaTours.jpg\" \/>\n\t\t<meta property=\"og:image:width\" content=\"1200\" \/>\n\t\t<meta property=\"og:image:height\" content=\"531\" \/>\n\t\t<meta property=\"article:published_time\" content=\"2026-05-09T08:52:48+00:00\" \/>\n\t\t<meta property=\"article:modified_time\" content=\"2026-05-09T08:52:56+00:00\" \/>\n\t\t<meta property=\"article:publisher\" content=\"https:\/\/web.facebook.com\/toursafariskenya\/?_rdc=1&amp;_rdr#\" \/>\n\t\t<meta property=\"article:author\" content=\"https:\/\/www.facebook.com\/toursafariskenya\/\" \/>\n\t\t<meta name=\"twitter:card\" content=\"summary_large_image\" \/>\n\t\t<meta name=\"twitter:site\" content=\"@KichakaTours\" \/>\n\t\t<meta name=\"twitter:title\" content=\"Sheldrick Wildlife Trust Elephant orphanage\" \/>\n\t\t<meta name=\"twitter:description\" content=\"Make your Nairobi visit meaningful by exploring Sheldrick Wildlife Trust\u2019s elephant orphanage. Support conservation and witness heartwarming rescue stories.\" \/>\n\t\t<meta name=\"twitter:creator\" content=\"@KichakaTours\" \/>\n\t\t<meta name=\"twitter:image\" content=\"https:\/\/www.kichakatours.com\/wp-content\/uploads\/2025\/04\/KichakaTours.jpg\" \/>\n\t\t<script type=\"application\/ld+json\" class=\"aioseo-schema\">\n\t\t\t{\"@context\":\"https:\\\/\\\/schema.org\",\"@graph\":[{\"@type\":\"BreadcrumbList\",\"@id\":\"https:\\\/\\\/www.kichakatours.com\\\/it\\\/sheldrick-wildlife-trust-elephant-orphanage\\\/#breadcrumblist\",\"itemListElement\":[{\"@type\":\"ListItem\",\"@id\":\"https:\\\/\\\/www.kichakatours.com\\\/it#listItem\",\"position\":1,\"name\":\"Home\",\"item\":\"https:\\\/\\\/www.kichakatours.com\\\/it\",\"nextItem\":{\"@type\":\"ListItem\",\"@id\":\"https:\\\/\\\/www.kichakatours.com\\\/it\\\/sheldrick-wildlife-trust-elephant-orphanage\\\/#listItem\",\"name\":\"Sheldrick Wildlife Trust Elephant orphanage\"}},{\"@type\":\"ListItem\",\"@id\":\"https:\\\/\\\/www.kichakatours.com\\\/it\\\/sheldrick-wildlife-trust-elephant-orphanage\\\/#listItem\",\"position\":2,\"name\":\"Sheldrick Wildlife Trust Elephant orphanage\",\"previousItem\":{\"@type\":\"ListItem\",\"@id\":\"https:\\\/\\\/www.kichakatours.com\\\/it#listItem\",\"name\":\"Home\"}}]},{\"@type\":\"Organization\",\"@id\":\"https:\\\/\\\/www.kichakatours.com\\\/it\\\/#organization\",\"name\":\"Kichaka Tours and Travel\",\"description\":\"East Africa private safaris, tailor made Tours\",\"url\":\"https:\\\/\\\/www.kichakatours.com\\\/it\\\/\",\"email\":\"info@kichakatours.com\",\"telephone\":\"+254791800525\",\"foundingDate\":\"2016-04-01\",\"numberOfEmployees\":{\"@type\":\"QuantitativeValue\",\"minValue\":0,\"maxValue\":7},\"logo\":{\"@type\":\"ImageObject\",\"url\":\"https:\\\/\\\/www.kichakatours.com\\\/wp-content\\\/uploads\\\/2025\\\/01\\\/Logo.jpg-8-2.jpg\",\"@id\":\"https:\\\/\\\/www.kichakatours.com\\\/it\\\/sheldrick-wildlife-trust-elephant-orphanage\\\/#organizationLogo\",\"width\":131,\"height\":109,\"caption\":\"A stylized logo featuring two green leaves within a black oval outline.\"},\"image\":{\"@id\":\"https:\\\/\\\/www.kichakatours.com\\\/it\\\/sheldrick-wildlife-trust-elephant-orphanage\\\/#organizationLogo\"},\"sameAs\":[\"https:\\\/\\\/web.facebook.com\\\/toursafariskenya\\\/?_rdc=1&_rdr#\",\"https:\\\/\\\/x.com\\\/KichakaTours\",\"https:\\\/\\\/www.instagram.com\\\/KichakaTours\",\"https:\\\/\\\/www.linkedin.com\\\/in\\\/kichaka-tours-and-travel\\\/\"],\"address\":{\"@id\":\"https:\\\/\\\/www.kichakatours.com\\\/it\\\/#postaladdress\",\"@type\":\"PostalAddress\",\"streetAddress\":\"54936,\",\"postalCode\":\"00200\",\"addressLocality\":\"Nairobi\",\"addressRegion\":\"Kenya\",\"addressCountry\":\"KE\"}},{\"@type\":\"WebPage\",\"@id\":\"https:\\\/\\\/www.kichakatours.com\\\/it\\\/sheldrick-wildlife-trust-elephant-orphanage\\\/#webpage\",\"url\":\"https:\\\/\\\/www.kichakatours.com\\\/it\\\/sheldrick-wildlife-trust-elephant-orphanage\\\/\",\"name\":\"Sheldrick Wildlife Trust Elephant orphanage\",\"description\":\"Make your Nairobi visit meaningful by exploring Sheldrick Wildlife Trust\\u2019s elephant orphanage. Support conservation and witness heartwarming rescue stories.\",\"inLanguage\":\"it-IT\",\"isPartOf\":{\"@id\":\"https:\\\/\\\/www.kichakatours.com\\\/it\\\/#website\"},\"breadcrumb\":{\"@id\":\"https:\\\/\\\/www.kichakatours.com\\\/it\\\/sheldrick-wildlife-trust-elephant-orphanage\\\/#breadcrumblist\"},\"image\":{\"@type\":\"ImageObject\",\"url\":\"https:\\\/\\\/www.kichakatours.com\\\/wp-content\\\/uploads\\\/2026\\\/05\\\/elephant-orphanage.jpg\",\"@id\":\"https:\\\/\\\/www.kichakatours.com\\\/it\\\/sheldrick-wildlife-trust-elephant-orphanage\\\/#mainImage\",\"width\":1920,\"height\":1080},\"primaryImageOfPage\":{\"@id\":\"https:\\\/\\\/www.kichakatours.com\\\/it\\\/sheldrick-wildlife-trust-elephant-orphanage\\\/#mainImage\"},\"datePublished\":\"2026-05-09T11:52:48+03:00\",\"dateModified\":\"2026-05-09T11:52:56+03:00\"},{\"@type\":\"WebSite\",\"@id\":\"https:\\\/\\\/www.kichakatours.com\\\/it\\\/#website\",\"url\":\"https:\\\/\\\/www.kichakatours.com\\\/it\\\/\",\"name\":\"Kichaka Tours and Travel\",\"description\":\"East Africa private safaris, tailor made Tours\",\"inLanguage\":\"it-IT\",\"publisher\":{\"@id\":\"https:\\\/\\\/www.kichakatours.com\\\/it\\\/#organization\"}}]}\n\t\t<\/script>\n\t\t<!-- All in One SEO Pro -->\r\n\t\t<title>Sheldrick Wildlife Trust Elephant orphanage<\/title>\n\n","aioseo_head_json":{"title":"Orfanotrofio degli elefanti Sheldrick Wildlife Trust","description":"Rendi la tua visita a Nairobi significativa esplorando l'orfanotrofio degli elefanti dello Sheldrick Wildlife Trust. Sostieni la conservazione e assisti a commoventi storie di salvataggio.","canonical_url":"https:\/\/www.kichakatours.com\/it\/sheldrick-wildlife-trust-elephant-orphanage\/","robots":"max-image-preview:large","keywords":"","webmasterTools":{"msvalidate.01":"9F9C035D44B58EC24714371E3FB5B040","yandex-verification":"b945a4b884f39739","miscellaneous":""},"schema":{"@context":"https:\/\/schema.org","@graph":[{"@type":"BreadcrumbList","@id":"https:\/\/www.kichakatours.com\/it\/sheldrick-wildlife-trust-elephant-orphanage\/#breadcrumblist","itemListElement":[{"@type":"ListItem","@id":"https:\/\/www.kichakatours.com\/it#listItem","position":1,"name":"Home","item":"https:\/\/www.kichakatours.com\/it","nextItem":{"@type":"ListItem","@id":"https:\/\/www.kichakatours.com\/it\/sheldrick-wildlife-trust-elephant-orphanage\/#listItem","name":"Sheldrick Wildlife Trust Elephant orphanage"}},{"@type":"ListItem","@id":"https:\/\/www.kichakatours.com\/it\/sheldrick-wildlife-trust-elephant-orphanage\/#listItem","position":2,"name":"Sheldrick Wildlife Trust Elephant orphanage","previousItem":{"@type":"ListItem","@id":"https:\/\/www.kichakatours.com\/it#listItem","name":"Home"}}]},{"@type":"Organization","@id":"https:\/\/www.kichakatours.com\/it\/#organization","name":"Kichaka Tours and Travel","description":"East Africa private safaris, tailor made Tours","url":"https:\/\/www.kichakatours.com\/it\/","email":"info@kichakatours.com","telephone":"+254791800525","foundingDate":"2016-04-01","numberOfEmployees":{"@type":"QuantitativeValue","minValue":0,"maxValue":7},"logo":{"@type":"ImageObject","url":"https:\/\/www.kichakatours.com\/wp-content\/uploads\/2025\/01\/Logo.jpg-8-2.jpg","@id":"https:\/\/www.kichakatours.com\/it\/sheldrick-wildlife-trust-elephant-orphanage\/#organizationLogo","width":131,"height":109,"caption":"A stylized logo featuring two green leaves within a black oval outline."},"image":{"@id":"https:\/\/www.kichakatours.com\/it\/sheldrick-wildlife-trust-elephant-orphanage\/#organizationLogo"},"sameAs":["https:\/\/web.facebook.com\/toursafariskenya\/?_rdc=1&_rdr#","https:\/\/x.com\/KichakaTours","https:\/\/www.instagram.com\/KichakaTours","https:\/\/www.linkedin.com\/in\/kichaka-tours-and-travel\/"],"address":{"@id":"https:\/\/www.kichakatours.com\/it\/#postaladdress","@type":"PostalAddress","streetAddress":"54936,","postalCode":"00200","addressLocality":"Nairobi","addressRegion":"Kenya","addressCountry":"KE"}},{"@type":"WebPage","@id":"https:\/\/www.kichakatours.com\/it\/sheldrick-wildlife-trust-elephant-orphanage\/#webpage","url":"https:\/\/www.kichakatours.com\/it\/sheldrick-wildlife-trust-elephant-orphanage\/","name":"Sheldrick Wildlife Trust Elephant orphanage","description":"Make your Nairobi visit meaningful by exploring Sheldrick Wildlife Trust\u2019s elephant orphanage. Support conservation and witness heartwarming rescue stories.","inLanguage":"it-IT","isPartOf":{"@id":"https:\/\/www.kichakatours.com\/it\/#website"},"breadcrumb":{"@id":"https:\/\/www.kichakatours.com\/it\/sheldrick-wildlife-trust-elephant-orphanage\/#breadcrumblist"},"image":{"@type":"ImageObject","url":"https:\/\/www.kichakatours.com\/wp-content\/uploads\/2026\/05\/elephant-orphanage.jpg","@id":"https:\/\/www.kichakatours.com\/it\/sheldrick-wildlife-trust-elephant-orphanage\/#mainImage","width":1920,"height":1080},"primaryImageOfPage":{"@id":"https:\/\/www.kichakatours.com\/it\/sheldrick-wildlife-trust-elephant-orphanage\/#mainImage"},"datePublished":"2026-05-09T11:52:48+03:00","dateModified":"2026-05-09T11:52:56+03:00"},{"@type":"WebSite","@id":"https:\/\/www.kichakatours.com\/it\/#website","url":"https:\/\/www.kichakatours.com\/it\/","name":"Kichaka Tours and Travel","description":"East Africa private safaris, tailor made Tours","inLanguage":"it-IT","publisher":{"@id":"https:\/\/www.kichakatours.com\/it\/#organization"}}]},"og:locale":"it_IT","og:site_name":"Kichaka Tours and Travel | East Africa private safaris, tailor made Tours","og:type":"article","og:title":"Sheldrick Wildlife Trust Elephant orphanage","og:description":"Make your Nairobi visit meaningful by exploring Sheldrick Wildlife Trust\u2019s elephant orphanage. Support conservation and witness heartwarming rescue stories.","og:url":"https:\/\/www.kichakatours.com\/it\/sheldrick-wildlife-trust-elephant-orphanage\/","og:image":"https:\/\/www.kichakatours.com\/wp-content\/uploads\/2025\/04\/KichakaTours.jpg","og:image:secure_url":"https:\/\/www.kichakatours.com\/wp-content\/uploads\/2025\/04\/KichakaTours.jpg","og:image:width":1200,"og:image:height":531,"article:published_time":"2026-05-09T08:52:48+00:00","article:modified_time":"2026-05-09T08:52:56+00:00","article:publisher":"https:\/\/web.facebook.com\/toursafariskenya\/?_rdc=1&_rdr#","article:author":"https:\/\/www.facebook.com\/toursafariskenya\/","twitter:card":"summary_large_image","twitter:site":"@KichakaTours","twitter:title":"Sheldrick Wildlife Trust Elephant orphanage","twitter:description":"Make your Nairobi visit meaningful by exploring Sheldrick Wildlife Trust\u2019s elephant orphanage. Support conservation and witness heartwarming rescue stories.","twitter:creator":"@KichakaTours","twitter:image":"https:\/\/www.kichakatours.com\/wp-content\/uploads\/2025\/04\/KichakaTours.jpg"},"aioseo_meta_data":{"post_id":"12503","title":"#post_title","description":"Rendi la tua visita a Nairobi significativa esplorando l'orfanotrofio degli elefanti dello Sheldrick Wildlife Trust. Sostieni la conservazione e assisti a commoventi storie di salvataggio.","keywords":null,"keyphrases":{"focus":{"keyphrase":"Elephant","score":80,"analysis":{"keyphraseInTitle":{"score":9,"maxScore":9,"error":0},"keyphraseInDescription":{"score":9,"maxScore":9,"error":0},"keyphraseLength":{"score":9,"maxScore":9,"error":0,"length":1},"keyphraseInURL":{"score":5,"maxScore":5,"error":0},"keyphraseInIntroduction":{"score":3,"maxScore":9,"error":1},"keyphraseInSubHeadings":{"score":3,"maxScore":9,"error":1},"keyphraseInImageAlt":[],"keywordDensity":{"type":"best","score":9,"maxScore":9,"error":0}}},"additional":[]},"primary_term":null,"canonical_url":null,"og_title":null,"og_description":null,"og_object_type":"default","og_image_type":"default","og_image_url":null,"og_image_width":null,"og_image_height":null,"og_image_custom_url":null,"og_image_custom_fields":null,"og_video":"","og_custom_url":null,"og_article_section":null,"og_article_tags":null,"twitter_use_og":false,"twitter_card":"default","twitter_image_type":"default","twitter_image_url":null,"twitter_image_custom_url":null,"twitter_image_custom_fields":null,"twitter_title":null,"twitter_description":null,"schema":{"blockGraphs":[],"customGraphs":[],"default":{"data":{"Article":[],"Course":[],"Dataset":[],"FAQPage":[],"Movie":[],"Person":[],"Product":[],"ProductReview":[],"Car":[],"Recipe":[],"Service":[],"SoftwareApplication":[],"WebPage":[]},"graphName":"WebPage","isEnabled":true},"graphs":[]},"schema_type":"default","schema_type_options":null,"pillar_content":false,"robots_default":true,"robots_noindex":false,"robots_noarchive":false,"robots_nosnippet":false,"robots_nofollow":false,"robots_noimageindex":false,"robots_noodp":false,"robots_notranslate":false,"robots_max_snippet":"-1","robots_max_videopreview":"-1","robots_max_imagepreview":"large","priority":null,"frequency":"default","local_seo":null,"seo_analyzer_scan_date":"2026-05-09 09:56:57","breadcrumb_settings":null,"limit_modified_date":false,"reviewed_by":"0","open_ai":null,"ai":{"faqs":[],"keyPoints":[],"schemas":[],"titles":[],"descriptions":["Discover Kenya\u2019s inspiring conservation success at Sheldrick Wildlife Trust in Nairobi. Support rescue efforts and witness elephants\u2019 remarkable journey to the wild.","Visit Sheldrick Wildlife Trust in Nairobi for an up-close look at elephant rescue and rehabilitation. A must-see for wildlife lovers and eco-conscious travelers.","Experience the emotional connection of wildlife conservation at Sheldrick Trust in Nairobi. See orphaned elephants thriving and learn about vital protection efforts.","Make your Nairobi visit meaningful by exploring Sheldrick Wildlife Trust\u2019s elephant orphanage. Support conservation and witness heartwarming rescue stories.","Join a unique conservation experience at Sheldrick Wildlife Trust in Nairobi\u2014help endangered elephants while learning how they are saved and released into the wild."],"socialPosts":{"email":[],"linkedin":[],"twitter":[],"facebook":[],"instagram":[]}},"created":"2026-05-09 08:22:17","updated":"2026-05-09 09:56:58"},"aioseo_breadcrumb":"<div class=\"aioseo-breadcrumbs\"><span class=\"aioseo-breadcrumb\">\n\t<a href=\"https:\/\/www.kichakatours.com\/it\" title=\"Home\">Home<\/a>\n<\/span><span class=\"aioseo-breadcrumb-separator\">|<\/span><span class=\"aioseo-breadcrumb\">\n\tSheldrick Wildlife Trust Elephant orphanage\n<\/span><\/div>","aioseo_breadcrumb_json":[{"label":"Home","link":"https:\/\/www.kichakatours.com\/it"},{"label":"Sheldrick Wildlife Trust Elephant orphanage","link":"https:\/\/www.kichakatours.com\/it\/sheldrick-wildlife-trust-elephant-orphanage\/"}],"_links":{"self":[{"href":"https:\/\/www.kichakatours.com\/it\/wp-json\/wp\/v2\/pages\/12503","targetHints":{"allow":["GET"]}}],"collection":[{"href":"https:\/\/www.kichakatours.com\/it\/wp-json\/wp\/v2\/pages"}],"about":[{"href":"https:\/\/www.kichakatours.com\/it\/wp-json\/wp\/v2\/types\/page"}],"author":[{"embeddable":true,"href":"https:\/\/www.kichakatours.com\/it\/wp-json\/wp\/v2\/users\/3"}],"replies":[{"embeddable":true,"href":"https:\/\/www.kichakatours.com\/it\/wp-json\/wp\/v2\/comments?post=12503"}],"version-history":[{"count":1,"href":"https:\/\/www.kichakatours.com\/it\/wp-json\/wp\/v2\/pages\/12503\/revisions"}],"predecessor-version":[{"id":12505,"href":"https:\/\/www.kichakatours.com\/it\/wp-json\/wp\/v2\/pages\/12503\/revisions\/12505"}],"wp:featuredmedia":[{"embeddable":true,"href":"https:\/\/www.kichakatours.com\/it\/wp-json\/wp\/v2\/media\/12504"}],"wp:attachment":[{"href":"https:\/\/www.kichakatours.com\/it\/wp-json\/wp\/v2\/media?parent=12503"}],"curies":[{"name":"wp","href":"https:\/\/api.w.org\/{rel}","templated":true}]}}