{"id":2662,"date":"2026-01-27T09:06:00","date_gmt":"2026-01-27T06:06:00","guid":{"rendered":"https:\/\/www.kichakatours.co.ke\/?post_type=destination&#038;p=2662"},"modified":"2026-01-27T10:58:28","modified_gmt":"2026-01-27T07:58:28","slug":"lago-naivasha","status":"publish","type":"page","link":"https:\/\/www.kichakatours.com\/it\/destination\/lake-naivasha\/","title":{"rendered":"Lago Naivasha"},"content":{"rendered":"<h2 data-start=\"237\" data-end=\"303\">Il lago Naivasha - un'oasi d'acqua dolce nella Great Rift Valley del Kenya<\/h2>\n<p data-start=\"305\" data-end=\"718\">Il lago Naivasha \u00e8 uno spettacolare lago d'acqua dolce situato nel cuore del Kenya. <a href=\"https:\/\/www.kichakatours.com\/destination\/the-great-rift-valley\/\" target=\"_blank\" rel=\"noopener\">Grande Rift Valley<\/a>, una delle formazioni geologiche pi\u00f9 notevoli al mondo che si estende nell'Africa orientale. Situata vicino alla vivace citt\u00e0 di Naivasha, questa destinazione panoramica \u00e8 famosa per la sua bellezza naturale unica, la ricca biodiversit\u00e0 e l'atmosfera tranquilla, che la rendono una tappa obbligata di molti itinerari di safari in Kenya.<\/p>\n<p data-start=\"720\" data-end=\"1175\">Il lago \u00e8 caratterizzato da rive sabbiose in leggera pendenza, orlate da rigogliose canne di papiro, mentre il paesaggio circostante \u00e8 dominato da fitte foreste di alberi della febbre gialla (Acacia xanthophlea). Questi alberi iconici creano un ecosistema fiorente che supporta un'abbondante avifauna e fauna selvatica. I visitatori del lago Naivasha possono aspettarsi di vedere giraffe, waterbucks, bufali, scimmie colobus e una grande popolazione di ippopotami che frequentano le acque poco profonde.<\/p>\n<p data-start=\"1177\" data-end=\"1414\">Il lago Naivasha \u00e8 anche un paradiso per gli amanti del birdwatching e attira centinaia di specie di uccelli stanziali e migratori durante tutto l'anno. Le sue acque calme e i suoi dintorni fertili lo rendono uno dei laghi d'acqua dolce pi\u00f9 importanti dal punto di vista ecologico del Kenya.<\/p>\n<p data-start=\"1416\" data-end=\"1932\">Il nome <em data-start=\"1425\" data-end=\"1435\">Naivasha<\/em> deriva dalla parola Maasai \u201cNai'posha\u201d, che significa <em data-start=\"1493\" data-end=\"1506\">acqua mossa<\/em>, un riferimento alle tempeste improvvise causate dai forti venti pomeridiani. Storicamente, il lago ha subito drammatiche fluttuazioni dei livelli d'acqua, in particolare all'inizio del XX secolo, quando ha rischiato di prosciugarsi, per poi bonificare la terra quando i livelli d'acqua sono tornati a salire. Oggi il lago Naivasha rimane stabile e continua a sostenere l'agricoltura, la floricoltura e i mezzi di sussistenza locali grazie ai suoi terreni fertili e all'affidabilit\u00e0 dell'acqua.<\/p>\n<h2 data-start=\"1939\" data-end=\"1969\">Come raggiungere il lago Naivasha<\/h2>\n<h3 data-start=\"1971\" data-end=\"1984\">Su strada<\/h3>\n<p data-start=\"1985\" data-end=\"2243\">Il lago Naivasha si trova a circa 100 chilometri da Nairobi, il che lo rende una destinazione facile e popolare per un viaggio in auto. Il viaggio dura circa 2 ore, a seconda del traffico, attraverso autostrade ben tenute e adatte sia al trasporto privato che a quello pubblico.<\/p>\n<h3 data-start=\"2245\" data-end=\"2258\">Su rotaia<\/h3>\n<p data-start=\"2259\" data-end=\"2444\">Una moderna linea ferroviaria corre a sud di Naivasha, collegando Suswa all'area di Naivasha. I viaggiatori che arrivano in treno dovranno organizzare un breve trasferimento su strada dalla stazione al lago.<\/p>\n<h3 data-start=\"2446\" data-end=\"2458\">In aereo<\/h3>\n<p data-start=\"2459\" data-end=\"2684\">Per un'opzione pi\u00f9 rapida e panoramica, alcuni voli operano dall'aeroporto Wilson di Nairobi a Loldia Airstrip, situato vicino al lago Naivasha. Questa opzione offre viste aeree mozzafiato della Great Rift Valley.<\/p>\n<h2 data-start=\"2691\" data-end=\"2735\">Cose da vedere e da fare nei dintorni del lago Naivasha<\/h2>\n<p data-start=\"2737\" data-end=\"2974\">Il lago Naivasha \u00e8 rinomato per la sua incredibile biodiversit\u00e0, con oltre 450 specie di uccelli, che lo rendono una delle principali destinazioni per il birdwatching in Kenya. I visitatori possono avvistare aquile pescatrici, aironi, martin pescatori e pellicani lungo la costa.<\/p>\n<p data-start=\"2976\" data-end=\"3148\">Gli avvistamenti di animali selvatici sono frequenti, tra cui giraffe che curiosano tra le acacie, bufali che si rinfrescano nelle zone paludose, scimmie colobus giocose e ippopotami che si riposano nel lago.<\/p>\n<h3 data-start=\"3150\" data-end=\"3186\">Santuario della selvaggina dell'Isola della Mezzaluna<\/h3>\n<p data-start=\"3187\" data-end=\"3474\">Una delle attrazioni del lago Naivasha \u00e8 il Crescent Island Game Sanctuary, un paradiso faunistico unico che offre safari guidati a piedi. Qui i visitatori possono passeggiare tra animali liberi come zebre, giraffe, impala, waterbucks, gnu e eland in un ambiente sicuro e panoramico.<\/p>\n<p data-start=\"3476\" data-end=\"3723\">L'accesso a Crescent Island avviene in barca attraverso il lago Naivasha, un'esperienza che permette anche di incontrare da vicino ippopotami e diversi uccelli acquatici. Il santuario \u00e8 ideale per passeggiate, escursioni, fotografia, ciclismo e ritiri nella natura.<\/p>\n<h2 data-start=\"3730\" data-end=\"3767\">Alloggio nei dintorni del lago Naivasha<\/h2>\n<p data-start=\"3769\" data-end=\"4107\">Il lago Naivasha offre una vasta gamma di opzioni di alloggio per soddisfare ogni viaggiatore. Lungo le rive del lago, i visitatori troveranno lodge e resort di lusso a cinque stelle che offrono comfort di prim'ordine, viste panoramiche e un servizio di prima classe. Ci sono anche hotel di fascia media ed economica che offrono un valore eccellente senza compromettere il comfort.<\/p>\n<p data-start=\"4109\" data-end=\"4270\">All'interno della citt\u00e0 di Naivasha sono disponibili altre opzioni di alloggio, che rendono la zona adatta sia ai viaggiatori che effettuano safari di lusso sia ai visitatori attenti al budget.<\/p>\n\n\n<p><\/p>","protected":false},"excerpt":{"rendered":"<p>Lake Naivasha \u2013 A Freshwater Oasis in Kenya\u2019s Great Rift Valley Lake Naivasha is a spectacular freshwater lake nestled in the heart of Kenya\u2019s Great Rift Valley, one of the world\u2019s most remarkable geological formations stretching across Eastern Africa. Located<\/p>\n<div class=\"padding-top text-center\"><a href=\"https:\/\/www.kichakatours.com\/it\/destination\/lake-naivasha\/\" class=\"atbtn atbtn--medium atbtn--rounded atbtn--transparent\">Per saperne di pi\u00f9<i class=\"atbtn__icon atbtn__icon--right fa fa-long-arrow-right\"><\/i><\/a><\/div>","protected":false},"author":3,"featured_media":3090,"parent":4685,"menu_order":0,"comment_status":"open","ping_status":"closed","template":"","meta":{"om_disable_all_campaigns":false,"_monsterinsights_skip_tracking":false,"_monsterinsights_sitenote_active":false,"_monsterinsights_sitenote_note":"","_monsterinsights_sitenote_category":0,"_uf_show_specific_survey":0,"_uf_disable_surveys":false,"footnotes":""},"class_list":["post-2662","page","type-page","status-publish","has-post-thumbnail","hentry"],"aioseo_notices":[],"aioseo_head":"\n\t\t<!-- All in One SEO Pro 4.9.6.2 - aioseo.com -->\n\t<meta name=\"description\" content=\"Discover Lake Naivasha, Kenya\u2019s freshwater sanctuary in the Great Rift Valley, renowned for biodiversity, scenic beauty, and tranquil landscapes.\" \/>\n\t<meta name=\"robots\" content=\"max-image-preview:large\" \/>\n\t<meta name=\"msvalidate.01\" content=\"9F9C035D44B58EC24714371E3FB5B040\" \/>\n\t<meta name=\"yandex-verification\" content=\"b945a4b884f39739\" \/>\n\t<link rel=\"canonical\" href=\"https:\/\/www.kichakatours.com\/it\/destination\/lake-naivasha\/\" \/>\n\t<meta name=\"generator\" content=\"All in One SEO Pro (AIOSEO) 4.9.6.2\" \/>\n\t\t<meta property=\"og:locale\" content=\"it_IT\" \/>\n\t\t<meta property=\"og:site_name\" content=\"Kichaka Tours and Travel | East Africa private safaris, tailor made Tours\" \/>\n\t\t<meta property=\"og:type\" content=\"article\" \/>\n\t\t<meta property=\"og:title\" content=\"Lake Naivasha: Rich Biodiversity and Scenic Attractions in Kenya\" \/>\n\t\t<meta property=\"og:description\" content=\"Discover Lake Naivasha, Kenya\u2019s freshwater sanctuary in the Great Rift Valley, renowned for biodiversity, scenic beauty, and tranquil landscapes.\" \/>\n\t\t<meta property=\"og:url\" content=\"https:\/\/www.kichakatours.com\/it\/destination\/lake-naivasha\/\" \/>\n\t\t<meta property=\"og:image\" content=\"https:\/\/www.kichakatours.com\/wp-content\/uploads\/2025\/04\/KichakaTours.jpg\" \/>\n\t\t<meta property=\"og:image:secure_url\" content=\"https:\/\/www.kichakatours.com\/wp-content\/uploads\/2025\/04\/KichakaTours.jpg\" \/>\n\t\t<meta property=\"og:image:width\" content=\"1200\" \/>\n\t\t<meta property=\"og:image:height\" content=\"531\" \/>\n\t\t<meta property=\"article:published_time\" content=\"2026-01-27T06:06:00+00:00\" \/>\n\t\t<meta property=\"article:modified_time\" content=\"2026-01-27T07:58:28+00:00\" \/>\n\t\t<meta property=\"article:publisher\" content=\"https:\/\/web.facebook.com\/toursafariskenya\/?_rdc=1&amp;_rdr#\" \/>\n\t\t<meta property=\"article:author\" content=\"https:\/\/www.facebook.com\/toursafariskenya\/\" \/>\n\t\t<meta name=\"twitter:card\" content=\"summary_large_image\" \/>\n\t\t<meta name=\"twitter:site\" content=\"@KichakaTours\" \/>\n\t\t<meta name=\"twitter:title\" content=\"Lake Naivasha: Rich Biodiversity and Scenic Attractions in Kenya\" \/>\n\t\t<meta name=\"twitter:description\" content=\"Discover Lake Naivasha, Kenya\u2019s freshwater sanctuary in the Great Rift Valley, renowned for biodiversity, scenic beauty, and tranquil landscapes.\" \/>\n\t\t<meta name=\"twitter:creator\" content=\"@KichakaTours\" \/>\n\t\t<meta name=\"twitter:image\" content=\"https:\/\/www.kichakatours.com\/wp-content\/uploads\/2025\/04\/KichakaTours.jpg\" \/>\n\t\t<script type=\"application\/ld+json\" class=\"aioseo-schema\">\n\t\t\t{\"@context\":\"https:\\\/\\\/schema.org\",\"@graph\":[{\"@type\":\"BreadcrumbList\",\"@id\":\"https:\\\/\\\/www.kichakatours.com\\\/it\\\/destination\\\/lake-naivasha\\\/#breadcrumblist\",\"itemListElement\":[{\"@type\":\"ListItem\",\"@id\":\"https:\\\/\\\/www.kichakatours.com\\\/it#listItem\",\"position\":1,\"name\":\"Home\",\"item\":\"https:\\\/\\\/www.kichakatours.com\\\/it\",\"nextItem\":{\"@type\":\"ListItem\",\"@id\":\"https:\\\/\\\/www.kichakatours.com\\\/it\\\/destination\\\/#listItem\",\"name\":\"Destination\"}},{\"@type\":\"ListItem\",\"@id\":\"https:\\\/\\\/www.kichakatours.com\\\/it\\\/destination\\\/#listItem\",\"position\":2,\"name\":\"Destination\",\"item\":\"https:\\\/\\\/www.kichakatours.com\\\/it\\\/destination\\\/\",\"nextItem\":{\"@type\":\"ListItem\",\"@id\":\"https:\\\/\\\/www.kichakatours.com\\\/it\\\/destination\\\/lake-naivasha\\\/#listItem\",\"name\":\"Lake Naivasha\"},\"previousItem\":{\"@type\":\"ListItem\",\"@id\":\"https:\\\/\\\/www.kichakatours.com\\\/it#listItem\",\"name\":\"Home\"}},{\"@type\":\"ListItem\",\"@id\":\"https:\\\/\\\/www.kichakatours.com\\\/it\\\/destination\\\/lake-naivasha\\\/#listItem\",\"position\":3,\"name\":\"Lake Naivasha\",\"previousItem\":{\"@type\":\"ListItem\",\"@id\":\"https:\\\/\\\/www.kichakatours.com\\\/it\\\/destination\\\/#listItem\",\"name\":\"Destination\"}}]},{\"@type\":\"Organization\",\"@id\":\"https:\\\/\\\/www.kichakatours.com\\\/it\\\/#organization\",\"name\":\"Kichaka Tours and Travel\",\"description\":\"East Africa private safaris, tailor made Tours\",\"url\":\"https:\\\/\\\/www.kichakatours.com\\\/it\\\/\",\"email\":\"info@kichakatours.com\",\"telephone\":\"+254791800525\",\"foundingDate\":\"2016-04-01\",\"numberOfEmployees\":{\"@type\":\"QuantitativeValue\",\"minValue\":0,\"maxValue\":7},\"logo\":{\"@type\":\"ImageObject\",\"url\":\"https:\\\/\\\/www.kichakatours.com\\\/wp-content\\\/uploads\\\/2025\\\/01\\\/Logo.jpg-8-2.jpg\",\"@id\":\"https:\\\/\\\/www.kichakatours.com\\\/it\\\/destination\\\/lake-naivasha\\\/#organizationLogo\",\"width\":131,\"height\":109,\"caption\":\"A stylized logo featuring two green leaves within a black oval outline.\"},\"image\":{\"@id\":\"https:\\\/\\\/www.kichakatours.com\\\/it\\\/destination\\\/lake-naivasha\\\/#organizationLogo\"},\"sameAs\":[\"https:\\\/\\\/web.facebook.com\\\/toursafariskenya\\\/?_rdc=1&_rdr#\",\"https:\\\/\\\/x.com\\\/KichakaTours\",\"https:\\\/\\\/www.instagram.com\\\/KichakaTours\",\"https:\\\/\\\/www.linkedin.com\\\/in\\\/kichaka-tours-and-travel\\\/\"],\"address\":{\"@id\":\"https:\\\/\\\/www.kichakatours.com\\\/it\\\/#postaladdress\",\"@type\":\"PostalAddress\",\"streetAddress\":\"54936,\",\"postalCode\":\"00200\",\"addressLocality\":\"Nairobi\",\"addressRegion\":\"Kenya\",\"addressCountry\":\"KE\"}},{\"@type\":\"WebPage\",\"@id\":\"https:\\\/\\\/www.kichakatours.com\\\/it\\\/destination\\\/lake-naivasha\\\/#webpage\",\"url\":\"https:\\\/\\\/www.kichakatours.com\\\/it\\\/destination\\\/lake-naivasha\\\/\",\"name\":\"Lake Naivasha: Rich Biodiversity and Scenic Attractions in Kenya\",\"description\":\"Discover Lake Naivasha, Kenya\\u2019s freshwater sanctuary in the Great Rift Valley, renowned for biodiversity, scenic beauty, and tranquil landscapes.\",\"inLanguage\":\"it-IT\",\"isPartOf\":{\"@id\":\"https:\\\/\\\/www.kichakatours.com\\\/it\\\/#website\"},\"breadcrumb\":{\"@id\":\"https:\\\/\\\/www.kichakatours.com\\\/it\\\/destination\\\/lake-naivasha\\\/#breadcrumblist\"},\"image\":{\"@type\":\"ImageObject\",\"url\":\"https:\\\/\\\/www.kichakatours.com\\\/wp-content\\\/uploads\\\/2020\\\/06\\\/Lake-Naivasha-2.jpg\",\"@id\":\"https:\\\/\\\/www.kichakatours.com\\\/it\\\/destination\\\/lake-naivasha\\\/#mainImage\",\"width\":1386,\"height\":540,\"caption\":\"Fish eagle Lake Naivasha\"},\"primaryImageOfPage\":{\"@id\":\"https:\\\/\\\/www.kichakatours.com\\\/it\\\/destination\\\/lake-naivasha\\\/#mainImage\"},\"datePublished\":\"2026-01-27T09:06:00+03:00\",\"dateModified\":\"2026-01-27T10:58:28+03:00\"},{\"@type\":\"WebSite\",\"@id\":\"https:\\\/\\\/www.kichakatours.com\\\/it\\\/#website\",\"url\":\"https:\\\/\\\/www.kichakatours.com\\\/it\\\/\",\"name\":\"Kichaka Tours and Travel\",\"description\":\"East Africa private safaris, tailor made Tours\",\"inLanguage\":\"it-IT\",\"publisher\":{\"@id\":\"https:\\\/\\\/www.kichakatours.com\\\/it\\\/#organization\"}}]}\n\t\t<\/script>\n\t\t<!-- All in One SEO Pro -->\r\n\t\t<title>Lake Naivasha: Rich Biodiversity and Scenic Attractions in Kenya<\/title>\n\n","aioseo_head_json":{"title":"Lago Naivasha: ricca biodiversit\u00e0 e attrazioni paesaggistiche in Kenya","description":"Scoprite il lago Naivasha, il santuario d'acqua dolce del Kenya nella Great Rift Valley, rinomato per la biodiversit\u00e0, la bellezza paesaggistica e i paesaggi tranquilli.","canonical_url":"https:\/\/www.kichakatours.com\/it\/destination\/lake-naivasha\/","robots":"max-image-preview:large","keywords":"","webmasterTools":{"msvalidate.01":"9F9C035D44B58EC24714371E3FB5B040","yandex-verification":"b945a4b884f39739","miscellaneous":""},"schema":{"@context":"https:\/\/schema.org","@graph":[{"@type":"BreadcrumbList","@id":"https:\/\/www.kichakatours.com\/it\/destination\/lake-naivasha\/#breadcrumblist","itemListElement":[{"@type":"ListItem","@id":"https:\/\/www.kichakatours.com\/it#listItem","position":1,"name":"Home","item":"https:\/\/www.kichakatours.com\/it","nextItem":{"@type":"ListItem","@id":"https:\/\/www.kichakatours.com\/it\/destination\/#listItem","name":"Destination"}},{"@type":"ListItem","@id":"https:\/\/www.kichakatours.com\/it\/destination\/#listItem","position":2,"name":"Destination","item":"https:\/\/www.kichakatours.com\/it\/destination\/","nextItem":{"@type":"ListItem","@id":"https:\/\/www.kichakatours.com\/it\/destination\/lake-naivasha\/#listItem","name":"Lake Naivasha"},"previousItem":{"@type":"ListItem","@id":"https:\/\/www.kichakatours.com\/it#listItem","name":"Home"}},{"@type":"ListItem","@id":"https:\/\/www.kichakatours.com\/it\/destination\/lake-naivasha\/#listItem","position":3,"name":"Lake Naivasha","previousItem":{"@type":"ListItem","@id":"https:\/\/www.kichakatours.com\/it\/destination\/#listItem","name":"Destination"}}]},{"@type":"Organization","@id":"https:\/\/www.kichakatours.com\/it\/#organization","name":"Kichaka Tours and Travel","description":"East Africa private safaris, tailor made Tours","url":"https:\/\/www.kichakatours.com\/it\/","email":"info@kichakatours.com","telephone":"+254791800525","foundingDate":"2016-04-01","numberOfEmployees":{"@type":"QuantitativeValue","minValue":0,"maxValue":7},"logo":{"@type":"ImageObject","url":"https:\/\/www.kichakatours.com\/wp-content\/uploads\/2025\/01\/Logo.jpg-8-2.jpg","@id":"https:\/\/www.kichakatours.com\/it\/destination\/lake-naivasha\/#organizationLogo","width":131,"height":109,"caption":"A stylized logo featuring two green leaves within a black oval outline."},"image":{"@id":"https:\/\/www.kichakatours.com\/it\/destination\/lake-naivasha\/#organizationLogo"},"sameAs":["https:\/\/web.facebook.com\/toursafariskenya\/?_rdc=1&_rdr#","https:\/\/x.com\/KichakaTours","https:\/\/www.instagram.com\/KichakaTours","https:\/\/www.linkedin.com\/in\/kichaka-tours-and-travel\/"],"address":{"@id":"https:\/\/www.kichakatours.com\/it\/#postaladdress","@type":"PostalAddress","streetAddress":"54936,","postalCode":"00200","addressLocality":"Nairobi","addressRegion":"Kenya","addressCountry":"KE"}},{"@type":"WebPage","@id":"https:\/\/www.kichakatours.com\/it\/destination\/lake-naivasha\/#webpage","url":"https:\/\/www.kichakatours.com\/it\/destination\/lake-naivasha\/","name":"Lake Naivasha: Rich Biodiversity and Scenic Attractions in Kenya","description":"Discover Lake Naivasha, Kenya\u2019s freshwater sanctuary in the Great Rift Valley, renowned for biodiversity, scenic beauty, and tranquil landscapes.","inLanguage":"it-IT","isPartOf":{"@id":"https:\/\/www.kichakatours.com\/it\/#website"},"breadcrumb":{"@id":"https:\/\/www.kichakatours.com\/it\/destination\/lake-naivasha\/#breadcrumblist"},"image":{"@type":"ImageObject","url":"https:\/\/www.kichakatours.com\/wp-content\/uploads\/2020\/06\/Lake-Naivasha-2.jpg","@id":"https:\/\/www.kichakatours.com\/it\/destination\/lake-naivasha\/#mainImage","width":1386,"height":540,"caption":"Fish eagle Lake Naivasha"},"primaryImageOfPage":{"@id":"https:\/\/www.kichakatours.com\/it\/destination\/lake-naivasha\/#mainImage"},"datePublished":"2026-01-27T09:06:00+03:00","dateModified":"2026-01-27T10:58:28+03:00"},{"@type":"WebSite","@id":"https:\/\/www.kichakatours.com\/it\/#website","url":"https:\/\/www.kichakatours.com\/it\/","name":"Kichaka Tours and Travel","description":"East Africa private safaris, tailor made Tours","inLanguage":"it-IT","publisher":{"@id":"https:\/\/www.kichakatours.com\/it\/#organization"}}]},"og:locale":"it_IT","og:site_name":"Kichaka Tours and Travel | East Africa private safaris, tailor made Tours","og:type":"article","og:title":"Lake Naivasha: Rich Biodiversity and Scenic Attractions in Kenya","og:description":"Discover Lake Naivasha, Kenya\u2019s freshwater sanctuary in the Great Rift Valley, renowned for biodiversity, scenic beauty, and tranquil landscapes.","og:url":"https:\/\/www.kichakatours.com\/it\/destination\/lake-naivasha\/","og:image":"https:\/\/www.kichakatours.com\/wp-content\/uploads\/2025\/04\/KichakaTours.jpg","og:image:secure_url":"https:\/\/www.kichakatours.com\/wp-content\/uploads\/2025\/04\/KichakaTours.jpg","og:image:width":1200,"og:image:height":531,"article:published_time":"2026-01-27T06:06:00+00:00","article:modified_time":"2026-01-27T07:58:28+00:00","article:publisher":"https:\/\/web.facebook.com\/toursafariskenya\/?_rdc=1&_rdr#","article:author":"https:\/\/www.facebook.com\/toursafariskenya\/","twitter:card":"summary_large_image","twitter:site":"@KichakaTours","twitter:title":"Lake Naivasha: Rich Biodiversity and Scenic Attractions in Kenya","twitter:description":"Discover Lake Naivasha, Kenya\u2019s freshwater sanctuary in the Great Rift Valley, renowned for biodiversity, scenic beauty, and tranquil landscapes.","twitter:creator":"@KichakaTours","twitter:image":"https:\/\/www.kichakatours.com\/wp-content\/uploads\/2025\/04\/KichakaTours.jpg"},"aioseo_meta_data":{"post_id":"2662","title":"Lago Naivasha: ricca biodiversit\u00e0 e attrazioni paesaggistiche in Kenya","description":"Scoprite il lago Naivasha, il santuario d'acqua dolce del Kenya nella Great Rift Valley, rinomato per la biodiversit\u00e0, la bellezza paesaggistica e i paesaggi tranquilli.","keywords":null,"keyphrases":{"focus":{"keyphrase":"Lake Naivasha","score":100,"analysis":{"keyphraseInTitle":{"score":9,"maxScore":9,"error":0},"keyphraseInDescription":{"score":9,"maxScore":9,"error":0},"keyphraseLength":{"score":9,"maxScore":9,"error":0,"length":2},"keyphraseInURL":{"score":5,"maxScore":5,"error":0},"keyphraseInIntroduction":{"score":9,"maxScore":9,"error":0},"keyphraseInSubHeadings":{"score":9,"maxScore":9,"error":0},"keyphraseInImageAlt":[],"keywordDensity":{"type":"best","score":9,"maxScore":9,"error":0}}},"additional":[]},"primary_term":null,"canonical_url":null,"og_title":null,"og_description":null,"og_object_type":"default","og_image_type":"default","og_image_url":null,"og_image_width":null,"og_image_height":null,"og_image_custom_url":null,"og_image_custom_fields":null,"og_video":"","og_custom_url":null,"og_article_section":null,"og_article_tags":null,"twitter_use_og":false,"twitter_card":"default","twitter_image_type":"default","twitter_image_url":null,"twitter_image_custom_url":null,"twitter_image_custom_fields":null,"twitter_title":null,"twitter_description":null,"schema":{"blockGraphs":[],"customGraphs":[],"default":{"data":{"Article":[],"Course":[],"Dataset":[],"FAQPage":[],"Movie":[],"Person":[],"Product":[],"ProductReview":[],"Car":[],"Recipe":[],"Service":[],"SoftwareApplication":[],"WebPage":[]},"graphName":"WebPage","isEnabled":true},"graphs":[]},"schema_type":"default","schema_type_options":null,"pillar_content":false,"robots_default":true,"robots_noindex":false,"robots_noarchive":false,"robots_nosnippet":false,"robots_nofollow":false,"robots_noimageindex":false,"robots_noodp":false,"robots_notranslate":false,"robots_max_snippet":"-1","robots_max_videopreview":"-1","robots_max_imagepreview":"large","priority":null,"frequency":"default","local_seo":null,"seo_analyzer_scan_date":"2026-01-27 08:02:21","breadcrumb_settings":null,"limit_modified_date":false,"reviewed_by":"0","open_ai":"{\"title\":{\"suggestions\":[],\"usage\":0},\"description\":{\"suggestions\":[],\"usage\":0}}","ai":{"faqs":[],"keyPoints":[],"titles":["Discover Lake Naivasha: Kenya\u2019s Stunning Freshwater Gem in the Rift Valley","Experience the Beauty of Lake Naivasha: A Must-Visit Kenya Destination","Lake Naivasha: Rich Biodiversity and Scenic Attractions in Kenya","Explore Lake Naivasha: Kenya\u2019s Vibrant Ecosystem and Wildlife Hub","Journey to Lake Naivasha: Kenya\u2019s Iconic Rift Valley Lake and Its Wonders"],"descriptions":["Discover Lake Naivasha, Kenya\u2019s freshwater sanctuary in the Great Rift Valley, renowned for biodiversity, scenic beauty, and tranquil landscapes.","Explore the wonders of Lake Naivasha, a pivotal ecological hub in Kenya\u2019s Rift Valley, offering birdwatching, wildlife viewing, and scenic experiences.","Journey to Lake Naivasha, Kenya\u2019s ecological gem in the Rift Valley, famous for rich wildlife, bird diversity, and scenic boat rides.","Experience the serene environment of Lake Naivasha, a Kenyan freshwater lake with abundant wildlife, bird species, and exclusive safari adventures.","Visit Lake Naivasha in Kenya\u2019s Rift Valley to witness vibrant ecosystems, diverse wildlife, and splendid natural scenery."],"socialPosts":{"email":[],"linkedin":[],"twitter":[],"facebook":[],"instagram":[]}},"created":"2025-01-22 15:57:21","updated":"2026-01-27 08:12:33"},"aioseo_breadcrumb":"<div class=\"aioseo-breadcrumbs\"><span class=\"aioseo-breadcrumb\">\n\t<a href=\"https:\/\/www.kichakatours.com\/it\" title=\"Home\">Home<\/a>\n<\/span><span class=\"aioseo-breadcrumb-separator\">|<\/span><span class=\"aioseo-breadcrumb\">\n\t<a href=\"https:\/\/www.kichakatours.com\/it\/destination\/\" title=\"Destination\">Destination<\/a>\n<\/span><span class=\"aioseo-breadcrumb-separator\">|<\/span><span class=\"aioseo-breadcrumb\">\n\tLake Naivasha\n<\/span><\/div>","aioseo_breadcrumb_json":[{"label":"Home","link":"https:\/\/www.kichakatours.com\/it"},{"label":"Destination","link":"https:\/\/www.kichakatours.com\/it\/destination\/"},{"label":"Lake Naivasha","link":"https:\/\/www.kichakatours.com\/it\/destination\/lake-naivasha\/"}],"_links":{"self":[{"href":"https:\/\/www.kichakatours.com\/it\/wp-json\/wp\/v2\/pages\/2662","targetHints":{"allow":["GET"]}}],"collection":[{"href":"https:\/\/www.kichakatours.com\/it\/wp-json\/wp\/v2\/pages"}],"about":[{"href":"https:\/\/www.kichakatours.com\/it\/wp-json\/wp\/v2\/types\/page"}],"author":[{"embeddable":true,"href":"https:\/\/www.kichakatours.com\/it\/wp-json\/wp\/v2\/users\/3"}],"replies":[{"embeddable":true,"href":"https:\/\/www.kichakatours.com\/it\/wp-json\/wp\/v2\/comments?post=2662"}],"version-history":[{"count":2,"href":"https:\/\/www.kichakatours.com\/it\/wp-json\/wp\/v2\/pages\/2662\/revisions"}],"predecessor-version":[{"id":12154,"href":"https:\/\/www.kichakatours.com\/it\/wp-json\/wp\/v2\/pages\/2662\/revisions\/12154"}],"up":[{"embeddable":true,"href":"https:\/\/www.kichakatours.com\/it\/wp-json\/wp\/v2\/pages\/4685"}],"wp:featuredmedia":[{"embeddable":true,"href":"https:\/\/www.kichakatours.com\/it\/wp-json\/wp\/v2\/media\/3090"}],"wp:attachment":[{"href":"https:\/\/www.kichakatours.com\/it\/wp-json\/wp\/v2\/media?parent=2662"}],"curies":[{"name":"wp","href":"https:\/\/api.w.org\/{rel}","templated":true}]}}