{"id":3580,"date":"2026-01-07T11:11:59","date_gmt":"2026-01-07T08:11:59","guid":{"rendered":"https:\/\/www.kichakatours.co.ke\/?post_type=destination&#038;p=3580"},"modified":"2026-01-07T12:20:15","modified_gmt":"2026-01-07T09:20:15","slug":"parco-nazionale-marino-di-kisite-mpunguti","status":"publish","type":"page","link":"https:\/\/www.kichakatours.com\/it\/destination\/kisite-mpunguti-marine-national-park\/","title":{"rendered":"Parco nazionale marino Kisite Mpunguti"},"content":{"rendered":"<p data-start=\"321\" data-end=\"734\">Situato lungo la costa meridionale del Kenya, vicino a Shimoni e appena a sud dell'isola di Wasini nella contea di Kwale, il Parco nazionale marino di Kisite Mpunguti \u00e8 una delle aree di conservazione marina pi\u00f9 spettacolari del Paese. Questo santuario marino incontaminato \u00e8 un paradiso per gli amanti delle avventure oceaniche e offre eccezionali opportunit\u00e0 di snorkeling, immersioni, bagni di sole e osservazione della fauna marina.<\/p>\n<p data-start=\"736\" data-end=\"1048\">Istituito nel 1978, il parco \u00e8 stato creato per proteggere le sue barriere coralline mozzafiato, le piccole isole al largo e la ricca biodiversit\u00e0 marina. \u00c8 anche una zona vitale per la riproduzione e la nidificazione degli uccelli marini migratori. Il parco \u00e8 costituito da piccole isole circondate da estesi sistemi di barriere coralline.<\/p>\n<ul data-start=\"1049\" data-end=\"1177\">\n<li data-start=\"1049\" data-end=\"1112\">\n<p data-start=\"1051\" data-end=\"1112\">L'isola di Kisite \u00e8 caratterizzata da erbe e piante basse.<\/p>\n<\/li>\n<li data-start=\"1113\" data-end=\"1177\">\n<p data-start=\"1115\" data-end=\"1177\">L'isola di Mpunguti \u00e8 caratterizzata da una fitta foresta equatoriale costiera.<\/p>\n<\/li>\n<\/ul>\n<p data-start=\"1179\" data-end=\"1303\">Il parco \u00e8 aperto tutto l'anno ed \u00e8 accessibile solo in barca, il che aggiunge un senso di esclusivit\u00e0 e di bellezza incontaminata.<\/p>\n<h2 data-start=\"1310\" data-end=\"1324\">Vita marina<\/h2>\n<p data-start=\"1326\" data-end=\"1584\">Questo parco marino soleggiato vanta una straordinaria variet\u00e0 di vita marina e viene spesso definito la casa dei delfini. I visitatori incontrano spesso giocosi branchi di delfini che nuotano accanto alle barche, creando momenti indimenticabili sull'acqua.<\/p>\n<p data-start=\"1586\" data-end=\"1626\">Le specie marine comunemente avvistate includono:<\/p>\n<ul data-start=\"1627\" data-end=\"1825\">\n<li data-start=\"1627\" data-end=\"1639\">\n<p data-start=\"1629\" data-end=\"1639\">I delfini<\/p>\n<\/li>\n<li data-start=\"1640\" data-end=\"1676\">\n<p data-start=\"1642\" data-end=\"1676\">Balene megattere e squali balena<\/p>\n<\/li>\n<li data-start=\"1677\" data-end=\"1708\">\n<p data-start=\"1679\" data-end=\"1708\">Tartarughe verdi e embricate<\/p>\n<\/li>\n<li data-start=\"1709\" data-end=\"1768\">\n<p data-start=\"1711\" data-end=\"1768\">Pesci angelo, pesci balestra, cernie, pesci palla e razze<\/p>\n<\/li>\n<li data-start=\"1769\" data-end=\"1825\">\n<p data-start=\"1771\" data-end=\"1825\">Polpi, vongole, cetrioli di mare, squali di barriera e molto altro ancora<\/p>\n<\/li>\n<\/ul>\n<p data-start=\"1827\" data-end=\"2026\">Tra agosto e ottobre, il parco diventa un luogo privilegiato per l'avvistamento delle megattere migratorie e degli squali balena, rendendo questo periodo particolarmente gratificante per gli appassionati di fauna marina.<\/p>\n<h2 data-start=\"2033\" data-end=\"2086\">Attivit\u00e0 nel Parco Nazionale Marino di Kisite Mpunguti<\/h2>\n<h3 data-start=\"2088\" data-end=\"2104\">Snorkeling<\/h3>\n<p data-start=\"2105\" data-end=\"2504\">Fare snorkeling nelle acque cristalline di Kisite Mpunguti \u00e8 un'esperienza davvero magica. La barriera corallina poco profonda offre un'eccellente visibilit\u00e0, consentendo ai visitatori di osservare vivaci giardini di corallo e pesci colorati nel loro habitat naturale. Lo snorkeling qui \u00e8 adatto a tutte le et\u00e0 e richiede uno sforzo o un allenamento minimo, rendendolo una delle destinazioni pi\u00f9 gratificanti per lo snorkeling lungo la costa keniota.<\/p>\n<h3 data-start=\"2506\" data-end=\"2524\">Immersioni subacquee<\/h3>\n<p data-start=\"2525\" data-end=\"2899\">Le immersioni subacquee a Kisite Mpunguti sono altrettanto spettacolari, grazie alla variet\u00e0 dei siti di immersione e alla salute delle barriere coralline. Sia i principianti che i subacquei esperti possono godere di punti di immersione su misura che offrono diversi scenari subacquei e vita marina. Con condizioni di immersione favorevoli durante la maggior parte dell'anno, Kisite Mpunguti rimane una destinazione subacquea eccezionale in qualsiasi stagione.<\/p>\n<h3 data-start=\"2901\" data-end=\"2920\">Osservazione degli uccelli<\/h3>\n<p data-start=\"2921\" data-end=\"3246\">Oltre alle sue attrazioni marine, Kisite Island \u00e8 stata designata come Important Bird Area (IBA). Il parco ospita un'ampia gamma di uccelli marini, che lo rendono una destinazione privilegiata per gli amanti del birdwatching. Da luglio in poi, un gran numero di uccelli marini arriva per riprodursi, tra cui la sterna rosata, la sterna fuligginosa e il caratteristico piviere di mare.<\/p>\n<h3 data-start=\"3248\" data-end=\"3278\">Migrazione delle megattere<\/h3>\n<p data-start=\"3279\" data-end=\"3641\">Una delle esperienze pi\u00f9 impressionanti a Kisite Mpunguti \u00e8 assistere alla migrazione delle megattere. A partire dall'inizio di giugno, questi maestosi giganti migrano verso nord dall'Antartide, passando lungo la costa keniota. Le acque intorno a Kisite Mpunguti offrono eccellenti opportunit\u00e0 di osservazione, offrendo ai visitatori uno spettacolo marino raro e indimenticabile.<\/p>\n<h2 data-start=\"3648\" data-end=\"3684\">Un'esperienza unica di safari marino<\/h2>\n<p data-start=\"3686\" data-end=\"4000\">Il Parco Nazionale Marino di Kisite Mpunguti offre un mix perfetto di avventura, conservazione e bellezza naturale. Che si tratti di fare snorkeling sulle barriere coralline, di immergersi tra i pesci tropicali, di osservare i delfini o le balene in migrazione, questo parco marino offre un'esperienza costiera davvero unica e memorabile.<\/p>","protected":false},"excerpt":{"rendered":"<p>Situated along the southern coast of Kenya, near Shimoni and just south of Wasini Island in Kwale County, Kisite Mpunguti Marine National Park is one of the country\u2019s most spectacular marine conservation areas. This pristine marine sanctuary is a paradise<\/p>\n<div class=\"padding-top text-center\"><a href=\"https:\/\/www.kichakatours.com\/it\/destination\/kisite-mpunguti-marine-national-park\/\" class=\"atbtn atbtn--medium atbtn--rounded atbtn--transparent\">Per saperne di pi\u00f9<i class=\"atbtn__icon atbtn__icon--right fa fa-long-arrow-right\"><\/i><\/a><\/div>","protected":false},"author":3,"featured_media":3581,"parent":4685,"menu_order":0,"comment_status":"closed","ping_status":"closed","template":"","meta":{"om_disable_all_campaigns":false,"_monsterinsights_skip_tracking":false,"_monsterinsights_sitenote_active":false,"_monsterinsights_sitenote_note":"","_monsterinsights_sitenote_category":0,"_uf_show_specific_survey":0,"_uf_disable_surveys":false,"footnotes":""},"class_list":["post-3580","page","type-page","status-publish","has-post-thumbnail","hentry"],"aioseo_notices":[],"aioseo_head":"\n\t\t<!-- All in One SEO Pro 4.9.6.2 - aioseo.com -->\n\t<meta name=\"description\" content=\"Experience the beauty of Kenya&#039;s Kisite Mpunguti Marine National Park, home to dolphins, turtles, whales, and vibrant coral reefs, with year-round activities.\" \/>\n\t<meta name=\"robots\" content=\"max-image-preview:large\" \/>\n\t<meta name=\"msvalidate.01\" content=\"9F9C035D44B58EC24714371E3FB5B040\" \/>\n\t<meta name=\"yandex-verification\" content=\"b945a4b884f39739\" \/>\n\t<link rel=\"canonical\" href=\"https:\/\/www.kichakatours.com\/it\/destination\/kisite-mpunguti-marine-national-park\/\" \/>\n\t<meta name=\"generator\" content=\"All in One SEO Pro (AIOSEO) 4.9.6.2\" \/>\n\t\t<meta property=\"og:locale\" content=\"it_IT\" \/>\n\t\t<meta property=\"og:site_name\" content=\"Kichaka Tours and Travel | East Africa private safaris, tailor made Tours\" \/>\n\t\t<meta property=\"og:type\" content=\"article\" \/>\n\t\t<meta property=\"og:title\" content=\"Kisite Mpunguti Marine National Park: Marine Biodiversity and Adventure\" \/>\n\t\t<meta property=\"og:description\" content=\"Experience the beauty of Kenya&#039;s Kisite Mpunguti Marine National Park, home to dolphins, turtles, whales, and vibrant coral reefs, with year-round activities.\" \/>\n\t\t<meta property=\"og:url\" content=\"https:\/\/www.kichakatours.com\/it\/destination\/kisite-mpunguti-marine-national-park\/\" \/>\n\t\t<meta property=\"og:image\" content=\"https:\/\/www.kichakatours.com\/wp-content\/uploads\/2025\/04\/KichakaTours.jpg\" \/>\n\t\t<meta property=\"og:image:secure_url\" content=\"https:\/\/www.kichakatours.com\/wp-content\/uploads\/2025\/04\/KichakaTours.jpg\" \/>\n\t\t<meta property=\"og:image:width\" content=\"1200\" \/>\n\t\t<meta property=\"og:image:height\" content=\"531\" \/>\n\t\t<meta property=\"article:published_time\" content=\"2026-01-07T08:11:59+00:00\" \/>\n\t\t<meta property=\"article:modified_time\" content=\"2026-01-07T09:20:15+00:00\" \/>\n\t\t<meta property=\"article:publisher\" content=\"https:\/\/web.facebook.com\/toursafariskenya\/?_rdc=1&amp;_rdr#\" \/>\n\t\t<meta property=\"article:author\" content=\"https:\/\/www.facebook.com\/toursafariskenya\/\" \/>\n\t\t<meta name=\"twitter:card\" content=\"summary_large_image\" \/>\n\t\t<meta name=\"twitter:site\" content=\"@KichakaTours\" \/>\n\t\t<meta name=\"twitter:title\" content=\"Kisite Mpunguti Marine National Park: Marine Biodiversity and Adventure\" \/>\n\t\t<meta name=\"twitter:description\" content=\"Experience the beauty of Kenya&#039;s Kisite Mpunguti Marine National Park, home to dolphins, turtles, whales, and vibrant coral reefs, with year-round activities.\" \/>\n\t\t<meta name=\"twitter:creator\" content=\"@KichakaTours\" \/>\n\t\t<meta name=\"twitter:image\" content=\"https:\/\/www.kichakatours.com\/wp-content\/uploads\/2025\/04\/KichakaTours.jpg\" \/>\n\t\t<script type=\"application\/ld+json\" class=\"aioseo-schema\">\n\t\t\t{\"@context\":\"https:\\\/\\\/schema.org\",\"@graph\":[{\"@type\":\"BreadcrumbList\",\"@id\":\"https:\\\/\\\/www.kichakatours.com\\\/it\\\/destination\\\/kisite-mpunguti-marine-national-park\\\/#breadcrumblist\",\"itemListElement\":[{\"@type\":\"ListItem\",\"@id\":\"https:\\\/\\\/www.kichakatours.com\\\/it#listItem\",\"position\":1,\"name\":\"Home\",\"item\":\"https:\\\/\\\/www.kichakatours.com\\\/it\",\"nextItem\":{\"@type\":\"ListItem\",\"@id\":\"https:\\\/\\\/www.kichakatours.com\\\/it\\\/destination\\\/#listItem\",\"name\":\"Destination\"}},{\"@type\":\"ListItem\",\"@id\":\"https:\\\/\\\/www.kichakatours.com\\\/it\\\/destination\\\/#listItem\",\"position\":2,\"name\":\"Destination\",\"item\":\"https:\\\/\\\/www.kichakatours.com\\\/it\\\/destination\\\/\",\"nextItem\":{\"@type\":\"ListItem\",\"@id\":\"https:\\\/\\\/www.kichakatours.com\\\/it\\\/destination\\\/kisite-mpunguti-marine-national-park\\\/#listItem\",\"name\":\"Kisite Mpunguti Marine National Park\"},\"previousItem\":{\"@type\":\"ListItem\",\"@id\":\"https:\\\/\\\/www.kichakatours.com\\\/it#listItem\",\"name\":\"Home\"}},{\"@type\":\"ListItem\",\"@id\":\"https:\\\/\\\/www.kichakatours.com\\\/it\\\/destination\\\/kisite-mpunguti-marine-national-park\\\/#listItem\",\"position\":3,\"name\":\"Kisite Mpunguti Marine National Park\",\"previousItem\":{\"@type\":\"ListItem\",\"@id\":\"https:\\\/\\\/www.kichakatours.com\\\/it\\\/destination\\\/#listItem\",\"name\":\"Destination\"}}]},{\"@type\":\"Organization\",\"@id\":\"https:\\\/\\\/www.kichakatours.com\\\/it\\\/#organization\",\"name\":\"Kichaka Tours and Travel\",\"description\":\"East Africa private safaris, tailor made Tours\",\"url\":\"https:\\\/\\\/www.kichakatours.com\\\/it\\\/\",\"email\":\"info@kichakatours.com\",\"telephone\":\"+254791800525\",\"foundingDate\":\"2016-04-01\",\"numberOfEmployees\":{\"@type\":\"QuantitativeValue\",\"minValue\":0,\"maxValue\":7},\"logo\":{\"@type\":\"ImageObject\",\"url\":\"https:\\\/\\\/www.kichakatours.com\\\/wp-content\\\/uploads\\\/2025\\\/01\\\/Logo.jpg-8-2.jpg\",\"@id\":\"https:\\\/\\\/www.kichakatours.com\\\/it\\\/destination\\\/kisite-mpunguti-marine-national-park\\\/#organizationLogo\",\"width\":131,\"height\":109,\"caption\":\"A stylized logo featuring two green leaves within a black oval outline.\"},\"image\":{\"@id\":\"https:\\\/\\\/www.kichakatours.com\\\/it\\\/destination\\\/kisite-mpunguti-marine-national-park\\\/#organizationLogo\"},\"sameAs\":[\"https:\\\/\\\/web.facebook.com\\\/toursafariskenya\\\/?_rdc=1&_rdr#\",\"https:\\\/\\\/x.com\\\/KichakaTours\",\"https:\\\/\\\/www.instagram.com\\\/KichakaTours\",\"https:\\\/\\\/www.linkedin.com\\\/in\\\/kichaka-tours-and-travel\\\/\"],\"address\":{\"@id\":\"https:\\\/\\\/www.kichakatours.com\\\/it\\\/#postaladdress\",\"@type\":\"PostalAddress\",\"streetAddress\":\"54936,\",\"postalCode\":\"00200\",\"addressLocality\":\"Nairobi\",\"addressRegion\":\"Kenya\",\"addressCountry\":\"KE\"}},{\"@type\":\"WebPage\",\"@id\":\"https:\\\/\\\/www.kichakatours.com\\\/it\\\/destination\\\/kisite-mpunguti-marine-national-park\\\/#webpage\",\"url\":\"https:\\\/\\\/www.kichakatours.com\\\/it\\\/destination\\\/kisite-mpunguti-marine-national-park\\\/\",\"name\":\"Kisite Mpunguti Marine National Park: Marine Biodiversity and Adventure\",\"description\":\"Experience the beauty of Kenya's Kisite Mpunguti Marine National Park, home to dolphins, turtles, whales, and vibrant coral reefs, with year-round activities.\",\"inLanguage\":\"it-IT\",\"isPartOf\":{\"@id\":\"https:\\\/\\\/www.kichakatours.com\\\/it\\\/#website\"},\"breadcrumb\":{\"@id\":\"https:\\\/\\\/www.kichakatours.com\\\/it\\\/destination\\\/kisite-mpunguti-marine-national-park\\\/#breadcrumblist\"},\"image\":{\"@type\":\"ImageObject\",\"url\":\"https:\\\/\\\/www.kichakatours.com\\\/wp-content\\\/uploads\\\/2020\\\/10\\\/Dolphin.jpg\",\"@id\":\"https:\\\/\\\/www.kichakatours.com\\\/it\\\/destination\\\/kisite-mpunguti-marine-national-park\\\/#mainImage\",\"width\":1920,\"height\":696,\"caption\":\"Dolphin\"},\"primaryImageOfPage\":{\"@id\":\"https:\\\/\\\/www.kichakatours.com\\\/it\\\/destination\\\/kisite-mpunguti-marine-national-park\\\/#mainImage\"},\"datePublished\":\"2026-01-07T11:11:59+03:00\",\"dateModified\":\"2026-01-07T12:20:15+03:00\"},{\"@type\":\"WebSite\",\"@id\":\"https:\\\/\\\/www.kichakatours.com\\\/it\\\/#website\",\"url\":\"https:\\\/\\\/www.kichakatours.com\\\/it\\\/\",\"name\":\"Kichaka Tours and Travel\",\"description\":\"East Africa private safaris, tailor made Tours\",\"inLanguage\":\"it-IT\",\"publisher\":{\"@id\":\"https:\\\/\\\/www.kichakatours.com\\\/it\\\/#organization\"}}]}\n\t\t<\/script>\n\t\t<!-- All in One SEO Pro -->\r\n\t\t<title>Kisite Mpunguti Marine National Park: Marine Biodiversity and Adventure<\/title>\n\n","aioseo_head_json":{"title":"Parco nazionale marino di Kisite Mpunguti: Biodiversit\u00e0 marina e avventura","description":"Scoprite la bellezza del Parco Nazionale Marino Kisite Mpunguti del Kenya, che ospita delfini, tartarughe, balene e vibranti barriere coralline, con attivit\u00e0 che si svolgono tutto l'anno.","canonical_url":"https:\/\/www.kichakatours.com\/it\/destination\/kisite-mpunguti-marine-national-park\/","robots":"max-image-preview:large","keywords":"","webmasterTools":{"msvalidate.01":"9F9C035D44B58EC24714371E3FB5B040","yandex-verification":"b945a4b884f39739","miscellaneous":""},"schema":{"@context":"https:\/\/schema.org","@graph":[{"@type":"BreadcrumbList","@id":"https:\/\/www.kichakatours.com\/it\/destination\/kisite-mpunguti-marine-national-park\/#breadcrumblist","itemListElement":[{"@type":"ListItem","@id":"https:\/\/www.kichakatours.com\/it#listItem","position":1,"name":"Home","item":"https:\/\/www.kichakatours.com\/it","nextItem":{"@type":"ListItem","@id":"https:\/\/www.kichakatours.com\/it\/destination\/#listItem","name":"Destination"}},{"@type":"ListItem","@id":"https:\/\/www.kichakatours.com\/it\/destination\/#listItem","position":2,"name":"Destination","item":"https:\/\/www.kichakatours.com\/it\/destination\/","nextItem":{"@type":"ListItem","@id":"https:\/\/www.kichakatours.com\/it\/destination\/kisite-mpunguti-marine-national-park\/#listItem","name":"Kisite Mpunguti Marine National Park"},"previousItem":{"@type":"ListItem","@id":"https:\/\/www.kichakatours.com\/it#listItem","name":"Home"}},{"@type":"ListItem","@id":"https:\/\/www.kichakatours.com\/it\/destination\/kisite-mpunguti-marine-national-park\/#listItem","position":3,"name":"Kisite Mpunguti Marine National Park","previousItem":{"@type":"ListItem","@id":"https:\/\/www.kichakatours.com\/it\/destination\/#listItem","name":"Destination"}}]},{"@type":"Organization","@id":"https:\/\/www.kichakatours.com\/it\/#organization","name":"Kichaka Tours and Travel","description":"East Africa private safaris, tailor made Tours","url":"https:\/\/www.kichakatours.com\/it\/","email":"info@kichakatours.com","telephone":"+254791800525","foundingDate":"2016-04-01","numberOfEmployees":{"@type":"QuantitativeValue","minValue":0,"maxValue":7},"logo":{"@type":"ImageObject","url":"https:\/\/www.kichakatours.com\/wp-content\/uploads\/2025\/01\/Logo.jpg-8-2.jpg","@id":"https:\/\/www.kichakatours.com\/it\/destination\/kisite-mpunguti-marine-national-park\/#organizationLogo","width":131,"height":109,"caption":"A stylized logo featuring two green leaves within a black oval outline."},"image":{"@id":"https:\/\/www.kichakatours.com\/it\/destination\/kisite-mpunguti-marine-national-park\/#organizationLogo"},"sameAs":["https:\/\/web.facebook.com\/toursafariskenya\/?_rdc=1&_rdr#","https:\/\/x.com\/KichakaTours","https:\/\/www.instagram.com\/KichakaTours","https:\/\/www.linkedin.com\/in\/kichaka-tours-and-travel\/"],"address":{"@id":"https:\/\/www.kichakatours.com\/it\/#postaladdress","@type":"PostalAddress","streetAddress":"54936,","postalCode":"00200","addressLocality":"Nairobi","addressRegion":"Kenya","addressCountry":"KE"}},{"@type":"WebPage","@id":"https:\/\/www.kichakatours.com\/it\/destination\/kisite-mpunguti-marine-national-park\/#webpage","url":"https:\/\/www.kichakatours.com\/it\/destination\/kisite-mpunguti-marine-national-park\/","name":"Kisite Mpunguti Marine National Park: Marine Biodiversity and Adventure","description":"Experience the beauty of Kenya's Kisite Mpunguti Marine National Park, home to dolphins, turtles, whales, and vibrant coral reefs, with year-round activities.","inLanguage":"it-IT","isPartOf":{"@id":"https:\/\/www.kichakatours.com\/it\/#website"},"breadcrumb":{"@id":"https:\/\/www.kichakatours.com\/it\/destination\/kisite-mpunguti-marine-national-park\/#breadcrumblist"},"image":{"@type":"ImageObject","url":"https:\/\/www.kichakatours.com\/wp-content\/uploads\/2020\/10\/Dolphin.jpg","@id":"https:\/\/www.kichakatours.com\/it\/destination\/kisite-mpunguti-marine-national-park\/#mainImage","width":1920,"height":696,"caption":"Dolphin"},"primaryImageOfPage":{"@id":"https:\/\/www.kichakatours.com\/it\/destination\/kisite-mpunguti-marine-national-park\/#mainImage"},"datePublished":"2026-01-07T11:11:59+03:00","dateModified":"2026-01-07T12:20:15+03:00"},{"@type":"WebSite","@id":"https:\/\/www.kichakatours.com\/it\/#website","url":"https:\/\/www.kichakatours.com\/it\/","name":"Kichaka Tours and Travel","description":"East Africa private safaris, tailor made Tours","inLanguage":"it-IT","publisher":{"@id":"https:\/\/www.kichakatours.com\/it\/#organization"}}]},"og:locale":"it_IT","og:site_name":"Kichaka Tours and Travel | East Africa private safaris, tailor made Tours","og:type":"article","og:title":"Kisite Mpunguti Marine National Park: Marine Biodiversity and Adventure","og:description":"Experience the beauty of Kenya's Kisite Mpunguti Marine National Park, home to dolphins, turtles, whales, and vibrant coral reefs, with year-round activities.","og:url":"https:\/\/www.kichakatours.com\/it\/destination\/kisite-mpunguti-marine-national-park\/","og:image":"https:\/\/www.kichakatours.com\/wp-content\/uploads\/2025\/04\/KichakaTours.jpg","og:image:secure_url":"https:\/\/www.kichakatours.com\/wp-content\/uploads\/2025\/04\/KichakaTours.jpg","og:image:width":1200,"og:image:height":531,"article:published_time":"2026-01-07T08:11:59+00:00","article:modified_time":"2026-01-07T09:20:15+00:00","article:publisher":"https:\/\/web.facebook.com\/toursafariskenya\/?_rdc=1&_rdr#","article:author":"https:\/\/www.facebook.com\/toursafariskenya\/","twitter:card":"summary_large_image","twitter:site":"@KichakaTours","twitter:title":"Kisite Mpunguti Marine National Park: Marine Biodiversity and Adventure","twitter:description":"Experience the beauty of Kenya's Kisite Mpunguti Marine National Park, home to dolphins, turtles, whales, and vibrant coral reefs, with year-round activities.","twitter:creator":"@KichakaTours","twitter:image":"https:\/\/www.kichakatours.com\/wp-content\/uploads\/2025\/04\/KichakaTours.jpg"},"aioseo_meta_data":{"post_id":"3580","title":"Parco nazionale marino di Kisite Mpunguti: Biodiversit\u00e0 marina e avventura","description":"Scoprite la bellezza del Parco Nazionale Marino Kisite Mpunguti del Kenya, che ospita delfini, tartarughe, balene e vibranti barriere coralline, con attivit\u00e0 che si svolgono tutto l'anno.","keywords":null,"keyphrases":{"focus":{"keyphrase":"Kisite Mpunguti Marine National Park","score":85,"analysis":{"keyphraseInTitle":{"score":9,"maxScore":9,"error":0},"keyphraseInDescription":{"score":9,"maxScore":9,"error":0},"keyphraseLength":{"score":6,"maxScore":9,"error":1,"length":5},"keyphraseInURL":{"score":5,"maxScore":5,"error":0},"keyphraseInIntroduction":{"score":9,"maxScore":9,"error":0},"keyphraseInSubHeadings":{"score":3,"maxScore":9,"error":1},"keyphraseInImageAlt":[],"keywordDensity":{"type":"best","score":9,"maxScore":9,"error":0}}},"additional":[]},"primary_term":null,"canonical_url":null,"og_title":null,"og_description":null,"og_object_type":"default","og_image_type":"default","og_image_url":null,"og_image_width":null,"og_image_height":null,"og_image_custom_url":null,"og_image_custom_fields":null,"og_video":"","og_custom_url":null,"og_article_section":null,"og_article_tags":null,"twitter_use_og":false,"twitter_card":"default","twitter_image_type":"default","twitter_image_url":null,"twitter_image_custom_url":null,"twitter_image_custom_fields":null,"twitter_title":null,"twitter_description":null,"schema":{"blockGraphs":[],"customGraphs":[],"default":{"data":{"Article":[],"Course":[],"Dataset":[],"FAQPage":[],"Movie":[],"Person":[],"Product":[],"ProductReview":[],"Car":[],"Recipe":[],"Service":[],"SoftwareApplication":[],"WebPage":[]},"graphName":"WebPage","isEnabled":true},"graphs":[]},"schema_type":"default","schema_type_options":null,"pillar_content":false,"robots_default":true,"robots_noindex":false,"robots_noarchive":false,"robots_nosnippet":false,"robots_nofollow":false,"robots_noimageindex":false,"robots_noodp":false,"robots_notranslate":false,"robots_max_snippet":"-1","robots_max_videopreview":"-1","robots_max_imagepreview":"large","priority":null,"frequency":"default","local_seo":null,"seo_analyzer_scan_date":"2026-01-07 09:24:45","breadcrumb_settings":null,"limit_modified_date":false,"reviewed_by":"0","open_ai":null,"ai":{"faqs":[],"keyPoints":[],"titles":["Discover Kisite Mpunguti Marine National Park: Kenya's Marine Paradise","Explore Kenya's Kisite Mpunguti: A Marine Haven for Snorkeling & Wildlife","Kisite Mpunguti Marine Park: Your Ultimate Guide to Marine Life & Activities","Experience the Beauty of Kisite Mpunguti Marine National Park, Kenya","Kisite Mpunguti Marine Reserve: Marine Biodiversity and Adventure Await"],"descriptions":["Discover Kenya's Kisite Mpunguti Marine National Park, a haven for marine life, offering snorkeling, diving, and birdwatching in a pristine coastal environment.","Explore the diverse aquatic and bird species of Kisite Mpunguti Marine National Park, Kenya\u2019s premier marine reserve for snorkeling, diving, and whale watching.","Experience the beauty of Kenya's Kisite Mpunguti Marine National Park, home to dolphins, turtles, whales, and vibrant coral reefs, with year-round activities.","Uncover the wonders of Kisite Mpunguti Marine National Park, where marine biodiversity meets thrilling activities like snorkeling, diving, and birding.","Visit Kisite Mpunguti Marine National Park for a unique Kenya marine experience, featuring whale migrations, colorful reefs, and diverse birdlife."],"socialPosts":{"email":[],"linkedin":[],"twitter":[],"facebook":[],"instagram":[]}},"created":"2025-01-22 15:58:58","updated":"2026-01-07 09:27:38"},"aioseo_breadcrumb":"<div class=\"aioseo-breadcrumbs\"><span class=\"aioseo-breadcrumb\">\n\t<a href=\"https:\/\/www.kichakatours.com\/it\" title=\"Home\">Home<\/a>\n<\/span><span class=\"aioseo-breadcrumb-separator\">|<\/span><span class=\"aioseo-breadcrumb\">\n\t<a href=\"https:\/\/www.kichakatours.com\/it\/destination\/\" title=\"Destination\">Destination<\/a>\n<\/span><span class=\"aioseo-breadcrumb-separator\">|<\/span><span class=\"aioseo-breadcrumb\">\n\tKisite Mpunguti Marine National Park\n<\/span><\/div>","aioseo_breadcrumb_json":[{"label":"Home","link":"https:\/\/www.kichakatours.com\/it"},{"label":"Destination","link":"https:\/\/www.kichakatours.com\/it\/destination\/"},{"label":"Kisite Mpunguti Marine National Park","link":"https:\/\/www.kichakatours.com\/it\/destination\/kisite-mpunguti-marine-national-park\/"}],"_links":{"self":[{"href":"https:\/\/www.kichakatours.com\/it\/wp-json\/wp\/v2\/pages\/3580","targetHints":{"allow":["GET"]}}],"collection":[{"href":"https:\/\/www.kichakatours.com\/it\/wp-json\/wp\/v2\/pages"}],"about":[{"href":"https:\/\/www.kichakatours.com\/it\/wp-json\/wp\/v2\/types\/page"}],"author":[{"embeddable":true,"href":"https:\/\/www.kichakatours.com\/it\/wp-json\/wp\/v2\/users\/3"}],"replies":[{"embeddable":true,"href":"https:\/\/www.kichakatours.com\/it\/wp-json\/wp\/v2\/comments?post=3580"}],"version-history":[{"count":2,"href":"https:\/\/www.kichakatours.com\/it\/wp-json\/wp\/v2\/pages\/3580\/revisions"}],"predecessor-version":[{"id":12053,"href":"https:\/\/www.kichakatours.com\/it\/wp-json\/wp\/v2\/pages\/3580\/revisions\/12053"}],"up":[{"embeddable":true,"href":"https:\/\/www.kichakatours.com\/it\/wp-json\/wp\/v2\/pages\/4685"}],"wp:featuredmedia":[{"embeddable":true,"href":"https:\/\/www.kichakatours.com\/it\/wp-json\/wp\/v2\/media\/3581"}],"wp:attachment":[{"href":"https:\/\/www.kichakatours.com\/it\/wp-json\/wp\/v2\/media?parent=3580"}],"curies":[{"name":"wp","href":"https:\/\/api.w.org\/{rel}","templated":true}]}}